{"id":96,"date":"2011-01-17T18:44:12","date_gmt":"2011-01-17T16:44:12","guid":{"rendered":"http:\/\/www.jofli.net\/bigwood\/?page_id=96"},"modified":"2020-05-26T14:12:59","modified_gmt":"2020-05-26T12:12:59","slug":"buttercup","status":"publish","type":"page","link":"https:\/\/www.jofli.net\/bigwood\/?page_id=96","title":{"rendered":"Buttercup"},"content":{"rendered":"<p><strong>KILVROCH TAMINA <\/strong><\/p>\n<p><img loading=\"lazy\" decoding=\"async\" class=\"alignnone  wp-image-5237\" src=\"http:\/\/www.jofli.net\/bigwood\/wp-content\/uploads\/2020\/01\/piika2020-1024x683.jpg\" alt=\"\" width=\"405\" height=\"270\" srcset=\"https:\/\/www.jofli.net\/bigwood\/wp-content\/uploads\/2020\/01\/piika2020-1024x683.jpg 1024w, https:\/\/www.jofli.net\/bigwood\/wp-content\/uploads\/2020\/01\/piika2020-300x200.jpg 300w, https:\/\/www.jofli.net\/bigwood\/wp-content\/uploads\/2020\/01\/piika2020-768x512.jpg 768w, https:\/\/www.jofli.net\/bigwood\/wp-content\/uploads\/2020\/01\/piika2020-488x325.jpg 488w, https:\/\/www.jofli.net\/bigwood\/wp-content\/uploads\/2020\/01\/piika2020.jpg 1440w\" sizes=\"auto, (max-width: 405px) 100vw, 405px\" \/> <img loading=\"lazy\" decoding=\"async\" class=\"alignnone  wp-image-5239\" src=\"http:\/\/www.jofli.net\/bigwood\/wp-content\/uploads\/2020\/01\/piika2020paa-683x1024.jpg\" alt=\"\" width=\"180\" height=\"270\" srcset=\"https:\/\/www.jofli.net\/bigwood\/wp-content\/uploads\/2020\/01\/piika2020paa-683x1024.jpg 683w, https:\/\/www.jofli.net\/bigwood\/wp-content\/uploads\/2020\/01\/piika2020paa-200x300.jpg 200w, https:\/\/www.jofli.net\/bigwood\/wp-content\/uploads\/2020\/01\/piika2020paa-768x1151.jpg 768w, https:\/\/www.jofli.net\/bigwood\/wp-content\/uploads\/2020\/01\/piika2020paa-488x731.jpg 488w\" sizes=\"auto, (max-width: 180px) 100vw, 180px\" \/><br \/>\n<em>Buttercup at 14 years (photos: JoFli)<\/em><\/p>\n<table border=\"0\" width=\"90%\" cellspacing=\"0\" cellpadding=\"0\">\n<tbody>\n<tr>\n<td style=\"vertical-align: top;\"><strong>Synt<\/strong><br \/>\n<strong>d\/o\/b<\/strong><\/td>\n<td style=\"vertical-align: top;\">23.11.2005 &#8211; 25.5.2020<\/td>\n<\/tr>\n<tr>\n<td style=\"vertical-align: top;\"><strong>Is\u00e4 &#8211; Sire<\/strong><br \/>\n<strong>Em\u00e4 &#8211; Dam<\/strong><\/td>\n<td style=\"vertical-align: top;\">Joseter Grassanmore<br \/>\nKilvroch Silk Stockings<\/td>\n<\/tr>\n<tr>\n<td style=\"vertical-align: top;\"><strong>Kasvattaja<\/strong><br \/>\n<strong>breeder<\/strong><\/td>\n<td style=\"vertical-align: top;\">Eileen Eby, UK<\/td>\n<\/tr>\n<tr>\n<td style=\"vertical-align: top;\"><strong>Omistaja<\/strong><br \/>\n<strong>owner<\/strong><\/td>\n<td style=\"vertical-align: top;\">Eileen Eby, UK<br \/>\nJohanna Flinck, Pattijoki, Finland<\/td>\n<\/tr>\n<tr>\n<td style=\"vertical-align: top;\"><strong>Terveys<\/strong><br \/>\n<strong>health<\/strong><\/td>\n<td style=\"vertical-align: top;\">\n<ul>\n<li>PRA-clearSilm\u00e4t\/Eyes: OK<\/li>\n<li>Lonkat\/hips: A\/A (<a href=\"http:\/\/www.jofli.net\/bigwoods\/tamina.html#rtg\">rtg<\/a>)<\/li>\n<li>Kyyn\u00e4rnivelet\/elbows: 0\/0 (clear)<\/li>\n<li>Selk\u00e4 \/ spine: X-rayed (2009)<\/li>\n<li>Paino\/weight: ~13 kg<\/li>\n<\/ul>\n<\/td>\n<\/tr>\n<tr>\n<td style=\"vertical-align: top;\"><strong>Saavutuksia<\/strong><br \/>\n<strong>merits<\/strong><\/td>\n<td style=\"vertical-align: top;\">\n<ul>\n<li>1st, Special Juniors at Crufts 2007<\/li>\n<li>1st, Novice Bitches at CWCA Championship Show 2006<\/li>\n<li>Finnish Champion<\/li>\n<li>TOP Brood Bitch in Finland 2012 &amp; 2014<\/li>\n<\/ul>\n<\/td>\n<\/tr>\n<\/tbody>\n<\/table>\n<p><img decoding=\"async\" src=\"http:\/\/www.jofli.net\/bigwoods\/kuvat\/database.jpg\" alt=\"db\" align=\"left\" \/>BUTTERCUP\u00a0<a href=\"http:\/\/jalostus.kennelliitto.fi\/frmKoira.aspx?RekNo=FI60210%2F09\" target=\"_blank\" rel=\"noopener noreferrer\">KoiraNet<\/a> -tietokannassa<br \/>\nBUTTERCUP in Finnish Kennelclub&#8217;s\u00a0<a href=\"http:\/\/jalostus.kennelliitto.fi\/frmKoira.aspx?RekNo=FI60210%2F09\" target=\"_blank\" rel=\"noopener noreferrer\">DogNet<\/a> database<\/p>\n<p><strong>INFO<\/strong><\/p>\n<table border=\"0\" width=\"90%\" cellspacing=\"0\" cellpadding=\"0\">\n<tbody>\n<tr>\n<td style=\"vertical-align: top;\"><img decoding=\"async\" src=\"http:\/\/www.jofli.net\/bigwoods\/kuvat\/finflag.jpg\" alt=\"suomeksi\" \/>Buttercup, viel\u00e4kin kotoisammin Piika, on koira josta ei voinut olla pit\u00e4m\u00e4tt\u00e4. Se oli hyvin yst\u00e4v\u00e4llinen, avoin ja rauhallinen, kaikin tavoin &#8220;kiltti&#8221; koira.Olen saanut seurata sen el\u00e4m\u00e4\u00e4 aina pienest\u00e4 pennusta saakka ja n\u00e4hnyt mm. sen ensimm\u00e4isten pentujen syntym\u00e4n webbikameran v\u00e4lityksell\u00e4. Buttercup oli minulle tutumpi koira kuin yhteinen, lokakuun 2009 lopussa alkanut taipaleemme antaa ymm\u00e4rt\u00e4\u00e4.Piika osoittautui maailman helpoimmaksi tyypiksi. Se oli aina rauhallinen ja varma.<\/td>\n<td style=\"vertical-align: top;\"><img decoding=\"async\" src=\"http:\/\/www.jofli.net\/bigwoods\/kuvat\/ukflag.jpg\" alt=\"english version\" \/>Buttercup was calm and friendly bitch who came to Finland in the end of October 2009.I&#8217;ve followed Buttercup&#8217;s life since she was a little puppy. I&#8217;ve also seen her first puppies coming to this world (thanks to Eileen&#8217;s webcam). I felt myself so lucky and honoured to have her here in our family.Buttercup was very calm and easy going girl. She was the easiest dog in the whole world.<\/td>\n<\/tr>\n<\/tbody>\n<\/table>\n<p><strong>KUVIA \/ PHOTOS<\/strong><\/p>\n<p>*own\u00a0<a href=\"http:\/\/jofli.kuvat.fi\/kuvat\/Omien+koirien+galleriat\/Buttercup\/\" target=\"_blank\" rel=\"noopener noreferrer\">photo gallery<\/a>*<\/p>\n<p><img loading=\"lazy\" decoding=\"async\" class=\"alignnone  wp-image-3611\" src=\"http:\/\/www.jofli.net\/bigwood\/wp-content\/uploads\/2012\/10\/piikakaveri.jpg\" alt=\"piikakaveri\" width=\"275\" height=\"352\" srcset=\"https:\/\/www.jofli.net\/bigwood\/wp-content\/uploads\/2012\/10\/piikakaveri.jpg 526w, https:\/\/www.jofli.net\/bigwood\/wp-content\/uploads\/2012\/10\/piikakaveri-234x300.jpg 234w\" sizes=\"auto, (max-width: 275px) 100vw, 275px\" \/><br \/>\n<em>Photo: Eija Kinnunen<\/em><\/p>\n<p><img loading=\"lazy\" decoding=\"async\" class=\"alignnone  wp-image-3388\" src=\"http:\/\/www.jofli.net\/bigwood\/wp-content\/uploads\/2011\/01\/IMG_0718-2.jpg\" alt=\"IMG_0718-2\" width=\"180\" height=\"270\" srcset=\"https:\/\/www.jofli.net\/bigwood\/wp-content\/uploads\/2011\/01\/IMG_0718-2.jpg 533w, https:\/\/www.jofli.net\/bigwood\/wp-content\/uploads\/2011\/01\/IMG_0718-2-200x300.jpg 200w\" sizes=\"auto, (max-width: 180px) 100vw, 180px\" \/> <img loading=\"lazy\" decoding=\"async\" class=\"alignnone  wp-image-3389\" src=\"http:\/\/www.jofli.net\/bigwood\/wp-content\/uploads\/2011\/01\/IMG_0817.jpg\" alt=\"IMG_0817\" width=\"405\" height=\"270\" srcset=\"https:\/\/www.jofli.net\/bigwood\/wp-content\/uploads\/2011\/01\/IMG_0817.jpg 799w, https:\/\/www.jofli.net\/bigwood\/wp-content\/uploads\/2011\/01\/IMG_0817-300x200.jpg 300w\" sizes=\"auto, (max-width: 405px) 100vw, 405px\" \/><br \/>\n<em>Over 9,5 years in these photos. Taken by Jenni Flinck<\/em><\/p>\n<p><img decoding=\"async\" src=\"http:\/\/www.jofli.net\/bigwoods\/kuvat\/bcup2009b.jpg\" alt=\"\" height=\"350\" \/> <img loading=\"lazy\" decoding=\"async\" class=\"\" src=\"http:\/\/www.jofli.net\/bigwoods\/kuvat\/bkuppi3.jpg\" alt=\"\" width=\"239\" height=\"350\" \/><\/p>\n<p><img decoding=\"async\" src=\"http:\/\/www.jofli.net\/bigwoods\/kuvat\/bkuppi1.jpg\" alt=\"\" \/><\/p>\n<p><img decoding=\"async\" src=\"http:\/\/www.jofli.net\/bigwoods\/kuvat\/bkuppi2.jpg\" alt=\"\" \/><\/p>\n<p><a name=\"rtg\"><\/a><img decoding=\"async\" src=\"http:\/\/www.jofli.net\/bigwoods\/kuvat\/bkuppi_rtg.jpg\" alt=\"\" width=\"500\" \/><\/p>\n","protected":false},"excerpt":{"rendered":"<p>KILVROCH TAMINA Buttercup at 14 years (photos: JoFli) Synt d\/o\/b 23.11.2005 &#8211; 25.5.2020 Is\u00e4 &#8211; Sire Em\u00e4 &#8211; Dam Joseter Grassanmore Kilvroch Silk Stockings Kasvattaja breeder Eileen Eby, UK Omistaja owner Eileen Eby, UK Johanna Flinck, Pattijoki, Finland Terveys health PRA-clearSilm\u00e4t\/Eyes: OK Lonkat\/hips: A\/A (rtg) Kyyn\u00e4rnivelet\/elbows: 0\/0 (clear) Selk\u00e4 \/ spine: X-rayed (2009) Paino\/weight: ~13 &hellip; <\/p>\n<p><a class=\"more-link btn\" href=\"https:\/\/www.jofli.net\/bigwood\/?page_id=96\">Continue reading<\/a><\/p>\n","protected":false},"author":1,"featured_media":0,"parent":88,"menu_order":0,"comment_status":"closed","ping_status":"closed","template":"template-onecolumn.php","meta":{"footnotes":""},"class_list":["post-96","page","type-page","status-publish","hentry","nodate","item-wrap"],"_links":{"self":[{"href":"https:\/\/www.jofli.net\/bigwood\/index.php?rest_route=\/wp\/v2\/pages\/96","targetHints":{"allow":["GET"]}}],"collection":[{"href":"https:\/\/www.jofli.net\/bigwood\/index.php?rest_route=\/wp\/v2\/pages"}],"about":[{"href":"https:\/\/www.jofli.net\/bigwood\/index.php?rest_route=\/wp\/v2\/types\/page"}],"author":[{"embeddable":true,"href":"https:\/\/www.jofli.net\/bigwood\/index.php?rest_route=\/wp\/v2\/users\/1"}],"replies":[{"embeddable":true,"href":"https:\/\/www.jofli.net\/bigwood\/index.php?rest_route=%2Fwp%2Fv2%2Fcomments&post=96"}],"version-history":[{"count":27,"href":"https:\/\/www.jofli.net\/bigwood\/index.php?rest_route=\/wp\/v2\/pages\/96\/revisions"}],"predecessor-version":[{"id":5310,"href":"https:\/\/www.jofli.net\/bigwood\/index.php?rest_route=\/wp\/v2\/pages\/96\/revisions\/5310"}],"up":[{"embeddable":true,"href":"https:\/\/www.jofli.net\/bigwood\/index.php?rest_route=\/wp\/v2\/pages\/88"}],"wp:attachment":[{"href":"https:\/\/www.jofli.net\/bigwood\/index.php?rest_route=%2Fwp%2Fv2%2Fmedia&parent=96"}],"curies":[{"name":"wp","href":"https:\/\/api.w.org\/{rel}","templated":true}]}}