{"id":94,"date":"2011-01-17T18:43:56","date_gmt":"2011-01-17T16:43:56","guid":{"rendered":"http:\/\/www.jofli.net\/bigwood\/?page_id=94"},"modified":"2016-06-19T12:17:10","modified_gmt":"2016-06-19T10:17:10","slug":"ella","status":"publish","type":"page","link":"https:\/\/www.jofli.net\/bigwood\/?page_id=94","title":{"rendered":"Ella"},"content":{"rendered":"<p><strong>KILVROCH MY ROMANCE<\/strong><\/p>\n<p><img decoding=\"async\" class=\"alignnone size-full wp-image-3907\" src=\"http:\/\/www.jofli.net\/bigwood\/wp-content\/uploads\/2011\/01\/IMG_1247-Edit.jpg\" alt=\"IMG_1247-Edit\" width=\"500\" srcset=\"https:\/\/www.jofli.net\/bigwood\/wp-content\/uploads\/2011\/01\/IMG_1247-Edit.jpg 1200w, https:\/\/www.jofli.net\/bigwood\/wp-content\/uploads\/2011\/01\/IMG_1247-Edit-300x200.jpg 300w, https:\/\/www.jofli.net\/bigwood\/wp-content\/uploads\/2011\/01\/IMG_1247-Edit-1024x683.jpg 1024w\" sizes=\"(max-width: 1200px) 100vw, 1200px\" \/><\/p>\n<table border=\"0\" width=\"90%\" cellspacing=\"0\" cellpadding=\"0\">\n<tbody>\n<tr>\n<td style=\"vertical-align: top;\">Synt<br \/>\nd\/o\/b<\/td>\n<td style=\"vertical-align: top;\">7.11.2003 &#8211; 17.6.2016\u00a0<img decoding=\"async\" src=\"http:\/\/www.jofli.net\/bigwoods\/kuvat\/female.jpg\" alt=\"\" \/><\/td>\n<\/tr>\n<tr>\n<td style=\"vertical-align: top;\">Is\u00e4 &#8211; Sire<br \/>\nEm\u00e4 &#8211; Dam<\/td>\n<td style=\"vertical-align: top;\"><a href=\"http:\/\/www.jofli.net\/bigwoods\/sukutaulu_myromance.html\" target=\"_new\"><img decoding=\"async\" src=\"http:\/\/www.jofli.net\/bigwoods\/kuvat\/pedigree_icon.jpg\" alt=\"pedigree\" align=\"right\" \/><\/a>Joseter Doublewood<br \/>\nKilvroch Musette<\/td>\n<\/tr>\n<tr>\n<td style=\"vertical-align: top;\">Kasvattaja<br \/>\nbreeder<\/td>\n<td style=\"vertical-align: top;\">Eileen Eby, UK<\/td>\n<\/tr>\n<tr>\n<td style=\"vertical-align: top;\">Omistaja<br \/>\nowner<\/td>\n<td style=\"vertical-align: top;\">Johanna Flinck, Pattijoki, Finland<\/td>\n<\/tr>\n<tr>\n<td style=\"vertical-align: top;\">Terveys<br \/>\nhealth<\/td>\n<td style=\"vertical-align: top;\">PRA-clear, silm\u00e4t\/eyes OK<br \/>\nHips: B\/C, Elbows &amp; knees: clear<br \/>\nSelk\u00e4\/Spine:<br \/>\n&#8211; X-rayed and OK (10\/2005)<br \/>\n&#8211; halvausoireita &amp; 3 kalkkeutunutta v\u00e4lilevy\u00e4, parani konservatiivisilla hoidoilla \/ 3 calcium changes &amp; slip disk, after physiotherapy she was OK without operation (01\/2009)<br \/>\n&#8211; halvausoireita, parani konservatiivisella hoidolla \/ slip disk, after physiotherapy she was OK without operation (10\/2011)Paino\/weight: ~13 kg<\/td>\n<\/tr>\n<tr>\n<td style=\"vertical-align: top;\">Saavutuksia<br \/>\nmerits<\/td>\n<td style=\"vertical-align: top;\">\n<ul>\n<li>Juniorivoittaja\/Finnish Junior Winner 2004<\/li>\n<li>1*SERT\/CC<\/li>\n<li>1*ROP\/BOB<\/li>\n<li>ROP-pentu &amp; BIS1-pentu SWCS:n erikoisn\u00e4yttelyss\u00e4 2004 \/ BOB-puppy &amp; BIS1-puppy at FWCC&#8217;s nat. specialty 2004<\/li>\n<li>Kilpaili agilityn 3-luokassa \/ competed in agility (level 3)<\/li>\n<li>Luonnetesti +110 pist (<a href=\"#lte\" target=\"_top\">osa-alueet &amp; videot<\/a>) \/ mental test passed (<a href=\"#lte\" target=\"_top\">videos<\/a>)<\/li>\n<\/ul>\n<\/td>\n<\/tr>\n<\/tbody>\n<\/table>\n<p><img decoding=\"async\" src=\"http:\/\/www.jofli.net\/bigwoods\/kuvat\/database.jpg\" alt=\"db\" align=\"left\" \/>ELLA\u00a0<a href=\"http:\/\/jalostus.kennelliitto.fi\/frmKoira.aspx?RekNo=FIN18230\/04&amp;R=38\" target=\"_blank\">KoiraNet<\/a> -tietokannassa<br \/>\nELLA in Finnish Kennelclub&#8217;s\u00a0<a href=\"http:\/\/jalostus.kennelliitto.fi\/frmKoira.aspx?RekNo=FIN18230\/04&amp;R=38\" target=\"_blank\">DogNet<\/a> database<\/p>\n<p><strong>INFO<\/strong><\/p>\n<table border=\"0\" width=\"90%\" cellspacing=\"0\" cellpadding=\"0\">\n<tbody>\n<tr>\n<td style=\"vertical-align: top;\" width=\"50%&quot;\"><img decoding=\"async\" src=\"http:\/\/www.jofli.net\/bigwoods\/kuvat\/finflag.jpg\" alt=\"suomeksi\" \/>Ella tuli meille alkuvuodesta 2004 yhteisomistukseen Jaana Juponahon (kennel Newcard\u2019s) kanssa. Nyt tehty\u00e4\u00e4n pennut meille molemmille, se siirtyi\u00a0kokonaan Johannan omistukseen.Ella nousi agilityn korkeimpaan luokkaan puolessa vuodessa kilpailu-uransa aloittamisesta ja uudet haasteet odottivat. Osallistumisoikeus kes\u00e4n 2009 SM-kisoihin oli jo melkein saavutettu, mutta valitettavasi selk\u00e4ongelmat veiv\u00e4t sen el\u00e4kkeelle ennen kuin ehdimme p\u00e4\u00e4tavoitteeseemme (osallistua yksil\u00f6 SM-kisoihin) saakka.Ella oli\u00a0vilkas, miellytt\u00e4misenhaluinen energiapakkaus. Se rakasti varauksetta jokaista vastaantulevaa ihmist\u00e4 ja oli\u00a0aina valmis puuhaan kuin puuhaan-Ellan kohtaloksi koitui korvak\u00e4yt\u00e4v\u00e4n kasvain. Vuoden mittainen taistelu todettiin h\u00e4vityksi kes\u00e4kuussa 2016 ennen kuin kivut tulivat mukaan kuvioihin. Kiitos Ella positiivisuudestasi!<\/td>\n<td style=\"vertical-align: top;\" width=\"50%&quot;\"><img decoding=\"async\" src=\"http:\/\/www.jofli.net\/bigwoods\/kuvat\/ukflag.jpg\" alt=\"english version\" \/>Ella was imported from UK with Jaana Juponaho, kennel Newcard.Ella\u00a0wasvery active and open bitch. She was\u00a0always ready to all kind of action. She was almost qualified to the Finnish Agility Championships 2009, but because of her back problems, we couldn&#8217;t go there.We lost the battle against Ella&#8217;s ear tumour when she was over 12,5 years. Thank you Ella for your neverending happiness!<\/td>\n<\/tr>\n<\/tbody>\n<\/table>\n<p><strong>KUVIA \/ PHOTOS<\/strong><\/p>\n<p>*own\u00a0<a href=\"http:\/\/jofli.kuvat.fi\/kuvat\/Omien+koirien+galleriat\/Ella\/\" target=\"_blank\">photo gallery<\/a>*<\/p>\n<p><img decoding=\"async\" src=\"http:\/\/www.jofli.net\/bigwoods\/kuvat\/EllaHuhti2010.JPG\" alt=\"\" height=\"300\" \/> <img decoding=\"async\" src=\"http:\/\/www.jofli.net\/bigwoods\/kuvat\/EllanNaama2.jpg\" alt=\"\" height=\"300\" \/><\/p>\n<p><img decoding=\"async\" class=\"alignnone\" src=\"http:\/\/jofli.kuvat.fi\/kuvat\/Pentukuvia\/Ellan_hukkaset\/eIMG_5423.JPG\/_full.jpg\" alt=\"\" width=\"450\" \/><br \/>\n<em>Ella and her orphans (GSDs, d\/o\/b 6.12.2012)<\/em><\/p>\n<p><img decoding=\"async\" src=\"http:\/\/www.jofli.net\/bigwoods\/kuvat\/EllaJohtaa2009.jpg\" alt=\"\" width=\"450\" \/><\/p>\n<p><img decoding=\"async\" src=\"http:\/\/www.jofli.net\/bigwoods\/kuvat\/EllaNotkeena.jpg\" alt=\"\" width=\"450\" \/><br \/>\nkuva: Katri Soini<\/p>\n<p><img decoding=\"async\" src=\"http:\/\/www.jofli.net\/bigwoods\/kuvat\/Ella_pujottaa.jpg\" alt=\"\" width=\"450\" \/><br \/>\nkuva: Katri Soini<\/p>\n<p><img decoding=\"async\" src=\"http:\/\/www.jofli.net\/bigwoods\/kuvat\/EllaJuhannus04.jpg\" alt=\"\" width=\"450\" \/><br \/>\n7,5 months<\/p>\n<p><img decoding=\"async\" src=\"http:\/\/www.jofli.net\/bigwoods\/kuvat\/Ella_Jaana_Jossu.jpg\" alt=\"\" width=\"450\" \/><br \/>\nBIS-puppy in FWCC&#8217;s nat. specialty 2004; Ella with her owners Johanna &amp; Jaana<\/p>\n<p><a name=\"lte\"><\/a><strong>Luonnetesti<\/strong><br \/>\ntuom. Lauri Ojala &amp; Jari Kein\u00e4nen<\/p>\n<p>Toimintakyky -1, pieni<br \/>\nTer\u00e4vyys +1, pieni ilman j\u00e4ljelle j\u00e4\u00e4v\u00e4\u00e4 hy\u00f6kk\u00e4yshalua<br \/>\nPuolustushalu +1, pieni<br \/>\nTaisteluhalu -1, pieni<br \/>\nHermorakenne +1, hieman rauhaton<br \/>\nTemperamentti +3, vilkas<br \/>\nKovuus +1, hieman pehme\u00e4<br \/>\nLuoksep\u00e4\u00e4st\u00e4vyys +3, hyv\u00e4ntahtoinen, luoksep\u00e4\u00e4st\u00e4v\u00e4, avoin<br \/>\nLaukaisupelottomuus ++, laukaisukokematon<br \/>\nKokonaispisteet +135, miinuspisteet -25<br \/>\nYHTEENS\u00c4 +110<\/p>\n<p><strong>Video:<\/strong><\/p>\n<p>PART1:<a href=\"http:\/\/www.vimeo.com\/2071411\">http:\/\/www.vimeo.com\/2071411<\/a><br \/>\nPART2:<a href=\"http:\/\/www.vimeo.com\/2071483\">http:\/\/www.vimeo.com\/2071483<\/a><\/p>\n<p>&nbsp;<\/p>\n","protected":false},"excerpt":{"rendered":"<p>KILVROCH MY ROMANCE Synt d\/o\/b 7.11.2003 &#8211; 17.6.2016\u00a0 Is\u00e4 &#8211; Sire Em\u00e4 &#8211; Dam Joseter Doublewood Kilvroch Musette Kasvattaja breeder Eileen Eby, UK Omistaja owner Johanna Flinck, Pattijoki, Finland Terveys health PRA-clear, silm\u00e4t\/eyes OK Hips: B\/C, Elbows &amp; knees: clear Selk\u00e4\/Spine: &#8211; X-rayed and OK (10\/2005) &#8211; halvausoireita &amp; 3 kalkkeutunutta v\u00e4lilevy\u00e4, parani konservatiivisilla hoidoilla &hellip; <\/p>\n<p><a class=\"more-link btn\" href=\"https:\/\/www.jofli.net\/bigwood\/?page_id=94\">Continue reading<\/a><\/p>\n","protected":false},"author":1,"featured_media":0,"parent":88,"menu_order":0,"comment_status":"closed","ping_status":"closed","template":"template-onecolumn.php","meta":{"footnotes":""},"class_list":["post-94","page","type-page","status-publish","hentry","nodate","item-wrap"],"_links":{"self":[{"href":"https:\/\/www.jofli.net\/bigwood\/index.php?rest_route=\/wp\/v2\/pages\/94","targetHints":{"allow":["GET"]}}],"collection":[{"href":"https:\/\/www.jofli.net\/bigwood\/index.php?rest_route=\/wp\/v2\/pages"}],"about":[{"href":"https:\/\/www.jofli.net\/bigwood\/index.php?rest_route=\/wp\/v2\/types\/page"}],"author":[{"embeddable":true,"href":"https:\/\/www.jofli.net\/bigwood\/index.php?rest_route=\/wp\/v2\/users\/1"}],"replies":[{"embeddable":true,"href":"https:\/\/www.jofli.net\/bigwood\/index.php?rest_route=%2Fwp%2Fv2%2Fcomments&post=94"}],"version-history":[{"count":23,"href":"https:\/\/www.jofli.net\/bigwood\/index.php?rest_route=\/wp\/v2\/pages\/94\/revisions"}],"predecessor-version":[{"id":3911,"href":"https:\/\/www.jofli.net\/bigwood\/index.php?rest_route=\/wp\/v2\/pages\/94\/revisions\/3911"}],"up":[{"embeddable":true,"href":"https:\/\/www.jofli.net\/bigwood\/index.php?rest_route=\/wp\/v2\/pages\/88"}],"wp:attachment":[{"href":"https:\/\/www.jofli.net\/bigwood\/index.php?rest_route=%2Fwp%2Fv2%2Fmedia&parent=94"}],"curies":[{"name":"wp","href":"https:\/\/api.w.org\/{rel}","templated":true}]}}