{"id":910,"date":"2011-01-19T16:22:17","date_gmt":"2011-01-19T14:22:17","guid":{"rendered":"http:\/\/www.jofli.net\/bigwood\/?page_id=910"},"modified":"2018-05-24T14:17:59","modified_gmt":"2018-05-24T12:17:59","slug":"1996-s","status":"publish","type":"page","link":"https:\/\/www.jofli.net\/bigwood\/?page_id=910","title":{"rendered":"1996 S"},"content":{"rendered":"<p>synt &#8211; 26.02.1996 &#8211; d\/o\/b<\/p>\n<table border=\"0\" width=\"600\" cellspacing=\"0\" cellpadding=\"0\">\n<tbody>\n<tr>\n<td valign=\"top\" width=\"50%\"><strong>Urokset- boys<\/strong><strong><img decoding=\"async\" src=\"http:\/\/www.jofli.net\/bigwoods\/kuvat\/kasvattikuvat\/schlafenzo.jpg\" alt=\"\" \/><\/strong><br \/>\nBig-Wood&#8217;s Schla-Fenzo<\/p>\n<p><img decoding=\"async\" src=\"http:\/\/www.jofli.net\/bigwoods\/kuvat\/kasvattikuvat\/snowface.jpg\" alt=\"\" \/><br \/>\nBig-Wood&#8217;s Snow-Face<\/td>\n<td valign=\"top\" width=\"50%\"><strong>Nartut &#8211; girls<\/strong><strong><img decoding=\"async\" src=\"http:\/\/www.jofli.net\/bigwoods\/kuvat\/kasvattikuvat\/sunflower.jpg\" alt=\"\" \/><\/strong><br \/>\nBig-Wood&#8217;s Sunflower<\/p>\n<p><img decoding=\"async\" src=\"http:\/\/www.jofli.net\/bigwoods\/kuvat\/kasvattikuvat\/scharlett.jpg\" alt=\"\" \/><br \/>\nBig-Wood&#8217;s Scharlett<\/td>\n<\/tr>\n<\/tbody>\n<\/table>\n<p><strong>INFO<\/strong><br \/>\nLo: lonkat \/ hips, Kn: kyyn\u00e4rnivelet \/ elbows, Po: polvet \/ knees, Si: silm\u00e4tarkastus \/ eye examination, Se: selk\u00e4kuva\/ spine x-rays, Nly: n\u00e4yttelytulos \/ show result<\/p>\n<table border=\"0\" width=\"90%\" cellspacing=\"0\" cellpadding=\"0\">\n<tbody>\n<tr>\n<td><strong>Nimi\/Name<\/strong><\/td>\n<td><strong>Lo<\/strong><\/td>\n<td><strong>Kn<\/strong><\/td>\n<td><strong>Po<\/strong><\/td>\n<td><strong>Si<\/strong><\/td>\n<td><strong>Se<\/strong><\/td>\n<td><strong>Nly<\/strong><\/td>\n<td><strong>Muuta \/ more info<\/strong><\/td>\n<\/tr>\n<tr>\n<td valign=\"top\">Schla-Fenzo<\/td>\n<td valign=\"top\" width=\"86\">&#8211;<\/td>\n<td valign=\"top\" width=\"90\">&#8211;<\/td>\n<td valign=\"top\" width=\"90\">&#8211;<\/td>\n<td valign=\"top\" width=\"67\">OK<\/td>\n<td valign=\"top\" width=\"91\">&#8211;<\/td>\n<td valign=\"top\" width=\"64\">H\/G<\/td>\n<td valign=\"top\" width=\"249\"><em>1996 &#8211; 29.12.2010<\/em><\/td>\n<\/tr>\n<tr>\n<td valign=\"top\" width=\"110\">Snow-Face<\/td>\n<td valign=\"top\" width=\"86\">&#8211;<\/td>\n<td valign=\"top\" width=\"90\">&#8211;<\/td>\n<td valign=\"top\" width=\"90\">&#8211;<\/td>\n<td valign=\"top\" width=\"67\">&#8211;<\/td>\n<td valign=\"top\" width=\"91\">&#8211;<\/td>\n<td valign=\"top\" width=\"64\">&#8211;<\/td>\n<td valign=\"top\" width=\"249\"><em>1996-2006<br \/>\nPitk\u00e4 karva, ylivalkoinen \/ fluffy with too much white<\/em><\/td>\n<\/tr>\n<tr>\n<td valign=\"top\" width=\"110\">Sunflower<\/td>\n<td valign=\"top\" width=\"86\">&#8211;<\/td>\n<td valign=\"top\" width=\"90\">&#8211;<\/td>\n<td valign=\"top\" width=\"90\">&#8211;<\/td>\n<td valign=\"top\" width=\"67\">OK<\/td>\n<td valign=\"top\" width=\"91\">&#8211;<\/td>\n<td valign=\"top\" width=\"64\">&#8211;<\/td>\n<td valign=\"top\" width=\"249\"><em>1996-2007<br \/>\nPitk\u00e4 karva, maksanv\u00e4rinen, kilpaili agilityss\u00e4 3-luokassa \/ Fluffy, liver brown &amp; brown nose, competed in agility level-3<\/em><\/td>\n<\/tr>\n<tr>\n<td valign=\"top\" width=\"110\">Scharlett<\/td>\n<td valign=\"top\" width=\"86\">&#8211;<\/td>\n<td valign=\"top\" width=\"90\">&#8211;<\/td>\n<td valign=\"top\" width=\"90\">&#8211;<\/td>\n<td valign=\"top\" width=\"67\">&#8211;<\/td>\n<td valign=\"top\" width=\"91\">&#8211;<\/td>\n<td valign=\"top\" width=\"64\">&#8211;<\/td>\n<td valign=\"top\" width=\"249\"><em>1996-2006<br \/>\nMutkah\u00e4nt\u00e4, v\u00e4\u00e4r\u00e4n v\u00e4rinen (ruskea) pigmentti \/ kinky tail + brown pigmentation<\/em><\/td>\n<\/tr>\n<\/tbody>\n<\/table>\n<p><strong>SUKUTAULU &#8211; PEDIGREE<\/strong><\/p>\n<table border=\"1\" width=\"90%\" cellspacing=\"0\" cellpadding=\"4\">\n<tbody>\n<tr>\n<th><span style=\"font-family: Verdana; font-size: x-small;\">Parents<\/span><\/th>\n<th><span style=\"font-family: Verdana; font-size: x-small;\">Grandparents<\/span><\/th>\n<th><span style=\"font-family: Verdana; font-size: x-small;\">Great-Grandparents<\/span><\/th>\n<th><span style=\"font-family: Verdana; font-size: x-small;\">Great- Great-Grandparents<\/span><\/th>\n<\/tr>\n<tr>\n<td rowspan=\"8\" valign=\"top\">Imago&#8217;s Valentino<\/td>\n<td rowspan=\"4\" valign=\"top\">H\u00e4ivi\u00e4n Mortti<\/td>\n<td rowspan=\"2\" align=\"left\" valign=\"top\" width=\"25%\">Beckrow Barleycorn<\/td>\n<td align=\"left\" valign=\"top\" width=\"30%\">Gwenlais Ffranc Fferws<\/td>\n<\/tr>\n<tr>\n<td align=\"left\" valign=\"top\" width=\"30%\">Beckrow Ballerina Girl<\/td>\n<\/tr>\n<tr>\n<td rowspan=\"2\" align=\"left\" valign=\"top\" width=\"25%\">FIN\u00a0Ch Finetail Redolant<\/td>\n<td align=\"left\" valign=\"top\" width=\"30%\">FIN&amp;S\u00a0Ch Cardax Naylor<\/td>\n<\/tr>\n<tr>\n<td align=\"left\" valign=\"top\" width=\"30%\">Cesrose Gilda<\/td>\n<\/tr>\n<tr>\n<td rowspan=\"4\" align=\"left\" valign=\"top\" width=\"25%\">FIN\u00a0Ch Kilvewood Best Bib&#8217;n Tucker<\/td>\n<td rowspan=\"2\" align=\"left\" valign=\"top\" width=\"25%\">Antoc Upper Crust<\/td>\n<td align=\"left\" valign=\"top\" width=\"30%\">GB Ch. Jezalin Top Brass<\/td>\n<\/tr>\n<tr>\n<td align=\"left\" valign=\"top\" width=\"30%\">Lees Jet<\/td>\n<\/tr>\n<tr>\n<td rowspan=\"2\" align=\"left\" valign=\"top\" width=\"25%\">Salvenik Summer Rainbow at Kilvewood<\/td>\n<td align=\"left\" valign=\"top\" width=\"30%\">GB\u00a0Ch Downholme Silver Sand of Joseter<\/td>\n<\/tr>\n<tr>\n<td align=\"left\" valign=\"top\" width=\"30%\">Kentwood Gwenda<\/td>\n<\/tr>\n<tr>\n<td rowspan=\"8\" align=\"left\" valign=\"top\" width=\"20%\">FIN\u00a0Ch Big-Wood&#8217;s Jolly Juno<\/td>\n<td rowspan=\"4\" align=\"left\" valign=\"top\" width=\"25%\">FIN\u00a0Ch Ultima Thulen Arctic Dynasty<\/td>\n<td rowspan=\"2\" align=\"left\" valign=\"top\" width=\"25%\">FIN&amp;S\u00a0Ch Cardax Naylor<\/td>\n<td align=\"left\" valign=\"top\" width=\"30%\">Cardelin&#8217;s Bonnie Barak<\/td>\n<\/tr>\n<tr>\n<td align=\"left\" valign=\"top\" width=\"30%\">INT\u00a0Ch Robgwen Cream Cracker<\/td>\n<\/tr>\n<tr>\n<td rowspan=\"2\" align=\"left\" valign=\"top\" width=\"25%\">FIN&amp;S\u00a0Ch FINW-86 NORDW-86 Sasalu Black Beauty<\/td>\n<td align=\"left\" valign=\"top\" width=\"30%\">FIN\u00a0Ch FINW-84-85 Sasalu Business-Bill<\/td>\n<\/tr>\n<tr>\n<td align=\"left\" valign=\"top\" width=\"30%\">FIN\u00a0Ch Castlelack Jessy of Towlaught<\/td>\n<\/tr>\n<tr>\n<td rowspan=\"4\" align=\"left\" valign=\"top\" width=\"25%\">FIN\u00a0Ch Cesrose Noela<\/td>\n<td rowspan=\"2\" align=\"left\" valign=\"top\" width=\"25%\">FIN\u00a0Ch Cardelin&#8217;s Dancing Dino<\/td>\n<td align=\"left\" valign=\"top\" width=\"30%\">N\u00a0Ch Daleviz Monitor<\/td>\n<\/tr>\n<tr>\n<td align=\"left\" valign=\"top\" width=\"30%\">INT&amp;N\u00a0Ch Daleviz Vaida<\/td>\n<\/tr>\n<tr>\n<td rowspan=\"2\" align=\"left\" valign=\"top\" width=\"25%\">FIN\u00a0Ch Cesrose Gastanja<\/td>\n<td align=\"left\" valign=\"top\" width=\"30%\">FIN\u00a0Ch Sasalu Amber-Apollo<\/td>\n<\/tr>\n<tr>\n<td align=\"left\" valign=\"top\" width=\"30%\">FIN\u00a0Ch Sasalu Amy-Axan<\/td>\n<\/tr>\n<\/tbody>\n<\/table>\n","protected":false},"excerpt":{"rendered":"<p>synt &#8211; 26.02.1996 &#8211; d\/o\/b Urokset- boys Big-Wood&#8217;s Schla-Fenzo Big-Wood&#8217;s Snow-Face Nartut &#8211; girls Big-Wood&#8217;s Sunflower Big-Wood&#8217;s Scharlett INFO Lo: lonkat \/ hips, Kn: kyyn\u00e4rnivelet \/ elbows, Po: polvet \/ knees, Si: silm\u00e4tarkastus \/ eye examination, Se: selk\u00e4kuva\/ spine x-rays, Nly: n\u00e4yttelytulos \/ show result Nimi\/Name Lo Kn Po Si Se Nly Muuta \/ more &hellip; <\/p>\n<p><a class=\"more-link btn\" href=\"https:\/\/www.jofli.net\/bigwood\/?page_id=910\">Continue reading<\/a><\/p>\n","protected":false},"author":1,"featured_media":0,"parent":166,"menu_order":0,"comment_status":"closed","ping_status":"open","template":"template-onecolumn.php","meta":{"footnotes":""},"class_list":["post-910","page","type-page","status-publish","hentry","nodate","item-wrap"],"_links":{"self":[{"href":"https:\/\/www.jofli.net\/bigwood\/index.php?rest_route=\/wp\/v2\/pages\/910","targetHints":{"allow":["GET"]}}],"collection":[{"href":"https:\/\/www.jofli.net\/bigwood\/index.php?rest_route=\/wp\/v2\/pages"}],"about":[{"href":"https:\/\/www.jofli.net\/bigwood\/index.php?rest_route=\/wp\/v2\/types\/page"}],"author":[{"embeddable":true,"href":"https:\/\/www.jofli.net\/bigwood\/index.php?rest_route=\/wp\/v2\/users\/1"}],"replies":[{"embeddable":true,"href":"https:\/\/www.jofli.net\/bigwood\/index.php?rest_route=%2Fwp%2Fv2%2Fcomments&post=910"}],"version-history":[{"count":6,"href":"https:\/\/www.jofli.net\/bigwood\/index.php?rest_route=\/wp\/v2\/pages\/910\/revisions"}],"predecessor-version":[{"id":4797,"href":"https:\/\/www.jofli.net\/bigwood\/index.php?rest_route=\/wp\/v2\/pages\/910\/revisions\/4797"}],"up":[{"embeddable":true,"href":"https:\/\/www.jofli.net\/bigwood\/index.php?rest_route=\/wp\/v2\/pages\/166"}],"wp:attachment":[{"href":"https:\/\/www.jofli.net\/bigwood\/index.php?rest_route=%2Fwp%2Fv2%2Fmedia&parent=910"}],"curies":[{"name":"wp","href":"https:\/\/api.w.org\/{rel}","templated":true}]}}