{"id":906,"date":"2011-01-19T16:21:20","date_gmt":"2011-01-19T14:21:20","guid":{"rendered":"http:\/\/www.jofli.net\/bigwood\/?page_id=906"},"modified":"2018-05-24T14:17:20","modified_gmt":"2018-05-24T12:17:20","slug":"1998-u","status":"publish","type":"page","link":"https:\/\/www.jofli.net\/bigwood\/?page_id=906","title":{"rendered":"1998 U"},"content":{"rendered":"<p>synt &#8211; 22.05.1998 &#8211; d\/o\/b<\/p>\n<table border=\"0\" width=\"600\" cellspacing=\"0\" cellpadding=\"0\">\n<tbody>\n<tr>\n<td valign=\"top\" width=\"50%\"><strong>Urokset- boys<\/strong><strong><img decoding=\"async\" src=\"http:\/\/www.jofli.net\/bigwoods\/kuvat\/kasvattikuvat\/uturn.jpg\" alt=\"\" \/><\/strong><br \/>\nBig-Wood&#8217;s U-Turn<\/p>\n<p><img decoding=\"async\" src=\"http:\/\/www.jofli.net\/bigwoods\/kuvat\/kasvattikuvat\/ursaminor.jpg\" alt=\"\" \/><br \/>\nBig-Wood&#8217;s Ursa Minor<\/p>\n<p><img decoding=\"async\" src=\"http:\/\/www.jofli.net\/bigwoods\/kuvat\/kasvattikuvat\/unabomber.jpg\" alt=\"\" \/><br \/>\nBig-Wood&#8217;s Unabomber<\/p>\n<p><img decoding=\"async\" src=\"http:\/\/www.jofli.net\/bigwoods\/kuvat\/kasvattikuvat\/kuvatulossa.jpg\" alt=\"\" \/><br \/>\nBig-Wood&#8217;s United Region<\/td>\n<td valign=\"top\" width=\"50%\"><strong>Nartut &#8211; girls<\/strong><strong><img decoding=\"async\" src=\"http:\/\/www.jofli.net\/bigwoods\/kuvat\/kasvattikuvat\/upsadaisy.jpg\" alt=\"\" \/><\/strong><br \/>\nBig-Wood&#8217;s Ups-A-Daisy<\/p>\n<p><img decoding=\"async\" src=\"http:\/\/www.jofli.net\/bigwoods\/kuvat\/kasvattikuvat\/uplandrose.jpg\" alt=\"\" \/><br \/>\nBig-Wood&#8217;s Upland Rose<\/td>\n<\/tr>\n<\/tbody>\n<\/table>\n<div style=\"text-align: left;\">\n<p><img decoding=\"async\" src=\"http:\/\/www.jofli.net\/bigwoods\/kuvat\/finflag.jpg\" alt=\"\" \/>Eip\u00e4 t\u00e4m\u00e4 pentue tasaisuudellaan voi kehuskella. On pitk\u00e4karvaa, koukkuh\u00e4nt\u00e4\u00e4 ja pallipuolta, lis\u00e4ksi viel\u00e4 kahdella uroksella siitep\u00f6lyallergia. Sijoittamamme Napin luovutimme Maikin omistukseen jo ennen vuoden ik\u00e4\u00e4. Siin\u00e4 itsess\u00e4\u00e4n ei ollut mit\u00e4\u00e4n vikaa, mutta mutta&#8230;<\/p>\n<p><img decoding=\"async\" src=\"http:\/\/www.jofli.net\/bigwoods\/kuvat\/ukflag.jpg\" alt=\"\" \/> This litter wasn&#8217;t the most homogenous. There is curly coated fluffies, kinky tails and one cryptorchid. Two males have also pollen allergy. We co-owned &#8220;Ups-a-Daisy&#8221; for a while but we didn&#8217;t want to breed with her. There wasn&#8217;t anything wrong with her, but if you look the list below, the reason is chrystal clear&#8230; or it should be.<\/p>\n<p><strong>INFO<\/strong><br \/>\nLo: lonkat \/ hips, Kn: kyyn\u00e4rnivelet \/ elbows, Po: polvet \/ knees, Si: silm\u00e4tarkastus \/ eye examination, Se: selk\u00e4kuva\/ spine x-rays, Nly: n\u00e4yttelytulos \/ show result<\/p>\n<table border=\"0\" width=\"90%\" cellspacing=\"0\" cellpadding=\"0\">\n<tbody>\n<tr>\n<td><strong>Nimi\/Name<\/strong><\/td>\n<td><strong>Lo<\/strong><\/td>\n<td><strong>Kn<\/strong><\/td>\n<td><strong>Po<\/strong><\/td>\n<td><strong>Si<\/strong><\/td>\n<td><strong>Se<\/strong><\/td>\n<td><strong>Nly<\/strong><\/td>\n<td><strong>Muuta \/ more info<\/strong><\/td>\n<\/tr>\n<tr>\n<td valign=\"top\">U-Turn<\/td>\n<td valign=\"top\" width=\"86\">&#8211;<\/td>\n<td valign=\"top\" width=\"90\">&#8211;<\/td>\n<td valign=\"top\" width=\"90\">&#8211;<\/td>\n<td valign=\"top\" width=\"67\">&#8211;<\/td>\n<td valign=\"top\" width=\"91\">&#8211;<\/td>\n<td valign=\"top\" width=\"64\"><small>&#8211;<\/small><\/td>\n<td valign=\"top\" width=\"249\"><em>hyvin voimakas koukkuh\u00e4nt\u00e4, siitep\u00f6lyallergia (iho-oireita), kastroitu \/ strong kinky tail, pollen allergy (skin), castrate<\/em><\/td>\n<\/tr>\n<tr>\n<td valign=\"top\" width=\"110\">Ursa Minor<\/td>\n<td valign=\"top\" width=\"86\">&#8211;<\/td>\n<td valign=\"top\" width=\"90\">&#8211;<\/td>\n<td valign=\"top\" width=\"90\">&#8211;<\/td>\n<td valign=\"top\" width=\"67\">&#8211;<\/td>\n<td valign=\"top\" width=\"91\">&#8211;<\/td>\n<td valign=\"top\" width=\"64\"><small>&#8211;<\/small><\/td>\n<td valign=\"top\" width=\"249\"><em>koukkuh\u00e4nt\u00e4, kivespuutos, siitep\u00f6lyallergia (iho-oireita) \/ kinky tail, cryptorchid, pollen allergy (skin)<\/em><\/td>\n<\/tr>\n<tr>\n<td valign=\"top\" width=\"110\">Unabomber<\/td>\n<td valign=\"top\" width=\"86\">&#8211;<\/td>\n<td valign=\"top\" width=\"90\">&#8211;<\/td>\n<td valign=\"top\" width=\"90\">&#8211;<\/td>\n<td valign=\"top\" width=\"67\">&#8211;<\/td>\n<td valign=\"top\" width=\"91\">&#8211;<\/td>\n<td valign=\"top\" width=\"64\"><small>&#8211;<\/small><\/td>\n<td valign=\"top\" width=\"249\"><em>kihara pitk\u00e4 karva \/ curly fluffy coat<br \/>\n1998 &#8211; 2010<\/em><\/td>\n<\/tr>\n<tr>\n<td valign=\"top\" width=\"110\">United Region<\/td>\n<td valign=\"top\" width=\"86\">&#8211;<\/td>\n<td valign=\"top\" width=\"90\">&#8211;<\/td>\n<td valign=\"top\" width=\"90\">&#8211;<\/td>\n<td valign=\"top\" width=\"67\">&#8211;<\/td>\n<td valign=\"top\" width=\"91\">&#8211;<\/td>\n<td valign=\"top\" width=\"64\"><small>EH\/VG<\/small><\/td>\n<td valign=\"top\" width=\"249\"><em>kuoli tapaturmaisesti \/ died because of an accident<\/em><\/td>\n<\/tr>\n<tr>\n<td valign=\"top\" width=\"110\">Ups-A-Daisy<\/td>\n<td>&#8211;<\/td>\n<td valign=\"top\" width=\"90\">&#8211;<\/td>\n<td valign=\"top\" width=\"90\">&#8211;<\/td>\n<td valign=\"top\" width=\"67\">&#8211;<\/td>\n<td valign=\"top\" width=\"91\">&#8211;<\/td>\n<td valign=\"top\" width=\"64\"><small>&#8211;<\/small><\/td>\n<td valign=\"top\" width=\"249\">&#8211;<\/td>\n<\/tr>\n<tr>\n<td valign=\"top\" width=\"110\">Upland Rose<\/td>\n<td valign=\"top\" width=\"86\">&#8211;<\/td>\n<td valign=\"top\" width=\"90\">&#8211;<\/td>\n<td valign=\"top\" width=\"90\">&#8211;<\/td>\n<td valign=\"top\" width=\"67\">&#8211;<\/td>\n<td valign=\"top\" width=\"91\">&#8211;<\/td>\n<td valign=\"top\" width=\"64\"><small>&#8211;<\/small><\/td>\n<td valign=\"top\" width=\"249\"><em>mutkah\u00e4nt\u00e4, kihara pitk\u00e4 turkki \/ kinky tail, curly fluffy coat<\/em><\/td>\n<\/tr>\n<\/tbody>\n<\/table>\n<p><strong>SUKUTAULU &#8211; PEDIGREE<\/strong><\/p>\n<table border=\"1\" width=\"90%\" cellspacing=\"0\" cellpadding=\"4\">\n<tbody>\n<tr>\n<th><span style=\"font-family: Verdana; font-size: x-small;\">Parents<\/span><\/th>\n<th><span style=\"font-family: Verdana; font-size: x-small;\">Grandparents<\/span><\/th>\n<th><span style=\"font-family: Verdana; font-size: x-small;\">Great-Grandparents<\/span><\/th>\n<th><span style=\"font-family: Verdana; font-size: x-small;\">Great- Great-Grandparents<\/span><\/th>\n<\/tr>\n<tr>\n<td rowspan=\"8\">FIN Ch Region&#8217;s Evening JoykerEyes: OK<br \/>\nHips: C<\/td>\n<td rowspan=\"4\">INT Ch Deavitte Oakleaf<br \/>\nEyes: OK, PRA-clear<\/td>\n<td rowspan=\"2\" align=\"left\" valign=\"top\" width=\"25%\">Kerman Burning Oaks at Deavitte<\/td>\n<td align=\"left\" valign=\"top\" width=\"30%\">Ch Jogela Lawrence<\/td>\n<\/tr>\n<tr>\n<td align=\"left\" valign=\"top\" width=\"30%\">Joseter Justine<\/td>\n<\/tr>\n<tr>\n<td rowspan=\"2\" align=\"left\" valign=\"top\" width=\"25%\">Ch Deavitte Moonbeam<\/td>\n<td align=\"left\" valign=\"top\" width=\"30%\">Lees Black Heckle of Gorthleck<\/td>\n<\/tr>\n<tr>\n<td align=\"left\" valign=\"top\" width=\"30%\">Lees Bluemoon of Deavitte<\/td>\n<\/tr>\n<tr>\n<td rowspan=\"4\" align=\"left\" valign=\"top\" width=\"25%\">FIN&amp;S&amp;N Ch Yardican Ivycrown<br \/>\nEyes: OK, PRA-clear<br \/>\nHips B<\/td>\n<td rowspan=\"2\" align=\"left\" valign=\"top\" width=\"25%\">INT Ch Smultronbackens Donovan<\/td>\n<td align=\"left\" valign=\"top\" width=\"30%\">INT Ch Cardax Vivaldi Jubilee<\/td>\n<\/tr>\n<tr>\n<td align=\"left\" valign=\"top\" width=\"30%\">S Ch Smultronbackens Arabella<\/td>\n<\/tr>\n<tr>\n<td rowspan=\"2\" align=\"left\" valign=\"top\" width=\"25%\">I&#8217;m Love of Saint Hilaire&#8217;s Park<\/td>\n<td align=\"left\" valign=\"top\" width=\"30%\">Magdor Sir Echo<\/td>\n<\/tr>\n<tr>\n<td align=\"left\" valign=\"top\" width=\"30%\">Dolce Vita of Saint Hilaire&#8217;s Park<\/td>\n<\/tr>\n<tr>\n<td rowspan=\"8\" align=\"left\" valign=\"top\" width=\"20%\">Big-Wood&#8217;s Rambling Rose<br \/>\nEyes: OK<br \/>\nSpine: spina bifida, oblique loin<\/td>\n<td rowspan=\"4\" align=\"left\" valign=\"top\" width=\"25%\">FIN Ch Geestland&#8217;s Arrant Ace<br \/>\nHips: A, Eyes: OK<br \/>\nPRA-clear<\/td>\n<td rowspan=\"2\" align=\"left\" valign=\"top\" width=\"25%\">Diggiz Blackbird<\/td>\n<td align=\"left\" valign=\"top\" width=\"30%\">INT Ch Robgwen Jet Black<\/td>\n<\/tr>\n<tr>\n<td align=\"left\" valign=\"top\" width=\"30%\">S Ch Cardax Vanezza Jubilee<\/td>\n<\/tr>\n<tr>\n<td rowspan=\"2\" align=\"left\" valign=\"top\" width=\"25%\">INT Ch Mandastamm Ballyhoo<\/td>\n<td align=\"left\" valign=\"top\" width=\"30%\">First Flock vd Veulen Hof<\/td>\n<\/tr>\n<tr>\n<td align=\"left\" valign=\"top\" width=\"30%\">Tarex Big Bertha<\/td>\n<\/tr>\n<tr>\n<td rowspan=\"4\" align=\"left\" valign=\"top\" width=\"25%\">FIN Ch Big-Wood&#8217;s Jolly Jojo<br \/>\nEyes: OK<\/td>\n<td rowspan=\"2\" align=\"left\" valign=\"top\" width=\"25%\">FIN Ch Ultima Thulen Arctic Dynasty<\/td>\n<td align=\"left\" valign=\"top\" width=\"30%\">FIN&amp;S Ch Cardax Naylor<\/td>\n<\/tr>\n<tr>\n<td align=\"left\" valign=\"top\" width=\"30%\">FIN&amp;S Ch Sasalu Black Beauty<\/td>\n<\/tr>\n<tr>\n<td rowspan=\"2\" align=\"left\" valign=\"top\" width=\"25%\">FIN Ch Cesrose Noela<\/td>\n<td align=\"left\" valign=\"top\" width=\"30%\">FIN Ch Cardelin&#8217;s Dancing Dino<\/td>\n<\/tr>\n<tr>\n<td align=\"left\" valign=\"top\" width=\"30%\">FIN Ch Cesrose Gastanja<\/td>\n<\/tr>\n<\/tbody>\n<\/table>\n<\/div>\n","protected":false},"excerpt":{"rendered":"<p>synt &#8211; 22.05.1998 &#8211; d\/o\/b Urokset- boys Big-Wood&#8217;s U-Turn Big-Wood&#8217;s Ursa Minor Big-Wood&#8217;s Unabomber Big-Wood&#8217;s United Region Nartut &#8211; girls Big-Wood&#8217;s Ups-A-Daisy Big-Wood&#8217;s Upland Rose Eip\u00e4 t\u00e4m\u00e4 pentue tasaisuudellaan voi kehuskella. On pitk\u00e4karvaa, koukkuh\u00e4nt\u00e4\u00e4 ja pallipuolta, lis\u00e4ksi viel\u00e4 kahdella uroksella siitep\u00f6lyallergia. Sijoittamamme Napin luovutimme Maikin omistukseen jo ennen vuoden ik\u00e4\u00e4. Siin\u00e4 itsess\u00e4\u00e4n ei ollut mit\u00e4\u00e4n &hellip; <\/p>\n<p><a class=\"more-link btn\" href=\"https:\/\/www.jofli.net\/bigwood\/?page_id=906\">Continue reading<\/a><\/p>\n","protected":false},"author":1,"featured_media":0,"parent":166,"menu_order":0,"comment_status":"closed","ping_status":"open","template":"template-onecolumn.php","meta":{"footnotes":""},"class_list":["post-906","page","type-page","status-publish","hentry","nodate","item-wrap"],"_links":{"self":[{"href":"https:\/\/www.jofli.net\/bigwood\/index.php?rest_route=\/wp\/v2\/pages\/906","targetHints":{"allow":["GET"]}}],"collection":[{"href":"https:\/\/www.jofli.net\/bigwood\/index.php?rest_route=\/wp\/v2\/pages"}],"about":[{"href":"https:\/\/www.jofli.net\/bigwood\/index.php?rest_route=\/wp\/v2\/types\/page"}],"author":[{"embeddable":true,"href":"https:\/\/www.jofli.net\/bigwood\/index.php?rest_route=\/wp\/v2\/users\/1"}],"replies":[{"embeddable":true,"href":"https:\/\/www.jofli.net\/bigwood\/index.php?rest_route=%2Fwp%2Fv2%2Fcomments&post=906"}],"version-history":[{"count":5,"href":"https:\/\/www.jofli.net\/bigwood\/index.php?rest_route=\/wp\/v2\/pages\/906\/revisions"}],"predecessor-version":[{"id":4793,"href":"https:\/\/www.jofli.net\/bigwood\/index.php?rest_route=\/wp\/v2\/pages\/906\/revisions\/4793"}],"up":[{"embeddable":true,"href":"https:\/\/www.jofli.net\/bigwood\/index.php?rest_route=\/wp\/v2\/pages\/166"}],"wp:attachment":[{"href":"https:\/\/www.jofli.net\/bigwood\/index.php?rest_route=%2Fwp%2Fv2%2Fmedia&parent=906"}],"curies":[{"name":"wp","href":"https:\/\/api.w.org\/{rel}","templated":true}]}}