{"id":902,"date":"2011-01-19T16:20:20","date_gmt":"2011-01-19T14:20:20","guid":{"rendered":"http:\/\/www.jofli.net\/bigwood\/?page_id=902"},"modified":"2018-05-24T14:16:35","modified_gmt":"2018-05-24T12:16:35","slug":"2000-xx","status":"publish","type":"page","link":"https:\/\/www.jofli.net\/bigwood\/?page_id=902","title":{"rendered":"2000 XX"},"content":{"rendered":"<p>synt &#8211; 07.01.2000 &#8211; d\/o\/b<\/p>\n<table border=\"0\" width=\"600\" cellspacing=\"0\" cellpadding=\"0\">\n<tbody>\n<tr>\n<td valign=\"top\" width=\"50%\"><strong>Urokset- boys<\/strong><strong> &#8211; <\/strong><\/td>\n<td valign=\"top\" width=\"50%\"><strong>Nartut &#8211; girls<\/strong><strong><img decoding=\"async\" src=\"http:\/\/www.jofli.net\/bigwoods\/kuvat\/kasvattikuvat\/xiloxatincka.jpg\" alt=\"\" \/><\/strong><br \/>\nBig-Wood&#8217;s Xilo Xatincka<\/p>\n<p><img decoding=\"async\" src=\"http:\/\/www.jofli.net\/bigwoods\/kuvat\/kasvattikuvat\/xwarxuru.jpg\" alt=\"\" \/><br \/>\nBig-Wood&#8217;s X-wart Xuru<\/td>\n<\/tr>\n<\/tbody>\n<\/table>\n<p><img decoding=\"async\" src=\"http:\/\/www.jofli.net\/bigwoods\/kuvat\/finflag.jpg\" alt=\"\" \/>Molemmat X-tyt\u00f6t olivat sijoituskoiria, mutta eip\u00e4 ollut heist\u00e4 luusto-ongelmiensa vuoksi jalostuksessa jatkamaan.<\/p>\n<p><img decoding=\"async\" src=\"http:\/\/www.jofli.net\/bigwoods\/kuvat\/ukflag.jpg\" alt=\"\" \/> We placed both of these X-girls to our friends with breeding rights, but because of their back problems they were out of breeding.<\/p>\n<p><strong>INFO<\/strong><\/p>\n<p>Lo: lonkat \/ hips, Kn: kyyn\u00e4rnivelet \/ elbows, Po: polvet \/ knees, Si: silm\u00e4tarkastus \/ eye examination, Se: selk\u00e4kuva\/ spine x-rays, Nly: n\u00e4yttelytulos \/ show result<\/p>\n<table border=\"0\" width=\"90%\" cellspacing=\"0\" cellpadding=\"0\">\n<tbody>\n<tr>\n<td><strong>Nimi\/Name<\/strong><\/td>\n<td><strong>Lo<\/strong><\/td>\n<td><strong>Kn<\/strong><\/td>\n<td><strong>Po<\/strong><\/td>\n<td><strong>Si<\/strong><\/td>\n<td><strong>Se<\/strong><\/td>\n<td><strong>Nly<\/strong><\/td>\n<td><strong>Muuta \/ more info<\/strong><\/td>\n<\/tr>\n<tr>\n<td valign=\"top\">Xilo Xatincka<\/td>\n<td valign=\"top\" width=\"86\">*<\/td>\n<td valign=\"top\" width=\"90\">*<\/td>\n<td valign=\"top\" width=\"90\">&#8211;<\/td>\n<td valign=\"top\" width=\"67\">&#8211;<\/td>\n<td valign=\"top\" width=\"91\">*<\/td>\n<td valign=\"top\" width=\"64\"><small>SERT \/<br \/>\nCC<\/small><\/td>\n<td valign=\"top\" width=\"249\"><em>* Leikattu kyyn\u00e4rnivelist\u00e4 irtopala alle vuoden ik\u00e4isen\u00e4 ja selk\u00e4 4,5-vuotiaana, kuntoutui. Lonkat ja kyyn\u00e4rnivelet ep\u00e4virallisen tutkimuksen mukaan erinomaisessa kunnossa. \/ Operated elbow OCD (under 1yr) and spine (4,5yr). Hips &amp; elbows good (unofficial results).<\/em><\/td>\n<\/tr>\n<tr>\n<td valign=\"top\" width=\"110\">X-wart Xuru<\/td>\n<td valign=\"top\" width=\"86\">&#8211;<\/td>\n<td valign=\"top\" width=\"90\">&#8211;<\/td>\n<td valign=\"top\" width=\"90\">&#8211;<\/td>\n<td valign=\"top\" width=\"67\">OK<\/td>\n<td valign=\"top\" width=\"91\">*<\/td>\n<td valign=\"top\" width=\"64\"><small>ERI\/EXC<\/small><\/td>\n<td valign=\"top\" width=\"249\"><em>* Selk\u00e4ongelmia ja halvaus (&#8217;03-&#8217;04), kuntoutui ilman leikkausta \/ Spine problems and paralyzed (&#8217;03-&#8217;04), got better without operation.<br \/>\nKilpaillut agilityss\u00e4 ja tokossa, TK1 \/ competed in agility and obedience (titled TK1)<br \/>\nPRA-CLEAR (dna-tested)<\/em><\/td>\n<\/tr>\n<\/tbody>\n<\/table>\n<p><strong>SUKUTAULU &#8211; PEDIGREE<\/strong><\/p>\n<table border=\"1\" width=\"90%\" cellspacing=\"0\" cellpadding=\"4\">\n<tbody>\n<tr>\n<th><span style=\"font-family: Verdana; font-size: x-small;\">Parents<\/span><\/th>\n<th><span style=\"font-family: Verdana; font-size: x-small;\">Grandparents<\/span><\/th>\n<th><span style=\"font-family: Verdana; font-size: x-small;\">Great-Grandparents<\/span><\/th>\n<th><span style=\"font-family: Verdana; font-size: x-small;\">Great- Great-Grandparents<\/span><\/th>\n<\/tr>\n<tr>\n<td rowspan=\"8\">Zoopark&#8217;s Nils Nilsson<br \/>\nEyes: OK<br \/>\nDied at age of 15 yrs.<\/td>\n<td rowspan=\"4\">First Flock vd Veulen Hof<\/td>\n<td rowspan=\"2\" align=\"left\" valign=\"top\" width=\"25%\">Ermyn Ianto&#8217;s Comedy<\/td>\n<td align=\"left\" valign=\"top\" width=\"30%\">Lees Black Heckle of Gorthleck<\/td>\n<\/tr>\n<tr>\n<td align=\"left\" valign=\"top\" width=\"30%\">Lees Comedy<\/td>\n<\/tr>\n<tr>\n<td rowspan=\"2\" align=\"left\" valign=\"top\" width=\"25%\">Gwendolyn<\/td>\n<td align=\"left\" valign=\"top\" width=\"30%\">INT Ch Bymil Black Treacle<\/td>\n<\/tr>\n<tr>\n<td align=\"left\" valign=\"top\" width=\"30%\">Brenda<\/td>\n<\/tr>\n<tr>\n<td rowspan=\"4\" align=\"left\" valign=\"top\" width=\"25%\">Zoopark&#8217;s Romantic Raisin<\/td>\n<td rowspan=\"2\" align=\"left\" valign=\"top\" width=\"25%\">FIN&amp;S Ch Cardax Naylor<\/td>\n<td align=\"left\" valign=\"top\" width=\"30%\">Cardelin&#8217;s Bonnie Barak<\/td>\n<\/tr>\n<tr>\n<td align=\"left\" valign=\"top\" width=\"30%\">INT Ch Rogbwen Cream Cracker<\/td>\n<\/tr>\n<tr>\n<td rowspan=\"2\" align=\"left\" valign=\"top\" width=\"25%\">FIN Ch Big-Wood&#8217;s Amuse<\/td>\n<td align=\"left\" valign=\"top\" width=\"30%\">FIN Ch Sasalu Amber-Apollo<\/td>\n<\/tr>\n<tr>\n<td align=\"left\" valign=\"top\" width=\"30%\">FIN Ch Eleanora<\/td>\n<\/tr>\n<tr>\n<td rowspan=\"8\" align=\"left\" valign=\"top\" width=\"20%\">INT&amp;FIN&amp;S&amp;N Ch Big-Wood&#8217;s Qinai Quatincka, BH TK1<br \/>\nPRA-clear<br \/>\neyes: OK<br \/>\nHips: B, Elbows: 0\/0<br \/>\nknees: 1\/1<br \/>\nSpine: OK<\/td>\n<td rowspan=\"4\" align=\"left\" valign=\"top\" width=\"25%\">FIN Ch FinW94 Imago&#8217;s Zephyr<br \/>\nEyes: OK<\/td>\n<td rowspan=\"2\" align=\"left\" valign=\"top\" width=\"25%\">FIN&amp;EST Ch Imago&#8217;s Dancing Tiger<\/td>\n<td align=\"left\" valign=\"top\" width=\"30%\">FIN Ch Cardax Quentin<\/td>\n<\/tr>\n<tr>\n<td align=\"left\" valign=\"top\" width=\"30%\">Cesrose Karachi<\/td>\n<\/tr>\n<tr>\n<td rowspan=\"2\" align=\"left\" valign=\"top\" width=\"25%\">FIN Ch Kilvewood Best Bib&#8217;n Tucker<\/td>\n<td align=\"left\" valign=\"top\" width=\"30%\">Antoc Upper Crust<\/td>\n<\/tr>\n<tr>\n<td align=\"left\" valign=\"top\" width=\"30%\">Salvenik Summerrainbow at Kilvewood<\/td>\n<\/tr>\n<tr>\n<td rowspan=\"4\" align=\"left\" valign=\"top\" width=\"25%\">FIN Ch Cesrose Noela<br \/>\nEyes: OK<br \/>\nSpine: OK<\/td>\n<td rowspan=\"2\" align=\"left\" valign=\"top\" width=\"25%\">FIN Ch Cardelin&#8217;s Dancing Dino<\/td>\n<td align=\"left\" valign=\"top\" width=\"30%\">N Ch Daleviz Monitor<\/td>\n<\/tr>\n<tr>\n<td align=\"left\" valign=\"top\" width=\"30%\">INT&amp;N Ch Daleviz Vaida<\/td>\n<\/tr>\n<tr>\n<td rowspan=\"2\" align=\"left\" valign=\"top\" width=\"25%\">FIN Ch Cesrose Gastanja<\/td>\n<td align=\"left\" valign=\"top\" width=\"30%\">FIN Ch Sasalu Amber Apollo<\/td>\n<\/tr>\n<tr>\n<td align=\"left\" valign=\"top\" width=\"30%\">FIN Ch Sasalu Amy-Axan<\/td>\n<\/tr>\n<\/tbody>\n<\/table>\n","protected":false},"excerpt":{"rendered":"<p>synt &#8211; 07.01.2000 &#8211; d\/o\/b Urokset- boys &#8211; Nartut &#8211; girls Big-Wood&#8217;s Xilo Xatincka Big-Wood&#8217;s X-wart Xuru Molemmat X-tyt\u00f6t olivat sijoituskoiria, mutta eip\u00e4 ollut heist\u00e4 luusto-ongelmiensa vuoksi jalostuksessa jatkamaan. We placed both of these X-girls to our friends with breeding rights, but because of their back problems they were out of breeding. INFO Lo: lonkat &hellip; <\/p>\n<p><a class=\"more-link btn\" href=\"https:\/\/www.jofli.net\/bigwood\/?page_id=902\">Continue reading<\/a><\/p>\n","protected":false},"author":1,"featured_media":0,"parent":164,"menu_order":0,"comment_status":"closed","ping_status":"open","template":"template-onecolumn.php","meta":{"footnotes":""},"class_list":["post-902","page","type-page","status-publish","hentry","nodate","item-wrap"],"_links":{"self":[{"href":"https:\/\/www.jofli.net\/bigwood\/index.php?rest_route=\/wp\/v2\/pages\/902","targetHints":{"allow":["GET"]}}],"collection":[{"href":"https:\/\/www.jofli.net\/bigwood\/index.php?rest_route=\/wp\/v2\/pages"}],"about":[{"href":"https:\/\/www.jofli.net\/bigwood\/index.php?rest_route=\/wp\/v2\/types\/page"}],"author":[{"embeddable":true,"href":"https:\/\/www.jofli.net\/bigwood\/index.php?rest_route=\/wp\/v2\/users\/1"}],"replies":[{"embeddable":true,"href":"https:\/\/www.jofli.net\/bigwood\/index.php?rest_route=%2Fwp%2Fv2%2Fcomments&post=902"}],"version-history":[{"count":9,"href":"https:\/\/www.jofli.net\/bigwood\/index.php?rest_route=\/wp\/v2\/pages\/902\/revisions"}],"predecessor-version":[{"id":4789,"href":"https:\/\/www.jofli.net\/bigwood\/index.php?rest_route=\/wp\/v2\/pages\/902\/revisions\/4789"}],"up":[{"embeddable":true,"href":"https:\/\/www.jofli.net\/bigwood\/index.php?rest_route=\/wp\/v2\/pages\/164"}],"wp:attachment":[{"href":"https:\/\/www.jofli.net\/bigwood\/index.php?rest_route=%2Fwp%2Fv2%2Fmedia&parent=902"}],"curies":[{"name":"wp","href":"https:\/\/api.w.org\/{rel}","templated":true}]}}