{"id":892,"date":"2011-01-19T16:17:30","date_gmt":"2011-01-19T14:17:30","guid":{"rendered":"http:\/\/www.jofli.net\/bigwood\/?page_id=892"},"modified":"2018-05-24T14:14:30","modified_gmt":"2018-05-24T12:14:30","slug":"2002-kidi-d","status":"publish","type":"page","link":"https:\/\/www.jofli.net\/bigwood\/?page_id=892","title":{"rendered":"2002 Kiwi D"},"content":{"rendered":"<p>synt &#8211; 15.07.2002 &#8211; d\/o\/b<\/p>\n<table border=\"0\" width=\"600\" cellspacing=\"0\" cellpadding=\"0\">\n<tbody>\n<tr>\n<td valign=\"top\" width=\"50%\"><strong>Urokset- boys<\/strong><strong><img decoding=\"async\" src=\"http:\/\/www.jofli.net\/bigwoods\/kuvat\/kasvattikuvat\/kiwidj3.jpg\" alt=\"\" \/><\/strong><br \/>\nBig-Wood&#8217;s Kiwi Dj<\/p>\n<p><img decoding=\"async\" src=\"http:\/\/www.jofli.net\/bigwoods\/kuvat\/kasvattikuvat\/kiwidante.jpg\" alt=\"\" \/><br \/>\nBig-Wood&#8217;s Kidi Dante<\/p>\n<p><img decoding=\"async\" src=\"http:\/\/www.jofli.net\/bigwoods\/kuvat\/kasvattikuvat\/kiwidarwin.jpg\" alt=\"\" \/><br \/>\nBig-Wood&#8217;s Kiwi Darwin<\/td>\n<td valign=\"top\" width=\"50%\"><strong>Nartut &#8211; girls<\/strong><strong><img decoding=\"async\" src=\"http:\/\/www.jofli.net\/bigwoods\/kuvat\/kasvattikuvat\/kiwidundra2.jpg\" alt=\"\" \/><\/strong><br \/>\nBig-Wood&#8217;s Kiwi Dundra<\/p>\n<p><img decoding=\"async\" src=\"http:\/\/www.jofli.net\/bigwoods\/kuvat\/kasvattikuvat\/kiwidurra.jpg\" alt=\"\" \/><br \/>\nBig-Wood&#8217;s Kiwi Durra<\/p>\n<p><img decoding=\"async\" src=\"http:\/\/www.jofli.net\/bigwoods\/kuvat\/kasvattikuvat\/kiwiduvva.jpg\" alt=\"\" \/><br \/>\nBig-Wood&#8217;s Kiwi Duv&#8217;va<\/td>\n<\/tr>\n<\/tbody>\n<\/table>\n<p><img decoding=\"async\" src=\"http:\/\/www.jofli.net\/bigwoods\/kuvat\/finflag.jpg\" alt=\"\" \/>T\u00e4m\u00e4n pentueen silmiss\u00e4 on kaihimaisia muutoksia myki\u00f6iden sis\u00e4osissa (nukleaarinen kaihi). Ei ole varmuutta ovatko ne perinn\u00f6llist\u00e4 harmaakaihia, vai seurausta em\u00e4n viimeisin\u00e4 raskausviikkoina sairastamasta tulehduksesta. Pentueen jalostukseen k\u00e4ytettyjen koirien j\u00e4lkel\u00e4isist\u00e4 ei ole l\u00f6ytynyt vastaavia muutoksia. Seuraamme tilannetta.<\/p>\n<p><img decoding=\"async\" src=\"http:\/\/www.jofli.net\/bigwoods\/kuvat\/ukflag.jpg\" alt=\"\" \/>We don&#8217;t know are the cataract changes of this litter hereditary or caused by infection of the dam because the diagnoses varies and &#8220;clouds&#8221; are inside of the lens (nuclear cataract). Dj and Durra have progeny, but withoyt\u00a0cataract. We&#8217;ll follow the case.<\/p>\n<p><strong>INFO<\/strong><\/p>\n<p>Lo: lonkat \/ hips, Kn: kyyn\u00e4rnivelet \/ elbows, Po: polvet \/ knees, Si: silm\u00e4tarkastus \/ eye examination, Se: selk\u00e4kuva\/ spine x-rays, Nly: n\u00e4yttelytulos \/ show result<\/p>\n<table border=\"0\" width=\"90%\" cellspacing=\"0\" cellpadding=\"0\">\n<tbody>\n<tr>\n<td><strong>Nimi\/Name<\/strong><\/td>\n<td><strong>Lo<\/strong><\/td>\n<td><strong>Kn<\/strong><\/td>\n<td><strong>Po<\/strong><\/td>\n<td><strong>Si<\/strong><\/td>\n<td><strong>Se<\/strong><\/td>\n<td><strong>Nly<\/strong><\/td>\n<td><strong>Muuta \/ more info<\/strong><\/td>\n<\/tr>\n<tr>\n<td valign=\"top\">Kiwi Dj<\/td>\n<td valign=\"top\" width=\"86\">D\/D<br \/>\nat age of 10,5 years<\/td>\n<td valign=\"top\" width=\"90\">1\/1<br \/>\nat age of 10,5 years<\/td>\n<td valign=\"top\" width=\"90\">&#8211;<\/td>\n<td valign=\"top\" width=\"67\">OK<br \/>\n(2012)<\/td>\n<td valign=\"top\" width=\"91\">x-rayed<\/td>\n<td valign=\"top\" width=\"64\"><small>FI&amp;SE&amp;NO MVA \u00a0\/ FI&amp;SE&amp;NO Ch<\/small><\/td>\n<td valign=\"top\" width=\"249\"><em>V\u00e4lilevyongelmia (elokuu 2009) \/ Back problems (August 2009)<\/em><\/td>\n<\/tr>\n<tr>\n<td valign=\"top\" width=\"110\">Kiwi Dante<\/td>\n<td valign=\"top\" width=\"86\">E\/E<\/td>\n<td valign=\"top\" width=\"90\">&#8211;<\/td>\n<td valign=\"top\" width=\"90\">&#8211;<\/td>\n<td valign=\"top\" width=\"67\">&#8211;<\/td>\n<td valign=\"top\" width=\"91\">&#8211;<\/td>\n<td valign=\"top\" width=\"64\"><small>EH \/ VG<\/small><\/td>\n<td valign=\"top\" width=\"249\"><em>&#8220;ei perinn\u00f6llist\u00e4 harmaakaihia, tulkinnanvarainen, siki\u00f6aikaisia sumentumia&#8221; \/ &#8220;Not hereditary cataract, embyonic clouds in the lens Nuclear cataract?&#8221;<\/em><\/td>\n<\/tr>\n<tr>\n<td valign=\"top\" width=\"110\">Kiwi Darwin<\/td>\n<td valign=\"top\" width=\"86\">&#8211;<\/td>\n<td valign=\"top\" width=\"90\">&#8211;<\/td>\n<td valign=\"top\" width=\"90\">&#8211;<\/td>\n<td valign=\"top\" width=\"67\"><small>HC \/ OK*<\/small><\/td>\n<td valign=\"top\" width=\"91\">&#8211;<\/td>\n<td valign=\"top\" width=\"64\"><small>H \/ G<\/small><\/td>\n<td valign=\"top\" width=\"249\"><em>Ensimm\u00e4inen silm\u00e4tarkastus &#8220;myki\u00f6n muiden osien kaihi, huomattava&#8221;, toinen tarkastus &#8220;ei perinn\u00f6llist\u00e4 harmaakaihia, tulkinnanvarainen, siki\u00f6aikaisia sumentumia&#8221; \/ 1st eye examination: &#8220;cataracta in the other parts of the lens. Nuclear cataract?&#8221;, 2nd examination &#8220;Not hereditary cataract, embyonic clouds in the lens&#8221;<\/em><\/td>\n<\/tr>\n<tr>\n<td valign=\"top\" width=\"110\">Kiwi Dundra<\/td>\n<td valign=\"top\" width=\"86\">D\/D<\/td>\n<td valign=\"top\" width=\"90\">OK<\/td>\n<td valign=\"top\" width=\"90\">OK<\/td>\n<td valign=\"top\" width=\"67\">&#8211;<\/td>\n<td valign=\"top\" width=\"91\">OK<\/td>\n<td valign=\"top\" width=\"64\"><small>FI MVA \/ FI Ch<\/small><\/td>\n<td valign=\"top\" width=\"249\"><em>Sijoituskoira, joka j\u00e4tettiin k\u00e4ytt\u00e4m\u00e4tt\u00e4.\u00a0\u00a0R\u00f6ntgenkuvat olivat odotettua paremmat\u00a0(ei nivelrikkoa), mutta rankemman liikunnan j\u00e4lkeen oireillut toisinaan j\u00e4ykkyyten\u00e4. Selvi\u00e4\u00e4 kuitenkin normaaliel\u00e4m\u00e4st\u00e4 mainiosti. \/ Co-owned bitch, but out of breeding because of her loose hips. Has sometimes stiffness after lot of running but normal life is painless.<\/em><\/td>\n<\/tr>\n<tr>\n<td valign=\"top\" width=\"110\">Kiwi Durra<\/td>\n<td valign=\"top\">D\/D<\/td>\n<td valign=\"top\" width=\"90\">&#8211;<\/td>\n<td valign=\"top\" width=\"90\">&#8211;<\/td>\n<td valign=\"top\" width=\"67\"><small>OK \/ HC*<\/small><\/td>\n<td valign=\"top\" width=\"91\">&#8211;<\/td>\n<td valign=\"top\" width=\"64\">SERT\/CC<\/td>\n<td valign=\"top\" width=\"249\"><em>Ensimm\u00e4inen silm\u00e4tarkastus OK, tosin todettiin siki\u00f6aikainen samentuma myki\u00f6n muissa osissa, toisessa silm\u00e4tarkastuksessa n\u00e4m\u00e4 luokiteltiin tarkentuneen systeemin johdosta &#8220;HC, myki\u00f6n muiden osien kaihi&#8221; \/ 1st examination was clear, but the vet found embryonic clouds in the lens. In the 2nd time the new examination system caused new diagnose &#8220;cataracta in the other parts of the lens Nuclear cataract.&#8221;<br \/>\nNivelrikkoa todettu 2009 \/ Arthrosis 2009<br \/>\n15.7.2002 &#8211; 9.3.2010<\/em><\/td>\n<\/tr>\n<tr>\n<td valign=\"top\" width=\"110\">Kiwi Duv&#8217;va<\/td>\n<td valign=\"top\" width=\"86\">&#8211;<\/td>\n<td valign=\"top\" width=\"90\">&#8211;<\/td>\n<td valign=\"top\" width=\"90\">&#8211;<\/td>\n<td valign=\"top\" width=\"67\">&#8211;<\/td>\n<td valign=\"top\" width=\"91\">&#8211;<\/td>\n<td valign=\"top\" width=\"64\"><small>ERI \/ EXC<\/small><\/td>\n<td valign=\"top\" width=\"249\">&#8211;<\/td>\n<\/tr>\n<\/tbody>\n<\/table>\n<p><strong>SUKUTAULU &#8211; PEDIGREE<\/strong><\/p>\n<table border=\"1\" width=\"90%\" cellspacing=\"0\" cellpadding=\"4\">\n<tbody>\n<tr>\n<th><span style=\"font-family: Verdana; font-size: x-small;\">Parents<\/span><\/th>\n<th><span style=\"font-family: Verdana; font-size: x-small;\">Grandparents<\/span><\/th>\n<th><span style=\"font-family: Verdana; font-size: x-small;\">Great-Grandparents<\/span><\/th>\n<th><span style=\"font-family: Verdana; font-size: x-small;\">Great- Great-Grandparents<\/span><\/th>\n<\/tr>\n<tr>\n<td rowspan=\"8\">Big-Wood&#8217;s Kiwi ArcticPRA-clear<br \/>\nEyes: OK<br \/>\nKnees: OK<\/td>\n<td rowspan=\"4\">INT&amp;NZL&amp;AM&amp;FIN&amp;S&amp;N Ch Badagri Kiwi FanfarePRA-clear<br \/>\nEyes: OK<br \/>\nHips: OFA-good<\/td>\n<td rowspan=\"2\" align=\"left\" valign=\"top\" width=\"25%\">Cambrian Big Bickies<\/td>\n<td align=\"left\" valign=\"top\" width=\"30%\">AM Ch Kennebec Ice Anchor<\/td>\n<\/tr>\n<tr>\n<td align=\"left\" valign=\"top\" width=\"30%\">NZL Ch Cambrian Violetta<\/td>\n<\/tr>\n<tr>\n<td rowspan=\"2\" align=\"left\" valign=\"top\" width=\"25%\">NZL&amp;AM Ch Badagri Spring Daisy<\/td>\n<td align=\"left\" valign=\"top\" width=\"30%\">NZL Ch Cambrian Zebadee<\/td>\n<\/tr>\n<tr>\n<td align=\"left\" valign=\"top\" width=\"30%\">Copperleaf Crystal<\/td>\n<\/tr>\n<tr>\n<td rowspan=\"4\" align=\"left\" valign=\"top\" width=\"25%\">INT&amp;FIN&amp;S&amp;N Ch Big-Wood&#8217;s Qinai Quatincka, BH TK1<br \/>\nPRA-clear, Eyes: OK<br \/>\nHips: B, Elbows 0\/0,<br \/>\nKnees: 0\/1, Spine: healthy<\/td>\n<td rowspan=\"2\" align=\"left\" valign=\"top\" width=\"25%\">FIN Ch FinW94 Imago&#8217;s Zephyr<\/td>\n<td align=\"left\" valign=\"top\" width=\"30%\">FIN&amp;EST Ch Imago&#8217;s Dancing Tiger<\/td>\n<\/tr>\n<tr>\n<td align=\"left\" valign=\"top\" width=\"30%\">FIN Ch Kilvewood Best Bib&#8217;n Tucker<\/td>\n<\/tr>\n<tr>\n<td rowspan=\"2\" align=\"left\" valign=\"top\" width=\"25%\">FIN Ch Cesrose Noela<\/td>\n<td align=\"left\" valign=\"top\" width=\"30%\">FIN Ch Cardelin&#8217;s Dancing Dino<\/td>\n<\/tr>\n<tr>\n<td align=\"left\" valign=\"top\" width=\"30%\">FIN Ch Cesrose Gastanja<\/td>\n<\/tr>\n<tr>\n<td rowspan=\"8\" align=\"left\" valign=\"top\" width=\"20%\">FIN Ch Big-Wood&#8217;s Whippersnapper<br \/>\nPRA-clear<br \/>\nEyes: OK<\/td>\n<td rowspan=\"4\" align=\"left\" valign=\"top\" width=\"25%\">FIN&amp;S&amp;N Ch Big-Wood&#8217;s Queshi Quardian<br \/>\nEyes: OK, Elbows 0\/0,<br \/>\nHips B<\/td>\n<td rowspan=\"2\" align=\"left\" valign=\"top\" width=\"25%\">FIN Ch FinW94 Imago&#8217;s Zephyr<\/td>\n<td align=\"left\" valign=\"top\" width=\"30%\">FIN&amp;EST Ch Imago&#8217;s Dancing Tiger<\/td>\n<\/tr>\n<tr>\n<td align=\"left\" valign=\"top\" width=\"30%\">FIN Ch Kilvewood Best Bib&#8217;n Tucker<\/td>\n<\/tr>\n<tr>\n<td rowspan=\"2\" align=\"left\" valign=\"top\" width=\"25%\">FIN Ch Cesrose Noela<\/td>\n<td align=\"left\" valign=\"top\" width=\"30%\">FIN Ch Cardelin&#8217;s Dancing Dino<\/td>\n<\/tr>\n<tr>\n<td align=\"left\" valign=\"top\" width=\"30%\">FIN Ch Cesrose Gastanja<\/td>\n<\/tr>\n<tr>\n<td rowspan=\"4\" align=\"left\" valign=\"top\" width=\"25%\">Gucci&#8217;s Cash Only<br \/>\nPRA-clear, Eyes: OK<\/td>\n<td rowspan=\"2\" align=\"left\" valign=\"top\" width=\"25%\">FIN Ch Geestland&#8217;s Arrant Ace<\/td>\n<td align=\"left\" valign=\"top\" width=\"30%\">Diggiz Blackbird<\/td>\n<\/tr>\n<tr>\n<td align=\"left\" valign=\"top\" width=\"30%\">INT Ch Mandastamm Ballyhoo<\/td>\n<\/tr>\n<tr>\n<td rowspan=\"2\" align=\"left\" valign=\"top\" width=\"25%\">Mackinlay&#8217;s Lady In Fashion<\/td>\n<td align=\"left\" valign=\"top\" width=\"30%\">FIN Ch Mackinlay&#8217;s Rheinallt<\/td>\n<\/tr>\n<tr>\n<td align=\"left\" valign=\"top\" width=\"30%\">FIN Ch Salvenik Sea Mermaid<\/td>\n<\/tr>\n<\/tbody>\n<\/table>\n","protected":false},"excerpt":{"rendered":"<p>synt &#8211; 15.07.2002 &#8211; d\/o\/b Urokset- boys Big-Wood&#8217;s Kiwi Dj Big-Wood&#8217;s Kidi Dante Big-Wood&#8217;s Kiwi Darwin Nartut &#8211; girls Big-Wood&#8217;s Kiwi Dundra Big-Wood&#8217;s Kiwi Durra Big-Wood&#8217;s Kiwi Duv&#8217;va T\u00e4m\u00e4n pentueen silmiss\u00e4 on kaihimaisia muutoksia myki\u00f6iden sis\u00e4osissa (nukleaarinen kaihi). Ei ole varmuutta ovatko ne perinn\u00f6llist\u00e4 harmaakaihia, vai seurausta em\u00e4n viimeisin\u00e4 raskausviikkoina sairastamasta tulehduksesta. Pentueen jalostukseen k\u00e4ytettyjen &hellip; <\/p>\n<p><a class=\"more-link btn\" href=\"https:\/\/www.jofli.net\/bigwood\/?page_id=892\">Continue reading<\/a><\/p>\n","protected":false},"author":1,"featured_media":0,"parent":164,"menu_order":0,"comment_status":"closed","ping_status":"open","template":"template-onecolumn.php","meta":{"footnotes":""},"class_list":["post-892","page","type-page","status-publish","hentry","nodate","item-wrap"],"_links":{"self":[{"href":"https:\/\/www.jofli.net\/bigwood\/index.php?rest_route=\/wp\/v2\/pages\/892","targetHints":{"allow":["GET"]}}],"collection":[{"href":"https:\/\/www.jofli.net\/bigwood\/index.php?rest_route=\/wp\/v2\/pages"}],"about":[{"href":"https:\/\/www.jofli.net\/bigwood\/index.php?rest_route=\/wp\/v2\/types\/page"}],"author":[{"embeddable":true,"href":"https:\/\/www.jofli.net\/bigwood\/index.php?rest_route=\/wp\/v2\/users\/1"}],"replies":[{"embeddable":true,"href":"https:\/\/www.jofli.net\/bigwood\/index.php?rest_route=%2Fwp%2Fv2%2Fcomments&post=892"}],"version-history":[{"count":11,"href":"https:\/\/www.jofli.net\/bigwood\/index.php?rest_route=\/wp\/v2\/pages\/892\/revisions"}],"predecessor-version":[{"id":4780,"href":"https:\/\/www.jofli.net\/bigwood\/index.php?rest_route=\/wp\/v2\/pages\/892\/revisions\/4780"}],"up":[{"embeddable":true,"href":"https:\/\/www.jofli.net\/bigwood\/index.php?rest_route=\/wp\/v2\/pages\/164"}],"wp:attachment":[{"href":"https:\/\/www.jofli.net\/bigwood\/index.php?rest_route=%2Fwp%2Fv2%2Fmedia&parent=892"}],"curies":[{"name":"wp","href":"https:\/\/api.w.org\/{rel}","templated":true}]}}