{"id":8,"date":"2011-01-17T17:19:39","date_gmt":"2011-01-17T15:19:39","guid":{"rendered":"http:\/\/www.jofli.net\/bigwood\/?page_id=8"},"modified":"2011-01-17T22:35:25","modified_gmt":"2011-01-17T20:35:25","slug":"bred-by-us-kasvatit","status":"publish","type":"page","link":"https:\/\/www.jofli.net\/bigwood\/?page_id=8","title":{"rendered":"BRED BY US \/ KASVATIT"},"content":{"rendered":"<p><img decoding=\"async\" class=\"alignnone\" src=\"http:\/\/jofli.kuvat.fi\/kuvat\/Posetusta\/New%20Swedish%20Champions\/sweIMG_5263.jpg\/full\" alt=\"\" width=\"500\" \/><\/p>\n<p><a href=\"http:\/\/www.jofli.net\/bigwood\/wp-content\/uploads\/2011\/01\/ukflag.jpg\"><img loading=\"lazy\" decoding=\"async\" class=\"alignleft size-full wp-image-232\" title=\"ukflag\" src=\"http:\/\/www.jofli.net\/bigwood\/wp-content\/uploads\/2011\/01\/ukflag.jpg\" alt=\"\" width=\"20\" height=\"10\" \/><\/a>Big-Wood&#8217;s Cardigan Welsh Corgis at Finnish Kennelclub&#8217;s DogNet-database<\/p>\n<p><a href=\"http:\/\/jalostus.kennelliitto.fi\/frmKasvattaja.aspx?K=BIG-WOOD'S&amp;R=38\">http:\/\/jalostus.kennelliitto.fi\/frmKasvattaja.aspx?K=BIG-WOOD&#8217;S&amp;R=38<\/a><\/p>\n<p><a href=\"http:\/\/www.jofli.net\/bigwood\/wp-content\/uploads\/2011\/01\/finflag.jpg\"><img loading=\"lazy\" decoding=\"async\" class=\"alignleft size-full wp-image-231\" title=\"finflag\" src=\"http:\/\/www.jofli.net\/bigwood\/wp-content\/uploads\/2011\/01\/finflag.jpg\" alt=\"\" width=\"20\" height=\"10\" \/><\/a>Big-Wood&#8217;s cardigan welsh corgit Suomen Kennelliiton KoiraNet-tietoj\u00e4rjestelm\u00e4ss\u00e4<\/p>\n","protected":false},"excerpt":{"rendered":"<p>Big-Wood&#8217;s Cardigan Welsh Corgis at Finnish Kennelclub&#8217;s DogNet-database http:\/\/jalostus.kennelliitto.fi\/frmKasvattaja.aspx?K=BIG-WOOD&#8217;S&amp;R=38 Big-Wood&#8217;s cardigan welsh corgit Suomen Kennelliiton KoiraNet-tietoj\u00e4rjestelm\u00e4ss\u00e4<\/p>\n","protected":false},"author":1,"featured_media":0,"parent":0,"menu_order":4,"comment_status":"closed","ping_status":"closed","template":"","meta":{"footnotes":""},"class_list":["post-8","page","type-page","status-publish","hentry","nodate","item-wrap"],"_links":{"self":[{"href":"https:\/\/www.jofli.net\/bigwood\/index.php?rest_route=\/wp\/v2\/pages\/8","targetHints":{"allow":["GET"]}}],"collection":[{"href":"https:\/\/www.jofli.net\/bigwood\/index.php?rest_route=\/wp\/v2\/pages"}],"about":[{"href":"https:\/\/www.jofli.net\/bigwood\/index.php?rest_route=\/wp\/v2\/types\/page"}],"author":[{"embeddable":true,"href":"https:\/\/www.jofli.net\/bigwood\/index.php?rest_route=\/wp\/v2\/users\/1"}],"replies":[{"embeddable":true,"href":"https:\/\/www.jofli.net\/bigwood\/index.php?rest_route=%2Fwp%2Fv2%2Fcomments&post=8"}],"version-history":[{"count":7,"href":"https:\/\/www.jofli.net\/bigwood\/index.php?rest_route=\/wp\/v2\/pages\/8\/revisions"}],"predecessor-version":[{"id":300,"href":"https:\/\/www.jofli.net\/bigwood\/index.php?rest_route=\/wp\/v2\/pages\/8\/revisions\/300"}],"wp:attachment":[{"href":"https:\/\/www.jofli.net\/bigwood\/index.php?rest_route=%2Fwp%2Fv2%2Fmedia&parent=8"}],"curies":[{"name":"wp","href":"https:\/\/api.w.org\/{rel}","templated":true}]}}