{"id":5721,"date":"2022-06-22T13:22:07","date_gmt":"2022-06-22T11:22:07","guid":{"rendered":"http:\/\/www.jofli.net\/bigwood\/?page_id=5721"},"modified":"2026-01-30T08:14:11","modified_gmt":"2026-01-30T06:14:11","slug":"tiplu","status":"publish","type":"page","link":"https:\/\/www.jofli.net\/bigwood\/?page_id=5721","title":{"rendered":"Tiplu"},"content":{"rendered":"\n<p><strong>BIG-WOOD\u2019S&nbsp;TINK-A-TINK-A-TOO<\/strong><\/p>\n\n\n\n<figure class=\"wp-block-image size-large\"><a href=\"http:\/\/www.jofli.net\/bigwood\/wp-content\/uploads\/2024\/07\/449771333_10161858561267360_2878683117949299407_n.jpg\"><img loading=\"lazy\" decoding=\"async\" width=\"1024\" height=\"683\" src=\"http:\/\/www.jofli.net\/bigwood\/wp-content\/uploads\/2024\/07\/449771333_10161858561267360_2878683117949299407_n-1024x683.jpg\" alt=\"\" class=\"wp-image-5879\" srcset=\"https:\/\/www.jofli.net\/bigwood\/wp-content\/uploads\/2024\/07\/449771333_10161858561267360_2878683117949299407_n-1024x683.jpg 1024w, https:\/\/www.jofli.net\/bigwood\/wp-content\/uploads\/2024\/07\/449771333_10161858561267360_2878683117949299407_n-300x200.jpg 300w, https:\/\/www.jofli.net\/bigwood\/wp-content\/uploads\/2024\/07\/449771333_10161858561267360_2878683117949299407_n-768x512.jpg 768w, https:\/\/www.jofli.net\/bigwood\/wp-content\/uploads\/2024\/07\/449771333_10161858561267360_2878683117949299407_n-1536x1024.jpg 1536w, https:\/\/www.jofli.net\/bigwood\/wp-content\/uploads\/2024\/07\/449771333_10161858561267360_2878683117949299407_n-488x325.jpg 488w, https:\/\/www.jofli.net\/bigwood\/wp-content\/uploads\/2024\/07\/449771333_10161858561267360_2878683117949299407_n-750x500.jpg 750w, https:\/\/www.jofli.net\/bigwood\/wp-content\/uploads\/2024\/07\/449771333_10161858561267360_2878683117949299407_n.jpg 2048w\" sizes=\"auto, (max-width: 1024px) 100vw, 1024px\" \/><\/a><\/figure>\n\n\n\n<p><strong>Synt \u2013 d\/o\/b<\/strong>&nbsp;8.4.2022<br><strong>Is\u00e4 \u2013 Sire<\/strong>&nbsp;Big-Wood&#8217;s Hoity Toity<br><strong>Em\u00e4 \u2013 Dam<\/strong>&nbsp;Big-Wood\u2019s&nbsp;Kipin\u00e4n Hetki<br><strong>Kasvattaja \/ breeders:<\/strong>&nbsp;Johanna Flinck, Pattijoki, Finland<\/p>\n\n\n\n<p><strong>Omistaja \/ owners:<\/strong>&nbsp;Johanna Flinck, Pattijoki, Finland<\/p>\n\n\n\n<p><strong>Terveys \/ health<\/strong><\/p>\n\n\n\n<ul class=\"wp-block-list\"><li>Lonkat\/Hips: D\/D<\/li><li>INC: 0\/2<\/li><li>Selk\u00e4\/Spine: IDD2, VA0, SP0, LTV1<\/li><li>Silm\u00e4t\/Eyes: Clear (ECVO 2\/2024)<\/li><li>WisdomPanel 2023: CDDY\/CDDY, CDPA\/N, PRA N\/N, DM N\/N, vWD N\/N, Lafora N\/N<\/li><\/ul>\n\n\n\n<p><strong>Saavutuksia \/ merits<\/strong><\/p>\n\n\n\n<ul class=\"wp-block-list\"><li>Suomen Muotovalio \/ Finnish Champion<\/li><li>Suomen Juniorimuotovalio \/ Finnish Junior <\/li><li>4. paras narttu Corgien erikoisn\u00e4yttelyss\u00e4 2024 \/ #4 Best Bitch at Corgi specialty 2024<\/li><li>2. voitokkain cardigan narttu Suomessa 2023 \/ #2 Top Cardigan Bitch in Finland 2023<\/li><\/ul>\n\n\n\n<figure class=\"wp-block-image\"><a href=\"http:\/\/www.jofli.net\/bigwood\/?page_id=279\"><img decoding=\"async\" src=\"http:\/\/www.jofli.net\/bigwoods\/kuvat\/database.jpg\" alt=\"db\"\/><\/a><\/figure>\n\n\n\n<p>TIPLU&nbsp;<a href=\"https:\/\/jalostus.kennelliitto.fi\/frmKoira.aspx?RekNo=FI31760%2F22&amp;R=38\" target=\"_blank\" rel=\"noreferrer noopener\">KoiraNet&nbsp;<\/a>-tietokannassa<br>TIPLU&nbsp;in Finnish Kennelclub\u2019s&nbsp;<a href=\"https:\/\/jalostus.kennelliitto.fi\/frmKoira.aspx?RekNo=FI31760%2F22&amp;R=38\" target=\"_blank\" rel=\"noreferrer noopener\">DogNet<\/a>&nbsp;database<\/p>\n\n\n\n<p><strong>INFO<\/strong><\/p>\n\n\n\n<figure class=\"wp-block-table\"><table><tbody><tr><td>Tiplu on vauhdikas, rohkea ja &#8220;nen\u00e4hommista&#8221; kiinnostunut nuori narttu. Kauneudestaan ja luonneominaisuuksistaan huolimatta sit\u00e4 ei tulla k\u00e4ytt\u00e4m\u00e4\u00e4n jalostukseen.<\/td><td>Tiplu will be our active pet and occassionally a show dog. We won&#8217;t use her for breeding.<\/td><\/tr><\/tbody><\/table><\/figure>\n\n\n\n<p><strong>KUVIA \/ PHOTOS<\/strong><\/p>\n\n\n\n<figure class=\"wp-block-image size-large\"><a href=\"http:\/\/www.jofli.net\/bigwood\/wp-content\/uploads\/2022\/12\/314612229_10160611080837360_7439952044732664711_n.jpg\"><img loading=\"lazy\" decoding=\"async\" width=\"1024\" height=\"682\" src=\"http:\/\/www.jofli.net\/bigwood\/wp-content\/uploads\/2022\/12\/314612229_10160611080837360_7439952044732664711_n-1024x682.jpg\" alt=\"\" class=\"wp-image-5798\" srcset=\"https:\/\/www.jofli.net\/bigwood\/wp-content\/uploads\/2022\/12\/314612229_10160611080837360_7439952044732664711_n-1024x682.jpg 1024w, https:\/\/www.jofli.net\/bigwood\/wp-content\/uploads\/2022\/12\/314612229_10160611080837360_7439952044732664711_n-300x200.jpg 300w, https:\/\/www.jofli.net\/bigwood\/wp-content\/uploads\/2022\/12\/314612229_10160611080837360_7439952044732664711_n-768x512.jpg 768w, https:\/\/www.jofli.net\/bigwood\/wp-content\/uploads\/2022\/12\/314612229_10160611080837360_7439952044732664711_n-1536x1023.jpg 1536w, https:\/\/www.jofli.net\/bigwood\/wp-content\/uploads\/2022\/12\/314612229_10160611080837360_7439952044732664711_n-488x325.jpg 488w, https:\/\/www.jofli.net\/bigwood\/wp-content\/uploads\/2022\/12\/314612229_10160611080837360_7439952044732664711_n-750x500.jpg 750w, https:\/\/www.jofli.net\/bigwood\/wp-content\/uploads\/2022\/12\/314612229_10160611080837360_7439952044732664711_n.jpg 2048w\" sizes=\"auto, (max-width: 1024px) 100vw, 1024px\" \/><\/a><\/figure>\n\n\n\n<figure class=\"wp-block-image size-large is-resized\"><a href=\"http:\/\/www.jofli.net\/bigwood\/wp-content\/uploads\/2022\/06\/Tiplu.jpg\"><img loading=\"lazy\" decoding=\"async\" src=\"http:\/\/www.jofli.net\/bigwood\/wp-content\/uploads\/2022\/06\/Tiplu-1024x683.jpg\" alt=\"\" class=\"wp-image-5722\" width=\"768\" height=\"512\" srcset=\"https:\/\/www.jofli.net\/bigwood\/wp-content\/uploads\/2022\/06\/Tiplu-1024x683.jpg 1024w, https:\/\/www.jofli.net\/bigwood\/wp-content\/uploads\/2022\/06\/Tiplu-300x200.jpg 300w, https:\/\/www.jofli.net\/bigwood\/wp-content\/uploads\/2022\/06\/Tiplu-768x512.jpg 768w, https:\/\/www.jofli.net\/bigwood\/wp-content\/uploads\/2022\/06\/Tiplu-1536x1024.jpg 1536w, https:\/\/www.jofli.net\/bigwood\/wp-content\/uploads\/2022\/06\/Tiplu-488x325.jpg 488w, https:\/\/www.jofli.net\/bigwood\/wp-content\/uploads\/2022\/06\/Tiplu-750x500.jpg 750w, https:\/\/www.jofli.net\/bigwood\/wp-content\/uploads\/2022\/06\/Tiplu.jpg 2048w\" sizes=\"auto, (max-width: 768px) 100vw, 768px\" \/><\/a><\/figure>\n","protected":false},"excerpt":{"rendered":"<p>BIG-WOOD\u2019S&nbsp;TINK-A-TINK-A-TOO Synt \u2013 d\/o\/b&nbsp;8.4.2022Is\u00e4 \u2013 Sire&nbsp;Big-Wood&#8217;s Hoity ToityEm\u00e4 \u2013 Dam&nbsp;Big-Wood\u2019s&nbsp;Kipin\u00e4n HetkiKasvattaja \/ breeders:&nbsp;Johanna Flinck, Pattijoki, Finland Omistaja \/ owners:&nbsp;Johanna Flinck, Pattijoki, Finland Terveys \/ health Lonkat\/Hips: D\/D INC: 0\/2 Selk\u00e4\/Spine: IDD2, VA0, SP0, LTV1 Silm\u00e4t\/Eyes: Clear (ECVO 2\/2024) WisdomPanel 2023: CDDY\/CDDY, CDPA\/N, PRA N\/N, DM N\/N, vWD N\/N, Lafora N\/N Saavutuksia \/ merits Suomen Muotovalio &hellip; <\/p>\n<p><a class=\"more-link btn\" href=\"https:\/\/www.jofli.net\/bigwood\/?page_id=5721\">Continue reading<\/a><\/p>\n","protected":false},"author":1,"featured_media":0,"parent":2656,"menu_order":3,"comment_status":"closed","ping_status":"closed","template":"","meta":{"footnotes":""},"class_list":["post-5721","page","type-page","status-publish","hentry","nodate","item-wrap"],"_links":{"self":[{"href":"https:\/\/www.jofli.net\/bigwood\/index.php?rest_route=\/wp\/v2\/pages\/5721","targetHints":{"allow":["GET"]}}],"collection":[{"href":"https:\/\/www.jofli.net\/bigwood\/index.php?rest_route=\/wp\/v2\/pages"}],"about":[{"href":"https:\/\/www.jofli.net\/bigwood\/index.php?rest_route=\/wp\/v2\/types\/page"}],"author":[{"embeddable":true,"href":"https:\/\/www.jofli.net\/bigwood\/index.php?rest_route=\/wp\/v2\/users\/1"}],"replies":[{"embeddable":true,"href":"https:\/\/www.jofli.net\/bigwood\/index.php?rest_route=%2Fwp%2Fv2%2Fcomments&post=5721"}],"version-history":[{"count":9,"href":"https:\/\/www.jofli.net\/bigwood\/index.php?rest_route=\/wp\/v2\/pages\/5721\/revisions"}],"predecessor-version":[{"id":5914,"href":"https:\/\/www.jofli.net\/bigwood\/index.php?rest_route=\/wp\/v2\/pages\/5721\/revisions\/5914"}],"up":[{"embeddable":true,"href":"https:\/\/www.jofli.net\/bigwood\/index.php?rest_route=\/wp\/v2\/pages\/2656"}],"wp:attachment":[{"href":"https:\/\/www.jofli.net\/bigwood\/index.php?rest_route=%2Fwp%2Fv2%2Fmedia&parent=5721"}],"curies":[{"name":"wp","href":"https:\/\/api.w.org\/{rel}","templated":true}]}}