{"id":5680,"date":"2022-05-17T13:37:49","date_gmt":"2022-05-17T11:37:49","guid":{"rendered":"http:\/\/www.jofli.net\/bigwood\/?page_id=5680"},"modified":"2026-03-12T08:52:06","modified_gmt":"2026-03-12T06:52:06","slug":"hubba","status":"publish","type":"page","link":"https:\/\/www.jofli.net\/bigwood\/?page_id=5680","title":{"rendered":"Hubba"},"content":{"rendered":"\n<p><strong>WAGGERLAND HUBBA BUBBA<\/strong><\/p>\n\n\n\n<figure class=\"wp-block-image size-large\"><a href=\"http:\/\/www.jofli.net\/bigwood\/wp-content\/uploads\/2025\/07\/499467812_10163135475957360_8311205103099471902_n.jpg\"><img loading=\"lazy\" decoding=\"async\" width=\"1024\" height=\"683\" src=\"http:\/\/www.jofli.net\/bigwood\/wp-content\/uploads\/2025\/07\/499467812_10163135475957360_8311205103099471902_n-1024x683.jpg\" alt=\"\" class=\"wp-image-5954\" srcset=\"https:\/\/www.jofli.net\/bigwood\/wp-content\/uploads\/2025\/07\/499467812_10163135475957360_8311205103099471902_n-1024x683.jpg 1024w, https:\/\/www.jofli.net\/bigwood\/wp-content\/uploads\/2025\/07\/499467812_10163135475957360_8311205103099471902_n-300x200.jpg 300w, https:\/\/www.jofli.net\/bigwood\/wp-content\/uploads\/2025\/07\/499467812_10163135475957360_8311205103099471902_n-768x512.jpg 768w, https:\/\/www.jofli.net\/bigwood\/wp-content\/uploads\/2025\/07\/499467812_10163135475957360_8311205103099471902_n-1536x1025.jpg 1536w, https:\/\/www.jofli.net\/bigwood\/wp-content\/uploads\/2025\/07\/499467812_10163135475957360_8311205103099471902_n-488x325.jpg 488w, https:\/\/www.jofli.net\/bigwood\/wp-content\/uploads\/2025\/07\/499467812_10163135475957360_8311205103099471902_n-750x500.jpg 750w, https:\/\/www.jofli.net\/bigwood\/wp-content\/uploads\/2025\/07\/499467812_10163135475957360_8311205103099471902_n.jpg 2048w\" sizes=\"auto, (max-width: 1024px) 100vw, 1024px\" \/><\/a><figcaption class=\"wp-element-caption\">Hubba 05\/2025<\/figcaption><\/figure>\n\n\n\n<p><strong>Synt \u2013 d\/o\/b<\/strong>&nbsp;29.12.2021<br><strong>Is\u00e4 \u2013 Sire<\/strong>&nbsp;Ch. Big-Wood&#8217;s Flash Sentry (Ch. Kilvroch Pontus x Ch. Big-Wood&#8217;s Triumph Renown)<br><strong>Em\u00e4 &#8211; Dam<\/strong> Ch Waggerland Unavailable (Ch. Waggerland Not For Sale x Hova Bonde&#8217;s Ema Skye)<a href=\"http:\/\/www.jofli.net\/bigwood\/?page_id=279\"><br><\/a><br><strong>Kasvattaja \/ breeder:<\/strong>&nbsp;R. Dijkhorst-Noij, Netherlands<\/p>\n\n\n\n<p><strong>Omistaja \/ owners:<\/strong> Johanna Flinck, Pattijoki, Finland &amp;  R. Dijkhorst-Noij, Netherlands <\/p>\n\n\n\n<p><strong>Terveys \u2013 health<\/strong><\/p>\n\n\n\n<ul class=\"wp-block-list\">\n<li>PRA-clear<\/li>\n\n\n\n<li>Eyes: ECVO Clear (2\/2024 &amp; 3\/2026)<\/li>\n\n\n\n<li>Hips: B<\/li>\n\n\n\n<li>Elbow INC 1\/1<\/li>\n\n\n\n<li>Spine: IDD1, LTV1, VA0, SP0<\/li>\n\n\n\n<li>Eyes: ECVO clear<\/li>\n\n\n\n<li>WisdomPanel 2023: CDDY\/CDDY, CDPA\/CDPA, PRA N\/N, DM N\/N, vWD N\/N, Lafora N\/N<br><\/li>\n<\/ul>\n\n\n\n<p><strong>Saavutuksia \u2013 merits<\/strong><\/p>\n\n\n\n<ul class=\"wp-block-list\">\n<li>World Winner 2025<\/li>\n\n\n\n<li>Finnish Champion<\/li>\n\n\n\n<li>Finnish Junior Champion<\/li>\n\n\n\n<li>Finnish Winner 2025<\/li>\n\n\n\n<li>Helsinki Winner 2022 &amp; 2023 &amp; 2025<\/li>\n\n\n\n<li>Helsinki Junior Winner 2022<\/li>\n\n\n\n<li>Top Winning Cardigan Welsh Corgi in Finland 2023 &amp; 2024<\/li>\n\n\n\n<li>Best In Show puppy at Finnish Specialty 2022<\/li>\n\n\n\n<li>BOB, BIS-2 &amp; BIS1-junior at Finnish Corgi Specialty 2023<\/li>\n\n\n\n<li>#3 Best Dog at Finnish Corgi Specialty 2024<\/li>\n\n\n\n<li>Group1 &amp; Best In Show at Kannonkoski 2025<\/li>\n\n\n\n<li>Group1 &amp; BIS3 at Oulu 2025<\/li>\n\n\n\n<li>Group1 &amp; Best In Show at Posio 2024<\/li>\n\n\n\n<li>Group1 &amp; BIS3 at Siikajoki Puppy Show 2022<br><\/li>\n<\/ul>\n\n\n\n<p><strong>Sukutaulu &#8211; Pedigree:<\/strong><\/p>\n\n\n\n<p><a href=\"https:\/\/jalostus.kennelliitto.fi\/frmKoira.aspx?RekNo=FI47146%2F23&amp;R=38\">https:\/\/jalostus.kennelliitto.fi\/frmKoira.aspx?RekNo=FI47146%2F23&amp;R=38<\/a><\/p>\n\n\n\n<p><strong>INFO<\/strong><\/p>\n\n\n\n<figure class=\"wp-block-table\"><table><tbody><tr><td><img decoding=\"async\" src=\"http:\/\/www.jofli.net\/bigwoods\/kuvat\/finflag.jpg\" alt=\"suomeksi\">\u00a0Hubba on maailman kiltein ja hyv\u00e4k\u00e4yt\u00f6ksisin cardipoika. Se luottaa t\u00e4ysill\u00e4 charmiinsa ja siihen, ett\u00e4 kun itse k\u00e4ytt\u00e4ytyy kohteliaasti toisia koiria kohtaan, v\u00e4lttyy kaikilta konflikteilta. <\/td><td><img decoding=\"async\" src=\"http:\/\/www.jofli.net\/bigwoods\/kuvat\/ukflag.jpg\" alt=\"english version\">\u00a0Hubba is the sweetest and most well\u2011mannered Cardigan boy in the world. He relies completely on his charm and believes that as long as he\u2019s polite to other dogs, he\u2019ll avoid all conflicts.<\/td><\/tr><\/tbody><\/table><\/figure>\n\n\n\n<p><strong>KUVIA \/ PHOTOS<\/strong><\/p>\n\n\n\n<figure class=\"wp-block-image size-large\"><a href=\"http:\/\/www.jofli.net\/bigwood\/wp-content\/uploads\/2024\/08\/452712050_10161910191012360_1317645542167213074_n.jpg\"><img loading=\"lazy\" decoding=\"async\" width=\"1024\" height=\"683\" src=\"http:\/\/www.jofli.net\/bigwood\/wp-content\/uploads\/2024\/08\/452712050_10161910191012360_1317645542167213074_n-1024x683.jpg\" alt=\"\" class=\"wp-image-5902\" srcset=\"https:\/\/www.jofli.net\/bigwood\/wp-content\/uploads\/2024\/08\/452712050_10161910191012360_1317645542167213074_n-1024x683.jpg 1024w, https:\/\/www.jofli.net\/bigwood\/wp-content\/uploads\/2024\/08\/452712050_10161910191012360_1317645542167213074_n-300x200.jpg 300w, https:\/\/www.jofli.net\/bigwood\/wp-content\/uploads\/2024\/08\/452712050_10161910191012360_1317645542167213074_n-768x512.jpg 768w, https:\/\/www.jofli.net\/bigwood\/wp-content\/uploads\/2024\/08\/452712050_10161910191012360_1317645542167213074_n-1536x1024.jpg 1536w, https:\/\/www.jofli.net\/bigwood\/wp-content\/uploads\/2024\/08\/452712050_10161910191012360_1317645542167213074_n-488x325.jpg 488w, https:\/\/www.jofli.net\/bigwood\/wp-content\/uploads\/2024\/08\/452712050_10161910191012360_1317645542167213074_n-750x500.jpg 750w, https:\/\/www.jofli.net\/bigwood\/wp-content\/uploads\/2024\/08\/452712050_10161910191012360_1317645542167213074_n.jpg 2048w\" sizes=\"auto, (max-width: 1024px) 100vw, 1024px\" \/><\/a><figcaption class=\"wp-element-caption\">Hubba (7\/2024)<\/figcaption><\/figure>\n\n\n\n<figure class=\"wp-block-image size-large\"><a href=\"http:\/\/www.jofli.net\/bigwood\/wp-content\/uploads\/2023\/10\/355079279_639637168060800_7382988690876382464_n.jpg\"><img loading=\"lazy\" decoding=\"async\" width=\"1024\" height=\"668\" src=\"http:\/\/www.jofli.net\/bigwood\/wp-content\/uploads\/2023\/10\/355079279_639637168060800_7382988690876382464_n-1024x668.jpg\" alt=\"\" class=\"wp-image-5848\" srcset=\"https:\/\/www.jofli.net\/bigwood\/wp-content\/uploads\/2023\/10\/355079279_639637168060800_7382988690876382464_n-1024x668.jpg 1024w, https:\/\/www.jofli.net\/bigwood\/wp-content\/uploads\/2023\/10\/355079279_639637168060800_7382988690876382464_n-300x196.jpg 300w, https:\/\/www.jofli.net\/bigwood\/wp-content\/uploads\/2023\/10\/355079279_639637168060800_7382988690876382464_n-768x501.jpg 768w, https:\/\/www.jofli.net\/bigwood\/wp-content\/uploads\/2023\/10\/355079279_639637168060800_7382988690876382464_n-488x318.jpg 488w, https:\/\/www.jofli.net\/bigwood\/wp-content\/uploads\/2023\/10\/355079279_639637168060800_7382988690876382464_n-750x489.jpg 750w, https:\/\/www.jofli.net\/bigwood\/wp-content\/uploads\/2023\/10\/355079279_639637168060800_7382988690876382464_n.jpg 1472w\" sizes=\"auto, (max-width: 1024px) 100vw, 1024px\" \/><\/a><\/figure>\n\n\n\n<figure class=\"wp-block-image size-large\"><a href=\"http:\/\/www.jofli.net\/bigwood\/wp-content\/uploads\/2022\/07\/6X4A6862.jpg\"><img loading=\"lazy\" decoding=\"async\" width=\"1024\" height=\"683\" src=\"http:\/\/www.jofli.net\/bigwood\/wp-content\/uploads\/2022\/07\/6X4A6862-1024x683.jpg\" alt=\"\" class=\"wp-image-5738\" srcset=\"https:\/\/www.jofli.net\/bigwood\/wp-content\/uploads\/2022\/07\/6X4A6862-1024x683.jpg 1024w, https:\/\/www.jofli.net\/bigwood\/wp-content\/uploads\/2022\/07\/6X4A6862-300x200.jpg 300w, https:\/\/www.jofli.net\/bigwood\/wp-content\/uploads\/2022\/07\/6X4A6862-768x512.jpg 768w, https:\/\/www.jofli.net\/bigwood\/wp-content\/uploads\/2022\/07\/6X4A6862-1536x1024.jpg 1536w, https:\/\/www.jofli.net\/bigwood\/wp-content\/uploads\/2022\/07\/6X4A6862-488x325.jpg 488w, https:\/\/www.jofli.net\/bigwood\/wp-content\/uploads\/2022\/07\/6X4A6862-750x500.jpg 750w, https:\/\/www.jofli.net\/bigwood\/wp-content\/uploads\/2022\/07\/6X4A6862.jpg 2048w\" sizes=\"auto, (max-width: 1024px) 100vw, 1024px\" \/><\/a><figcaption class=\"wp-element-caption\">Hubba at 6,5 months (photo Petra Tiittanen)<\/figcaption><\/figure>\n\n\n\n<figure class=\"wp-block-image size-large is-resized\"><a href=\"http:\/\/www.jofli.net\/bigwood\/wp-content\/uploads\/2022\/07\/6X4A6938.jpg\"><img loading=\"lazy\" decoding=\"async\" width=\"683\" height=\"1024\" src=\"http:\/\/www.jofli.net\/bigwood\/wp-content\/uploads\/2022\/07\/6X4A6938-683x1024.jpg\" alt=\"\" class=\"wp-image-5739\" srcset=\"https:\/\/www.jofli.net\/bigwood\/wp-content\/uploads\/2022\/07\/6X4A6938-683x1024.jpg 683w, https:\/\/www.jofli.net\/bigwood\/wp-content\/uploads\/2022\/07\/6X4A6938-200x300.jpg 200w, https:\/\/www.jofli.net\/bigwood\/wp-content\/uploads\/2022\/07\/6X4A6938-768x1152.jpg 768w, https:\/\/www.jofli.net\/bigwood\/wp-content\/uploads\/2022\/07\/6X4A6938-1024x1536.jpg 1024w, https:\/\/www.jofli.net\/bigwood\/wp-content\/uploads\/2022\/07\/6X4A6938-488x732.jpg 488w, https:\/\/www.jofli.net\/bigwood\/wp-content\/uploads\/2022\/07\/6X4A6938-750x1125.jpg 750w, https:\/\/www.jofli.net\/bigwood\/wp-content\/uploads\/2022\/07\/6X4A6938.jpg 1365w\" sizes=\"auto, (max-width: 683px) 100vw, 683px\" \/><\/a><figcaption class=\"wp-element-caption\">Hubba after Finnish Specialty (Photo: Petra Tiittanen)<\/figcaption><\/figure>\n\n\n\n<figure class=\"wp-block-image size-large is-resized\"><a href=\"http:\/\/www.jofli.net\/bigwood\/wp-content\/uploads\/2022\/05\/280775537_10160260262212360_2662658736461052838_n.jpg\"><img loading=\"lazy\" decoding=\"async\" width=\"1024\" height=\"682\" src=\"http:\/\/www.jofli.net\/bigwood\/wp-content\/uploads\/2022\/05\/280775537_10160260262212360_2662658736461052838_n-1024x682.jpg\" alt=\"\" class=\"wp-image-5676\" style=\"width:512px;height:341px\" srcset=\"https:\/\/www.jofli.net\/bigwood\/wp-content\/uploads\/2022\/05\/280775537_10160260262212360_2662658736461052838_n-1024x682.jpg 1024w, https:\/\/www.jofli.net\/bigwood\/wp-content\/uploads\/2022\/05\/280775537_10160260262212360_2662658736461052838_n-300x200.jpg 300w, https:\/\/www.jofli.net\/bigwood\/wp-content\/uploads\/2022\/05\/280775537_10160260262212360_2662658736461052838_n-768x512.jpg 768w, https:\/\/www.jofli.net\/bigwood\/wp-content\/uploads\/2022\/05\/280775537_10160260262212360_2662658736461052838_n-1536x1023.jpg 1536w, https:\/\/www.jofli.net\/bigwood\/wp-content\/uploads\/2022\/05\/280775537_10160260262212360_2662658736461052838_n-488x325.jpg 488w, https:\/\/www.jofli.net\/bigwood\/wp-content\/uploads\/2022\/05\/280775537_10160260262212360_2662658736461052838_n-750x500.jpg 750w, https:\/\/www.jofli.net\/bigwood\/wp-content\/uploads\/2022\/05\/280775537_10160260262212360_2662658736461052838_n.jpg 2048w\" sizes=\"auto, (max-width: 1024px) 100vw, 1024px\" \/><\/a><\/figure>\n\n\n\n<p><\/p>\n\n\n\n<figure class=\"wp-block-image size-large is-resized\"><a href=\"http:\/\/www.jofli.net\/bigwood\/wp-content\/uploads\/2022\/05\/280935177_10160262595247360_8317828803391079180_n.jpg\"><img loading=\"lazy\" decoding=\"async\" width=\"683\" height=\"1024\" src=\"http:\/\/www.jofli.net\/bigwood\/wp-content\/uploads\/2022\/05\/280935177_10160262595247360_8317828803391079180_n-683x1024.jpg\" alt=\"\" class=\"wp-image-5677\" style=\"width:342px;height:512px\" srcset=\"https:\/\/www.jofli.net\/bigwood\/wp-content\/uploads\/2022\/05\/280935177_10160262595247360_8317828803391079180_n-683x1024.jpg 683w, https:\/\/www.jofli.net\/bigwood\/wp-content\/uploads\/2022\/05\/280935177_10160262595247360_8317828803391079180_n-200x300.jpg 200w, https:\/\/www.jofli.net\/bigwood\/wp-content\/uploads\/2022\/05\/280935177_10160262595247360_8317828803391079180_n-768x1152.jpg 768w, https:\/\/www.jofli.net\/bigwood\/wp-content\/uploads\/2022\/05\/280935177_10160262595247360_8317828803391079180_n-1024x1536.jpg 1024w, https:\/\/www.jofli.net\/bigwood\/wp-content\/uploads\/2022\/05\/280935177_10160262595247360_8317828803391079180_n-488x732.jpg 488w, https:\/\/www.jofli.net\/bigwood\/wp-content\/uploads\/2022\/05\/280935177_10160262595247360_8317828803391079180_n-750x1125.jpg 750w, https:\/\/www.jofli.net\/bigwood\/wp-content\/uploads\/2022\/05\/280935177_10160262595247360_8317828803391079180_n.jpg 1365w\" sizes=\"auto, (max-width: 683px) 100vw, 683px\" \/><\/a><\/figure>\n\n\n\n<p><\/p>\n\n\n\n<figure class=\"wp-block-image size-large is-resized\"><a href=\"http:\/\/www.jofli.net\/bigwood\/wp-content\/uploads\/2022\/05\/280652365_10160260262232360_6100041592293557904_n.jpg\"><img loading=\"lazy\" decoding=\"async\" width=\"683\" height=\"1024\" src=\"http:\/\/www.jofli.net\/bigwood\/wp-content\/uploads\/2022\/05\/280652365_10160260262232360_6100041592293557904_n-683x1024.jpg\" alt=\"\" class=\"wp-image-5678\" style=\"width:342px;height:512px\" srcset=\"https:\/\/www.jofli.net\/bigwood\/wp-content\/uploads\/2022\/05\/280652365_10160260262232360_6100041592293557904_n-683x1024.jpg 683w, https:\/\/www.jofli.net\/bigwood\/wp-content\/uploads\/2022\/05\/280652365_10160260262232360_6100041592293557904_n-200x300.jpg 200w, https:\/\/www.jofli.net\/bigwood\/wp-content\/uploads\/2022\/05\/280652365_10160260262232360_6100041592293557904_n-768x1152.jpg 768w, https:\/\/www.jofli.net\/bigwood\/wp-content\/uploads\/2022\/05\/280652365_10160260262232360_6100041592293557904_n-1024x1536.jpg 1024w, https:\/\/www.jofli.net\/bigwood\/wp-content\/uploads\/2022\/05\/280652365_10160260262232360_6100041592293557904_n-488x732.jpg 488w, https:\/\/www.jofli.net\/bigwood\/wp-content\/uploads\/2022\/05\/280652365_10160260262232360_6100041592293557904_n-750x1125.jpg 750w, https:\/\/www.jofli.net\/bigwood\/wp-content\/uploads\/2022\/05\/280652365_10160260262232360_6100041592293557904_n.jpg 1365w\" sizes=\"auto, (max-width: 683px) 100vw, 683px\" \/><\/a><\/figure>\n","protected":false},"excerpt":{"rendered":"<p>WAGGERLAND HUBBA BUBBA Synt \u2013 d\/o\/b&nbsp;29.12.2021Is\u00e4 \u2013 Sire&nbsp;Ch. Big-Wood&#8217;s Flash Sentry (Ch. Kilvroch Pontus x Ch. Big-Wood&#8217;s Triumph Renown)Em\u00e4 &#8211; Dam Ch Waggerland Unavailable (Ch. Waggerland Not For Sale x Hova Bonde&#8217;s Ema Skye)Kasvattaja \/ breeder:&nbsp;R. Dijkhorst-Noij, Netherlands Omistaja \/ owners: Johanna Flinck, Pattijoki, Finland &amp; R. Dijkhorst-Noij, Netherlands Terveys \u2013 health Saavutuksia \u2013 merits &hellip; <\/p>\n<p><a class=\"more-link btn\" href=\"https:\/\/www.jofli.net\/bigwood\/?page_id=5680\">Continue reading<\/a><\/p>\n","protected":false},"author":1,"featured_media":0,"parent":83,"menu_order":0,"comment_status":"closed","ping_status":"closed","template":"","meta":{"footnotes":""},"class_list":["post-5680","page","type-page","status-publish","hentry","nodate","item-wrap"],"_links":{"self":[{"href":"https:\/\/www.jofli.net\/bigwood\/index.php?rest_route=\/wp\/v2\/pages\/5680","targetHints":{"allow":["GET"]}}],"collection":[{"href":"https:\/\/www.jofli.net\/bigwood\/index.php?rest_route=\/wp\/v2\/pages"}],"about":[{"href":"https:\/\/www.jofli.net\/bigwood\/index.php?rest_route=\/wp\/v2\/types\/page"}],"author":[{"embeddable":true,"href":"https:\/\/www.jofli.net\/bigwood\/index.php?rest_route=\/wp\/v2\/users\/1"}],"replies":[{"embeddable":true,"href":"https:\/\/www.jofli.net\/bigwood\/index.php?rest_route=%2Fwp%2Fv2%2Fcomments&post=5680"}],"version-history":[{"count":19,"href":"https:\/\/www.jofli.net\/bigwood\/index.php?rest_route=\/wp\/v2\/pages\/5680\/revisions"}],"predecessor-version":[{"id":6005,"href":"https:\/\/www.jofli.net\/bigwood\/index.php?rest_route=\/wp\/v2\/pages\/5680\/revisions\/6005"}],"up":[{"embeddable":true,"href":"https:\/\/www.jofli.net\/bigwood\/index.php?rest_route=\/wp\/v2\/pages\/83"}],"wp:attachment":[{"href":"https:\/\/www.jofli.net\/bigwood\/index.php?rest_route=%2Fwp%2Fv2%2Fmedia&parent=5680"}],"curies":[{"name":"wp","href":"https:\/\/api.w.org\/{rel}","templated":true}]}}