{"id":5668,"date":"2022-05-17T13:18:49","date_gmt":"2022-05-17T11:18:49","guid":{"rendered":"http:\/\/www.jofli.net\/bigwood\/?page_id=5668"},"modified":"2022-05-17T13:21:41","modified_gmt":"2022-05-17T11:21:41","slug":"our-pets-meidan-lemmikit1","status":"publish","type":"page","link":"https:\/\/www.jofli.net\/bigwood\/?page_id=5668","title":{"rendered":"Our pets \/ Meid\u00e4n lemmikit"},"content":{"rendered":"\n<p>All of our dogs are also our pets, but these two boys Pawel and Nero and our mixed breed Lysti are 100% pets and companion dogs.<\/p>\n\n\n\n<p>Kaikki meid\u00e4n koirat ovat lemmikkej\u00e4, mutta n\u00e4m\u00e4 kaksi  urosta Pawel ja Nero sek\u00e4 monirotuinen Lysti , ovat niit\u00e4 mit\u00e4 suurimmassa m\u00e4\u00e4rin.<\/p>\n","protected":false},"excerpt":{"rendered":"<p>All of our dogs are also our pets, but these two boys Pawel and Nero and our mixed breed Lysti are 100% pets and companion dogs. Kaikki meid\u00e4n koirat ovat lemmikkej\u00e4, mutta n\u00e4m\u00e4 kaksi urosta Pawel ja Nero sek\u00e4 monirotuinen Lysti , ovat niit\u00e4 mit\u00e4 suurimmassa m\u00e4\u00e4rin.<\/p>\n","protected":false},"author":1,"featured_media":0,"parent":6,"menu_order":1,"comment_status":"closed","ping_status":"closed","template":"","meta":{"footnotes":""},"class_list":["post-5668","page","type-page","status-publish","hentry","nodate","item-wrap"],"_links":{"self":[{"href":"https:\/\/www.jofli.net\/bigwood\/index.php?rest_route=\/wp\/v2\/pages\/5668","targetHints":{"allow":["GET"]}}],"collection":[{"href":"https:\/\/www.jofli.net\/bigwood\/index.php?rest_route=\/wp\/v2\/pages"}],"about":[{"href":"https:\/\/www.jofli.net\/bigwood\/index.php?rest_route=\/wp\/v2\/types\/page"}],"author":[{"embeddable":true,"href":"https:\/\/www.jofli.net\/bigwood\/index.php?rest_route=\/wp\/v2\/users\/1"}],"replies":[{"embeddable":true,"href":"https:\/\/www.jofli.net\/bigwood\/index.php?rest_route=%2Fwp%2Fv2%2Fcomments&post=5668"}],"version-history":[{"count":3,"href":"https:\/\/www.jofli.net\/bigwood\/index.php?rest_route=\/wp\/v2\/pages\/5668\/revisions"}],"predecessor-version":[{"id":5671,"href":"https:\/\/www.jofli.net\/bigwood\/index.php?rest_route=\/wp\/v2\/pages\/5668\/revisions\/5671"}],"up":[{"embeddable":true,"href":"https:\/\/www.jofli.net\/bigwood\/index.php?rest_route=\/wp\/v2\/pages\/6"}],"wp:attachment":[{"href":"https:\/\/www.jofli.net\/bigwood\/index.php?rest_route=%2Fwp%2Fv2%2Fmedia&parent=5668"}],"curies":[{"name":"wp","href":"https:\/\/api.w.org\/{rel}","templated":true}]}}