{"id":5070,"date":"2019-09-23T09:15:53","date_gmt":"2019-09-23T07:15:53","guid":{"rendered":"http:\/\/www.jofli.net\/bigwood\/?page_id=5070"},"modified":"2025-07-18T07:24:03","modified_gmt":"2025-07-18T05:24:03","slug":"cilla-bordercollie","status":"publish","type":"page","link":"https:\/\/www.jofli.net\/bigwood\/?page_id=5070","title":{"rendered":"Bordercollie Cilla"},"content":{"rendered":"\n<p><strong>CILLA<\/strong><\/p>\n\n\n\n<figure class=\"wp-block-image is-resized\"><img loading=\"lazy\" decoding=\"async\" src=\"http:\/\/www.jofli.net\/bigwood\/wp-content\/uploads\/2021\/04\/10042020-1807-2-1024x683.jpg\" alt=\"\" class=\"wp-image-5472\" width=\"768\" height=\"512\" srcset=\"https:\/\/www.jofli.net\/bigwood\/wp-content\/uploads\/2021\/04\/10042020-1807-2-1024x683.jpg 1024w, https:\/\/www.jofli.net\/bigwood\/wp-content\/uploads\/2021\/04\/10042020-1807-2-300x200.jpg 300w, https:\/\/www.jofli.net\/bigwood\/wp-content\/uploads\/2021\/04\/10042020-1807-2-768x512.jpg 768w, https:\/\/www.jofli.net\/bigwood\/wp-content\/uploads\/2021\/04\/10042020-1807-2-488x325.jpg 488w, https:\/\/www.jofli.net\/bigwood\/wp-content\/uploads\/2021\/04\/10042020-1807-2.jpg 2048w\" sizes=\"auto, (max-width: 768px) 100vw, 768px\" \/><figcaption>Photo: Petra Tiittanen<\/figcaption><\/figure>\n\n\n\n<p><strong>Bordercollie narttu\/bitch<\/strong><br><strong>Synt \/ d\/o\/b:<\/strong> 21.7.2016&nbsp;<br><strong>Reg.nr:<\/strong> ISDS\/FI345678,  ER42770\/17  <\/p>\n\n\n\n<p><strong>Is\u00e4 \u2013 Sire:<\/strong>\u00a0Blackie (ISDS00\/294808)<br><strong>Em\u00e4 \u2013 Dam:<\/strong> Floss (ISDS 292905, ER48241\/09)<br><strong>Kasvattaja \/ breeder:<\/strong> Tuija Kuparinen, Finland<br> <strong>Omistaja \/ owner:<\/strong> Johanna Flinck &amp; Minna Jokisaari, Pattijoki, Finland <\/p>\n\n\n\n<p><strong>Terveys \/ health<\/strong><\/p>\n\n\n\n<ul class=\"wp-block-list\"><li>Lonkat\/Hips: A\/A<\/li><li>Kyyn\u00e4rnivelet\/Elbows: 0\/0<\/li><li>Selk\u00e4\/Spine: Ei muutoksia\/Clear<\/li><li>Olkanivelet\/Shoulders: sairas\/tulkinnanvarainen, ei koskaan oireillut (not normal, but never shown any signs of OCD) <\/li><li>Silm\u00e4t\/Eyes: Terveet\/Clear (ECVO) 03\/21 <\/li><li>My Dog Dna: &#8220;We didn&#8217;t detect any known genetic health predispositions in Cilla&#8217;s DNA&#8221;.<\/li><\/ul>\n\n\n\n<p><strong>Saavutuksia \/ merits<\/strong><\/p>\n\n\n\n<ul class=\"wp-block-list\"><li>PPR1, PAIM1 (Somero 23.6.2019, ohjaaja Minna Jokisaari)<\/li><li>Agility: nousi 2-luokkaan 4:ll\u00e4 startilla \/ level 2<\/li><\/ul>\n\n\n\n<p>CILLA&nbsp;<a rel=\"noreferrer noopener\" aria-label=\"KoiraNet (opens in a new tab)\" href=\"https:\/\/jalostus.kennelliitto.fi\/frmKoira.aspx?RekNo=ER42770%2F17&amp;R=297\" target=\"_blank\">KoiraNet<\/a>&nbsp;-tietokannassa<br>CILLA&nbsp;in Finnish Kennelclub\u2019s&nbsp;<a href=\"https:\/\/jalostus.kennelliitto.fi\/frmKoira.aspx?RekNo=ER42770%2F17&amp;R=297\" target=\"_blank\" rel=\"noreferrer noopener\" aria-label=\"DogNet&nbsp; (opens in a new tab)\">DogNet&nbsp;<\/a>database<\/p>\n\n\n\n<p><strong>INFO<\/strong><\/p>\n\n\n\n<table class=\"wp-block-table\"><tbody><tr><td><img loading=\"lazy\" decoding=\"async\" width=\"20\" height=\"10\" class=\"wp-image-231\" style=\"width: 20px;\" src=\"http:\/\/www.jofli.net\/bigwood\/wp-content\/uploads\/2011\/01\/finflag.jpg\" alt=\"\"> Cilla hypp\u00e4si meid\u00e4n auton kyytiin ja tuli aluksi vain kyl\u00e4ilem\u00e4\u00e4n. Sitten se asettuikin taloksi ja ilmoitti j\u00e4\u00e4v\u00e4ns\u00e4 meille Jennin koiraksi. <\/td><td><img loading=\"lazy\" decoding=\"async\" width=\"20\" height=\"10\" class=\"wp-image-232\" style=\"width: 20px;\" src=\"http:\/\/www.jofli.net\/bigwood\/wp-content\/uploads\/2011\/01\/ukflag.jpg\" alt=\"\"> Cilla came to visit us and then she decided to stay. Jenni wasn&#8217;t against of that decision. <\/td><\/tr><\/tbody><\/table>\n\n\n\n<p><strong>KUVIA \/ PHOTOS<\/strong><\/p>\n\n\n\n<figure class=\"wp-block-image is-resized\"><img loading=\"lazy\" decoding=\"async\" src=\"http:\/\/www.jofli.net\/bigwood\/wp-content\/uploads\/2021\/04\/12072020-6063.jpg\" alt=\"\" class=\"wp-image-5475\" width=\"512\" height=\"426\"\/><figcaption>Photo: Petra Tiittanen<\/figcaption><\/figure>\n\n\n\n<figure class=\"wp-block-image is-resized\"><img loading=\"lazy\" decoding=\"async\" src=\"http:\/\/www.jofli.net\/bigwood\/wp-content\/uploads\/2021\/04\/IMG_3995-1024x682.jpg\" alt=\"\" class=\"wp-image-5473\" width=\"512\" height=\"341\" srcset=\"https:\/\/www.jofli.net\/bigwood\/wp-content\/uploads\/2021\/04\/IMG_3995-1024x682.jpg 1024w, https:\/\/www.jofli.net\/bigwood\/wp-content\/uploads\/2021\/04\/IMG_3995-300x200.jpg 300w, https:\/\/www.jofli.net\/bigwood\/wp-content\/uploads\/2021\/04\/IMG_3995-768x512.jpg 768w, https:\/\/www.jofli.net\/bigwood\/wp-content\/uploads\/2021\/04\/IMG_3995-488x325.jpg 488w, https:\/\/www.jofli.net\/bigwood\/wp-content\/uploads\/2021\/04\/IMG_3995.jpg 2048w\" sizes=\"auto, (max-width: 512px) 100vw, 512px\" \/><\/figure>\n\n\n\n<figure class=\"wp-block-image is-resized\"><img loading=\"lazy\" decoding=\"async\" src=\"http:\/\/www.jofli.net\/bigwood\/wp-content\/uploads\/2021\/04\/IMG_4143-1024x683.jpg\" alt=\"\" class=\"wp-image-5474\" width=\"512\" height=\"342\" srcset=\"https:\/\/www.jofli.net\/bigwood\/wp-content\/uploads\/2021\/04\/IMG_4143-1024x683.jpg 1024w, https:\/\/www.jofli.net\/bigwood\/wp-content\/uploads\/2021\/04\/IMG_4143-300x200.jpg 300w, https:\/\/www.jofli.net\/bigwood\/wp-content\/uploads\/2021\/04\/IMG_4143-768x512.jpg 768w, https:\/\/www.jofli.net\/bigwood\/wp-content\/uploads\/2021\/04\/IMG_4143-488x325.jpg 488w, https:\/\/www.jofli.net\/bigwood\/wp-content\/uploads\/2021\/04\/IMG_4143.jpg 2048w\" sizes=\"auto, (max-width: 512px) 100vw, 512px\" \/><\/figure>\n\n\n\n<figure class=\"wp-block-image is-resized\"><img loading=\"lazy\" decoding=\"async\" src=\"http:\/\/www.jofli.net\/bigwood\/wp-content\/uploads\/2019\/09\/71150690_2140161649416783_7244680783976202240_n-1024x683.jpg\" alt=\"\" class=\"wp-image-5071\" width=\"512\" height=\"342\" srcset=\"https:\/\/www.jofli.net\/bigwood\/wp-content\/uploads\/2019\/09\/71150690_2140161649416783_7244680783976202240_n-1024x683.jpg 1024w, https:\/\/www.jofli.net\/bigwood\/wp-content\/uploads\/2019\/09\/71150690_2140161649416783_7244680783976202240_n-300x200.jpg 300w, https:\/\/www.jofli.net\/bigwood\/wp-content\/uploads\/2019\/09\/71150690_2140161649416783_7244680783976202240_n-768x512.jpg 768w, https:\/\/www.jofli.net\/bigwood\/wp-content\/uploads\/2019\/09\/71150690_2140161649416783_7244680783976202240_n-750x500.jpg 750w, https:\/\/www.jofli.net\/bigwood\/wp-content\/uploads\/2019\/09\/71150690_2140161649416783_7244680783976202240_n.jpg 2048w\" sizes=\"auto, (max-width: 512px) 100vw, 512px\" \/><\/figure>\n\n\n\n<figure class=\"wp-block-image is-resized\"><img loading=\"lazy\" decoding=\"async\" src=\"http:\/\/www.jofli.net\/bigwood\/wp-content\/uploads\/2019\/09\/71180855_371821047094578_1353852087737253888_n-1024x683.png\" alt=\"\" class=\"wp-image-5073\" width=\"512\" height=\"342\" srcset=\"https:\/\/www.jofli.net\/bigwood\/wp-content\/uploads\/2019\/09\/71180855_371821047094578_1353852087737253888_n-1024x683.png 1024w, https:\/\/www.jofli.net\/bigwood\/wp-content\/uploads\/2019\/09\/71180855_371821047094578_1353852087737253888_n-300x200.png 300w, https:\/\/www.jofli.net\/bigwood\/wp-content\/uploads\/2019\/09\/71180855_371821047094578_1353852087737253888_n-768x512.png 768w, https:\/\/www.jofli.net\/bigwood\/wp-content\/uploads\/2019\/09\/71180855_371821047094578_1353852087737253888_n-750x500.png 750w, https:\/\/www.jofli.net\/bigwood\/wp-content\/uploads\/2019\/09\/71180855_371821047094578_1353852087737253888_n.png 2048w\" sizes=\"auto, (max-width: 512px) 100vw, 512px\" \/><\/figure>\n\n\n\n<figure class=\"wp-block-image is-resized\"><img loading=\"lazy\" decoding=\"async\" src=\"http:\/\/www.jofli.net\/bigwood\/wp-content\/uploads\/2019\/09\/69839669_2668398996511676_6456059238639730688_n-1024x684.jpg\" alt=\"\" class=\"wp-image-5074\" width=\"512\" height=\"342\" srcset=\"https:\/\/www.jofli.net\/bigwood\/wp-content\/uploads\/2019\/09\/69839669_2668398996511676_6456059238639730688_n-1024x684.jpg 1024w, https:\/\/www.jofli.net\/bigwood\/wp-content\/uploads\/2019\/09\/69839669_2668398996511676_6456059238639730688_n-300x200.jpg 300w, https:\/\/www.jofli.net\/bigwood\/wp-content\/uploads\/2019\/09\/69839669_2668398996511676_6456059238639730688_n-768x513.jpg 768w, https:\/\/www.jofli.net\/bigwood\/wp-content\/uploads\/2019\/09\/69839669_2668398996511676_6456059238639730688_n-750x501.jpg 750w, https:\/\/www.jofli.net\/bigwood\/wp-content\/uploads\/2019\/09\/69839669_2668398996511676_6456059238639730688_n.jpg 2048w\" sizes=\"auto, (max-width: 512px) 100vw, 512px\" \/><\/figure>\n","protected":false},"excerpt":{"rendered":"<p>CILLA Bordercollie narttu\/bitchSynt \/ d\/o\/b: 21.7.2016&nbsp;Reg.nr: ISDS\/FI345678, ER42770\/17 Is\u00e4 \u2013 Sire:\u00a0Blackie (ISDS00\/294808)Em\u00e4 \u2013 Dam: Floss (ISDS 292905, ER48241\/09)Kasvattaja \/ breeder: Tuija Kuparinen, Finland Omistaja \/ owner: Johanna Flinck &amp; Minna Jokisaari, Pattijoki, Finland Terveys \/ health Lonkat\/Hips: A\/A Kyyn\u00e4rnivelet\/Elbows: 0\/0 Selk\u00e4\/Spine: Ei muutoksia\/Clear Olkanivelet\/Shoulders: sairas\/tulkinnanvarainen, ei koskaan oireillut (not normal, but never shown any signs &hellip; <\/p>\n<p><a class=\"more-link btn\" href=\"https:\/\/www.jofli.net\/bigwood\/?page_id=5070\">Continue reading<\/a><\/p>\n","protected":false},"author":1,"featured_media":0,"parent":5668,"menu_order":8,"comment_status":"closed","ping_status":"closed","template":"template-onecolumn.php","meta":{"footnotes":""},"class_list":["post-5070","page","type-page","status-publish","hentry","nodate","item-wrap"],"_links":{"self":[{"href":"https:\/\/www.jofli.net\/bigwood\/index.php?rest_route=\/wp\/v2\/pages\/5070","targetHints":{"allow":["GET"]}}],"collection":[{"href":"https:\/\/www.jofli.net\/bigwood\/index.php?rest_route=\/wp\/v2\/pages"}],"about":[{"href":"https:\/\/www.jofli.net\/bigwood\/index.php?rest_route=\/wp\/v2\/types\/page"}],"author":[{"embeddable":true,"href":"https:\/\/www.jofli.net\/bigwood\/index.php?rest_route=\/wp\/v2\/users\/1"}],"replies":[{"embeddable":true,"href":"https:\/\/www.jofli.net\/bigwood\/index.php?rest_route=%2Fwp%2Fv2%2Fcomments&post=5070"}],"version-history":[{"count":13,"href":"https:\/\/www.jofli.net\/bigwood\/index.php?rest_route=\/wp\/v2\/pages\/5070\/revisions"}],"predecessor-version":[{"id":5926,"href":"https:\/\/www.jofli.net\/bigwood\/index.php?rest_route=\/wp\/v2\/pages\/5070\/revisions\/5926"}],"up":[{"embeddable":true,"href":"https:\/\/www.jofli.net\/bigwood\/index.php?rest_route=\/wp\/v2\/pages\/5668"}],"wp:attachment":[{"href":"https:\/\/www.jofli.net\/bigwood\/index.php?rest_route=%2Fwp%2Fv2%2Fmedia&parent=5070"}],"curies":[{"name":"wp","href":"https:\/\/api.w.org\/{rel}","templated":true}]}}