{"id":4547,"date":"2017-10-24T08:35:34","date_gmt":"2017-10-24T06:35:34","guid":{"rendered":"http:\/\/www.jofli.net\/bigwood\/?page_id=4547"},"modified":"2025-12-10T17:09:15","modified_gmt":"2025-12-10T15:09:15","slug":"kissi","status":"publish","type":"page","link":"https:\/\/www.jofli.net\/bigwood\/?page_id=4547","title":{"rendered":"Kissi"},"content":{"rendered":"<p><strong>BIG-WOOD\u2019S\u00a0KIPIN\u00c4N HETKI<\/strong><\/p>\n<p><img loading=\"lazy\" decoding=\"async\" class=\"alignnone wp-image-5115\" src=\"http:\/\/www.jofli.net\/bigwood\/wp-content\/uploads\/2019\/12\/68770219_10157649819597360_2845597622385770496_o-300x200.jpg\" alt=\"\" width=\"405\" height=\"270\" srcset=\"https:\/\/www.jofli.net\/bigwood\/wp-content\/uploads\/2019\/12\/68770219_10157649819597360_2845597622385770496_o-300x200.jpg 300w, https:\/\/www.jofli.net\/bigwood\/wp-content\/uploads\/2019\/12\/68770219_10157649819597360_2845597622385770496_o-768x512.jpg 768w, https:\/\/www.jofli.net\/bigwood\/wp-content\/uploads\/2019\/12\/68770219_10157649819597360_2845597622385770496_o-1024x683.jpg 1024w, https:\/\/www.jofli.net\/bigwood\/wp-content\/uploads\/2019\/12\/68770219_10157649819597360_2845597622385770496_o-488x325.jpg 488w, https:\/\/www.jofli.net\/bigwood\/wp-content\/uploads\/2019\/12\/68770219_10157649819597360_2845597622385770496_o.jpg 2048w\" sizes=\"auto, (max-width: 405px) 100vw, 405px\" \/> <img loading=\"lazy\" decoding=\"async\" class=\"alignnone wp-image-4711\" src=\"http:\/\/www.jofli.net\/bigwood\/wp-content\/uploads\/2017\/10\/32916779_10156481746607360_6211088700806266880_n.jpg\" alt=\"32916779_10156481746607360_6211088700806266880_n\" width=\"180\" height=\"270\" srcset=\"https:\/\/www.jofli.net\/bigwood\/wp-content\/uploads\/2017\/10\/32916779_10156481746607360_6211088700806266880_n.jpg 640w, https:\/\/www.jofli.net\/bigwood\/wp-content\/uploads\/2017\/10\/32916779_10156481746607360_6211088700806266880_n-200x300.jpg 200w\" sizes=\"auto, (max-width: 180px) 100vw, 180px\" \/><\/p>\n<p><strong>Synt &#8211; d\/o\/b<\/strong> 16.7.2017<br \/><strong>Is\u00e4 \u2013 Sire<\/strong>\u00a0Shiwacca Davvebardni<br \/><strong>Em\u00e4 \u2013 Dam<\/strong> Big-Wood&#8217;s\u00a0Katin Kulta<a href=\"http:\/\/www.jofli.net\/bigwood\/?page_id=279\"><br \/><\/a><br \/><strong>Kasvattaja \/ breeders:<\/strong> Johanna Flinck &amp; Raili Suominen, Pattijoki, Finland<\/p>\n<p><strong>Omistaja \/ owners:<\/strong> Jenni &amp; Johanna Flinck, Pattijoki, Finland<\/p>\n<p><strong>Terveys \/ health<\/strong><\/p>\n<ul>\n<li>PRA-clear (by pedigree)<\/li>\n<li>Silm\u00e4t\/eyes: OK (ECVO 10\/2019, 10\/2021, 7\/2024))<\/li>\n<li>Lonkat\/Hips: C\/C<\/li>\n<li>Kyyn\u00e4rnivelet\/ED: 0\/0<\/li>\n<li>Selk\u00e4 kuvattu\/spine x-rays done: 25.4.2020<\/li>\n<li>WisdomPanel 2024: CDDY\/CDDY, CDPA\/N, PRA N\/N, DM N\/N, vWD N\/N, Lafora N\/N<\/li>\n<\/ul>\n<p><strong>Saavutuksia \/ merits<\/strong><\/p>\n<ul>\n<li>Vetaraani Maailman Voittaja 2025 \/ Veteran World Winner 2025<\/li>\n<li>Suomen muotovalio \/ Finnish Champion<\/li>\n<li>Suomen veteraanimuotovalio \/ Finnish Veteran Champion<\/li>\n<li>Suomen Voittaja 2019 \/ Finnish Winner 2019<\/li>\n<li>Suomen Voittaja 2018 \/ Finnish Winner 2018<\/li>\n<li>Helsinki Veteran Winner 2025<\/li>\n<li>Suomen Juniorivoittaja 2018 \/ Finnish Junior Winner 2018<\/li>\n<li>Paras narttu maailmanvoittajan\u00e4yttelyss\u00e4 2025 \/ Best Bitch at World Dog Show 2025<\/li>\n<li>Rotunsa paras ja Best In Show Suomen erikoisn\u00e4yttelyss\u00e4 2024 \/ BOB &amp; BISS at Finnish Corgi Specialty 2024<\/li>\n<li>ROP- &amp; BIS1-juniori Suomen erikoisn\u00e4yttelyss\u00e4 2018 \/ BOB- &amp; BIS1-junior at Finnish Corgi Specialty 2018<\/li>\n<li>Rotunsa Paras Voittajan\u00e4yttelyss\u00e4 2018 \/ BOB at Finnish Winner show in 2018<\/li>\n<li>5 x SERTI \/ 5 x CCs<\/li>\n<li>Best In Show -voittaja \/ BIS-winner (Oulainen 2024)<\/li>\n<li>Suomen 2. voitokkain cardigan narttu 2018 \/ TOP#2 Cardigan Bitch in Finland 2018<\/li>\n<\/ul>\n<div><span style=\"font-size: small;\"><a href=\"http:\/\/www.jofli.net\/bigwood\/?page_id=279\"><img decoding=\"async\" src=\"http:\/\/www.jofli.net\/bigwoods\/kuvat\/database.jpg\" alt=\"db\" align=\"left\" \/><\/a><\/span><\/div>\n<p>KISSI\u00a0<a href=\"https:\/\/jalostus.kennelliitto.fi\/frmKoira.aspx?RekNo=FI44583%2F17&amp;R=38\" target=\"_blank\" rel=\"noopener noreferrer\">KoiraNet<\/a>\u00a0-tietokannassa<br \/>KISSI\u00a0in Finnish Kennelclub\u2019s\u00a0<a href=\"https:\/\/jalostus.kennelliitto.fi\/frmKoira.aspx?RekNo=FI44583%2F17&amp;R=38\" target=\"_blank\" rel=\"noopener noreferrer\">DogNet<\/a>\u00a0database<\/p>\n<p><strong>INFO<\/strong><\/p>\n<table border=\"0\" width=\"90%\" cellspacing=\"0\" cellpadding=\"0\">\n<tbody>\n<tr valign=\"top\">\n<td width=\"50%\"><img decoding=\"async\" src=\"http:\/\/www.jofli.net\/bigwoods\/kuvat\/finflag.jpg\" alt=\"suomeksi\" \/> Kissi on p\u00e4\u00e4lt\u00e4 soma kuin sipuli, mutta sis\u00e4lt\u00e4 nimens\u00e4 mukaisesti yht\u00e4 kipin\u00e4\u00e4.\n<p>&#8220;<strong><em>Sussa on kipin\u00e4<\/em><\/strong><br \/><strong><em>Sen kanssa synnyt\u00e4\u00e4n<\/em><\/strong><br \/><strong><em>Sun pit\u00e4\u00e4 vaan se saadaan syttym\u00e4\u00e4n<\/em><\/strong><br \/><strong><em>M\u00e4 n\u00e4\u00e4n sen kipin\u00e4n sen kanssa synnyt\u00e4\u00e4n<\/em><\/strong><br \/><strong><em>Pian se saadaan syttym\u00e4\u00e4n&#8221;<br \/><\/em><\/strong><em>Robin &#8211; Kipin\u00e4n Hetki<\/em><\/p>\n<p>Kissi aloitti agilityharrastuksen kev\u00e4\u00e4ll\u00e4 2020 ja on jatkanut sit\u00e4 s\u00e4\u00e4nn\u00f6llisen ep\u00e4s\u00e4\u00e4nn\u00f6llisesti kes\u00e4kausina. Kilpailullisia tavoitteita ei kuitenkaan ole. Kissi pit\u00e4\u00e4 my\u00f6s valtavasti pitkist\u00e4 p\u00e4iv\u00e4vaelluksista. Se on kest\u00e4v\u00e4 ja j\u00e4rkev\u00e4 vaelluskaveri, joka liikkuu kest\u00e4v\u00e4sti ja lep\u00e4\u00e4 kun on sen aika.<\/p>\n<\/td>\n<td width=\"50%\"><img decoding=\"async\" src=\"http:\/\/www.jofli.net\/bigwoods\/kuvat\/ukflag.jpg\" alt=\"english version\" \/> Kissi&#8217;s name means &#8220;a spark of a moment&#8221; and yes, there is a lot of spark in her.<\/td>\n<\/tr>\n<\/tbody>\n<\/table>\n<p><strong>KUVIA \/ PHOTOS<\/strong><\/p>\n\n\n<figure class=\"wp-block-image size-large is-resized\"><a href=\"http:\/\/www.jofli.net\/bigwood\/wp-content\/uploads\/2024\/07\/449770218_10161858557052360_3011537489514364595_n.jpg\"><img loading=\"lazy\" decoding=\"async\" width=\"1024\" height=\"683\" src=\"http:\/\/www.jofli.net\/bigwood\/wp-content\/uploads\/2024\/07\/449770218_10161858557052360_3011537489514364595_n-1024x683.jpg\" alt=\"\" class=\"wp-image-5884\" style=\"width:768px;height:512px\" srcset=\"https:\/\/www.jofli.net\/bigwood\/wp-content\/uploads\/2024\/07\/449770218_10161858557052360_3011537489514364595_n-1024x683.jpg 1024w, https:\/\/www.jofli.net\/bigwood\/wp-content\/uploads\/2024\/07\/449770218_10161858557052360_3011537489514364595_n-300x200.jpg 300w, https:\/\/www.jofli.net\/bigwood\/wp-content\/uploads\/2024\/07\/449770218_10161858557052360_3011537489514364595_n-768x512.jpg 768w, https:\/\/www.jofli.net\/bigwood\/wp-content\/uploads\/2024\/07\/449770218_10161858557052360_3011537489514364595_n-1536x1025.jpg 1536w, https:\/\/www.jofli.net\/bigwood\/wp-content\/uploads\/2024\/07\/449770218_10161858557052360_3011537489514364595_n-488x325.jpg 488w, https:\/\/www.jofli.net\/bigwood\/wp-content\/uploads\/2024\/07\/449770218_10161858557052360_3011537489514364595_n-750x500.jpg 750w, https:\/\/www.jofli.net\/bigwood\/wp-content\/uploads\/2024\/07\/449770218_10161858557052360_3011537489514364595_n.jpg 2048w\" sizes=\"auto, (max-width: 1024px) 100vw, 1024px\" \/><\/a><figcaption class=\"wp-element-caption\">Kissi with her Best In Show trophies<\/figcaption><\/figure>\n\n\n<\/p>\n<p><img loading=\"lazy\" decoding=\"async\" class=\"alignnone wp-image-4931\" src=\"http:\/\/www.jofli.net\/bigwood\/wp-content\/uploads\/2019\/01\/IMG_9556-1024x683.jpg\" alt=\"\" width=\"500\" height=\"333\" srcset=\"https:\/\/www.jofli.net\/bigwood\/wp-content\/uploads\/2019\/01\/IMG_9556-1024x683.jpg 1024w, https:\/\/www.jofli.net\/bigwood\/wp-content\/uploads\/2019\/01\/IMG_9556-300x200.jpg 300w, https:\/\/www.jofli.net\/bigwood\/wp-content\/uploads\/2019\/01\/IMG_9556-768x512.jpg 768w, https:\/\/www.jofli.net\/bigwood\/wp-content\/uploads\/2019\/01\/IMG_9556.jpg 2048w\" sizes=\"auto, (max-width: 500px) 100vw, 500px\" \/><\/p>\n<p><img loading=\"lazy\" decoding=\"async\" class=\"alignnone wp-image-4685\" src=\"http:\/\/www.jofli.net\/bigwood\/wp-content\/uploads\/2017\/10\/kissiseisoo-1024x682.jpg\" alt=\"kissiseisoo\" width=\"405\" height=\"270\" srcset=\"https:\/\/www.jofli.net\/bigwood\/wp-content\/uploads\/2017\/10\/kissiseisoo-1024x682.jpg 1024w, https:\/\/www.jofli.net\/bigwood\/wp-content\/uploads\/2017\/10\/kissiseisoo-300x200.jpg 300w, https:\/\/www.jofli.net\/bigwood\/wp-content\/uploads\/2017\/10\/kissiseisoo.jpg 2048w\" sizes=\"auto, (max-width: 405px) 100vw, 405px\" \/>&nbsp;<img loading=\"lazy\" decoding=\"async\" class=\"alignnone wp-image-4684\" src=\"http:\/\/www.jofli.net\/bigwood\/wp-content\/uploads\/2017\/10\/kissiedesta.jpg\" alt=\"kissiedesta\" width=\"180\" height=\"270\" srcset=\"https:\/\/www.jofli.net\/bigwood\/wp-content\/uploads\/2017\/10\/kissiedesta.jpg 640w, https:\/\/www.jofli.net\/bigwood\/wp-content\/uploads\/2017\/10\/kissiedesta-200x300.jpg 200w\" sizes=\"auto, (max-width: 180px) 100vw, 180px\" \/><br \/><em>Kissi @&nbsp;8,5 months (photos: Jenni Flinck)<\/em><\/p>\n<p><img loading=\"lazy\" decoding=\"async\" class=\"alignnone wp-image-4606\" src=\"http:\/\/www.jofli.net\/bigwood\/wp-content\/uploads\/2017\/10\/23621955_10155952921102360_8951657264399875506_n.jpg\" alt=\"23621955_10155952921102360_8951657264399875506_n\" width=\"180\" height=\"270\" srcset=\"https:\/\/www.jofli.net\/bigwood\/wp-content\/uploads\/2017\/10\/23621955_10155952921102360_8951657264399875506_n.jpg 640w, https:\/\/www.jofli.net\/bigwood\/wp-content\/uploads\/2017\/10\/23621955_10155952921102360_8951657264399875506_n-200x300.jpg 200w\" sizes=\"auto, (max-width: 180px) 100vw, 180px\" \/> <img loading=\"lazy\" decoding=\"async\" class=\"alignnone wp-image-4607\" src=\"http:\/\/www.jofli.net\/bigwood\/wp-content\/uploads\/2017\/10\/23674870_10155952917552360_1835988611119912116_o-1024x683.jpg\" alt=\"23674870_10155952917552360_1835988611119912116_o\" width=\"405\" height=\"270\" srcset=\"https:\/\/www.jofli.net\/bigwood\/wp-content\/uploads\/2017\/10\/23674870_10155952917552360_1835988611119912116_o-1024x683.jpg 1024w, https:\/\/www.jofli.net\/bigwood\/wp-content\/uploads\/2017\/10\/23674870_10155952917552360_1835988611119912116_o-300x200.jpg 300w, https:\/\/www.jofli.net\/bigwood\/wp-content\/uploads\/2017\/10\/23674870_10155952917552360_1835988611119912116_o.jpg 2048w\" sizes=\"auto, (max-width: 405px) 100vw, 405px\" \/><br \/><em>photos:&nbsp;Jenni Flinck &amp; Petra Tiittanen<\/em><\/p>\n<p><img loading=\"lazy\" decoding=\"async\" class=\"alignnone wp-image-4550\" src=\"http:\/\/www.jofli.net\/bigwood\/wp-content\/uploads\/2017\/10\/21586707_10155773809402360_7398068541520733349_o-1024x683.jpg\" alt=\"21586707_10155773809402360_7398068541520733349_o\" width=\"405\" height=\"270\" srcset=\"https:\/\/www.jofli.net\/bigwood\/wp-content\/uploads\/2017\/10\/21586707_10155773809402360_7398068541520733349_o-1024x683.jpg 1024w, https:\/\/www.jofli.net\/bigwood\/wp-content\/uploads\/2017\/10\/21586707_10155773809402360_7398068541520733349_o-300x200.jpg 300w, https:\/\/www.jofli.net\/bigwood\/wp-content\/uploads\/2017\/10\/21586707_10155773809402360_7398068541520733349_o.jpg 2048w\" sizes=\"auto, (max-width: 405px) 100vw, 405px\" \/>&nbsp;<img loading=\"lazy\" decoding=\"async\" class=\"alignnone wp-image-4549\" src=\"http:\/\/www.jofli.net\/bigwood\/wp-content\/uploads\/2017\/10\/21557598_10155773809902360_4531439516314918136_n.jpg\" alt=\"21557598_10155773809902360_4531439516314918136_n\" width=\"180\" height=\"270\" srcset=\"https:\/\/www.jofli.net\/bigwood\/wp-content\/uploads\/2017\/10\/21557598_10155773809902360_4531439516314918136_n.jpg 640w, https:\/\/www.jofli.net\/bigwood\/wp-content\/uploads\/2017\/10\/21557598_10155773809902360_4531439516314918136_n-200x300.jpg 200w\" sizes=\"auto, (max-width: 180px) 100vw, 180px\" \/><br \/><em>Photos: Jenni Flinck<\/em><\/p>\n<p><img loading=\"lazy\" decoding=\"async\" class=\"alignnone size-large wp-image-4548\" src=\"http:\/\/www.jofli.net\/bigwood\/wp-content\/uploads\/2017\/10\/21543890_10155773807997360_6478130332380424262_o-1024x683.jpg\" alt=\"21543890_10155773807997360_6478130332380424262_o\" width=\"500\" height=\"333\" srcset=\"https:\/\/www.jofli.net\/bigwood\/wp-content\/uploads\/2017\/10\/21543890_10155773807997360_6478130332380424262_o-1024x683.jpg 1024w, https:\/\/www.jofli.net\/bigwood\/wp-content\/uploads\/2017\/10\/21543890_10155773807997360_6478130332380424262_o-300x200.jpg 300w, https:\/\/www.jofli.net\/bigwood\/wp-content\/uploads\/2017\/10\/21543890_10155773807997360_6478130332380424262_o.jpg 2048w\" sizes=\"auto, (max-width: 500px) 100vw, 500px\" \/><\/p>\n<p><img loading=\"lazy\" decoding=\"async\" class=\"alignnone size-large wp-image-4551\" src=\"http:\/\/www.jofli.net\/bigwood\/wp-content\/uploads\/2017\/10\/21752907_10155773811827360_5979482409785711350_o-1024x683.jpg\" alt=\"21752907_10155773811827360_5979482409785711350_o\" width=\"500\" height=\"333\" srcset=\"https:\/\/www.jofli.net\/bigwood\/wp-content\/uploads\/2017\/10\/21752907_10155773811827360_5979482409785711350_o-1024x683.jpg 1024w, https:\/\/www.jofli.net\/bigwood\/wp-content\/uploads\/2017\/10\/21752907_10155773811827360_5979482409785711350_o-300x200.jpg 300w, https:\/\/www.jofli.net\/bigwood\/wp-content\/uploads\/2017\/10\/21752907_10155773811827360_5979482409785711350_o.jpg 2048w\" sizes=\"auto, (max-width: 500px) 100vw, 500px\" \/><\/p>\n<p><img loading=\"lazy\" decoding=\"async\" class=\"alignnone size-large wp-image-4552\" src=\"http:\/\/www.jofli.net\/bigwood\/wp-content\/uploads\/2017\/10\/IMG_2188-1024x683.jpg\" alt=\"IMG_2188\" width=\"500\" height=\"333\" srcset=\"https:\/\/www.jofli.net\/bigwood\/wp-content\/uploads\/2017\/10\/IMG_2188-1024x683.jpg 1024w, https:\/\/www.jofli.net\/bigwood\/wp-content\/uploads\/2017\/10\/IMG_2188-300x200.jpg 300w, https:\/\/www.jofli.net\/bigwood\/wp-content\/uploads\/2017\/10\/IMG_2188.jpg 1800w\" sizes=\"auto, (max-width: 500px) 100vw, 500px\" \/><\/p>\n\n\n<p><\/p>\n","protected":false},"excerpt":{"rendered":"<p>BIG-WOOD\u2019S\u00a0KIPIN\u00c4N HETKI Synt &#8211; d\/o\/b 16.7.2017Is\u00e4 \u2013 Sire\u00a0Shiwacca DavvebardniEm\u00e4 \u2013 Dam Big-Wood&#8217;s\u00a0Katin KultaKasvattaja \/ breeders: Johanna Flinck &amp; Raili Suominen, Pattijoki, Finland Omistaja \/ owners: Jenni &amp; Johanna Flinck, Pattijoki, Finland Terveys \/ health PRA-clear (by pedigree) Silm\u00e4t\/eyes: OK (ECVO 10\/2019, 10\/2021, 7\/2024)) Lonkat\/Hips: C\/C Kyyn\u00e4rnivelet\/ED: 0\/0 Selk\u00e4 kuvattu\/spine x-rays done: 25.4.2020 WisdomPanel 2024: CDDY\/CDDY, &hellip; <\/p>\n<p><a class=\"more-link btn\" href=\"https:\/\/www.jofli.net\/bigwood\/?page_id=4547\">Continue reading<\/a><\/p>\n","protected":false},"author":1,"featured_media":0,"parent":2656,"menu_order":1,"comment_status":"closed","ping_status":"open","template":"template-onecolumn.php","meta":{"footnotes":""},"class_list":["post-4547","page","type-page","status-publish","hentry","nodate","item-wrap"],"_links":{"self":[{"href":"https:\/\/www.jofli.net\/bigwood\/index.php?rest_route=\/wp\/v2\/pages\/4547","targetHints":{"allow":["GET"]}}],"collection":[{"href":"https:\/\/www.jofli.net\/bigwood\/index.php?rest_route=\/wp\/v2\/pages"}],"about":[{"href":"https:\/\/www.jofli.net\/bigwood\/index.php?rest_route=\/wp\/v2\/types\/page"}],"author":[{"embeddable":true,"href":"https:\/\/www.jofli.net\/bigwood\/index.php?rest_route=\/wp\/v2\/users\/1"}],"replies":[{"embeddable":true,"href":"https:\/\/www.jofli.net\/bigwood\/index.php?rest_route=%2Fwp%2Fv2%2Fcomments&post=4547"}],"version-history":[{"count":37,"href":"https:\/\/www.jofli.net\/bigwood\/index.php?rest_route=\/wp\/v2\/pages\/4547\/revisions"}],"predecessor-version":[{"id":5991,"href":"https:\/\/www.jofli.net\/bigwood\/index.php?rest_route=\/wp\/v2\/pages\/4547\/revisions\/5991"}],"up":[{"embeddable":true,"href":"https:\/\/www.jofli.net\/bigwood\/index.php?rest_route=\/wp\/v2\/pages\/2656"}],"wp:attachment":[{"href":"https:\/\/www.jofli.net\/bigwood\/index.php?rest_route=%2Fwp%2Fv2%2Fmedia&parent=4547"}],"curies":[{"name":"wp","href":"https:\/\/api.w.org\/{rel}","templated":true}]}}