{"id":4029,"date":"2016-08-08T19:21:07","date_gmt":"2016-08-08T17:21:07","guid":{"rendered":"http:\/\/www.jofli.net\/bigwood\/?page_id=4029"},"modified":"2025-11-21T09:06:47","modified_gmt":"2025-11-21T07:06:47","slug":"pirkka","status":"publish","type":"page","link":"https:\/\/www.jofli.net\/bigwood\/?page_id=4029","title":{"rendered":"Pirkka"},"content":{"rendered":"<p><strong>BIG-WOOD\u2019S\u00a0HOITY TOITY<\/strong><\/p>\n<p><img loading=\"lazy\" decoding=\"async\" class=\"alignnone  wp-image-5535\" src=\"http:\/\/www.jofli.net\/bigwood\/wp-content\/uploads\/2021\/09\/216948737_10159694275902360_9091576987623988718_n-1024x682.jpg\" alt=\"\" width=\"549\" height=\"365\" srcset=\"https:\/\/www.jofli.net\/bigwood\/wp-content\/uploads\/2021\/09\/216948737_10159694275902360_9091576987623988718_n-1024x682.jpg 1024w, https:\/\/www.jofli.net\/bigwood\/wp-content\/uploads\/2021\/09\/216948737_10159694275902360_9091576987623988718_n-300x200.jpg 300w, https:\/\/www.jofli.net\/bigwood\/wp-content\/uploads\/2021\/09\/216948737_10159694275902360_9091576987623988718_n-768x511.jpg 768w, https:\/\/www.jofli.net\/bigwood\/wp-content\/uploads\/2021\/09\/216948737_10159694275902360_9091576987623988718_n-488x325.jpg 488w, https:\/\/www.jofli.net\/bigwood\/wp-content\/uploads\/2021\/09\/216948737_10159694275902360_9091576987623988718_n.jpg 1440w\" sizes=\"auto, (max-width: 549px) 100vw, 549px\" \/><\/p>\n<table border=\"0\" width=\"90%\" cellspacing=\"0\" cellpadding=\"0\">\n<tbody>\n<tr>\n<td><strong>Synt<\/strong><br \/>\n<strong>d\/o\/b<\/strong><\/td>\n<td>12.3.2016<\/td>\n<\/tr>\n<tr>\n<td><strong>Is\u00e4 \u2013 Sire<\/strong><br \/>\n<strong>Em\u00e4 \u2013 Dam<\/strong><\/td>\n<td>Kilvroch Pontus<br \/>\nBig-Wood&#8217;s Triumph Renown<\/td>\n<\/tr>\n<tr>\n<td><strong>Kasvattaja<\/strong><br \/>\n<strong>breeder<\/strong><\/td>\n<td>Johanna Flinck &amp; Raili Suominen, Pattijoki, Finland<\/td>\n<\/tr>\n<tr>\n<td><strong>Omistaja<\/strong><br \/>\n<strong>owner<\/strong><\/td>\n<td>Johanna Flinck &amp; Petra Tiittanen, Pattijoki, Finland<\/td>\n<\/tr>\n<tr>\n<td><strong>Terveys<\/strong><br \/>\n<strong>health<\/strong><\/td>\n<td>\n<ul>\n<li>PRA-clear (Laboklin test)<\/li>\n<li>Eyes: OK (ECVO 11\/17, 10\/19, 10\/21, 1\/25)<\/li>\n<li>Lonkat\/hips: C\/C<\/li>\n<li>Kyyn\u00e4rnivelet\/elbows: 0\/0 (clear)<\/li>\n<\/ul>\n<\/td>\n<\/tr>\n<tr>\n<td><strong>Saavutuksia<\/strong><br \/>\n<strong>merits<\/strong><\/td>\n<td>\n<ul>\n<li>Vuoden voitokkain cardigan &amp; cardigan uros 2019 \/ TOP winning Cardigan &amp; Cardigan Dog in Finland 2019<\/li>\n<li>#3 voitokkain cardigan uros Suomessa 2021 \/ TOP#3 Cardigan Dog in Finland 2021<\/li>\n<li>Suomen muotovalio \/ Finnish Champion<\/li>\n<li>ROP- ja BIS1-juniori corgien erikoisn\u00e4yttelyss\u00e4 2017 \/ BOB- &amp; BIS1-junior at Finnish specialty 2017<\/li>\n<li>ROP &amp; BIS2 EuroCorgi 2021 \/ BOB &amp; BIS2 at EuroCorgi 2021<\/li>\n<li>Toiseksi paras uros Corgiseuran juhlan\u00e4yttelyss\u00e4 2021 \/ Reserve Best Dog at Finnish Corgiclub&#8217;s Jubileum show 2021<\/li>\n<\/ul>\n<\/td>\n<\/tr>\n<\/tbody>\n<\/table>\n<p><img decoding=\"async\" src=\"http:\/\/www.jofli.net\/bigwoods\/kuvat\/database.jpg\" alt=\"db\" align=\"left\" \/>PIRKKA\u00a0<a href=\"http:\/\/jalostus.kennelliitto.fi\/frmKoira.aspx?RekNo=FI24084\/16&amp;R=38\" target=\"_blank\" rel=\"noopener noreferrer\">KoiraNet <\/a>-tietokannassa<br \/>\nPIRKKA\u00a0in Finnish Kennelclub\u2019s\u00a0<a href=\"http:\/\/jalostus.kennelliitto.fi\/frmKoira.aspx?RekNo=FI24084\/16&amp;R=38\" target=\"_blank\" rel=\"noopener noreferrer\">DogNet<\/a> database<\/p>\n<p><strong>INFO<\/strong><\/p>\n<table border=\"0\" width=\"90%\" cellspacing=\"0\" cellpadding=\"0\">\n<tbody>\n<tr>\n<td width=\"50%\"><img decoding=\"async\" src=\"http:\/\/www.jofli.net\/bigwoods\/kuvat\/finflag.jpg\" alt=\"suomeksi\" \/> Se oli Pirkka&#8230; siis se joka j\u00e4i meille kotiin TuTun pojista. Siit\u00e4 kasvoi liikunnallinen ja aktiivinen pitkien vaelluslenkkien luottokoira. Jos jaksat k\u00e4vell\u00e4 kauan ja pitk\u00e4lle, Pirkka jaksaa p\u00e4iv\u00e4n aikana viel\u00e4 pidemm\u00e4lle ja seuraavana p\u00e4iv\u00e4n\u00e4kin se on valmis l\u00e4htem\u00e4\u00e4n mukaan.<\/td>\n<td width=\"50%\"><img decoding=\"async\" src=\"http:\/\/www.jofli.net\/bigwoods\/kuvat\/ukflag.jpg\" alt=\"english version\" \/> He just decided to stay with us. This sporty and active boy is the dog who we always take with us if we are going to VERY long walks. 15-20 km per day is not a problem for him at all and he can do it again on the next day.<\/td>\n<\/tr>\n<\/tbody>\n<\/table>\n<p><strong>KUVIA \/ PHOTOS<\/strong><\/p>\n<p>*<a href=\"https:\/\/jofli.kuvat.fi\/kuvat\/Omien+koirien+galleriat\/Pirkka\/\">own photo gallery<\/a>*<\/p>\n<p><img loading=\"lazy\" decoding=\"async\" class=\"alignnone  wp-image-5131\" src=\"http:\/\/www.jofli.net\/bigwood\/wp-content\/uploads\/2019\/12\/IMG_0987.jpg\" alt=\"\" width=\"405\" height=\"270\" srcset=\"https:\/\/www.jofli.net\/bigwood\/wp-content\/uploads\/2019\/12\/IMG_0987.jpg 2048w, https:\/\/www.jofli.net\/bigwood\/wp-content\/uploads\/2019\/12\/IMG_0987-300x200.jpg 300w, https:\/\/www.jofli.net\/bigwood\/wp-content\/uploads\/2019\/12\/IMG_0987-768x512.jpg 768w, https:\/\/www.jofli.net\/bigwood\/wp-content\/uploads\/2019\/12\/IMG_0987-1024x683.jpg 1024w, https:\/\/www.jofli.net\/bigwood\/wp-content\/uploads\/2019\/12\/IMG_0987-488x325.jpg 488w\" sizes=\"auto, (max-width: 405px) 100vw, 405px\" \/>\u00a0\u00a0<img loading=\"lazy\" decoding=\"async\" class=\"alignnone  wp-image-4718\" src=\"http:\/\/www.jofli.net\/bigwood\/wp-content\/uploads\/2016\/08\/33132518_10156481779717360_496597188349001728_n.jpg\" alt=\"33132518_10156481779717360_496597188349001728_n\" width=\"180\" height=\"271\" srcset=\"https:\/\/www.jofli.net\/bigwood\/wp-content\/uploads\/2016\/08\/33132518_10156481779717360_496597188349001728_n.jpg 638w, https:\/\/www.jofli.net\/bigwood\/wp-content\/uploads\/2016\/08\/33132518_10156481779717360_496597188349001728_n-199x300.jpg 199w\" sizes=\"auto, (max-width: 180px) 100vw, 180px\" \/><br \/>\n<em>Pirkka (photos Jenni Flinck)<\/em><\/p>\n<p><img loading=\"lazy\" decoding=\"async\" class=\"alignnone  wp-image-5244\" src=\"http:\/\/www.jofli.net\/bigwood\/wp-content\/uploads\/2020\/01\/pirkka-1024x682.jpg\" alt=\"\" width=\"405\" height=\"270\" srcset=\"https:\/\/www.jofli.net\/bigwood\/wp-content\/uploads\/2020\/01\/pirkka-1024x682.jpg 1024w, https:\/\/www.jofli.net\/bigwood\/wp-content\/uploads\/2020\/01\/pirkka-300x200.jpg 300w, https:\/\/www.jofli.net\/bigwood\/wp-content\/uploads\/2020\/01\/pirkka-768x512.jpg 768w, https:\/\/www.jofli.net\/bigwood\/wp-content\/uploads\/2020\/01\/pirkka-488x325.jpg 488w, https:\/\/www.jofli.net\/bigwood\/wp-content\/uploads\/2020\/01\/pirkka.jpg 2048w\" sizes=\"auto, (max-width: 405px) 100vw, 405px\" \/> <img loading=\"lazy\" decoding=\"async\" class=\"alignnone  wp-image-5245\" src=\"http:\/\/www.jofli.net\/bigwood\/wp-content\/uploads\/2020\/01\/pirkkapaa-684x1024.jpg\" alt=\"\" width=\"180\" height=\"270\" srcset=\"https:\/\/www.jofli.net\/bigwood\/wp-content\/uploads\/2020\/01\/pirkkapaa-684x1024.jpg 684w, https:\/\/www.jofli.net\/bigwood\/wp-content\/uploads\/2020\/01\/pirkkapaa-200x300.jpg 200w, https:\/\/www.jofli.net\/bigwood\/wp-content\/uploads\/2020\/01\/pirkkapaa-768x1150.jpg 768w, https:\/\/www.jofli.net\/bigwood\/wp-content\/uploads\/2020\/01\/pirkkapaa-488x731.jpg 488w\" sizes=\"auto, (max-width: 180px) 100vw, 180px\" \/><\/p>\n<p><a href=\"http:\/\/www.jofli.net\/bigwood\/wp-content\/uploads\/2016\/08\/19366265_10155481499987360_764422671294301265_n.jpg\"><img loading=\"lazy\" decoding=\"async\" class=\"alignnone  wp-image-4386\" src=\"http:\/\/www.jofli.net\/bigwood\/wp-content\/uploads\/2016\/08\/19366265_10155481499987360_764422671294301265_n.jpg\" alt=\"19366265_10155481499987360_764422671294301265_n\" width=\"350\" height=\"525\" srcset=\"https:\/\/www.jofli.net\/bigwood\/wp-content\/uploads\/2016\/08\/19366265_10155481499987360_764422671294301265_n.jpg 640w, https:\/\/www.jofli.net\/bigwood\/wp-content\/uploads\/2016\/08\/19366265_10155481499987360_764422671294301265_n-200x300.jpg 200w\" sizes=\"auto, (max-width: 350px) 100vw, 350px\" \/><\/a><\/p>\n<p><a href=\"http:\/\/www.jofli.net\/bigwood\/wp-content\/uploads\/2016\/08\/IMG_1538.jpg\"><img loading=\"lazy\" decoding=\"async\" class=\"alignnone size-large wp-image-4387\" src=\"http:\/\/www.jofli.net\/bigwood\/wp-content\/uploads\/2016\/08\/IMG_1538-1024x651.jpg\" alt=\"IMG_1538\" width=\"500\" height=\"318\" srcset=\"https:\/\/www.jofli.net\/bigwood\/wp-content\/uploads\/2016\/08\/IMG_1538-1024x651.jpg 1024w, https:\/\/www.jofli.net\/bigwood\/wp-content\/uploads\/2016\/08\/IMG_1538-300x191.jpg 300w, https:\/\/www.jofli.net\/bigwood\/wp-content\/uploads\/2016\/08\/IMG_1538.jpg 2048w\" sizes=\"auto, (max-width: 500px) 100vw, 500px\" \/><\/a><br \/>\n<em>BIS-junior 2017 (photo: Anne Walden)<\/em><\/p>\n<p><img loading=\"lazy\" decoding=\"async\" class=\"alignnone  wp-image-4154\" src=\"http:\/\/www.jofli.net\/bigwood\/wp-content\/uploads\/2016\/08\/IMG_5342-682x1024.jpg\" alt=\"img_5342\" width=\"180\" height=\"270\" srcset=\"https:\/\/www.jofli.net\/bigwood\/wp-content\/uploads\/2016\/08\/IMG_5342-682x1024.jpg 682w, https:\/\/www.jofli.net\/bigwood\/wp-content\/uploads\/2016\/08\/IMG_5342-200x300.jpg 200w, https:\/\/www.jofli.net\/bigwood\/wp-content\/uploads\/2016\/08\/IMG_5342.jpg 799w\" sizes=\"auto, (max-width: 180px) 100vw, 180px\" \/>\u00a0<img loading=\"lazy\" decoding=\"async\" class=\"alignnone  wp-image-4153\" src=\"http:\/\/www.jofli.net\/bigwood\/wp-content\/uploads\/2016\/08\/IMG_5313-1024x683.jpg\" alt=\"img_5313\" width=\"405\" height=\"270\" srcset=\"https:\/\/www.jofli.net\/bigwood\/wp-content\/uploads\/2016\/08\/IMG_5313-1024x683.jpg 1024w, https:\/\/www.jofli.net\/bigwood\/wp-content\/uploads\/2016\/08\/IMG_5313-300x200.jpg 300w, https:\/\/www.jofli.net\/bigwood\/wp-content\/uploads\/2016\/08\/IMG_5313.jpg 1200w\" sizes=\"auto, (max-width: 405px) 100vw, 405px\" \/><br \/>\n<em>Pirkka @ nearly 10 months<\/em><\/p>\n<p><img loading=\"lazy\" decoding=\"async\" class=\"alignnone  wp-image-4133\" src=\"http:\/\/www.jofli.net\/bigwood\/wp-content\/uploads\/2016\/08\/Pirkka.jpg\" alt=\"pirkka\" width=\"404\" height=\"270\" srcset=\"https:\/\/www.jofli.net\/bigwood\/wp-content\/uploads\/2016\/08\/Pirkka.jpg 1000w, https:\/\/www.jofli.net\/bigwood\/wp-content\/uploads\/2016\/08\/Pirkka-300x200.jpg 300w\" sizes=\"auto, (max-width: 404px) 100vw, 404px\" \/> <img loading=\"lazy\" decoding=\"async\" class=\"alignnone  wp-image-4134\" src=\"http:\/\/www.jofli.net\/bigwood\/wp-content\/uploads\/2016\/08\/Pirkka2.jpg\" alt=\"pirkka2\" width=\"179\" height=\"269\" srcset=\"https:\/\/www.jofli.net\/bigwood\/wp-content\/uploads\/2016\/08\/Pirkka2.jpg 640w, https:\/\/www.jofli.net\/bigwood\/wp-content\/uploads\/2016\/08\/Pirkka2-200x300.jpg 200w\" sizes=\"auto, (max-width: 179px) 100vw, 179px\" \/><\/p>\n<p><img loading=\"lazy\" decoding=\"async\" class=\"alignnone size-large wp-image-4031\" src=\"http:\/\/www.jofli.net\/bigwood\/wp-content\/uploads\/2016\/08\/13613675_10154416111887360_5756747242905927529_o-1024x683.jpg\" alt=\"13613675_10154416111887360_5756747242905927529_o\" width=\"500\" height=\"333\" srcset=\"https:\/\/www.jofli.net\/bigwood\/wp-content\/uploads\/2016\/08\/13613675_10154416111887360_5756747242905927529_o-1024x683.jpg 1024w, https:\/\/www.jofli.net\/bigwood\/wp-content\/uploads\/2016\/08\/13613675_10154416111887360_5756747242905927529_o-300x200.jpg 300w, https:\/\/www.jofli.net\/bigwood\/wp-content\/uploads\/2016\/08\/13613675_10154416111887360_5756747242905927529_o.jpg 1200w\" sizes=\"auto, (max-width: 500px) 100vw, 500px\" \/><br \/>\n<em>4,5 months<\/em><\/p>\n<p><img loading=\"lazy\" decoding=\"async\" class=\"alignnone size-large wp-image-4032\" src=\"http:\/\/www.jofli.net\/bigwood\/wp-content\/uploads\/2016\/08\/13765692_10154416760682360_3243599887657683218_o-1024x683.jpg\" alt=\"13765692_10154416760682360_3243599887657683218_o\" width=\"500\" height=\"333\" srcset=\"https:\/\/www.jofli.net\/bigwood\/wp-content\/uploads\/2016\/08\/13765692_10154416760682360_3243599887657683218_o-1024x683.jpg 1024w, https:\/\/www.jofli.net\/bigwood\/wp-content\/uploads\/2016\/08\/13765692_10154416760682360_3243599887657683218_o-300x200.jpg 300w, https:\/\/www.jofli.net\/bigwood\/wp-content\/uploads\/2016\/08\/13765692_10154416760682360_3243599887657683218_o.jpg 1200w\" sizes=\"auto, (max-width: 500px) 100vw, 500px\" \/><\/p>\n<p><img decoding=\"async\" class=\"alignnone size-full wp-image-3897\" src=\"http:\/\/www.jofli.net\/bigwood\/wp-content\/uploads\/2016\/05\/13198413_10154206165307360_6067840995616547136_o.jpg\" alt=\"13198413_10154206165307360_6067840995616547136_o\" width=\"500\" srcset=\"https:\/\/www.jofli.net\/bigwood\/wp-content\/uploads\/2016\/05\/13198413_10154206165307360_6067840995616547136_o.jpg 1000w, https:\/\/www.jofli.net\/bigwood\/wp-content\/uploads\/2016\/05\/13198413_10154206165307360_6067840995616547136_o-300x200.jpg 300w\" sizes=\"(max-width: 1000px) 100vw, 1000px\" \/><\/p>\n","protected":false},"excerpt":{"rendered":"<p>BIG-WOOD\u2019S\u00a0HOITY TOITY Synt d\/o\/b 12.3.2016 Is\u00e4 \u2013 Sire Em\u00e4 \u2013 Dam Kilvroch Pontus Big-Wood&#8217;s Triumph Renown Kasvattaja breeder Johanna Flinck &amp; Raili Suominen, Pattijoki, Finland Omistaja owner Johanna Flinck &amp; Petra Tiittanen, Pattijoki, Finland Terveys health PRA-clear (Laboklin test) Eyes: OK (ECVO 11\/17, 10\/19, 10\/21, 1\/25) Lonkat\/hips: C\/C Kyyn\u00e4rnivelet\/elbows: 0\/0 (clear) Saavutuksia merits Vuoden voitokkain &hellip; <\/p>\n<p><a class=\"more-link btn\" href=\"https:\/\/www.jofli.net\/bigwood\/?page_id=4029\">Continue reading<\/a><\/p>\n","protected":false},"author":1,"featured_media":0,"parent":83,"menu_order":0,"comment_status":"closed","ping_status":"open","template":"template-onecolumn.php","meta":{"footnotes":""},"class_list":["post-4029","page","type-page","status-publish","hentry","nodate","item-wrap"],"_links":{"self":[{"href":"https:\/\/www.jofli.net\/bigwood\/index.php?rest_route=\/wp\/v2\/pages\/4029","targetHints":{"allow":["GET"]}}],"collection":[{"href":"https:\/\/www.jofli.net\/bigwood\/index.php?rest_route=\/wp\/v2\/pages"}],"about":[{"href":"https:\/\/www.jofli.net\/bigwood\/index.php?rest_route=\/wp\/v2\/types\/page"}],"author":[{"embeddable":true,"href":"https:\/\/www.jofli.net\/bigwood\/index.php?rest_route=\/wp\/v2\/users\/1"}],"replies":[{"embeddable":true,"href":"https:\/\/www.jofli.net\/bigwood\/index.php?rest_route=%2Fwp%2Fv2%2Fcomments&post=4029"}],"version-history":[{"count":22,"href":"https:\/\/www.jofli.net\/bigwood\/index.php?rest_route=\/wp\/v2\/pages\/4029\/revisions"}],"predecessor-version":[{"id":5987,"href":"https:\/\/www.jofli.net\/bigwood\/index.php?rest_route=\/wp\/v2\/pages\/4029\/revisions\/5987"}],"up":[{"embeddable":true,"href":"https:\/\/www.jofli.net\/bigwood\/index.php?rest_route=\/wp\/v2\/pages\/83"}],"wp:attachment":[{"href":"https:\/\/www.jofli.net\/bigwood\/index.php?rest_route=%2Fwp%2Fv2%2Fmedia&parent=4029"}],"curies":[{"name":"wp","href":"https:\/\/api.w.org\/{rel}","templated":true}]}}