{"id":35,"date":"2011-01-17T17:40:32","date_gmt":"2011-01-17T15:40:32","guid":{"rendered":"http:\/\/www.jofli.net\/bigwood\/?page_id=35"},"modified":"2014-09-09T19:43:13","modified_gmt":"2014-09-09T17:43:13","slug":"suomeksi","status":"publish","type":"page","link":"https:\/\/www.jofli.net\/bigwood\/?page_id=35","title":{"rendered":"Tietoa rodusta"},"content":{"rendered":"<p>Welsh corgi cardigan on keskikokoinen, s\u00e4k\u00e4korkeuteensa (n. 30 cm) n\u00e4den vahva ja voimakas koira. Historia maatalon karjakoirana ja jokapaikan h\u00f6yl\u00e4n\u00e4 edellytti silt\u00e4 sek\u00e4 henkist\u00e4 ett\u00e4 fyysist\u00e4 kest\u00e4vyytt\u00e4,\u00a0\u00e4lykkyytt\u00e4 ja oma-aloitteisuutta. N\u00e4iden ominaisuuksien tulisi olla nykyp\u00e4iv\u00e4nkin cardilla voimissaan.<\/p>\n<p><img decoding=\"async\" src=\"http:\/\/www.jofli.net\/bigwoods\/kuvat\/rotuinfo_pentukuva.jpg\" alt=\"\" align=\"left\" \/> Cardigan on hyvin uskollinen omalle perheelleen. Vieraista se ei tervehtimisrituaalien j\u00e4lkeen v\u00e4ltt\u00e4m\u00e4tt\u00e4 v\u00e4lit\u00e4 &#8211; tai v\u00e4litt\u00e4\u00e4, jos se hy\u00f6tyy tilanteesta jotenkin itse.\u00a0T\u00e4m\u00e4n persoonallisen rodun ego on korkealla ja se vaatiikin johdonmukaisen kotikasvatuksen. Siit\u00e4 suloisesta pentupallerosta kasvaa vuodessa tomera murkkuik\u00e4inen, jolle jo kasvuvaiheessa tulee olla selv\u00e4t rajat ja paljon rakkautta. Tuohon kauteen kannattaa panostaa. Cardigan antaa sen kyll\u00e4 takaisin korkojen kanssa &#8211; joko hyv\u00e4ss\u00e4 tai pahassa. Ensimm\u00e4isen vuoden aikana luodaan todella paljon pohjaa my\u00f6hemm\u00e4lle yhteisel\u00e4m\u00e4lle.<\/p>\n<p>Liikunnallisena rotuna cardigan pit\u00e4\u00e4 toiminnasta, jossa se saa k\u00e4ytt\u00e4\u00e4 kroppaansa ja \u00e4ly\u00e4\u00e4n. Toiset ovat l\u00f6yt\u00e4neet tiens\u00e4 j\u00e4rjest\u00e4ytyneen koiraharrastuksen pariin (tottelevaisuuskokeet, agility, pelastuskoiratoiminta) ja toiset tyytyv\u00e4t puuhailemaan arjen askareissa. Cardille on aivan sama ollaanko sit\u00e4 treenikent\u00e4ll\u00e4 vai perheen kanssa sienimets\u00e4ll\u00e4, kunhan ollaan ja tehd\u00e4\u00e4n asioita. Cardigan tarvitsee ty\u00f6t\u00e4, piste!<\/p>\n<p>Kaksinkertainen karvapeite vaihtuu noin pari kertaa vuodessa. Rodunharrastajat sanovatkin leikill\u00e4\u00e4n, ett\u00e4 ensimm\u00e4inen alkaa kev\u00e4\u00e4ll\u00e4 ja loppuu syksyyn ja toinen alkaa syksyll\u00e4 ja loppuu kev\u00e4\u00e4seen. Noh, ehkei nyt ihan n\u00e4in, mutta karvanl\u00e4ht\u00f6aikoina kampa ja karsta ovat hy\u00f6dyllisi\u00e4 jos ei itse halua kulkea karvaisissa verkkareissa. Jos haluat karvaamattoman koiran &#8211; \u00e4l\u00e4 laita corgia.<\/p>\n<p>Cardiganit ovat yleens\u00e4 melko pitk\u00e4ik\u00e4isi\u00e4 ja v\u00e4lttyneet (ainakin viel\u00e4 toistaiseksi) vakavasti henke\u00e4 uhkaavilta perinn\u00f6llisilt\u00e4 sairauksilta. Muutama sairaus tulee kuitenkin ehdottomasti nostaa tapetille.<\/p>\n<p>Kondrodystrofinen rakenne (lyhytraajaisuus) altistaa sel\u00e4n v\u00e4lilevyjen muutoksille ja n\u00e4m\u00e4 voivat aiheuttaa selk\u00e4ongelmia &#8211; tai olla aiheuttamatta. Jokainen kalkkeutunut v\u00e4lilevy ei v\u00e4ltt\u00e4m\u00e4tt\u00e4 oireile koskaan vaikka niit\u00e4 olisi paljonkin tai sitten sen ainokaisen kalkkeuman viereinen v\u00e4li pett\u00e4\u00e4. T\u00e4m\u00e4 selk\u00e4asia puhuttaa rodunharrastajia paljon &#8211; toisia avoimesti, toisia vain el\u00e4inl\u00e4\u00e4k\u00e4riss\u00e4 suljetuin ovin. Itse kuulun tuohon ensiksi mainittuun joukkoon. Yhdyn t\u00e4ysin kynologi J.A.U. Yrj\u00f6l\u00e4n sanoihin &#8220;t\u00e4ydellisi\u00e4 koiria on vain valehtelijoilla&#8221;.<\/p>\n<p><img decoding=\"async\" src=\"http:\/\/www.jofli.net\/bigwoods\/kuvat\/rotuinfo_etuosaa.jpg\" alt=\"\" align=\"right\" \/>Lyhytraajaisuus tuo mukanaan my\u00f6s toisen aika ajankohtaisen terveysasian, eturaajojen kasvuh\u00e4iri\u00f6t. Lyhytraajaisuus on jo sin\u00e4ll\u00e4\u00e4n nk. kasvuh\u00e4iri\u00f6, jossa kyyn\u00e4r- ja v\u00e4rttin\u00e4luu kasvavat hiven eri tahtia. T\u00e4m\u00e4 muodostaa rotutyypilliset eturaajat, jotka mukailevat koiran rintakeh\u00e4\u00e4 (kts. kuva). Normaali kasvu voi kuitenkin h\u00e4iriinty\u00e4 tapaturman tai liian nopean kasvun vuoksi ja aiheuttaa kipuja. Aika usein r\u00f6ntgenkuvissa todetaan inkongruenssia, eli kyyn\u00e4rnivelt\u00e4 muodostavien luiden huonoa yhteensopivuutta, &#8220;porrastumaa&#8221;. Lievemmiss\u00e4 tapauksissa selvit\u00e4\u00e4n levolla ja kipul\u00e4\u00e4kkeill\u00e4, vaikeammissa tapauksissa voidaan joutua turvautumaan leikkaushoitoon. Selvitt\u00e4m\u00e4tt\u00e4 on, onko pentuontumisilla yhteytt\u00e4 my\u00f6hemm\u00e4ll\u00e4 i\u00e4ll\u00e4 diagnosoituihin kyyn\u00e4rnivelmuutoksiin, mutta omat kokemukseni ovat ainakin t\u00e4t\u00e4 teoriaa puoltavia.<\/p>\n<p>Muita mainitsemisenarvoisia asioita ovat lonkkanivelen kasvuh\u00e4iri\u00f6t ja silm\u00e4sairaudet. Silm\u00e4sairauksia (mm. kaihi ja verkkokalvon rappeuma PRA) vastustetaan s\u00e4\u00e4nn\u00f6llisill\u00e4 silm\u00e4tarkastuksilla.\u00a0PRA:n osalta on lis\u00e4ksi kehitetty geenitesti, jolla voidaan m\u00e4\u00e4ritt\u00e4\u00e4 tarkoin sairautta perim\u00e4ss\u00e4\u00e4n kantavat. Lonkkanivelten tutkimustulokset eiv\u00e4t ole mairittelevia ja koko rodun keskiarvotulos onkin Suomessa jotain liev\u00e4n kasvuh\u00e4iri\u00f6n (C) ja keskivaikean dysplasian (D) v\u00e4lilt\u00e4. Huojentavaa kuitenkin on se, ett\u00e4 aika harva D-lonkkainenkaan el\u00e4m\u00e4ns\u00e4 aikana oirehtii lonkkiaan ainakaan merkitt\u00e4v\u00e4sti. T\u00e4m\u00e4 ei kuitenkaan poissulje sit\u00e4, etteik\u00f6 t\u00e4t\u00e4 asiaa tulisi ottaa vakavasti. Jalostukselliset keinot ovat kuitenkin niin monimutkaisia, ett\u00e4 siihen ei kyet\u00e4 yhdess\u00e4, kahdessa tai kolmessa koirasukupolvessa ilman, ett\u00e4 rotu populaatiotasolla k\u00e4rsii. Jalostukseen kun on k\u00e4ytett\u00e4v\u00e4 niit\u00e4 muitakin kuin muutamia A-lonkkaisia. Tutkiminen toki maksaa, mutta antaa arvokasta tietoa.<\/p>\n<p>Welsh corgit liittyiv\u00e4t vuoden 2013 alusta PEVISA-ohjelmaan (perinn\u00f6llisten vikojen ja sairauksien vastustamisohjelma). Jatkossa pentueen rekister\u00f6imisen ehtona on, ett\u00e4 vanhemmilla on astutushetkell\u00e4 voimassa oleva silm\u00e4tarkastuslausunto (voimassa aina 24 kk) ja viralliset r\u00f6ntgentutkimuslausunnot lonkka- ja kyyn\u00e4rnivelist\u00e4. Aiemmin jalostukseen k\u00e4ytett\u00e4vien koirien terveystutkimukset olivat vapaaehtoisia.<\/p>\n<p>Jos viel\u00e4 olet kiinnostunut t\u00e4st\u00e4 pienest\u00e4-SUURESTA \u00e4lyn aidosta j\u00e4ttil\u00e4isest\u00e4, suosittelen, ett\u00e4 tutustut sivun laidassa oleviin linkkeihin ja vaikkapa viel\u00e4 alla listattuihin kirjoittamiini artikkeleihin. Jos viel\u00e4kin olet sit\u00e4 mielt\u00e4, ett\u00e4\u00a0kiinnostaa, tervetuloa tutustumaan rotuun tosiel\u00e4m\u00e4ss\u00e4kin.<\/p>\n<p>Pattijoella 9.4.2009<br \/>\nJohanna Flinck<\/p>\n<p>Kirjoittamiani artikkeleita<\/p>\n<ul>\n<li><a href=\"http:\/\/www.jofli.net\/bigwoods\/rodusta.htm\" target=\"_blank\">Millainen otus on Welsh corgi?<\/a> (2008)<br \/>\n&#8211; rotukuvaus luonteesta, terveydentilasta jne. Huom! Artikkeli on kirjoitettu aikana, jolloin jalostukseen k\u00e4ytett\u00e4vilt\u00e4 corgeilta ei edellytetty virallisia terveystarkastuksia. Nykyisin jalostukseen k\u00e4ytett\u00e4vilt\u00e4 koirilta on tutkittava virallisesti silm\u00e4t, lonkat ja kyyn\u00e4rnivelet.<\/li>\n<li><a href=\"http:\/\/www.jofli.net\/bigwoods\/agilitya.htm\" target=\"_blank\">Agility &#8211; laji joka vie menness\u00e4\u00e4n<\/a> (2008)<br \/>\n&#8211; agility\u00e4 welsh corgilla?<\/li>\n<li><a href=\"http:\/\/www.cardicommentary.de\/PDF-filer\/Agility_for_Cardigans.pdf\" target=\"_blank\">Agility for Cardigans<\/a> (2008)<br \/>\n&#8211; Cardi Commentary International, pdf-tiedosto<\/li>\n<\/ul>\n","protected":false},"excerpt":{"rendered":"<p>Welsh corgi cardigan on keskikokoinen, s\u00e4k\u00e4korkeuteensa (n. 30 cm) n\u00e4den vahva ja voimakas koira. Historia maatalon karjakoirana ja jokapaikan h\u00f6yl\u00e4n\u00e4 edellytti silt\u00e4 sek\u00e4 henkist\u00e4 ett\u00e4 fyysist\u00e4 kest\u00e4vyytt\u00e4,\u00a0\u00e4lykkyytt\u00e4 ja oma-aloitteisuutta. N\u00e4iden ominaisuuksien tulisi olla nykyp\u00e4iv\u00e4nkin cardilla voimissaan. Cardigan on hyvin uskollinen omalle perheelleen. Vieraista se ei tervehtimisrituaalien j\u00e4lkeen v\u00e4ltt\u00e4m\u00e4tt\u00e4 v\u00e4lit\u00e4 &#8211; tai v\u00e4litt\u00e4\u00e4, jos se hy\u00f6tyy &hellip; <\/p>\n<p><a class=\"more-link btn\" href=\"https:\/\/www.jofli.net\/bigwood\/?page_id=35\">Continue reading<\/a><\/p>\n","protected":false},"author":1,"featured_media":0,"parent":13,"menu_order":0,"comment_status":"closed","ping_status":"open","template":"template-onecolumn.php","meta":{"footnotes":""},"class_list":["post-35","page","type-page","status-publish","hentry","nodate","item-wrap"],"_links":{"self":[{"href":"https:\/\/www.jofli.net\/bigwood\/index.php?rest_route=\/wp\/v2\/pages\/35","targetHints":{"allow":["GET"]}}],"collection":[{"href":"https:\/\/www.jofli.net\/bigwood\/index.php?rest_route=\/wp\/v2\/pages"}],"about":[{"href":"https:\/\/www.jofli.net\/bigwood\/index.php?rest_route=\/wp\/v2\/types\/page"}],"author":[{"embeddable":true,"href":"https:\/\/www.jofli.net\/bigwood\/index.php?rest_route=\/wp\/v2\/users\/1"}],"replies":[{"embeddable":true,"href":"https:\/\/www.jofli.net\/bigwood\/index.php?rest_route=%2Fwp%2Fv2%2Fcomments&post=35"}],"version-history":[{"count":10,"href":"https:\/\/www.jofli.net\/bigwood\/index.php?rest_route=\/wp\/v2\/pages\/35\/revisions"}],"predecessor-version":[{"id":2945,"href":"https:\/\/www.jofli.net\/bigwood\/index.php?rest_route=\/wp\/v2\/pages\/35\/revisions\/2945"}],"up":[{"embeddable":true,"href":"https:\/\/www.jofli.net\/bigwood\/index.php?rest_route=\/wp\/v2\/pages\/13"}],"wp:attachment":[{"href":"https:\/\/www.jofli.net\/bigwood\/index.php?rest_route=%2Fwp%2Fv2%2Fmedia&parent=35"}],"curies":[{"name":"wp","href":"https:\/\/api.w.org\/{rel}","templated":true}]}}