{"id":2007,"date":"2012-08-21T14:04:44","date_gmt":"2012-08-21T12:04:44","guid":{"rendered":"http:\/\/www.jofli.net\/bigwood\/?page_id=2007"},"modified":"2016-12-28T08:42:47","modified_gmt":"2016-12-28T06:42:47","slug":"tuittu","status":"publish","type":"page","link":"https:\/\/www.jofli.net\/bigwood\/?page_id=2007","title":{"rendered":"TUITTU"},"content":{"rendered":"<p><strong>BIG-WOOD\u2019S MY IHQ INDICA<\/strong><\/p>\n<p><img decoding=\"async\" class=\"alignnone size-full wp-image-3292\" src=\"http:\/\/www.jofli.net\/bigwood\/wp-content\/uploads\/2012\/08\/IMG_3827.jpg\" alt=\"IMG_3827\" height=\"270\" srcset=\"https:\/\/www.jofli.net\/bigwood\/wp-content\/uploads\/2012\/08\/IMG_3827.jpg 800w, https:\/\/www.jofli.net\/bigwood\/wp-content\/uploads\/2012\/08\/IMG_3827-300x200.jpg 300w\" sizes=\"(max-width: 800px) 100vw, 800px\" \/> <img decoding=\"async\" class=\"alignnone size-full wp-image-3293\" src=\"http:\/\/www.jofli.net\/bigwood\/wp-content\/uploads\/2012\/08\/IMG_3857.jpg\" alt=\"IMG_3857\" height=\"270\" srcset=\"https:\/\/www.jofli.net\/bigwood\/wp-content\/uploads\/2012\/08\/IMG_3857.jpg 533w, https:\/\/www.jofli.net\/bigwood\/wp-content\/uploads\/2012\/08\/IMG_3857-200x300.jpg 200w\" sizes=\"(max-width: 533px) 100vw, 533px\" \/><\/p>\n<table border=\"0\" width=\"90%\" cellspacing=\"0\" cellpadding=\"0\">\n<tbody>\n<tr>\n<td>Synt<br \/>\nd\/o\/b<\/td>\n<td>13.6.2012<img decoding=\"async\" src=\"http:\/\/www.jofli.net\/bigwoods\/kuvat\/female.jpg\" alt=\"\" \/><\/td>\n<\/tr>\n<tr>\n<td>Is\u00e4 \u2013 Sire<br \/>\nEm\u00e4 \u2013 Dam<\/td>\n<td>Big-Wood\u2019s Kiwi Inchworm<br \/>\nBig-Wood\u2019s My Trilogy<\/td>\n<\/tr>\n<tr>\n<td>Kasvattaja<br \/>\nbreeder<\/td>\n<td>Johanna Flinck &amp; Raili Suominen<\/td>\n<\/tr>\n<tr>\n<td>Omistaja<br \/>\nowner<\/td>\n<td>Saara Antila &amp; Mikko Palsola, Kerava<\/td>\n<\/tr>\n<tr>\n<td>Terveys<br \/>\nhealth<\/td>\n<td>Lonkat\/hips: E\/E<br \/>\nKyyn\u00e4rnivelet\/elbows: 0\/0 (terveet\/clear)<br \/>\nPolvet\/patellas: 0\/0 (terveet\/clear)<br \/>\nSelk\u00e4\/spine: kuvattu\/x-rayed<br \/>\nSilm\u00e4t\/eyes: OK<br \/>\nPRA-clear<\/td>\n<\/tr>\n<tr>\n<td>Saavutuksia<br \/>\nmerits<\/td>\n<td>\n<ul>\n<li>Suomen muotovalio \/ Finnish Champion<\/li>\n<li>Eestin muotovalio \/\u00a0Estonian Champion<\/li>\n<li>Tokosta koulutustunnus TK1 \/\u00a0TK1 (obedience title)<\/li>\n<li>luonnetesti +144, laukaisukokematon\u00a0\/ Finnish character test passed<\/li>\n<\/ul>\n<\/td>\n<\/tr>\n<\/tbody>\n<\/table>\n<p><img decoding=\"async\" src=\"http:\/\/www.jofli.net\/testisivut\/kuvat\/database.jpg\" alt=\"db\" align=\"left\" \/>TUITTU\u00a0<a href=\"http:\/\/jalostus.kennelliitto.fi\/frmKoira.aspx?RekNo=FI41569%2F12&amp;R=38\" target=\"_blank\">KoiraNet<\/a>\u00a0-tietokannassa<br \/>\nTUITTU in Finnish Kennelclub\u2019s\u00a0<a href=\"http:\/\/jalostus.kennelliitto.fi\/frmKoira.aspx?RekNo=FI41569%2F12&amp;R=38\" target=\"_blank\">DogNet<\/a>\u00a0database<\/p>\n<p><strong>INFO<\/strong><\/p>\n<table border=\"0\" width=\"90%\" cellspacing=\"0\" cellpadding=\"0\">\n<tbody>\n<tr>\n<td width=\"50%\"><img decoding=\"async\" src=\"http:\/\/www.jofli.net\/testisivut\/kuvat\/finflag.jpg\" alt=\"suomeksi\" \/>\u00a0Tuittu l\u00e4hti viett\u00e4m\u00e4\u00e4n aktiivista el\u00e4m\u00e4\u00e4 yhdess\u00e4 Saaran ja Mikon kanssa. K\u00e4mpp\u00e4kavereinaan sill\u00e4 on pemurouvat Emma ja Iita. Lonkkiensa vuoksi Tuittua ei tulla k\u00e4ytt\u00e4m\u00e4\u00e4n jalostukseen.<\/td>\n<td width=\"50%\"><img decoding=\"async\" src=\"http:\/\/www.jofli.net\/testisivut\/kuvat\/ukflag.jpg\" alt=\"english version\" \/>\u00a0Tuittu moved to live with Saara, Mikko and their two Pembroke ladies Emma and Iita. Because of her bad hips, she&#8217;s out of breeding.<\/td>\n<\/tr>\n<\/tbody>\n<\/table>\n<p>&nbsp;<\/p>\n","protected":false},"excerpt":{"rendered":"<p>BIG-WOOD\u2019S MY IHQ INDICA Synt d\/o\/b 13.6.2012 Is\u00e4 \u2013 Sire Em\u00e4 \u2013 Dam Big-Wood\u2019s Kiwi Inchworm Big-Wood\u2019s My Trilogy Kasvattaja breeder Johanna Flinck &amp; Raili Suominen Omistaja owner Saara Antila &amp; Mikko Palsola, Kerava Terveys health Lonkat\/hips: E\/E Kyyn\u00e4rnivelet\/elbows: 0\/0 (terveet\/clear) Polvet\/patellas: 0\/0 (terveet\/clear) Selk\u00e4\/spine: kuvattu\/x-rayed Silm\u00e4t\/eyes: OK PRA-clear Saavutuksia merits Suomen muotovalio \/ Finnish &hellip; <\/p>\n<p><a class=\"more-link btn\" href=\"https:\/\/www.jofli.net\/bigwood\/?page_id=2007\">Continue reading<\/a><\/p>\n","protected":false},"author":1,"featured_media":0,"parent":1914,"menu_order":2,"comment_status":"closed","ping_status":"open","template":"template-onecolumn.php","meta":{"footnotes":""},"class_list":["post-2007","page","type-page","status-publish","hentry","nodate","item-wrap"],"_links":{"self":[{"href":"https:\/\/www.jofli.net\/bigwood\/index.php?rest_route=\/wp\/v2\/pages\/2007","targetHints":{"allow":["GET"]}}],"collection":[{"href":"https:\/\/www.jofli.net\/bigwood\/index.php?rest_route=\/wp\/v2\/pages"}],"about":[{"href":"https:\/\/www.jofli.net\/bigwood\/index.php?rest_route=\/wp\/v2\/types\/page"}],"author":[{"embeddable":true,"href":"https:\/\/www.jofli.net\/bigwood\/index.php?rest_route=\/wp\/v2\/users\/1"}],"replies":[{"embeddable":true,"href":"https:\/\/www.jofli.net\/bigwood\/index.php?rest_route=%2Fwp%2Fv2%2Fcomments&post=2007"}],"version-history":[{"count":16,"href":"https:\/\/www.jofli.net\/bigwood\/index.php?rest_route=\/wp\/v2\/pages\/2007\/revisions"}],"predecessor-version":[{"id":4145,"href":"https:\/\/www.jofli.net\/bigwood\/index.php?rest_route=\/wp\/v2\/pages\/2007\/revisions\/4145"}],"up":[{"embeddable":true,"href":"https:\/\/www.jofli.net\/bigwood\/index.php?rest_route=\/wp\/v2\/pages\/1914"}],"wp:attachment":[{"href":"https:\/\/www.jofli.net\/bigwood\/index.php?rest_route=%2Fwp%2Fv2%2Fmedia&parent=2007"}],"curies":[{"name":"wp","href":"https:\/\/api.w.org\/{rel}","templated":true}]}}