{"id":1850,"date":"2012-05-23T20:50:37","date_gmt":"2012-05-23T18:50:37","guid":{"rendered":"http:\/\/www.jofli.net\/bigwood\/?page_id=1850"},"modified":"2021-04-27T13:40:03","modified_gmt":"2021-04-27T11:40:03","slug":"fizia","status":"publish","type":"page","link":"https:\/\/www.jofli.net\/bigwood\/?page_id=1850","title":{"rendered":"Fizia"},"content":{"rendered":"<p><strong>FARAMUSZKA CONTROVERSIA<\/strong><\/p>\n<p><img loading=\"lazy\" decoding=\"async\" class=\"alignnone  wp-image-2222\" title=\"fifiIMG_7523\" src=\"http:\/\/www.jofli.net\/bigwood\/wp-content\/uploads\/2012\/05\/fifiIMG_7523.jpg\" alt=\"\" width=\"179\" height=\"269\" srcset=\"https:\/\/www.jofli.net\/bigwood\/wp-content\/uploads\/2012\/05\/fifiIMG_7523.jpg 400w, https:\/\/www.jofli.net\/bigwood\/wp-content\/uploads\/2012\/05\/fifiIMG_7523-200x300.jpg 200w\" sizes=\"auto, (max-width: 179px) 100vw, 179px\" \/>\u00a0<img loading=\"lazy\" decoding=\"async\" class=\"alignnone  wp-image-3124\" src=\"http:\/\/www.jofli.net\/bigwood\/wp-content\/uploads\/2012\/05\/vIMG_4026.jpg\" alt=\"vIMG_4026\" width=\"401\" height=\"267\" srcset=\"https:\/\/www.jofli.net\/bigwood\/wp-content\/uploads\/2012\/05\/vIMG_4026.jpg 600w, https:\/\/www.jofli.net\/bigwood\/wp-content\/uploads\/2012\/05\/vIMG_4026-300x200.jpg 300w\" sizes=\"auto, (max-width: 401px) 100vw, 401px\" \/><\/p>\n<p><strong>Synt &#8211; d\/o\/b<\/strong> 26.8.2010<\/p>\n<p><strong>Is\u00e4 \u2013 Sire<\/strong>\u00a0Brookwiev Silver Dollar at Gowerston<br \/>\n<strong>Em\u00e4 \u2013 Dam<\/strong>\u00a0Big-Wood\u2019s Do Controversia<\/p>\n<p><strong>Kasvattaja &#8211; breeder<\/strong> Dorota Paz, Puola<br \/>\n<strong>Omistaja &#8211;\u00a0owner<\/strong> \u00a0Jaana Ruhkala &amp; Johanna Flinck, Ylivieska, Finland<\/p>\n<p><strong>Terveys &#8211;\u00a0health<\/strong><\/p>\n<ul>\n<li>PRA-clear<\/li>\n<li>Lonkat \/ Hips: C<\/li>\n<li>Kyyn\u00e4rnivelet\/Elbows: 0\/0, clear<\/li>\n<li>Silm\u00e4t \/ Eyes: OK<\/li>\n<li>Other tests:\u00a0L\/L (ei kanna pitk\u00e4karvasuuden aiheuttavaa geeni\u00e4 \/ doesn&#8217;t carry long coat gene), Laboklin 2012<\/li>\n<\/ul>\n<p><strong>Saavutuksia &#8211;\u00a0merits<\/strong><\/p>\n<ul>\n<li>PL JMVA \/ PL Junior Champion<\/li>\n<li>PL JV-11 \/ Polish Junior Winner 2011<\/li>\n<li>PZJV-11 \/ Poznan Junior Winner 2011<\/li>\n<\/ul>\n<p><img decoding=\"async\" src=\"http:\/\/www.jofli.net\/testisivut\/kuvat\/database.jpg\" alt=\"db\" align=\"left\" \/><a href=\"http:\/\/jalostus.kennelliitto.fi\/frmKoira.aspx?RekNo=FI27899%2F13&amp;R=38\" target=\"_blank\" rel=\"noopener noreferrer\">FIZIA<\/a>\u00a0KoiraNet -tietokannassa<br \/>\n<a href=\"http:\/\/jalostus.kennelliitto.fi\/frmKoira.aspx?RekNo=FI27899%2F13&amp;R=38\" target=\"_blank\" rel=\"noopener noreferrer\">FIZIA<\/a> in Finnish Kennelclub\u2019s\u00a0DogNet database<\/p>\n<p><strong>INFO<\/strong><\/p>\n<table border=\"0\" width=\"90%\" cellspacing=\"0\" cellpadding=\"0\">\n<tbody>\n<tr>\n<td width=\"50%\"><img decoding=\"async\" src=\"http:\/\/www.jofli.net\/testisivut\/kuvat\/finflag.jpg\" alt=\"suomeksi\" \/>Fizia, suomalaisittain Vitsi on muutti meille Puolasta hein\u00e4kuussa 2012. Vitsi on osoittautunut leikkis\u00e4ksi ja aktiiviseksi koiraksi. Se asuu Johannan siskon perheess\u00e4 Ylivieskassa.<\/td>\n<td width=\"50%\"><img decoding=\"async\" src=\"http:\/\/www.jofli.net\/testisivut\/kuvat\/ukflag.jpg\" alt=\"english version\" \/>Polish Fizia came to our life during July 2012. She has settled very well to live with Johanna&#8217;s sister and her family. Vitsi is very playful and active and very easy to live with.<\/td>\n<\/tr>\n<\/tbody>\n<\/table>\n","protected":false},"excerpt":{"rendered":"<p>FARAMUSZKA CONTROVERSIA \u00a0 Synt &#8211; d\/o\/b 26.8.2010 Is\u00e4 \u2013 Sire\u00a0Brookwiev Silver Dollar at Gowerston Em\u00e4 \u2013 Dam\u00a0Big-Wood\u2019s Do Controversia Kasvattaja &#8211; breeder Dorota Paz, Puola Omistaja &#8211;\u00a0owner \u00a0Jaana Ruhkala &amp; Johanna Flinck, Ylivieska, Finland Terveys &#8211;\u00a0health PRA-clear Lonkat \/ Hips: C Kyyn\u00e4rnivelet\/Elbows: 0\/0, clear Silm\u00e4t \/ Eyes: OK Other tests:\u00a0L\/L (ei kanna pitk\u00e4karvasuuden aiheuttavaa geeni\u00e4 &hellip; <\/p>\n<p><a class=\"more-link btn\" href=\"https:\/\/www.jofli.net\/bigwood\/?page_id=1850\">Continue reading<\/a><\/p>\n","protected":false},"author":1,"featured_media":0,"parent":1321,"menu_order":2,"comment_status":"closed","ping_status":"closed","template":"template-onecolumn.php","meta":{"footnotes":""},"class_list":["post-1850","page","type-page","status-publish","hentry","nodate","item-wrap"],"_links":{"self":[{"href":"https:\/\/www.jofli.net\/bigwood\/index.php?rest_route=\/wp\/v2\/pages\/1850","targetHints":{"allow":["GET"]}}],"collection":[{"href":"https:\/\/www.jofli.net\/bigwood\/index.php?rest_route=\/wp\/v2\/pages"}],"about":[{"href":"https:\/\/www.jofli.net\/bigwood\/index.php?rest_route=\/wp\/v2\/types\/page"}],"author":[{"embeddable":true,"href":"https:\/\/www.jofli.net\/bigwood\/index.php?rest_route=\/wp\/v2\/users\/1"}],"replies":[{"embeddable":true,"href":"https:\/\/www.jofli.net\/bigwood\/index.php?rest_route=%2Fwp%2Fv2%2Fcomments&post=1850"}],"version-history":[{"count":26,"href":"https:\/\/www.jofli.net\/bigwood\/index.php?rest_route=\/wp\/v2\/pages\/1850\/revisions"}],"predecessor-version":[{"id":5174,"href":"https:\/\/www.jofli.net\/bigwood\/index.php?rest_route=\/wp\/v2\/pages\/1850\/revisions\/5174"}],"up":[{"embeddable":true,"href":"https:\/\/www.jofli.net\/bigwood\/index.php?rest_route=\/wp\/v2\/pages\/1321"}],"wp:attachment":[{"href":"https:\/\/www.jofli.net\/bigwood\/index.php?rest_route=%2Fwp%2Fv2%2Fmedia&parent=1850"}],"curies":[{"name":"wp","href":"https:\/\/api.w.org\/{rel}","templated":true}]}}