{"id":155,"date":"2011-01-17T18:56:11","date_gmt":"2011-01-17T16:56:11","guid":{"rendered":"http:\/\/www.jofli.net\/bigwood\/?page_id=155"},"modified":"2019-12-13T15:39:14","modified_gmt":"2019-12-13T13:39:14","slug":"nora","status":"publish","type":"page","link":"https:\/\/www.jofli.net\/bigwood\/?page_id=155","title":{"rendered":"Nora"},"content":{"rendered":"<p><strong>ELEANORA<\/strong><\/p>\n<p><img decoding=\"async\" src=\"http:\/\/www.jofli.net\/bigwoods\/kuvat\/enorac.gif\" alt=\"\"><\/p>\n<table border=\"0\" cellspacing=\"0\" cellpadding=\"0\" width=\"90%\">\n<tbody>\n<tr>\n<td style=\"vertical-align: top;\">Synt<br \/>\nd\/o\/b<\/td>\n<td style=\"vertical-align: top;\">25.10.1983 &#8211; 24.4.1999 <img decoding=\"async\" src=\"http:\/\/www.jofli.net\/bigwoods\/kuvat\/female.jpg\" alt=\"\">&lt;<\/td>\n<\/tr>\n<tr>\n<td style=\"vertical-align: top;\">Is\u00e4 &#8211; Sire<br \/>\nEm\u00e4 &#8211; Dam<\/td>\n<td style=\"vertical-align: top;\"><a href=\"http:\/\/www.jofli.net\/bigwoods\/sukutaulu_eleanora.html\" target=\"_new\" rel=\"noopener noreferrer\"><img decoding=\"async\" src=\"http:\/\/www.jofli.net\/bigwoods\/kuvat\/pedigree_icon.jpg\" alt=\"\" align=\"right\"><\/a>Cardelin&#8217;s Dancing Dino<br \/>\nSasalu Amy Axan<\/td>\n<\/tr>\n<tr>\n<td style=\"vertical-align: top;\">Kasvattaja<br \/>\nbreeder<\/td>\n<td style=\"vertical-align: top;\">Aune Kauranen, Finland<\/td>\n<\/tr>\n<tr>\n<td style=\"vertical-align: top;\">Omistaja<br \/>\nowner<\/td>\n<td>Raili Suominen<\/td>\n<\/tr>\n<tr>\n<td style=\"vertical-align: top;\">Terveys<br \/>\nhealth<\/td>\n<td style=\"vertical-align: top;\">silm\u00e4t\/eyes OK (04\/07), PRA-clear<\/td>\n<\/tr>\n<tr>\n<td style=\"vertical-align: top;\">Saavutuksia<br \/>\nmerits<\/td>\n<td style=\"vertical-align: top;\">\n<ul>\n<li>Suomen muotovalio \/ Fin Ch<\/li>\n<li>Vuoden cardigan 1985 \/ Top Winning Cardigan 1985<\/li>\n<li>Vuoden jalostusnarttu 1988 \/ Top brood bitch 1988<\/li>\n<li>Vuoden veteraani 1991-1993 \/ Top Winning Veteran 1991-1993<\/li>\n<\/ul>\n<\/td>\n<\/tr>\n<\/tbody>\n<\/table>\n<p><img decoding=\"async\" src=\"http:\/\/www.jofli.net\/bigwoods\/kuvat\/database.jpg\" alt=\"db\" align=\"left\">NORA&nbsp;<a href=\"http:\/\/jalostus.kennelliitto.fi\/frmKoira.aspx?RekNo=SF28534C\/83&amp;R=38\" target=\"_blank\" rel=\"noopener noreferrer\">KoiraNet<\/a> -tietokannassa<br \/>\nNORA in Finnish Kennelclub&#8217;s&nbsp;<a href=\"http:\/\/jalostus.kennelliitto.fi\/frmKoira.aspx?RekNo=SF28534C\/83&amp;R=38\" target=\"_blank\" rel=\"noopener noreferrer\">DogNet<\/a> database<\/p>\n<p><strong>INFO<\/strong><\/p>\n<table border=\"0\" cellspacing=\"0\" cellpadding=\"0\" width=\"90%\">\n<tbody>\n<tr>\n<td style=\"vertical-align: top;\" width=\"50%\"><img decoding=\"async\" src=\"http:\/\/www.jofli.net\/bigwoods\/kuvat\/finflag.jpg\" alt=\"suomeksi\"><\/p>\n<p>Nora eli pitk\u00e4n ja hyv\u00e4n el\u00e4m\u00e4n. Sen panos suomalaiselle cardigan-kasvatukselle on ollut suuri ja hyvin monesta sukutaulusta l\u00f6ytyykin jostain kaukaa t\u00e4m\u00e4 supermummo. Nora oli hyvin m\u00e4\u00e4r\u00e4tietoinen, kaunis ja terve pakkaus, tosin vanhemmalla i\u00e4ll\u00e4 muutamat heikommat hetket koettiin selk\u00e4\u00e4 oireillen mutta niist\u00e4kin sisulla selviytyen.<\/p>\n<p>Noran n\u00e4yttelyura oli miltei yht\u00e4 pitk\u00e4 kuin sen el\u00e4m\u00e4kin. Viimeisimm\u00e4n n\u00e4yttelyns\u00e4 se k\u00e4vi Turussa 1998 ollen paras narttu, VSP ja saaden cacibin ohi monen nuoremman kilpailijansa. Noran j\u00e4\u00e4hyv\u00e4iset n\u00e4yttelyareenoille ei siis olleet mitenk\u00e4\u00e4n vaatimattomat.<\/p>\n<p>Nora on my\u00f6s palkittu kerran Messukeskuksen n\u00e4yttelyn vanhimpana koirana.<\/p>\n<p>Nora oli Railin &#8220;kerran el\u00e4m\u00e4ss\u00e4&#8221; koira, jota kaikki j\u00e4iv\u00e4t suunnattomasti kaipaamaan.<\/td>\n<td style=\"vertical-align: top;\" width=\"50%\"><img decoding=\"async\" src=\"http:\/\/www.jofli.net\/bigwoods\/kuvat\/ukflag.jpg\" alt=\"english version\"><\/p>\n<p>Nora was our foundation bitch,&nbsp;strict, beautiful and clever. She was very healthy, despite of some back problems in her older age.<\/p>\n<p>In her last show in Turku International 1998 at age of 14,5 years, Nora was BOS &amp; BOB-veteran. She also won her last CACIBs &#8211; what a lady!<\/p>\n<p>Nora was &#8220;once in a lifetime&#8221; dog for Raili but we all miss her a lot!<\/td>\n<\/tr>\n<\/tbody>\n<\/table>\n<p><img loading=\"lazy\" decoding=\"async\" alt=\"\" src=\"http:\/\/jofli.kuvat.fi\/kuvat\/vanhoja_kuvia\/139_3994.JPG\/full\" class=\"alignnone\" width=\"600\" height=\"381\"><br \/>\n<small>Nora with her puppies in 1986<\/small><\/p>\n","protected":false},"excerpt":{"rendered":"<p>ELEANORA Synt d\/o\/b 25.10.1983 &#8211; 24.4.1999 &lt; Is\u00e4 &#8211; Sire Em\u00e4 &#8211; Dam Cardelin&#8217;s Dancing Dino Sasalu Amy Axan Kasvattaja breeder Aune Kauranen, Finland Omistaja owner Raili Suominen Terveys health silm\u00e4t\/eyes OK (04\/07), PRA-clear Saavutuksia merits Suomen muotovalio \/ Fin Ch Vuoden cardigan 1985 \/ Top Winning Cardigan 1985 Vuoden jalostusnarttu 1988 \/ Top brood &hellip; <\/p>\n<p><a class=\"more-link btn\" href=\"https:\/\/www.jofli.net\/bigwood\/?page_id=155\">Continue reading<\/a><\/p>\n","protected":false},"author":1,"featured_media":0,"parent":88,"menu_order":0,"comment_status":"closed","ping_status":"open","template":"template-onecolumn.php","meta":{"footnotes":""},"class_list":["post-155","page","type-page","status-publish","hentry","nodate","item-wrap"],"_links":{"self":[{"href":"https:\/\/www.jofli.net\/bigwood\/index.php?rest_route=\/wp\/v2\/pages\/155","targetHints":{"allow":["GET"]}}],"collection":[{"href":"https:\/\/www.jofli.net\/bigwood\/index.php?rest_route=\/wp\/v2\/pages"}],"about":[{"href":"https:\/\/www.jofli.net\/bigwood\/index.php?rest_route=\/wp\/v2\/types\/page"}],"author":[{"embeddable":true,"href":"https:\/\/www.jofli.net\/bigwood\/index.php?rest_route=\/wp\/v2\/users\/1"}],"replies":[{"embeddable":true,"href":"https:\/\/www.jofli.net\/bigwood\/index.php?rest_route=%2Fwp%2Fv2%2Fcomments&post=155"}],"version-history":[{"count":7,"href":"https:\/\/www.jofli.net\/bigwood\/index.php?rest_route=\/wp\/v2\/pages\/155\/revisions"}],"predecessor-version":[{"id":5185,"href":"https:\/\/www.jofli.net\/bigwood\/index.php?rest_route=\/wp\/v2\/pages\/155\/revisions\/5185"}],"up":[{"embeddable":true,"href":"https:\/\/www.jofli.net\/bigwood\/index.php?rest_route=\/wp\/v2\/pages\/88"}],"wp:attachment":[{"href":"https:\/\/www.jofli.net\/bigwood\/index.php?rest_route=%2Fwp%2Fv2%2Fmedia&parent=155"}],"curies":[{"name":"wp","href":"https:\/\/api.w.org\/{rel}","templated":true}]}}