{"id":153,"date":"2011-01-17T18:55:59","date_gmt":"2011-01-17T16:55:59","guid":{"rendered":"http:\/\/www.jofli.net\/bigwood\/?page_id=153"},"modified":"2022-05-17T13:43:23","modified_gmt":"2022-05-17T11:43:23","slug":"jesse","status":"publish","type":"page","link":"https:\/\/www.jofli.net\/bigwood\/?page_id=153","title":{"rendered":"Jesse"},"content":{"rendered":"<p><strong>BIG-WOOD&#8217;S ADMAN<\/strong><\/p>\n<p><img decoding=\"async\" class=\"alignnone\" src=\"http:\/\/jofli.net\/bigwoods\/kuvat\/admanc2.jpg\" alt=\"\"><\/p>\n<table border=\"0\" cellspacing=\"0\" cellpadding=\"0\" width=\"90%\">\n<tbody>\n<tr>\n<td style=\"vertical-align: top;\">Synt<br \/>\nd\/o\/b<\/td>\n<td style=\"vertical-align: top;\">25.6.1885 &#8211; 10.7.1998 <img decoding=\"async\" src=\"http:\/\/www.jofli.net\/bigwoods\/kuvat\/male.jpg\" alt=\"\"><\/td>\n<\/tr>\n<tr>\n<td style=\"vertical-align: top;\">Is\u00e4 &#8211; Sire<br \/>\nEm\u00e4 &#8211; Dam<\/td>\n<td style=\"vertical-align: top;\"><a href=\"http:\/\/www.jofli.net\/bigwoods\/sukutaulu_adman.html\" target=\"_new\" rel=\"noopener noreferrer\"><img decoding=\"async\" src=\"http:\/\/www.jofli.net\/bigwoods\/kuvat\/pedigree_icon.jpg\" alt=\"\" align=\"right\"><\/a>Sasalu Amber-Apollo<br \/>\nEleanora<\/td>\n<\/tr>\n<tr>\n<td style=\"vertical-align: top;\">Kasvattaja<br \/>\nbreeder<\/td>\n<td style=\"vertical-align: top;\">Raili Suominen<\/td>\n<\/tr>\n<tr>\n<td style=\"vertical-align: top;\">Omistaja<br \/>\nowner<\/td>\n<td style=\"vertical-align: top;\">Raili Suominen<\/td>\n<\/tr>\n<tr>\n<td style=\"vertical-align: top;\">Terveys<br \/>\nhealth<\/td>\n<td style=\"vertical-align: top;\">silm\u00e4t\/eyes OK<\/td>\n<\/tr>\n<tr>\n<td style=\"vertical-align: top;\">Saavutuksia<br \/>\nmerits<\/td>\n<td style=\"vertical-align: top;\">\n<ul>\n<li>Suomen muotovalio \/ Fin Ch<\/li>\n<\/ul>\n<\/td>\n<\/tr>\n<\/tbody>\n<\/table>\n<p><img decoding=\"async\" src=\"http:\/\/www.jofli.net\/bigwoods\/kuvat\/database.jpg\" alt=\"db\" align=\"left\">JESSE&nbsp;<a href=\"http:\/\/jalostus.kennelliitto.fi\/frmKoira.aspx?RekNo=SF28534C\/83&amp;R=38\" target=\"_blank\" rel=\"noopener noreferrer\">KoiraNet<\/a> -tietokannassa<br \/>\nJESSE in Finnish Kennelclub&#8217;s&nbsp;<a href=\"http:\/\/jalostus.kennelliitto.fi\/frmKoira.aspx?RekNo=SF28534C\/83&amp;R=38\" target=\"_blank\" rel=\"noopener noreferrer\">DogNet<\/a> database<\/p>\n<p><strong>INFO<\/strong><\/p>\n<table border=\"0\" cellspacing=\"0\" cellpadding=\"0\" width=\"90%\">\n<tbody>\n<tr>\n<td style=\"vertical-align: top;\" width=\"50%\"><img decoding=\"async\" src=\"http:\/\/www.jofli.net\/bigwoods\/kuvat\/finflag.jpg\" alt=\"suomeksi\"><\/p>\n<p>Jesse ei k\u00e4ynyt n\u00e4yttelyiss\u00e4 kovinkaan paljon. Se valmistui nuorena muotovalioksi ja palasi kehiin veteraaniluokissa. Viimeisess\u00e4 n\u00e4yttelyss\u00e4\u00e4n Turun Kansainv\u00e4lisess\u00e4 &#8217;98 12,5 vuotiaana tuloksena&nbsp;oli VSP-veteraani ja Paras Uros -kisan 4-sija.<\/p>\n<p>FIN MVA Big-Wood&#8217;s Great Idea, FIN MVA Sunaway Sofia, FIN MVA Sunaway Steven, FIN MVA Mandylay&#8217;s Happy Hope and FIN MVA Mandylay&#8217;s Happy Game ovat Jessen valioj\u00e4lkel\u00e4isi\u00e4. J\u00e4lkel\u00e4isiss\u00e4 on my\u00f6s useita sertill\u00e4 palkittuja, esimerkiksi: Big-Wood&#8217;s Pokerface Cio, joka oli hyvin samann\u00e4k\u00f6inen kuin is\u00e4ns\u00e4.<\/p>\n<p>Jesse kuoli \u00e4killiseen luusy\u00f6p\u00e4\u00e4n 13 vuoden ik\u00e4isen\u00e4. Vuoden kuluttua Jessen kuolemasta, my\u00f6s sen em\u00e4 Eleanora liittyi Jessen seuraan. Nyt he ovat j\u00e4lleen yhdess\u00e4.<\/td>\n<td style=\"vertical-align: top;\" width=\"50%\"><img decoding=\"async\" src=\"http:\/\/www.jofli.net\/bigwoods\/kuvat\/ukflag.jpg\" alt=\"english version\"><\/p>\n<p>After finishing his Ch title easily, Jesse was shown only limitedly. At his last show in Turku International&nbsp;in January 1998 he was BOS-veteran and 4th best male.<\/p>\n<p>Jesse was a good stud male. He&#8217;s father to 5 champions and some CC-winners.<\/p>\n<p>He died to nasty osteosarcom in 1998.<\/td>\n<\/tr>\n<\/tbody>\n<\/table>\n","protected":false},"excerpt":{"rendered":"<p>BIG-WOOD&#8217;S ADMAN Synt d\/o\/b 25.6.1885 &#8211; 10.7.1998 Is\u00e4 &#8211; Sire Em\u00e4 &#8211; Dam Sasalu Amber-Apollo Eleanora Kasvattaja breeder Raili Suominen Omistaja owner Raili Suominen Terveys health silm\u00e4t\/eyes OK Saavutuksia merits Suomen muotovalio \/ Fin Ch JESSE&nbsp;KoiraNet -tietokannassa JESSE in Finnish Kennelclub&#8217;s&nbsp;DogNet database INFO Jesse ei k\u00e4ynyt n\u00e4yttelyiss\u00e4 kovinkaan paljon. Se valmistui nuorena muotovalioksi ja palasi &hellip; <\/p>\n<p><a class=\"more-link btn\" href=\"https:\/\/www.jofli.net\/bigwood\/?page_id=153\">Continue reading<\/a><\/p>\n","protected":false},"author":1,"featured_media":0,"parent":88,"menu_order":2,"comment_status":"closed","ping_status":"closed","template":"template-onecolumn.php","meta":{"footnotes":""},"class_list":["post-153","page","type-page","status-publish","hentry","nodate","item-wrap"],"_links":{"self":[{"href":"https:\/\/www.jofli.net\/bigwood\/index.php?rest_route=\/wp\/v2\/pages\/153","targetHints":{"allow":["GET"]}}],"collection":[{"href":"https:\/\/www.jofli.net\/bigwood\/index.php?rest_route=\/wp\/v2\/pages"}],"about":[{"href":"https:\/\/www.jofli.net\/bigwood\/index.php?rest_route=\/wp\/v2\/types\/page"}],"author":[{"embeddable":true,"href":"https:\/\/www.jofli.net\/bigwood\/index.php?rest_route=\/wp\/v2\/users\/1"}],"replies":[{"embeddable":true,"href":"https:\/\/www.jofli.net\/bigwood\/index.php?rest_route=%2Fwp%2Fv2%2Fcomments&post=153"}],"version-history":[{"count":5,"href":"https:\/\/www.jofli.net\/bigwood\/index.php?rest_route=\/wp\/v2\/pages\/153\/revisions"}],"predecessor-version":[{"id":5183,"href":"https:\/\/www.jofli.net\/bigwood\/index.php?rest_route=\/wp\/v2\/pages\/153\/revisions\/5183"}],"up":[{"embeddable":true,"href":"https:\/\/www.jofli.net\/bigwood\/index.php?rest_route=\/wp\/v2\/pages\/88"}],"wp:attachment":[{"href":"https:\/\/www.jofli.net\/bigwood\/index.php?rest_route=%2Fwp%2Fv2%2Fmedia&parent=153"}],"curies":[{"name":"wp","href":"https:\/\/api.w.org\/{rel}","templated":true}]}}