{"id":147,"date":"2011-01-17T18:54:58","date_gmt":"2011-01-17T16:54:58","guid":{"rendered":"http:\/\/www.jofli.net\/bigwood\/?page_id=147"},"modified":"2022-05-17T13:44:38","modified_gmt":"2022-05-17T11:44:38","slug":"tuuti","status":"publish","type":"page","link":"https:\/\/www.jofli.net\/bigwood\/?page_id=147","title":{"rendered":"Tuuti"},"content":{"rendered":"<p><strong>BIG-WOOD&#8217;S KIWI ANNWYL &#8220;Tuuti&#8221;<\/strong><\/p>\n<p><img decoding=\"async\" src=\"http:\/\/www.jofli.net\/bigwoods\/kuvat\/tuutipalkintoineen.jpg\" alt=\"\" height=\"250\"> <img decoding=\"async\" src=\"http:\/\/www.jofli.net\/bigwoods\/kuvat\/tuutiuimassa.jpg\" alt=\"\" height=\"250\"><\/p>\n<table border=\"0\" cellspacing=\"0\" cellpadding=\"0\" width=\"90%\">\n<tbody>\n<tr>\n<td style=\"vertical-align: top;\">Synt<br \/>\nd\/o\/b<\/td>\n<td style=\"vertical-align: top;\">3.9.2000 &#8211; 24.2.2002&nbsp;<img decoding=\"async\" src=\"http:\/\/www.jofli.net\/bigwoods\/kuvat\/female.jpg\" alt=\"\"><\/td>\n<\/tr>\n<tr>\n<td style=\"vertical-align: top;\">Is\u00e4 &#8211; Sire<br \/>\nEm\u00e4 &#8211; Dam<\/td>\n<td style=\"vertical-align: top;\"><a href=\"http:\/\/www.jofli.net\/bigwoods\/sukutaulu_kiwiannwyl.html\" target=\"_new\" rel=\"noopener\"><img decoding=\"async\" src=\"http:\/\/www.jofli.net\/bigwoods\/kuvat\/pedigree_icon.jpg\" alt=\"\" align=\"right\"><\/a>Badagri Kiwi Fanfare<br \/>\nBig-Wood&#8217;s Qinai Quatincka<\/td>\n<\/tr>\n<tr>\n<td style=\"vertical-align: top;\">Kasvattaja<br \/>\nbreeder<\/td>\n<td style=\"vertical-align: top;\">Johanna Flinck &amp; Raili Suominen<\/td>\n<\/tr>\n<tr>\n<td style=\"vertical-align: top;\">Omistaja<br \/>\nowner<\/td>\n<td style=\"vertical-align: top;\">Johanna Flinck<\/td>\n<\/tr>\n<tr>\n<td style=\"vertical-align: top;\">Terveys<br \/>\nhealth<\/td>\n<td style=\"vertical-align: top;\">PRA-clear<br \/>\nSelk\u00e4\/spine: OK (2002)<br \/>\nEutanasia 1,5 vuotiaana, raju harvinaislaatuinen embryonaalinen karsinooma \/ Euthanasia because of rare embryonal carcinoma.<\/td>\n<\/tr>\n<tr>\n<td>Saavutuksia<br \/>\nmerits<\/td>\n<td style=\"vertical-align: top;\">\n<ul>\n<li>sertivoittaja \/ CC-winner<\/li>\n<li>ROP&amp;BIS2 Corgiseuran 30-vuotisjuhlaerikoisn\u00e4yttelyss\u00e4 2001 \/ BOB &amp; resBIS in Finnish Welsh Corgi Club&#8217;s 30th anniversary show 2001<\/li>\n<\/ul>\n<\/td>\n<\/tr>\n<\/tbody>\n<\/table>\n<p><img decoding=\"async\" src=\"http:\/\/www.jofli.net\/bigwoods\/kuvat\/database.jpg\" alt=\"db\" align=\"left\">TUUTI&nbsp;<a href=\"http:\/\/jalostus.kennelliitto.fi\/frmKoira.aspx?RekNo=FIN41616\/00&amp;R=38\" target=\"_blank\" rel=\"noopener\">KoiraNet<\/a> -tietokannassa<br \/>\nTUUTI in Finnish Kennelclub&#8217;s&nbsp;<a href=\"http:\/\/jalostus.kennelliitto.fi\/frmKoira.aspx?RekNo=FIN41616\/00&amp;R=38\" target=\"_blank\" rel=\"noopener\">DogNet<\/a> database<\/p>\n<p><strong>INFO<\/strong><\/p>\n<table border=\"0\" cellspacing=\"0\" cellpadding=\"0\" width=\"90%\">\n<tbody>\n<tr>\n<td style=\"vertical-align: top;\" width=\"50%\"><img decoding=\"async\" src=\"http:\/\/www.jofli.net\/bigwoods\/kuvat\/finflag.jpg\" alt=\"suomeksi\"><\/p>\n<p><strong>T\u00e4hdenlento, joka olikin meill\u00e4 vain lainassa<\/strong><\/p>\n<p>Tuuti oli iloinen pieni vipelt\u00e4j\u00e4, joka ei koskaan p\u00e4\u00e4ssyt kasvamaan aikuiseksi. Se otettiin meilt\u00e4 pois liian dramaattisesti. Kavala hyvin harvinainen sy\u00f6p\u00e4 vei sen voimat kolmessa viikossa. Nuo kolme diagnoosin j\u00e4lkeist\u00e4 viikkoa sek\u00e4 opettivat ett\u00e4 antoivat meille paljon. Kun tuli aika luovuttaa, viimeinen matka oli helpotus &#8211; helpotus Tuutille ja helpotus meillekin. Tuutilla oli hyv\u00e4 olla. Se p\u00e4\u00e4si pois ennen kuin sairaus olisi riuduttanut sen pirteyden ja muistoihimme olisi j\u00e4\u00e4nyt kuva erilaisesta Tuutista. Emme luovuttaneet p\u00e4iv\u00e4\u00e4k\u00e4\u00e4n liian aikaisin, emmek\u00e4 p\u00e4iv\u00e4\u00e4k\u00e4\u00e4n liian my\u00f6h\u00e4\u00e4n! Kysymyksi\u00e4 aina kuitenkin hiipii mieleen. Miksi Tuuti? Miksi niin nuorena? Miksi niin salakavalasti?<\/p>\n<p>Tuuti antoi meille koko lyhyen el\u00e4m\u00e4ns\u00e4 ajan ilonhetki\u00e4 niin paljon kuin se vain suinkin ehti. Pihalla se k\u00e4vi pituushyppykisaa veljens\u00e4 Totin kanssa halkopinon p\u00e4\u00e4lt\u00e4, r\u00e4pelsi jokaisessa mutaojassa itsens\u00e4 likaiseksi, sis\u00e4ll\u00e4 ikkunalaudat oli tehty sen kiipeilemist\u00e4 ja kikkailemista varten ja kaapinovet availtaviksi.<\/p>\n<p>Siit\u00e4 olisi tullut ihanteellinen toko- tai agilitykoira. Se halusi oppia ja oppikin nopeasti. Pel\u00e4t\u00e4 se ei osannut mit\u00e4\u00e4n eik\u00e4 ket\u00e4\u00e4n!<\/p>\n<p>N\u00e4yttelyihin se ei ehtinyt montaa kertaa, tarkalleen laskettuna nelj\u00e4sti. Ensimm\u00e4isell\u00e4 kerralla se oli ROP-pentu Lahden KV-n\u00e4yttelyss\u00e4 p\u00e4\u00e4sten my\u00f6s BIS-pennun valinnassa 10:n sakkiin. Toisella kerralla se sitten j\u00e4tti itsens\u00e4 Suomen Welsh Corgi Seuran historiaan ollen 30-vuotisjuhlaerikoisn\u00e4yttelyss\u00e4 10 kk:n ik\u00e4isen\u00e4 ROP &amp; BIS-2.<\/p>\n<p>Tuutin lyhyen el\u00e4m\u00e4n tarkoitus oli kai opettaa meit\u00e4 tajuamaan, ettei koskaan voi tiet\u00e4\u00e4 onko niit\u00e4 yhteisi\u00e4 p\u00e4ivi\u00e4 edess\u00e4 paljon vai v\u00e4h\u00e4n. Senp\u00e4 vuoksi kannattaakin nauttia jokaisesta yhdess\u00e4olon hetkest\u00e4!<\/p>\n<p>Kiit\u00e4n kaikkia Tuutin sairastamisen aikaan meit\u00e4 tukeneita yst\u00e4vi\u00e4 sek\u00e4 avuliaita el\u00e4inl\u00e4\u00e4k\u00e4reit\u00e4, erityisesti Jarmo H\u00e4m\u00e4l\u00e4ist\u00e4 ja Juhana Honkavaaraa, jotka jaksoivat aikaansa s\u00e4\u00e4st\u00e4m\u00e4tt\u00e4 paneutua &#8220;Tapaus-Tuutiin&#8221;!<\/p>\n<p>* * *<\/p>\n<p><em>&#8220;Katsellessasi \u00f6ist\u00e4 t\u00e4htitaivasta,<br \/>\ntuntuu sinusta kuin kaikki t\u00e4hdet nauraisivat sinulle,<br \/>\nkoska min\u00e4 asun yhdess\u00e4 niist\u00e4,<br \/>\nkoska min\u00e4 nauran yhdess\u00e4 niist\u00e4.<br \/>\nSinun t\u00e4htesi ovat niit\u00e4, jotka osaavat nauraa.<br \/>\nJa kun sitten olet unohtanut surusi,<br \/>\ntulet aina olemaan iloinen, ett\u00e4 olet tuntenut minut,<br \/>\ntulet aina olemaan yst\u00e4v\u00e4ni.&#8221;<br \/>\n&#8211; Antonie de Saint-Exupery; Pikku Prinssi &#8211;<\/em><\/td>\n<td style=\"vertical-align: top;\" width=\"50%\"><strong><img decoding=\"async\" src=\"http:\/\/www.jofli.net\/bigwoods\/kuvat\/ukflag.jpg\" alt=\"english version\"> <\/strong><\/p>\n<p><strong>Too good to be true?<\/strong><\/p>\n<p>Tuuti was our special dog! Small, happy and true princess of our hearts. Always ready to play &amp; keep fun! She loved water &amp; mud and usually she was muddy and wet.<\/p>\n<p>We didn&#8217;t showed her a lot, only 4 times. First show: BOB puppy &amp; runner up in BIS-finals and the second one was Finnish nat. specialty where she was our &#8220;black horse&#8221; and was BOB &amp; BIS-2 at age of 10 months.<\/p>\n<p>It was a BIG SHOCK when the vet said that there isn&#8217;t any hope&#8230; Tuuti has got very rare embryonal cancer and she showed her illness too late! Tuuti hadn&#8217;t got any time to be ill, she had got too much to do with her fullbrother &amp; best friend Totti.<\/p>\n<p>Only three weeks after vet&#8217;s diagnose we must give up and put Tuuti to sleep. Totti was so upset and alone, despite of his other corgi friends!<\/p>\n<p>* * *<\/p>\n<p><em>Like A Comet<br \/>\nBlazing &#8216;Cross The Evening Sky<br \/>\nGone Too Soon<\/em><\/p>\n<p><em>Like A Rainbow<br \/>\nFading In The Twinkling Of An Eye<br \/>\nGone Too Soon<\/em><\/p>\n<p><em>Shiny And Sparkly<br \/>\nAnd Splendidly Bright<br \/>\nHere One Day<br \/>\nGone One Night<\/em><\/p>\n<p><em>Like The Loss Of Sunlight<br \/>\nOn A Cloudy Afternoon<br \/>\nGone Too Soon<\/em><\/p>\n<p><em>Like A Castle<br \/>\nBuilt Upon A Sandy Beach<br \/>\nGone Too Soon<\/em><\/p>\n<p><em>Like A Perfect Flower<br \/>\nThat Is Just Beyond Your Reach<br \/>\nGone Too Soon<\/em><\/p>\n<p><em>Born To Amuse, To Inspire, To Delight<br \/>\nHere One Day<br \/>\nGone One Night<\/em><\/p>\n<p><em>Like A Sunset<br \/>\nDying With The Rising Of The Moon<br \/>\nGone Too Soon<\/em><\/p>\n<p><em>Gone Too Soon<\/em><\/p>\n<p><em>(Michael Jackson: Gone too soon)<\/em><\/td>\n<\/tr>\n<\/tbody>\n<\/table>\n<p><strong>KUVIA \/ PHOTOS<\/strong><\/p>\n<p><strong><img decoding=\"async\" class=\"alignnone\" src=\"http:\/\/jofli.kuvat.fi\/kuvat\/vanhoja_kuvia\/Joulu2001bTuutinkans.JPG\/full\" alt=\"\" width=\"400\"><\/strong><br \/>\n<small>Tuuti and Likka (Cristyn), Christmas 2001<\/small><\/p>\n<p><img decoding=\"async\" src=\"http:\/\/www.jofli.net\/bigwoods\/kuvat\/tuuti_c_rop_vsp.jpg\" alt=\"\"><br \/>\n<small>Tuuti and her father &#8220;BJ&#8221; at Finnish Welsh Corgi Club&#8217;s 30th anniversary show in 2001 with the judge Cush McNally. Tuuti was BOB and BJ BOS.<\/small><\/p>\n","protected":false},"excerpt":{"rendered":"<p>BIG-WOOD&#8217;S KIWI ANNWYL &#8220;Tuuti&#8221; Synt d\/o\/b 3.9.2000 &#8211; 24.2.2002&nbsp; Is\u00e4 &#8211; Sire Em\u00e4 &#8211; Dam Badagri Kiwi Fanfare Big-Wood&#8217;s Qinai Quatincka Kasvattaja breeder Johanna Flinck &amp; Raili Suominen Omistaja owner Johanna Flinck Terveys health PRA-clear Selk\u00e4\/spine: OK (2002) Eutanasia 1,5 vuotiaana, raju harvinaislaatuinen embryonaalinen karsinooma \/ Euthanasia because of rare embryonal carcinoma. Saavutuksia merits sertivoittaja &hellip; <\/p>\n<p><a class=\"more-link btn\" href=\"https:\/\/www.jofli.net\/bigwood\/?page_id=147\">Continue reading<\/a><\/p>\n","protected":false},"author":1,"featured_media":0,"parent":88,"menu_order":0,"comment_status":"closed","ping_status":"open","template":"template-onecolumn.php","meta":{"footnotes":""},"class_list":["post-147","page","type-page","status-publish","hentry","nodate","item-wrap"],"_links":{"self":[{"href":"https:\/\/www.jofli.net\/bigwood\/index.php?rest_route=\/wp\/v2\/pages\/147","targetHints":{"allow":["GET"]}}],"collection":[{"href":"https:\/\/www.jofli.net\/bigwood\/index.php?rest_route=\/wp\/v2\/pages"}],"about":[{"href":"https:\/\/www.jofli.net\/bigwood\/index.php?rest_route=\/wp\/v2\/types\/page"}],"author":[{"embeddable":true,"href":"https:\/\/www.jofli.net\/bigwood\/index.php?rest_route=\/wp\/v2\/users\/1"}],"replies":[{"embeddable":true,"href":"https:\/\/www.jofli.net\/bigwood\/index.php?rest_route=%2Fwp%2Fv2%2Fcomments&post=147"}],"version-history":[{"count":16,"href":"https:\/\/www.jofli.net\/bigwood\/index.php?rest_route=\/wp\/v2\/pages\/147\/revisions"}],"predecessor-version":[{"id":5687,"href":"https:\/\/www.jofli.net\/bigwood\/index.php?rest_route=\/wp\/v2\/pages\/147\/revisions\/5687"}],"up":[{"embeddable":true,"href":"https:\/\/www.jofli.net\/bigwood\/index.php?rest_route=\/wp\/v2\/pages\/88"}],"wp:attachment":[{"href":"https:\/\/www.jofli.net\/bigwood\/index.php?rest_route=%2Fwp%2Fv2%2Fmedia&parent=147"}],"curies":[{"name":"wp","href":"https:\/\/api.w.org\/{rel}","templated":true}]}}