{"id":1447,"date":"2011-08-21T14:07:14","date_gmt":"2011-08-21T12:07:14","guid":{"rendered":"http:\/\/www.jofli.net\/bigwood\/?page_id=1447"},"modified":"2021-05-04T07:22:13","modified_gmt":"2021-05-04T05:22:13","slug":"tarmo-the-gsd","status":"publish","type":"page","link":"https:\/\/www.jofli.net\/bigwood\/?page_id=1447","title":{"rendered":"Tarmo the GSD"},"content":{"rendered":"<p><strong>GREAT SHEPHERD&#8217;S ROBOCOP<\/strong><\/p>\n<p><img decoding=\"async\" class=\"alignnone size-full wp-image-3122\" src=\"http:\/\/www.jofli.net\/bigwood\/wp-content\/uploads\/2011\/08\/IMG_2484.jpg\" alt=\"IMG_2484\" width=\"500\" srcset=\"https:\/\/www.jofli.net\/bigwood\/wp-content\/uploads\/2011\/08\/IMG_2484.jpg 799w, https:\/\/www.jofli.net\/bigwood\/wp-content\/uploads\/2011\/08\/IMG_2484-300x200.jpg 300w\" sizes=\"(max-width: 799px) 100vw, 799px\" \/><\/p>\n<table border=\"0\" width=\"90%\" cellspacing=\"0\" cellpadding=\"0\">\n<tbody>\n<tr>\n<td style=\"vertical-align: top;\"><strong>Synt<\/strong><br \/>\n<strong>d\/o\/b<\/strong><\/td>\n<td style=\"vertical-align: top;\">1.5.2011<\/td>\n<\/tr>\n<tr>\n<td style=\"vertical-align: top;\"><strong>Is\u00e4 &#8211; Sire<\/strong><br \/>\n<strong>Em\u00e4 &#8211; Dam<\/strong><\/td>\n<td style=\"vertical-align: top;\">Zirius von der Fasanerie<br \/>\nGreat Shepherd&#8217;s Mad-Maggie<\/td>\n<\/tr>\n<tr>\n<td style=\"vertical-align: top;\"><strong>Kasvattaja<\/strong><br \/>\n<strong>breeder<\/strong><\/td>\n<td style=\"vertical-align: top;\">Tiina Rytk\u00f6nen, Revonlahti (<a href=\"http:\/\/tiinar.nettisivu.org\/\" target=\"_blank\" rel=\"noopener noreferrer\">Great Shepherd&#8217;s<\/a>)<\/td>\n<\/tr>\n<tr>\n<td style=\"vertical-align: top;\"><strong>Omistaja<\/strong><br \/>\n<strong>owner<\/strong><\/td>\n<td style=\"vertical-align: top;\">Tapio Flinck, Pattijoki, Finland<\/td>\n<\/tr>\n<tr>\n<td style=\"vertical-align: top;\"><strong>Terveys<\/strong><br \/>\n<strong>health<\/strong><\/td>\n<td style=\"vertical-align: top;\">\n<ul>\n<li>Lonkat\/hips: B\/B<\/li>\n<li>Kyyn\u00e4rnivelet\/elbows: 0\/0<\/li>\n<li>Olat\/shoulders: clear<\/li>\n<li>Selk\u00e4\/spine: clear<\/li>\n<li>Ei allergioita \/ no allergies<\/li>\n<li>Kastroitu \/ castrated<\/li>\n<\/ul>\n<\/td>\n<\/tr>\n<tr>\n<td style=\"vertical-align: top;\">Saavutuksia<br \/>\nmerits<\/td>\n<td style=\"vertical-align: top;\">LTE +155, laukaisuvarma<br \/>\nKilpaillut agilityss\u00e4 \/ competed in agility<\/td>\n<\/tr>\n<\/tbody>\n<\/table>\n<p><img decoding=\"async\" src=\"http:\/\/www.jofli.net\/bigwoods\/kuvat\/database.jpg\" alt=\"db\" align=\"left\" \/>TARMO\u00a0<a href=\"http:\/\/jalostus.kennelliitto.fi\/frmKoira.aspx?RekNo=FI31221%2F11&amp;R=166\" target=\"_blank\" rel=\"noopener noreferrer\">KoiraNet<\/a> -tietokannassa<br \/>\nTARMO in Finnish Kennelclub\u2019s\u00a0<a href=\"http:\/\/jalostus.kennelliitto.fi\/frmKoira.aspx?RekNo=FI31221%2F11&amp;R=166\" target=\"_blank\" rel=\"noopener noreferrer\">DogNet<\/a> database<\/p>\n<p><strong>INFO<\/strong><\/p>\n<table border=\"0\" width=\"90%\" cellspacing=\"0\" cellpadding=\"0\">\n<tbody>\n<tr>\n<td style=\"vertical-align: top;\" width=\"50%\"><img decoding=\"async\" src=\"http:\/\/www.jofli.net\/bigwoods\/kuvat\/finflag.jpg\" alt=\"suomeksi\" \/>Tapsan lahja &#8211; yll\u00e4tys vailla vertaa. Koira, jonka muuttamista meille hieman ep\u00e4iltiin, mutta joka on osoittanut kaikki mietteet turhiksi. Uskollinen perhekoira, aktiivinen lenkkikaveri, terve harrastuskumppani. Se ei ehk\u00e4 ole koiramaailman Rin-Tin-Tin, mutta Ran-Tan-Plan on meille ihan hyv\u00e4!<\/td>\n<td style=\"vertical-align: top;\" width=\"50%\"><img decoding=\"async\" src=\"http:\/\/www.jofli.net\/bigwoods\/kuvat\/ukflag.jpg\" alt=\"english version\" \/>Tarmo came to us as a gift, amazing gift. He is not RinTinTin-typed dog, but this RanTanPlan-dog is perfect to us. He is very healthy, active, kind and obedient dog.<\/td>\n<\/tr>\n<\/tbody>\n<\/table>\n<p><strong>KUVIA \/ PHOTOS<\/strong><\/p>\n<p>*own <a href=\"http:\/\/jofli.kuvat.fi\/kuvat\/Omien+koirien+galleriat\/Tarmo\/\" target=\"_blank\" rel=\"noopener noreferrer\">photo gallery<\/a>*<\/p>\n<p><img loading=\"lazy\" decoding=\"async\" class=\"alignnone\" src=\"http:\/\/jofli.kuvat.fi\/kuvat\/Omien+koirien+galleriat\/Tarmo\/taIMG_3045.JPG\/_small.jpg?hash=65269\" alt=\"\" width=\"405\" height=\"270\" \/> <img loading=\"lazy\" decoding=\"async\" class=\"alignnone\" src=\"http:\/\/jofli.kuvat.fi\/kuvat\/Omien+koirien+galleriat\/Tarmo\/18IMG_2864.JPG\/_small.jpg?hash=65436\" alt=\"\" width=\"180\" height=\"270\" \/><\/p>\n<p><img decoding=\"async\" class=\"alignnone\" src=\"http:\/\/jofli.kuvat.fi\/kuvat\/Omien+koirien+galleriat\/Tarmo\/taIMG_0051.JPG\/full\" alt=\"\" width=\"500\" \/><\/p>\n","protected":false},"excerpt":{"rendered":"<p>GREAT SHEPHERD&#8217;S ROBOCOP Synt d\/o\/b 1.5.2011 Is\u00e4 &#8211; Sire Em\u00e4 &#8211; Dam Zirius von der Fasanerie Great Shepherd&#8217;s Mad-Maggie Kasvattaja breeder Tiina Rytk\u00f6nen, Revonlahti (Great Shepherd&#8217;s) Omistaja owner Tapio Flinck, Pattijoki, Finland Terveys health Lonkat\/hips: B\/B Kyyn\u00e4rnivelet\/elbows: 0\/0 Olat\/shoulders: clear Selk\u00e4\/spine: clear Ei allergioita \/ no allergies Kastroitu \/ castrated Saavutuksia merits LTE +155, laukaisuvarma &hellip; <\/p>\n<p><a class=\"more-link btn\" href=\"https:\/\/www.jofli.net\/bigwood\/?page_id=1447\">Continue reading<\/a><\/p>\n","protected":false},"author":1,"featured_media":0,"parent":88,"menu_order":10,"comment_status":"closed","ping_status":"closed","template":"template-onecolumn.php","meta":{"footnotes":""},"class_list":["post-1447","page","type-page","status-publish","hentry","nodate","item-wrap"],"_links":{"self":[{"href":"https:\/\/www.jofli.net\/bigwood\/index.php?rest_route=\/wp\/v2\/pages\/1447","targetHints":{"allow":["GET"]}}],"collection":[{"href":"https:\/\/www.jofli.net\/bigwood\/index.php?rest_route=\/wp\/v2\/pages"}],"about":[{"href":"https:\/\/www.jofli.net\/bigwood\/index.php?rest_route=\/wp\/v2\/types\/page"}],"author":[{"embeddable":true,"href":"https:\/\/www.jofli.net\/bigwood\/index.php?rest_route=\/wp\/v2\/users\/1"}],"replies":[{"embeddable":true,"href":"https:\/\/www.jofli.net\/bigwood\/index.php?rest_route=%2Fwp%2Fv2%2Fcomments&post=1447"}],"version-history":[{"count":11,"href":"https:\/\/www.jofli.net\/bigwood\/index.php?rest_route=\/wp\/v2\/pages\/1447\/revisions"}],"predecessor-version":[{"id":5161,"href":"https:\/\/www.jofli.net\/bigwood\/index.php?rest_route=\/wp\/v2\/pages\/1447\/revisions\/5161"}],"up":[{"embeddable":true,"href":"https:\/\/www.jofli.net\/bigwood\/index.php?rest_route=\/wp\/v2\/pages\/88"}],"wp:attachment":[{"href":"https:\/\/www.jofli.net\/bigwood\/index.php?rest_route=%2Fwp%2Fv2%2Fmedia&parent=1447"}],"curies":[{"name":"wp","href":"https:\/\/api.w.org\/{rel}","templated":true}]}}