{"id":143,"date":"2011-01-17T18:54:14","date_gmt":"2011-01-17T16:54:14","guid":{"rendered":"http:\/\/www.jofli.net\/bigwood\/?page_id=143"},"modified":"2022-05-17T13:44:24","modified_gmt":"2022-05-17T11:44:24","slug":"titus","status":"publish","type":"page","link":"https:\/\/www.jofli.net\/bigwood\/?page_id=143","title":{"rendered":"Titus"},"content":{"rendered":"<p><strong>BIG-WOOD&#8217;S QUESHI QUARDIAN<\/strong><\/p>\n<p><img decoding=\"async\" src=\"http:\/\/www.jofli.net\/bigwoods\/kuvat\/TitusHead300707.jpg\" alt=\"\" height=\"250\"> <img decoding=\"async\" src=\"http:\/\/www.jofli.net\/bigwoods\/kuvat\/Titus190707.jpg\" alt=\"\" height=\"250\"><small>(at age of 12,5 years)<\/small><\/p>\n<table border=\"0\" cellspacing=\"0\" cellpadding=\"0\" width=\"90%\">\n<tbody>\n<tr>\n<td style=\"vertical-align: top;\">Synt<br \/>\nd\/o\/b<\/td>\n<td style=\"vertical-align: top;\">01.02.1995 &#8211; 22.2.2009<img decoding=\"async\" src=\"http:\/\/www.jofli.net\/bigwoods\/kuvat\/male.jpg\" alt=\"\"><\/td>\n<\/tr>\n<tr>\n<td style=\"vertical-align: top;\">Is\u00e4 &#8211; Sire<br \/>\nEm\u00e4 &#8211; Dam<\/td>\n<td style=\"vertical-align: top;\"><a href=\"http:\/\/www.jofli.net\/bigwoods\/sukutaulu_queshiquardian.html\" target=\"_new\" rel=\"noopener\"><img decoding=\"async\" src=\"http:\/\/www.jofli.net\/bigwoods\/kuvat\/pedigree_icon.jpg\" alt=\"\" align=\"right\"><\/a>Imago&#8217;s Zephyr<br \/>\nCesrose Noela<\/td>\n<\/tr>\n<tr>\n<td style=\"vertical-align: top;\">Kasvattaja<br \/>\nbreeder<\/td>\n<td style=\"vertical-align: top;\">Johanna Flinck &amp; Raili Suominen<\/td>\n<\/tr>\n<tr>\n<td style=\"vertical-align: top;\">Omistaja<br \/>\nowner<\/td>\n<td>Johanna Flinck, Finland<\/td>\n<\/tr>\n<tr>\n<td style=\"vertical-align: top;\">Terveys<br \/>\nhealth<\/td>\n<td style=\"vertical-align: top;\">PRA-clear, silm\u00e4t\/eyes OK (1996, 1997 &amp; 1999)<br \/>\nLonkat\/hips: B, Kyyn\u00e4r\u00e4t\/elbows: 0\/0<br \/>\nSelk\u00e4\/spine: terve\/healthy (1997 &amp; 2001)<\/td>\n<\/tr>\n<tr>\n<td style=\"vertical-align: top;\">Saavutuksia<br \/>\nmerits<\/td>\n<td style=\"vertical-align: top;\">\n<ul>\n<li>Pohjoismaiden muotovalio \/ Nordic Ch<\/li>\n<li>Suomen muotovalio \/ FIN Ch<\/li>\n<li>Ruotsin muotovalio \/ S Ch<\/li>\n<li>Norjan muotovalio \/ N Ch<\/li>\n<li>BIS1-j\u00e4lkel\u00e4isluokkia erikoisn\u00e4yttelyiss\u00e4 \/ BIS1 progeny groups in FWCC&#8217;s nat. specialties<\/li>\n<li>BIS1-j\u00e4lkel\u00e4isluokka Kennelliiton Voittaja-00 n\u00e4yttelyss\u00e4 \/ BIS1 progeny group in Finnish Winner 2000<\/li>\n<li>Luonnetesti +95, laukaisuvarma \/ mental test passed<\/li>\n<\/ul>\n<\/td>\n<\/tr>\n<\/tbody>\n<\/table>\n<p><img decoding=\"async\" src=\"http:\/\/www.jofli.net\/bigwoods\/kuvat\/database.jpg\" alt=\"db\" align=\"left\">TITUS&nbsp;<a href=\"http:\/\/jalostus.kennelliitto.fi\/frmKoira.aspx?RekNo=FIN19612\/95&amp;R=38\" target=\"_blank\" rel=\"noopener\">KoiraNet<\/a> -tietokannassa<br \/>\nTITUS in Finnish Kennelclub&#8217;s&nbsp;<a href=\"http:\/\/jalostus.kennelliitto.fi\/frmKoira.aspx?RekNo=FIN19612\/95&amp;R=38\" target=\"_blank\" rel=\"noopener\">DogNet<\/a> database<\/p>\n<p><strong>INFO<\/strong><\/p>\n<table border=\"0\" cellspacing=\"0\" cellpadding=\"0\" width=\"90%\">\n<tbody>\n<tr>\n<td style=\"vertical-align: top;\" width=\"50%\"><img decoding=\"async\" src=\"http:\/\/www.jofli.net\/bigwoods\/kuvat\/finflag.jpg\" alt=\"suomeksi\"><\/p>\n<p><strong><em>P\u00e4ivitys 1.3.2009:<\/em><\/strong><\/p>\n<p>Titus l\u00e4hti luotamme saappaat jalassa. Se sai 18.2. aamuy\u00f6ll\u00e4 epileptisen kohtauksen, josta se palautui hyvin. Toinen kohtaus tuli aamuy\u00f6ll\u00e4 22.2. ja kolmatta emme en\u00e4\u00e4 halunneet sen kokevan. Titus nukutettiin ikiuneen muutaman tunnin kuluttua kohtauksesta. Titus on poissa.<\/p>\n<p>* * *<\/p>\n<p>Tituksen el\u00e4m\u00e4ss\u00e4 tapahtui nuoruudessa paljon ja pipo p\u00e4\u00e4si v\u00e4lill\u00e4 kiristym\u00e4\u00e4n v\u00e4h\u00e4n liiaksikin asti. Palattuaan takaisin syntym\u00e4kotiin, Titus alkoi harrastella agility\u00e4 aikansa kuluksi. Vuodet on hioivat pahimmat s\u00e4rm\u00e4t ja alta on kuoriutunut nyt varsin terhakka ja positiivisella el\u00e4m\u00e4nasenteella kuorrutettu ter\u00e4svaari.<\/p>\n<p>Vieriv\u00e4 kivi ei sammaloidu, joten energisen\u00e4 otuksena Tituskin on pysynyt oikein hyv\u00e4ss\u00e4 kuosissa. Se vaikuttaa paljon ik\u00e4ist\u00e4\u00e4n nuoremmalta ja on onneksemme pysynyt hyvin terveen\u00e4 muutaman vuoden takaisia ohimenneit\u00e4 miestenvaivoja lukuun ottamatta.<\/p>\n<p>Titus ei tahdo olla viel\u00e4 el\u00e4kel\u00e4inen, jonka vuoksi se on kes\u00e4n 2007 aikana piipahtanut muutamassa n\u00e4yttelyss\u00e4kin aika kovin tuloksin. Suurin saavutus on ehdottomasti Rovaniemen kansainv\u00e4linen n\u00e4yttely, jossa se oli ohi nuorempiensa rotunsa paras ja rotunsa paras veteraani. T\u00e4ss\u00e4 Paula Heikkinen-Lehkosen arvostelu papasta:<\/p>\n<p><em>&#8220;\u00c4llistytt\u00e4v\u00e4n hyv\u00e4kuntoinen, reipas ja virke\u00e4 12-vuotias. Koira on muutenkin hyv\u00e4rakenteinen ja liikkuu kuin nuori koira. Hyv\u00e4 p\u00e4\u00e4n profiili, kiinte\u00e4 suora selk\u00e4, pitk\u00e4 tilava rintakeh\u00e4, puhtaat hampaat. Silm\u00e4t jo hieman samentuneet, mutta mist\u00e4\u00e4n ei muuten n\u00e4e korkeaa ik\u00e4\u00e4.&#8221;<\/em><\/td>\n<td style=\"vertical-align: top;\" width=\"50%\"><img decoding=\"async\" src=\"http:\/\/www.jofli.net\/bigwoods\/kuvat\/ukflag.jpg\" alt=\"english version\"><\/p>\n<p><strong>1.3.2009:<\/strong><\/p>\n<p>Titus has left us suddenly. He got his first seizure on Feb 18th and the second one came on Feb 22nd. We didn&#8217;t want to see him suffer the 3rd one, so we let him go over the brigde. Farewell Titus. We&#8217;ll always miss you!<\/p>\n<p>* * *<\/p>\n<p>He is positive and active old guy who is the boss of our Cardigan boys. He has always been so healthy. Some years ago he had some prostata problems, but nothing more.<\/p>\n<p>Titus is very classic cardigan with excellent topline &amp; overall body. He is still in very good shape and we have showed him some times during the summer 2007. He hit the jackpot in Rovaniemi international where he was BOB &amp; BOB-vetera over all youngsters. Well done Titus!<\/p>\n<p>Titus has progeny in Finland and USA. His most succeed puppies are INT Ch Big-Wood&#8217;s Tirion, INT Ch Big-Wood&#8217;s Tiny Titus and FIN Ch Big-Wood&#8217;s Whippersnapper.<\/p>\n<p><img decoding=\"async\" src=\"http:\/\/www.jofli.net\/bigwoods\/kuvat\/BISmessarissa.jpg\" alt=\"\"><br \/>\n<em><small>BIS1 progeny group in Finnish Kennelclub&#8217;s international<br \/>\n<\/small><\/em><small><em>Winner show 2000 (photo: Markku M\u00e4h\u00f6nen)<\/em><\/small><\/td>\n<\/tr>\n<\/tbody>\n<\/table>\n<p><strong>KUVIA \/ PHOTOS<\/strong><\/p>\n<p><img decoding=\"async\" src=\"http:\/\/www.jofli.net\/bigwoods\/kuvat\/TitusMelkein14.jpg\" alt=\"\" width=\"450\"><small>Almost 14 yrs<\/small><\/p>\n<p><img decoding=\"async\" src=\"http:\/\/www.jofli.net\/bigwoods\/kuvat\/TituksensivullePainia.jpg\" alt=\"\" width=\"450\"><small>Titus &amp; her daughter Ringa (Jan 2009)<\/small><\/p>\n<p><img decoding=\"async\" src=\"http:\/\/www.jofli.net\/bigwoods\/kuvat\/TitusErkassa07.jpg\" alt=\"\" width=\"450\"><small>Titus at FWCC&#8217;s specialty 2007<\/small><\/p>\n<p><img decoding=\"async\" src=\"http:\/\/www.jofli.net\/bigwoods\/kuvat\/Titus031206_liikk.jpg\" alt=\"\" width=\"450\"><small>Almost 12 yrs<\/small><\/p>\n<p><img decoding=\"async\" src=\"http:\/\/www.jofli.net\/bigwoods\/kuvat\/titus2004.jpg\" alt=\"\" width=\"450\"><small>9 yrs<\/small><\/p>\n","protected":false},"excerpt":{"rendered":"<p>BIG-WOOD&#8217;S QUESHI QUARDIAN (at age of 12,5 years) Synt d\/o\/b 01.02.1995 &#8211; 22.2.2009 Is\u00e4 &#8211; Sire Em\u00e4 &#8211; Dam Imago&#8217;s Zephyr Cesrose Noela Kasvattaja breeder Johanna Flinck &amp; Raili Suominen Omistaja owner Johanna Flinck, Finland Terveys health PRA-clear, silm\u00e4t\/eyes OK (1996, 1997 &amp; 1999) Lonkat\/hips: B, Kyyn\u00e4r\u00e4t\/elbows: 0\/0 Selk\u00e4\/spine: terve\/healthy (1997 &amp; 2001) Saavutuksia merits &hellip; <\/p>\n<p><a class=\"more-link btn\" href=\"https:\/\/www.jofli.net\/bigwood\/?page_id=143\">Continue reading<\/a><\/p>\n","protected":false},"author":1,"featured_media":0,"parent":88,"menu_order":0,"comment_status":"closed","ping_status":"open","template":"template-onecolumn.php","meta":{"footnotes":""},"class_list":["post-143","page","type-page","status-publish","hentry","nodate","item-wrap"],"_links":{"self":[{"href":"https:\/\/www.jofli.net\/bigwood\/index.php?rest_route=\/wp\/v2\/pages\/143","targetHints":{"allow":["GET"]}}],"collection":[{"href":"https:\/\/www.jofli.net\/bigwood\/index.php?rest_route=\/wp\/v2\/pages"}],"about":[{"href":"https:\/\/www.jofli.net\/bigwood\/index.php?rest_route=\/wp\/v2\/types\/page"}],"author":[{"embeddable":true,"href":"https:\/\/www.jofli.net\/bigwood\/index.php?rest_route=\/wp\/v2\/users\/1"}],"replies":[{"embeddable":true,"href":"https:\/\/www.jofli.net\/bigwood\/index.php?rest_route=%2Fwp%2Fv2%2Fcomments&post=143"}],"version-history":[{"count":10,"href":"https:\/\/www.jofli.net\/bigwood\/index.php?rest_route=\/wp\/v2\/pages\/143\/revisions"}],"predecessor-version":[{"id":5686,"href":"https:\/\/www.jofli.net\/bigwood\/index.php?rest_route=\/wp\/v2\/pages\/143\/revisions\/5686"}],"up":[{"embeddable":true,"href":"https:\/\/www.jofli.net\/bigwood\/index.php?rest_route=\/wp\/v2\/pages\/88"}],"wp:attachment":[{"href":"https:\/\/www.jofli.net\/bigwood\/index.php?rest_route=%2Fwp%2Fv2%2Fmedia&parent=143"}],"curies":[{"name":"wp","href":"https:\/\/api.w.org\/{rel}","templated":true}]}}