{"id":135,"date":"2011-01-17T18:52:08","date_gmt":"2011-01-17T16:52:08","guid":{"rendered":"http:\/\/www.jofli.net\/bigwood\/?page_id=135"},"modified":"2022-05-17T13:45:06","modified_gmt":"2022-05-17T11:45:06","slug":"nata","status":"publish","type":"page","link":"https:\/\/www.jofli.net\/bigwood\/?page_id=135","title":{"rendered":"Nata"},"content":{"rendered":"<p><strong>NEWCARD&#8217;S NATALIE WOOD<\/strong><\/p>\n<p><img decoding=\"async\" src=\"http:\/\/www.jofli.net\/bigwoods\/kuvat\/NatalieWood.jpg\" alt=\"\" width=\"500\"><br \/>\n<small>Photo: Tarja Mulari<\/small><\/p>\n<table border=\"0\" width=\"90%\" cellspacing=\"0\" cellpadding=\"0\">\n<tbody>\n<tr>\n<td style=\"vertical-align: top;\">Synt<br \/>\nd\/o\/b<\/td>\n<td style=\"vertical-align: top;\">12.1.2006 &#8211; 16.4.2012<\/td>\n<\/tr>\n<tr>\n<td style=\"vertical-align: top;\">Is\u00e4 &#8211; Sire<br \/>\nEm\u00e4 &#8211; Dam<\/td>\n<td style=\"vertical-align: top;\"><a href=\"http:\/\/www.jofli.net\/bigwoods\/sukutaulu_nataliewood.html\" target=\"_new\" rel=\"noopener\"><img decoding=\"async\" src=\"http:\/\/www.jofli.net\/testisivut\/kuvat\/pedigree_icon.jpg\" alt=\"pedigree\" align=\"right\"><\/a>Newcard&#8217;s Lord Of The Rings<br \/>\nKilvroch My Romance<\/td>\n<\/tr>\n<tr>\n<td style=\"vertical-align: top;\">Kasvattaja<br \/>\nbreeder<\/td>\n<td style=\"vertical-align: top;\">Jaana Juponaho, Finland<\/td>\n<\/tr>\n<tr>\n<td style=\"vertical-align: top;\">Omistaja<br \/>\nowner<\/td>\n<td style=\"vertical-align: top;\">Tarja Mulari (knl Ravenous) &amp; Johanna Flinck, Jyv\u00e4skyl\u00e4<\/td>\n<\/tr>\n<tr>\n<td style=\"vertical-align: top;\">Terveys<br \/>\nhealth<\/td>\n<td style=\"vertical-align: top;\">PRA-clear, silm\u00e4t\/eyes OK (2009)Lonkat\/Hips: D\/D,<br \/>\nKyyn\u00e4r\u00e4t&amp;polvet\/Elbows &amp; knees: clear<br \/>\nSelk\u00e4\/Spine: kolmea minimaalista kalkkeumaa lukuunottamatta terve (2007) \/ healthy despite of three minimal sized calcium changes (2007)<\/td>\n<\/tr>\n<tr>\n<td style=\"vertical-align: top;\">Saavutuksia<br \/>\nmerits<\/td>\n<td style=\"vertical-align: top;\">\n<ul>\n<li>1 * SERT \/ CC-winner<\/li>\n<li>Kilpaili agilityn MINI3-luokassa \/ competed level3 in agility<\/li>\n<li>Luonnetesti +168 (osa-alueet sivun&nbsp;<a href=\"#lte\">alalaidassa<\/a>) \/ mental test passed (*<a href=\"http:\/\/www.alarmdog.net\/NatLTE.flv\" target=\"_blank\" rel=\"noopener\">video<\/a>*)<\/li>\n<\/ul>\n<\/td>\n<\/tr>\n<\/tbody>\n<\/table>\n<p><img decoding=\"async\" src=\"http:\/\/www.jofli.net\/testisivut\/kuvat\/database.jpg\" alt=\"db\" align=\"left\">NATA&nbsp;<a href=\"http:\/\/jalostus.kennelliitto.fi\/frmKoira.aspx?RekNo=FIN15877\/06&amp;R=38\" target=\"_blank\" rel=\"noopener\">KoiraNet<\/a> -tietokannassa<br \/>\nNATA in Finnish Kennelclub&#8217;s&nbsp;<a href=\"http:\/\/jalostus.kennelliitto.fi\/frmKoira.aspx?RekNo=FIN15877\/06&amp;R=38\" target=\"_blank\" rel=\"noopener\">DogNet<\/a> database<\/p>\n<p><strong>INFO<\/strong><\/p>\n<table border=\"0\" width=\"90%\" cellspacing=\"0\" cellpadding=\"0\">\n<tbody>\n<tr>\n<td style=\"vertical-align: top;\" width=\"50%\"><img decoding=\"async\" src=\"http:\/\/www.jofli.net\/testisivut\/kuvat\/finflag.jpg\" alt=\"suomeksi\">Nata oli Ellamme (Kilvroch My Romance) ensimm\u00e4isest\u00e4 pentueesta. Se muutti asustamaan Jyv\u00e4skyl\u00e4\u00e4n Tarjan luo ja k\u00e4mppiksen\u00e4\u00e4n sill\u00e4 oli lakubelggari Luura ja cardineiti Halo.<\/p>\n<p>Nata oli em\u00e4ns\u00e4 tavoin hyvin touhukas ja lajivalikoimassa oli niin agility\u00e4 kuin tokoiluakin.<\/p>\n<p>Nata sairastui haimatulehdukseen, jonka j\u00e4ljilt\u00e4 sille j\u00e4i kroonistuneita vaivoja ja kipuja. Oli tullut aika ep\u00e4itsekk\u00e4\u00e4n p\u00e4\u00e4t\u00f6ksen. Nata nukkui pois 16.4.2012.<\/p>\n<p>Tarjalle kiitos yhteisty\u00f6st\u00e4!<\/td>\n<td style=\"vertical-align: top;\" width=\"50%\"><img decoding=\"async\" src=\"http:\/\/www.jofli.net\/testisivut\/kuvat\/ukflag.jpg\" alt=\"english version\">Nata is from our Ella&#8217;s (Kilvroch My Romance) first litter. She&#8217;s lived in Middle Finland with Tarja, Belgian Laekenois Luura and Cardigan Corgi Halo.<\/p>\n<p>Like mother, like daughter! Nata was also very active and speedy. Tarja &amp; Nata have done agility &amp; obedience together.<\/td>\n<\/tr>\n<\/tbody>\n<\/table>\n<p><strong>KUVIA \/ PHOTOS<\/strong><\/p>\n<p><img decoding=\"async\" src=\"http:\/\/www.jofli.net\/bigwoods\/kuvat\/Nata_vauhdilla.jpg\" alt=\"\"><small>Full speed! (photo: Katri Soini)<\/small><\/p>\n<p><img decoding=\"async\" src=\"http:\/\/www.jofli.net\/bigwoods\/kuvat\/NataRannalla.jpg\" alt=\"\"><\/p>\n<p><img decoding=\"async\" src=\"http:\/\/www.jofli.net\/bigwoods\/kuvat\/NataR1.jpg\" alt=\"\"><\/p>\n<p><img decoding=\"async\" src=\"http:\/\/www.jofli.net\/bigwoods\/kuvat\/natalie1.jpg\" alt=\"\"><\/p>\n<p><a name=\"lte\"><\/a><strong>LUONNETESTI \/ MENTAL TEST<\/strong><br \/>\n1.11.2008 Hankasalmi<br \/>\ntuom. Pasi Halme &amp; Pekka Orava<\/p>\n<p>Toimintakyky +1 kohtuullinen<br \/>\nTer\u00e4vyys +1 pieni ilman j\u00e4ljelle j\u00e4\u00e4v\u00e4\u00e4 hy\u00f6kk\u00e4yshalua<br \/>\nPuolustushalu -1 haluton<br \/>\nTaisteluhalu +2 kohtuullinen<br \/>\nHermorakenne +1 hieman rauhaton<br \/>\nTemperamentti +3 vilkas<br \/>\nKovuus +1 hieman pehme\u00e4<br \/>\nLuoksep\u00e4\u00e4st\u00e4vyys +3 hyv\u00e4ntahtoinen, luoksep\u00e4\u00e4st\u00e4v\u00e4, avoin<br \/>\nLaukauspelottomuus ++ laukauskokematon<br \/>\nYht. 169 &#8211; 1 = 168<\/p>\n<p>*<a href=\"http:\/\/www.alarmdog.net\/NatLTE.flv\" target=\"_blank\" rel=\"noopener\">video<\/a>*<\/p>\n","protected":false},"excerpt":{"rendered":"<p>NEWCARD&#8217;S NATALIE WOOD Photo: Tarja Mulari Synt d\/o\/b 12.1.2006 &#8211; 16.4.2012 Is\u00e4 &#8211; Sire Em\u00e4 &#8211; Dam Newcard&#8217;s Lord Of The Rings Kilvroch My Romance Kasvattaja breeder Jaana Juponaho, Finland Omistaja owner Tarja Mulari (knl Ravenous) &amp; Johanna Flinck, Jyv\u00e4skyl\u00e4 Terveys health PRA-clear, silm\u00e4t\/eyes OK (2009)Lonkat\/Hips: D\/D, Kyyn\u00e4r\u00e4t&amp;polvet\/Elbows &amp; knees: clear Selk\u00e4\/Spine: kolmea minimaalista kalkkeumaa &hellip; <\/p>\n<p><a class=\"more-link btn\" href=\"https:\/\/www.jofli.net\/bigwood\/?page_id=135\">Continue reading<\/a><\/p>\n","protected":false},"author":1,"featured_media":0,"parent":88,"menu_order":1,"comment_status":"closed","ping_status":"open","template":"template-onecolumn.php","meta":{"footnotes":""},"class_list":["post-135","page","type-page","status-publish","hentry","nodate","item-wrap"],"_links":{"self":[{"href":"https:\/\/www.jofli.net\/bigwood\/index.php?rest_route=\/wp\/v2\/pages\/135","targetHints":{"allow":["GET"]}}],"collection":[{"href":"https:\/\/www.jofli.net\/bigwood\/index.php?rest_route=\/wp\/v2\/pages"}],"about":[{"href":"https:\/\/www.jofli.net\/bigwood\/index.php?rest_route=\/wp\/v2\/types\/page"}],"author":[{"embeddable":true,"href":"https:\/\/www.jofli.net\/bigwood\/index.php?rest_route=\/wp\/v2\/users\/1"}],"replies":[{"embeddable":true,"href":"https:\/\/www.jofli.net\/bigwood\/index.php?rest_route=%2Fwp%2Fv2%2Fcomments&post=135"}],"version-history":[{"count":11,"href":"https:\/\/www.jofli.net\/bigwood\/index.php?rest_route=\/wp\/v2\/pages\/135\/revisions"}],"predecessor-version":[{"id":5689,"href":"https:\/\/www.jofli.net\/bigwood\/index.php?rest_route=\/wp\/v2\/pages\/135\/revisions\/5689"}],"up":[{"embeddable":true,"href":"https:\/\/www.jofli.net\/bigwood\/index.php?rest_route=\/wp\/v2\/pages\/88"}],"wp:attachment":[{"href":"https:\/\/www.jofli.net\/bigwood\/index.php?rest_route=%2Fwp%2Fv2%2Fmedia&parent=135"}],"curies":[{"name":"wp","href":"https:\/\/api.w.org\/{rel}","templated":true}]}}