{"id":133,"date":"2011-01-17T18:51:55","date_gmt":"2011-01-17T16:51:55","guid":{"rendered":"http:\/\/www.jofli.net\/bigwood\/?page_id=133"},"modified":"2019-12-13T15:53:19","modified_gmt":"2019-12-13T13:53:19","slug":"tupla","status":"publish","type":"page","link":"https:\/\/www.jofli.net\/bigwood\/?page_id=133","title":{"rendered":"Tupla"},"content":{"rendered":"<p><strong>DARLING DINGA CONTROVERSIA<\/strong><\/p>\n<p><img decoding=\"async\" src=\"http:\/\/www.jofli.net\/bigwoods\/kuvat\/TuplaHS08.jpg\" alt=\"\" \/> <small>Photo: Hanna Sillanp\u00e4\u00e4<\/small><\/p>\n<table border=\"0\" width=\"90%\" cellspacing=\"0\" cellpadding=\"0\">\n<tbody>\n<tr>\n<td style=\"vertical-align: top;\"><strong>Synt<\/strong><br \/>\n<strong>d\/o\/b<\/strong><\/td>\n<td style=\"vertical-align: top;\">7.4.2007<\/td>\n<\/tr>\n<tr>\n<td style=\"vertical-align: top;\"><strong>Is\u00e4 &#8211; Sire<\/strong><br \/>\n<strong>Em\u00e4 &#8211; Dam<\/strong><\/td>\n<td style=\"vertical-align: top;\">Cyprian Corlan Gi<br \/>\nBig-Wood&#8217;s Do Controversia<\/td>\n<\/tr>\n<tr>\n<td style=\"vertical-align: top;\"><strong>Kasvattaja<\/strong><br \/>\n<strong>breeder<\/strong><\/td>\n<td style=\"vertical-align: top;\">Dorota Paz, Poland<\/td>\n<\/tr>\n<tr>\n<td style=\"vertical-align: top;\"><strong>Omistaja<\/strong><br \/>\n<strong>owner<\/strong><\/td>\n<td style=\"vertical-align: top;\">Marja Liikanen, Helsinki<\/td>\n<\/tr>\n<tr>\n<td style=\"vertical-align: top;\"><strong>Terveys<\/strong><br \/>\n<strong>health<\/strong><\/td>\n<td style=\"vertical-align: top;\">PRA-clear<br \/>\nSilm\u00e4t \/ eyes: OK (03\/10)Lonkat \/ hips: A\/A<br \/>\nPolvet \/ knees: 0\/0<br \/>\nKyyn\u00e4rnivelet \/ elbows: 0\/0<br \/>\nSelk\u00e4 \/ spine: OK (03\/10)<\/td>\n<\/tr>\n<tr>\n<td style=\"vertical-align: top;\"><strong>Saavutuksia<\/strong><br \/>\n<strong>merits<\/strong><\/td>\n<td style=\"vertical-align: top;\">\n<ul>\n<li>BOS &amp; BOB -puppy, Excellent from junor class<\/li>\n<\/ul>\n<\/td>\n<\/tr>\n<\/tbody>\n<\/table>\n<p><img decoding=\"async\" src=\"http:\/\/www.jofli.net\/testisivut\/kuvat\/database.jpg\" alt=\"db\" align=\"left\" \/>TUPLA\u00a0<a href=\"http:\/\/jalostus.kennelliitto.fi\/frmKoira.aspx?RekNo=FI10827\/09&amp;R=38\" target=\"_blank\" rel=\"noopener noreferrer\">KoiraNet<\/a> -tietokannassa<br \/>\nTUPLA in Finnish Kennelclub&#8217;s\u00a0<a href=\"http:\/\/jalostus.kennelliitto.fi\/frmKoira.aspx?RekNo=FI10827\/09&amp;R=38\" target=\"_blank\" rel=\"noopener noreferrer\">DogNet<\/a> database<\/p>\n<p><strong>INFO<\/strong><\/p>\n<table border=\"0\" width=\"90%\" cellspacing=\"0\" cellpadding=\"0\">\n<tbody>\n<tr>\n<td style=\"vertical-align: top;\" width=\"50%\"><img decoding=\"async\" src=\"http:\/\/www.jofli.net\/testisivut\/kuvat\/finflag.jpg\" alt=\"suomeksi\" \/><em>Nyt on el\u00e4m\u00e4 tuplasti mukavaa Tuplan kanssa, siis t\u00e4ydellist\u00e4!<\/em>&#8221; N\u00e4in kirjoittaa Marja\u00a0esittelyss\u00e4\u00e4n corgiharrastajien keskustelupalstalla. Niinp\u00e4 &#8211; kukapa voisi olla parempi tutustuttaja uuteen rotuun kuin iloinen ja el\u00e4m\u00e4nhaluinen Tupla?Tupla on tutustunut koiraharrastuslajeista jo agilityyn ja tokoon.<\/p>\n<p>Kotoinen asiantuntijakommentti Tuplasta tiivist\u00e4\u00e4 kaiken:\u00a0&#8220;musta Tupla on kaikista lempein&#8230;mutta ruoan kanssa ei leikit\u00e4!&#8221;<\/td>\n<td style=\"vertical-align: top;\" width=\"50%\"><img decoding=\"async\" src=\"http:\/\/www.jofli.net\/testisivut\/kuvat\/ukflag.jpg\" alt=\"english version\" \/>Nomen est omenName Tupla is Finnish word which means &#8220;double&#8221;. Tupla&#8217;s co-owner Marja told that after joyful Tupla came to the family, their life has been double fun, perfect!<\/p>\n<p>Well said Marja!<\/td>\n<\/tr>\n<\/tbody>\n<\/table>\n<p><strong>KUVIA \/ PHOTOS<\/strong><\/p>\n<p><img decoding=\"async\" src=\"http:\/\/www.jofli.net\/bigwoods\/kuvat\/Tupla_Lappeenrannassa.jpg\" alt=\"\" width=\"450\" \/><small>(photo: Katri Soini)<\/small><\/p>\n<p><img decoding=\"async\" src=\"http:\/\/www.jofli.net\/bigwoods\/kuvat\/darlingdinga_controveria.jpg\" alt=\"\" height=\"200\" \/> <img decoding=\"async\" src=\"http:\/\/www.jofli.net\/bigwoods\/kuvat\/darlingdinga_controveria_KS.jpg\" alt=\"\" height=\"200\" \/> <small>photos left: Z@paro and right: Katri Soini<\/small><\/p>\n<p><img decoding=\"async\" src=\"http:\/\/www.jofli.net\/bigwoods\/kuvat\/Tupla_heinissa.jpg\" alt=\"\" width=\"450\" \/><\/p>\n<p><img decoding=\"async\" src=\"http:\/\/www.jofli.net\/bigwoods\/kuvat\/TuplaKukat.jpg\" alt=\"\" width=\"450\" \/><\/p>\n<p><img decoding=\"async\" src=\"http:\/\/www.jofli.net\/bigwoods\/kuvat\/TuplaJaMolla.jpg\" alt=\"\" width=\"450\" \/><\/p>\n","protected":false},"excerpt":{"rendered":"<p>DARLING DINGA CONTROVERSIA Photo: Hanna Sillanp\u00e4\u00e4 Synt d\/o\/b 7.4.2007 Is\u00e4 &#8211; Sire Em\u00e4 &#8211; Dam Cyprian Corlan Gi Big-Wood&#8217;s Do Controversia Kasvattaja breeder Dorota Paz, Poland Omistaja owner Marja Liikanen, Helsinki Terveys health PRA-clear Silm\u00e4t \/ eyes: OK (03\/10)Lonkat \/ hips: A\/A Polvet \/ knees: 0\/0 Kyyn\u00e4rnivelet \/ elbows: 0\/0 Selk\u00e4 \/ spine: OK (03\/10) &hellip; <\/p>\n<p><a class=\"more-link btn\" href=\"https:\/\/www.jofli.net\/bigwood\/?page_id=133\">Continue reading<\/a><\/p>\n","protected":false},"author":1,"featured_media":0,"parent":1321,"menu_order":8,"comment_status":"closed","ping_status":"open","template":"template-onecolumn.php","meta":{"footnotes":""},"class_list":["post-133","page","type-page","status-publish","hentry","nodate","item-wrap"],"_links":{"self":[{"href":"https:\/\/www.jofli.net\/bigwood\/index.php?rest_route=\/wp\/v2\/pages\/133","targetHints":{"allow":["GET"]}}],"collection":[{"href":"https:\/\/www.jofli.net\/bigwood\/index.php?rest_route=\/wp\/v2\/pages"}],"about":[{"href":"https:\/\/www.jofli.net\/bigwood\/index.php?rest_route=\/wp\/v2\/types\/page"}],"author":[{"embeddable":true,"href":"https:\/\/www.jofli.net\/bigwood\/index.php?rest_route=\/wp\/v2\/users\/1"}],"replies":[{"embeddable":true,"href":"https:\/\/www.jofli.net\/bigwood\/index.php?rest_route=%2Fwp%2Fv2%2Fcomments&post=133"}],"version-history":[{"count":10,"href":"https:\/\/www.jofli.net\/bigwood\/index.php?rest_route=\/wp\/v2\/pages\/133\/revisions"}],"predecessor-version":[{"id":5199,"href":"https:\/\/www.jofli.net\/bigwood\/index.php?rest_route=\/wp\/v2\/pages\/133\/revisions\/5199"}],"up":[{"embeddable":true,"href":"https:\/\/www.jofli.net\/bigwood\/index.php?rest_route=\/wp\/v2\/pages\/1321"}],"wp:attachment":[{"href":"https:\/\/www.jofli.net\/bigwood\/index.php?rest_route=%2Fwp%2Fv2%2Fmedia&parent=133"}],"curies":[{"name":"wp","href":"https:\/\/api.w.org\/{rel}","templated":true}]}}