{"id":1328,"date":"2011-05-31T20:57:33","date_gmt":"2011-05-31T18:57:33","guid":{"rendered":"http:\/\/www.jofli.net\/bigwood\/?page_id=1328"},"modified":"2019-12-13T15:53:55","modified_gmt":"2019-12-13T13:53:55","slug":"ellie","status":"publish","type":"page","link":"https:\/\/www.jofli.net\/bigwood\/?page_id=1328","title":{"rendered":"Ellie"},"content":{"rendered":"<p><strong>AM Ch KILVROCH SILK STOCKINGS<\/strong><\/p>\n<p><img decoding=\"async\" class=\"alignnone size-full wp-image-1344\" style=\"font-size: inherit;\" title=\"ellie\" src=\"http:\/\/www.jofli.net\/bigwood\/wp-content\/uploads\/2011\/05\/ellie.jpg\" alt=\"\" width=\"400\" srcset=\"https:\/\/www.jofli.net\/bigwood\/wp-content\/uploads\/2011\/05\/ellie.jpg 600w, https:\/\/www.jofli.net\/bigwood\/wp-content\/uploads\/2011\/05\/ellie-300x200.jpg 300w\" sizes=\"(max-width: 600px) 100vw, 600px\" \/><\/p>\n<p>synt &#8211; 07.11.2003 &#8211; d\/o\/b<\/p>\n<p>is\u00e4\/sire: Joseter Doublewood<br \/>\nem\u00e4\/dam: Kilvroch Musette<\/p>\n<p>kasvattaja\/breeder: Eileen Eby, UK<br \/>\nomistaja\/owner: Eileen Eby, UK<\/p>\n<p><img loading=\"lazy\" decoding=\"async\" title=\"ukflag\" src=\"http:\/\/www.jofli.net\/bigwood\/wp-content\/uploads\/2011\/01\/ukflag.jpg\" alt=\"\" width=\"20\" height=\"10\" \/> Dear Ellie stayed with us during the summer of 2007. We bred her with our old Titus (Big-Wood&#8217;s Queshi Quardian) but unfortunately this dream-come-true litter wasn&#8217;t come true at all. Ellie got miscarriage after returning to UK.<\/p>\n<p><strong><img loading=\"lazy\" decoding=\"async\" title=\"finflag\" src=\"http:\/\/www.jofli.net\/bigwood\/wp-content\/uploads\/2011\/01\/finflag.jpg\" alt=\"\" width=\"20\" height=\"10\" \/> <\/strong>Ellie-Ellansisko asusteli meill\u00e4 kes\u00e4n 2007. Se astutettiin onnistuneesti meid\u00e4n Titus-papalla (BW Queshi Quardian), mutta unelmien pentue muuttuikin suru-uutisiksi, kun Ellie kotiin palattuaan sai keskenmenon.<\/p>\n<p><img loading=\"lazy\" decoding=\"async\" class=\"alignnone\" src=\"http:\/\/www.kilvroch.co.uk\/images\/EllieMov.jpg\" alt=\"\" width=\"400\" height=\"239\" \/><\/p>\n","protected":false},"excerpt":{"rendered":"<p>AM Ch KILVROCH SILK STOCKINGS synt &#8211; 07.11.2003 &#8211; d\/o\/b is\u00e4\/sire: Joseter Doublewood em\u00e4\/dam: Kilvroch Musette kasvattaja\/breeder: Eileen Eby, UK omistaja\/owner: Eileen Eby, UK Dear Ellie stayed with us during the summer of 2007. We bred her with our old Titus (Big-Wood&#8217;s Queshi Quardian) but unfortunately this dream-come-true litter wasn&#8217;t come true at all. Ellie &hellip; <\/p>\n<p><a class=\"more-link btn\" href=\"https:\/\/www.jofli.net\/bigwood\/?page_id=1328\">Continue reading<\/a><\/p>\n","protected":false},"author":1,"featured_media":0,"parent":1321,"menu_order":10,"comment_status":"closed","ping_status":"closed","template":"","meta":{"footnotes":""},"class_list":["post-1328","page","type-page","status-publish","hentry","nodate","item-wrap"],"_links":{"self":[{"href":"https:\/\/www.jofli.net\/bigwood\/index.php?rest_route=\/wp\/v2\/pages\/1328","targetHints":{"allow":["GET"]}}],"collection":[{"href":"https:\/\/www.jofli.net\/bigwood\/index.php?rest_route=\/wp\/v2\/pages"}],"about":[{"href":"https:\/\/www.jofli.net\/bigwood\/index.php?rest_route=\/wp\/v2\/types\/page"}],"author":[{"embeddable":true,"href":"https:\/\/www.jofli.net\/bigwood\/index.php?rest_route=\/wp\/v2\/users\/1"}],"replies":[{"embeddable":true,"href":"https:\/\/www.jofli.net\/bigwood\/index.php?rest_route=%2Fwp%2Fv2%2Fcomments&post=1328"}],"version-history":[{"count":7,"href":"https:\/\/www.jofli.net\/bigwood\/index.php?rest_route=\/wp\/v2\/pages\/1328\/revisions"}],"predecessor-version":[{"id":5200,"href":"https:\/\/www.jofli.net\/bigwood\/index.php?rest_route=\/wp\/v2\/pages\/1328\/revisions\/5200"}],"up":[{"embeddable":true,"href":"https:\/\/www.jofli.net\/bigwood\/index.php?rest_route=\/wp\/v2\/pages\/1321"}],"wp:attachment":[{"href":"https:\/\/www.jofli.net\/bigwood\/index.php?rest_route=%2Fwp%2Fv2%2Fmedia&parent=1328"}],"curies":[{"name":"wp","href":"https:\/\/api.w.org\/{rel}","templated":true}]}}