{"id":131,"date":"2011-01-17T18:51:43","date_gmt":"2011-01-17T16:51:43","guid":{"rendered":"http:\/\/www.jofli.net\/bigwood\/?page_id=131"},"modified":"2016-10-14T11:15:00","modified_gmt":"2016-10-14T09:15:00","slug":"tove","status":"publish","type":"page","link":"https:\/\/www.jofli.net\/bigwood\/?page_id=131","title":{"rendered":"TOVE"},"content":{"rendered":"<p><strong>BIG-WOOD&#8217;S CATOWICE<\/strong><\/p>\n<p><img decoding=\"async\" src=\"http:\/\/www.jofli.net\/bigwoods\/kuvat\/tove15kkA.jpg\" alt=\"\" height=\"270\" \/><\/p>\n<table border=\"0\" width=\"90%\" cellspacing=\"0\" cellpadding=\"0\">\n<tbody>\n<tr>\n<td style=\"vertical-align: top;\">Synt<br \/>\nd\/o\/b<\/td>\n<td style=\"vertical-align: top;\">2.4.2008 &#8211; 22.9.2016\u00a0<img decoding=\"async\" src=\"http:\/\/www.jofli.net\/bigwoods\/kuvat\/female.jpg\" alt=\"\" \/><\/td>\n<\/tr>\n<tr>\n<td style=\"vertical-align: top;\">Is\u00e4 &#8211; Sire<br \/>\nEm\u00e4 &#8211; Dam<\/td>\n<td style=\"vertical-align: top;\"><a href=\"http:\/\/www.jofli.net\/bigwoods\/sukutaulu_catowice.html\" target=\"_new\"><img decoding=\"async\" src=\"http:\/\/www.jofli.net\/testisivut\/kuvat\/pedigree_icon.jpg\" alt=\"pedigree\" align=\"right\" \/><\/a>Tiramisu-Lisiura Controversia<br \/>\nBig-Wood&#8217;s Bilberry<\/td>\n<\/tr>\n<tr>\n<td style=\"vertical-align: top;\">Kasvattaja<br \/>\nbreeder<\/td>\n<td style=\"vertical-align: top;\">Johanna Flinck &amp; Raili Suominen<\/td>\n<\/tr>\n<tr>\n<td style=\"vertical-align: top;\">Omistaja<br \/>\nowner<\/td>\n<td style=\"vertical-align: top;\">Julia Pekkala, Tampere<\/td>\n<\/tr>\n<tr>\n<td style=\"vertical-align: top;\">Terveys<br \/>\nhealth<\/td>\n<td style=\"vertical-align: top;\">PRA-clear<\/td>\n<\/tr>\n<tr>\n<td style=\"vertical-align: top;\">Saavutuksia<br \/>\nmerits<\/td>\n<td style=\"vertical-align: top;\">\n<ul>\n<li>sertivoittaja \/ CC-winner<\/li>\n<li>kilpailee agilityss\u00e4 \/ competing in agility with Julia<\/li>\n<\/ul>\n<\/td>\n<\/tr>\n<\/tbody>\n<\/table>\n<p><img decoding=\"async\" src=\"http:\/\/www.jofli.net\/testisivut\/kuvat\/database.jpg\" alt=\"db\" align=\"left\" \/>TOVE\u00a0<a href=\"http:\/\/jalostus.kennelliitto.fi\/frmKoira.aspx?RekNo=FIN27807\/08&amp;R=38\" target=\"_blank\">KoiraNet<\/a> -tietokannassa<br \/>\nTOVE in Finnish Kennelclub&#8217;s\u00a0<a href=\"http:\/\/jalostus.kennelliitto.fi\/frmKoira.aspx?RekNo=FIN27807\/08&amp;R=38\" target=\"_blank\">DogNet<\/a> database<\/p>\n<p><strong>INFO<\/strong><\/p>\n<table border=\"0\" width=\"90%\" cellspacing=\"0\" cellpadding=\"0\">\n<tbody>\n<tr>\n<td style=\"vertical-align: top;\" width=\"50%\"><img decoding=\"async\" src=\"http:\/\/www.jofli.net\/testisivut\/kuvat\/finflag.jpg\" alt=\"suomeksi\" \/>Tove on &#8220;junnuhandlerimme&#8221; Julian monen vuoden haaveiden ja toiveiden t\u00e4yttymys. Tulevaisuudessa Tovelle toivotaan monipuolista harrastuskoiran taivalta.Tove asustaa Julian &amp; muun perheen kanssa Vihannissa. Isoveljen\u00e4\u00e4n sill\u00e4 on suomenpystykorva Nemo.<\/td>\n<td style=\"vertical-align: top;\" width=\"50%\"><img decoding=\"async\" src=\"http:\/\/www.jofli.net\/testisivut\/kuvat\/ukflag.jpg\" alt=\"english version\" \/>Tove lives in Vihanti with &#8220;our&#8221; junior handler Julia and her family. Her best friend is finnish spitz male Nemo.<\/td>\n<\/tr>\n<\/tbody>\n<\/table>\n<p><strong>KUVIA \/ PHOTOS<\/strong><\/p>\n<p><img decoding=\"async\" src=\"http:\/\/www.jofli.net\/bigwoods\/kuvat\/Tove15kkliik.jpg\" alt=\"\" width=\"450\" \/><\/p>\n<p><img decoding=\"async\" src=\"http:\/\/www.jofli.net\/bigwoods\/kuvat\/Tove_007.jpg\" alt=\"\" width=\"450\" \/><\/p>\n<p><img decoding=\"async\" src=\"http:\/\/www.jofli.net\/bigwoods\/kuvat\/tovenkaksikapya.jpg\" alt=\"\" width=\"450\" \/><\/p>\n<p><img decoding=\"async\" src=\"http:\/\/www.jofli.net\/bigwoods\/kuvat\/Tove_018.jpg\" alt=\"\" width=\"450\" \/><\/p>\n","protected":false},"excerpt":{"rendered":"<p>BIG-WOOD&#8217;S CATOWICE Synt d\/o\/b 2.4.2008 &#8211; 22.9.2016\u00a0 Is\u00e4 &#8211; Sire Em\u00e4 &#8211; Dam Tiramisu-Lisiura Controversia Big-Wood&#8217;s Bilberry Kasvattaja breeder Johanna Flinck &amp; Raili Suominen Omistaja owner Julia Pekkala, Tampere Terveys health PRA-clear Saavutuksia merits sertivoittaja \/ CC-winner kilpailee agilityss\u00e4 \/ competing in agility with Julia TOVE\u00a0KoiraNet -tietokannassa TOVE in Finnish Kennelclub&#8217;s\u00a0DogNet database INFO Tove on &hellip; <\/p>\n<p><a class=\"more-link btn\" href=\"https:\/\/www.jofli.net\/bigwood\/?page_id=131\">Continue reading<\/a><\/p>\n","protected":false},"author":1,"featured_media":0,"parent":875,"menu_order":1,"comment_status":"closed","ping_status":"open","template":"template-onecolumn.php","meta":{"footnotes":""},"class_list":["post-131","page","type-page","status-publish","hentry","nodate","item-wrap"],"_links":{"self":[{"href":"https:\/\/www.jofli.net\/bigwood\/index.php?rest_route=\/wp\/v2\/pages\/131","targetHints":{"allow":["GET"]}}],"collection":[{"href":"https:\/\/www.jofli.net\/bigwood\/index.php?rest_route=\/wp\/v2\/pages"}],"about":[{"href":"https:\/\/www.jofli.net\/bigwood\/index.php?rest_route=\/wp\/v2\/types\/page"}],"author":[{"embeddable":true,"href":"https:\/\/www.jofli.net\/bigwood\/index.php?rest_route=\/wp\/v2\/users\/1"}],"replies":[{"embeddable":true,"href":"https:\/\/www.jofli.net\/bigwood\/index.php?rest_route=%2Fwp%2Fv2%2Fcomments&post=131"}],"version-history":[{"count":12,"href":"https:\/\/www.jofli.net\/bigwood\/index.php?rest_route=\/wp\/v2\/pages\/131\/revisions"}],"predecessor-version":[{"id":4104,"href":"https:\/\/www.jofli.net\/bigwood\/index.php?rest_route=\/wp\/v2\/pages\/131\/revisions\/4104"}],"up":[{"embeddable":true,"href":"https:\/\/www.jofli.net\/bigwood\/index.php?rest_route=\/wp\/v2\/pages\/875"}],"wp:attachment":[{"href":"https:\/\/www.jofli.net\/bigwood\/index.php?rest_route=%2Fwp%2Fv2%2Fmedia&parent=131"}],"curies":[{"name":"wp","href":"https:\/\/api.w.org\/{rel}","templated":true}]}}