{"id":125,"date":"2011-01-17T18:50:57","date_gmt":"2011-01-17T16:50:57","guid":{"rendered":"http:\/\/www.jofli.net\/bigwood\/?page_id=125"},"modified":"2019-12-13T15:37:14","modified_gmt":"2019-12-13T13:37:14","slug":"woody","status":"publish","type":"page","link":"https:\/\/www.jofli.net\/bigwood\/?page_id=125","title":{"rendered":"WOODY"},"content":{"rendered":"<p><strong>BIG-WOOD&#8217;S MY WOODCHUCK<\/strong><\/p>\n<p><img decoding=\"async\" src=\"http:\/\/www.jofli.net\/bigwoods\/kuvat\/woody2009.JPG\" alt=\"\" height=\"270\" \/> <img decoding=\"async\" src=\"http:\/\/www.jofli.net\/bigwoods\/kuvat\/woody020308_ed.jpg\" alt=\"\" height=\"270\" \/><\/p>\n<table border=\"0\" width=\"90%\" cellspacing=\"0\" cellpadding=\"0\">\n<tbody>\n<tr>\n<td style=\"vertical-align: top;\">Synt<br \/>\nd\/o\/b<\/td>\n<td style=\"vertical-align: top;\">26.2.2007<img decoding=\"async\" src=\"http:\/\/www.jofli.net\/testisivut\/kuvat\/male.jpg\" alt=\"\" \/><\/td>\n<\/tr>\n<tr>\n<td style=\"vertical-align: top;\">Is\u00e4 &#8211; Sire<br \/>\nEm\u00e4 &#8211; Dam<\/td>\n<td style=\"vertical-align: top;\"><a href=\"http:\/\/www.jofli.net\/bigwoods\/sukutaulu_mywoodchuck.html\" target=\"_new\" rel=\"noopener noreferrer\"><img decoding=\"async\" src=\"http:\/\/www.jofli.net\/testisivut\/kuvat\/pedigree_icon.jpg\" alt=\"pedigree\" align=\"right\" \/><\/a>Welshclan&#8217;s Ian&#8217;s Ideal Image<br \/>\nKilvroch My Romance<\/td>\n<\/tr>\n<tr>\n<td style=\"vertical-align: top;\">Kasvattaja<br \/>\nbreeder<\/td>\n<td style=\"vertical-align: top;\">Johanna Flinck &amp; Raili Suominen<\/td>\n<\/tr>\n<tr>\n<td style=\"vertical-align: top;\"><small>Omistaja<br \/>\nowner<\/small><\/td>\n<td style=\"vertical-align: top;\">Heini Fingerroos (knl River Grove&#8217;s)\u00a0&amp; Johanna Flinck, Raahe<\/td>\n<\/tr>\n<tr>\n<td style=\"vertical-align: top;\">Terveys<br \/>\nhealth<\/td>\n<td style=\"vertical-align: top;\">PRA-clear, silm\u00e4t\/eyes OK (03\/08 &amp; 03\/10 &amp; 05\/12)<br \/>\npolvet&amp;kyyn\u00e4rnivelet\/knees&amp;elbows: clear<br \/>\nlonkat\/hips: C\/C<br \/>\nselk\u00e4\/spine: x-rayed<\/td>\n<\/tr>\n<tr>\n<td style=\"vertical-align: top;\">Saavutuksia<br \/>\nmerits<\/td>\n<td style=\"vertical-align: top;\">\n<ul>\n<li>ROP-pentu ja RYP3 pentun\u00e4yttelyss\u00e4 Siikajoella 2007 \/ BOB-puppy &amp; GROUP-3 in all breed puppy show 22.09.07<\/li>\n<li>Sertivoittaja \/ CC-winner<\/li>\n<li>Luonnetesti +156 pistett\u00e4, laukaisuvarma (osa-aluepisteet <a href=\"http:\/\/www.youtube.com\/watch?feature=player_embedded&amp;v=Un9cx2LZY6M\" target=\"_blank\" rel=\"noopener noreferrer\">videolla<\/a>) \/ temperament test: passed (*<a href=\"http:\/\/www.youtube.com\/watch?feature=player_embedded&amp;v=Un9cx2LZY6M\" target=\"_blank\" rel=\"noopener noreferrer\">video<\/a>*)<\/li>\n<\/ul>\n<\/td>\n<\/tr>\n<\/tbody>\n<\/table>\n<p><img decoding=\"async\" src=\"http:\/\/www.jofli.net\/testisivut\/kuvat\/database.jpg\" alt=\"db\" align=\"left\" \/>WOODY\u00a0<a href=\"http:\/\/jalostus.kennelliitto.fi\/frmKoira.aspx?RekNo=FIN21357\/07&amp;R=38\" target=\"_blank\" rel=\"noopener noreferrer\">KoiraNet<\/a> -tietokannassa<br \/>\nWOODY in Finnish Kennelclub&#8217;s\u00a0<a href=\"http:\/\/jalostus.kennelliitto.fi\/frmKoira.aspx?RekNo=FIN21357\/07&amp;R=38\" target=\"_blank\" rel=\"noopener noreferrer\">DogNet<\/a> database<\/p>\n<p><strong>INFO<\/strong><\/p>\n<table border=\"0\" width=\"90%\" cellspacing=\"0\" cellpadding=\"0\">\n<tbody>\n<tr>\n<td style=\"vertical-align: top;\" width=\"50%\"><img decoding=\"async\" src=\"http:\/\/www.jofli.net\/testisivut\/kuvat\/finflag.jpg\" alt=\"suomeksi\" \/>Woody on vilkas, vauhdikas ja aina iloinen herrakoira, jolle sattuu ja tapahtuu vauhdikkaita kommelluksia. Woon harrastuksiin kuuluivat agility ja nuorempana my\u00f6s kodin remonttireiskana toimiminen.Woody loukkasi selk\u00e4ns\u00e4 alkuvuodesta 2015 ja toipuu nyt ainakin omasta mielest\u00e4\u00e4n kovaa vauhtia. Woody ei ole en\u00e4\u00e4 k\u00e4ytett\u00e4viss\u00e4 jalostukseen.<\/td>\n<td style=\"vertical-align: top;\" width=\"50%\"><img decoding=\"async\" src=\"http:\/\/www.jofli.net\/testisivut\/kuvat\/ukflag.jpg\" alt=\"english version\" \/>\u00a0Woody is a very active &amp; speedy boy. He loves agility and his motto is &#8220;no brakes&#8221;.<\/td>\n<\/tr>\n<\/tbody>\n<\/table>\n<p><strong>KUVIA \/ PHOTOS<\/strong><\/p>\n<p><img decoding=\"async\" src=\"http:\/\/www.jofli.net\/bigwoods\/kuvat\/WoodyKoivunalla.jpg\" alt=\"\" width=\"450\" \/><\/p>\n<p><img decoding=\"async\" src=\"http:\/\/www.jofli.net\/bigwoods\/kuvat\/woody020308E.jpg\" alt=\"\" width=\"450\" \/><\/p>\n<p><img decoding=\"async\" src=\"http:\/\/www.jofli.net\/bigwoods\/kuvat\/Woody7moD.jpg\" alt=\"\" width=\"450\" \/><br \/>\n<small>7 months (photo Z@paro)<\/small><\/p>\n<p><img decoding=\"async\" src=\"http:\/\/www.jofli.net\/bigwoods\/kuvat\/WoodyS.jpg\" alt=\"\" width=\"450\" \/><\/p>\n","protected":false},"excerpt":{"rendered":"<p>BIG-WOOD&#8217;S MY WOODCHUCK Synt d\/o\/b 26.2.2007 Is\u00e4 &#8211; Sire Em\u00e4 &#8211; Dam Welshclan&#8217;s Ian&#8217;s Ideal Image Kilvroch My Romance Kasvattaja breeder Johanna Flinck &amp; Raili Suominen Omistaja owner Heini Fingerroos (knl River Grove&#8217;s)\u00a0&amp; Johanna Flinck, Raahe Terveys health PRA-clear, silm\u00e4t\/eyes OK (03\/08 &amp; 03\/10 &amp; 05\/12) polvet&amp;kyyn\u00e4rnivelet\/knees&amp;elbows: clear lonkat\/hips: C\/C selk\u00e4\/spine: x-rayed Saavutuksia merits ROP-pentu &hellip; <\/p>\n<p><a class=\"more-link btn\" href=\"https:\/\/www.jofli.net\/bigwood\/?page_id=125\">Continue reading<\/a><\/p>\n","protected":false},"author":1,"featured_media":0,"parent":877,"menu_order":1,"comment_status":"closed","ping_status":"closed","template":"template-onecolumn.php","meta":{"footnotes":""},"class_list":["post-125","page","type-page","status-publish","hentry","nodate","item-wrap"],"_links":{"self":[{"href":"https:\/\/www.jofli.net\/bigwood\/index.php?rest_route=\/wp\/v2\/pages\/125","targetHints":{"allow":["GET"]}}],"collection":[{"href":"https:\/\/www.jofli.net\/bigwood\/index.php?rest_route=\/wp\/v2\/pages"}],"about":[{"href":"https:\/\/www.jofli.net\/bigwood\/index.php?rest_route=\/wp\/v2\/types\/page"}],"author":[{"embeddable":true,"href":"https:\/\/www.jofli.net\/bigwood\/index.php?rest_route=\/wp\/v2\/users\/1"}],"replies":[{"embeddable":true,"href":"https:\/\/www.jofli.net\/bigwood\/index.php?rest_route=%2Fwp%2Fv2%2Fcomments&post=125"}],"version-history":[{"count":15,"href":"https:\/\/www.jofli.net\/bigwood\/index.php?rest_route=\/wp\/v2\/pages\/125\/revisions"}],"predecessor-version":[{"id":5180,"href":"https:\/\/www.jofli.net\/bigwood\/index.php?rest_route=\/wp\/v2\/pages\/125\/revisions\/5180"}],"up":[{"embeddable":true,"href":"https:\/\/www.jofli.net\/bigwood\/index.php?rest_route=\/wp\/v2\/pages\/877"}],"wp:attachment":[{"href":"https:\/\/www.jofli.net\/bigwood\/index.php?rest_route=%2Fwp%2Fv2%2Fmedia&parent=125"}],"curies":[{"name":"wp","href":"https:\/\/api.w.org\/{rel}","templated":true}]}}