{"id":115,"date":"2011-01-17T18:48:06","date_gmt":"2011-01-17T16:48:06","guid":{"rendered":"http:\/\/www.jofli.net\/bigwood\/?page_id=115"},"modified":"2016-06-19T19:12:44","modified_gmt":"2016-06-19T17:12:44","slug":"nortti-rottweiler","status":"publish","type":"page","link":"https:\/\/www.jofli.net\/bigwood\/?page_id=115","title":{"rendered":"N\u00f6rtti Rottweiler"},"content":{"rendered":"<p><strong>TINATASSUN BABE<\/strong><\/p>\n<p><img decoding=\"async\" src=\"http:\/\/www.jofli.net\/bigwoods\/kuvat\/nortti2009.jpg\" alt=\"\" height=\"270\" \/> <img decoding=\"async\" src=\"http:\/\/www.jofli.net\/bigwoods\/kuvat\/nortti2009_p.jpg\" alt=\"\" height=\"270\" \/><\/p>\n<table border=\"0\" width=\"90%\" cellspacing=\"0\" cellpadding=\"0\">\n<tbody>\n<tr>\n<td style=\"vertical-align: top;\">Synt<br \/>\nd\/o\/b<\/td>\n<td style=\"vertical-align: top;\">30.3.2000 &#8211; 17.8.2011 \u00a0<img decoding=\"async\" src=\"http:\/\/www.jofli.net\/bigwoods\/kuvat\/female.jpg\" alt=\"\" \/><\/td>\n<\/tr>\n<tr>\n<td style=\"vertical-align: top;\">Is\u00e4 &#8211; Sire<br \/>\nEm\u00e4 &#8211; Dam<\/td>\n<td style=\"vertical-align: top;\"><a href=\"http:\/\/www.jofli.net\/bigwoods\/sukutaulu_babe.html\" target=\"_new&quot;\"><img decoding=\"async\" src=\"http:\/\/www.jofli.net\/bigwoods\/kuvat\/pedigree_icon.jpg\" alt=\"\" align=\"right\" \/><\/a>Potterspride Master Race<br \/>\nNegusheim Xandora<\/td>\n<\/tr>\n<tr>\n<td style=\"vertical-align: top;\">Kasvattaja<br \/>\nbreeder<\/td>\n<td style=\"vertical-align: top;\">Kristina Peltokallio, Kajaani<\/td>\n<\/tr>\n<tr>\n<td style=\"vertical-align: top;\">Omistaja<br \/>\nowner<\/td>\n<td style=\"vertical-align: top;\">Tapio &amp; Johanna Flinck, Pattijoki, Finland<\/td>\n<\/tr>\n<tr>\n<td style=\"vertical-align: top;\">Terveys<br \/>\nhealth<\/td>\n<td style=\"vertical-align: top;\">Lonkat \/ hips: A, KN \/ elbows: clear<br \/>\nSilm\u00e4t \/ eyes: OK<\/td>\n<\/tr>\n<tr>\n<td style=\"vertical-align: top;\">Saavutuksia<br \/>\nmerits<\/td>\n<td>\n<ul>\n<li>sertivoittaja \/ CC-winner<\/li>\n<\/ul>\n<\/td>\n<\/tr>\n<\/tbody>\n<\/table>\n<p><img decoding=\"async\" src=\"http:\/\/www.jofli.net\/bigwoods\/kuvat\/database.jpg\" alt=\"db\" align=\"left\" \/>N\u00d6RTTI\u00a0<a href=\"http:\/\/jalostus.kennelliitto.fi\/frmKoira.aspx?RekNo=FIN18941\/00&amp;R=147\" target=\"_blank\">KoiraNet<\/a> -tietokannassa<br \/>\nN\u00d6RTTI in Finnish Kennelclub&#8217;s\u00a0<a href=\"http:\/\/jalostus.kennelliitto.fi\/frmKoira.aspx?RekNo=FIN18941\/00&amp;R=147\" target=\"_blank\">DogNet<\/a> database<\/p>\n<p><strong>INFO<\/strong><\/p>\n<table border=\"0\" width=\"90%\" cellspacing=\"0\" cellpadding=\"0\">\n<tbody>\n<tr>\n<td style=\"vertical-align: top;\" width=\"50%\"><img decoding=\"async\" src=\"http:\/\/www.jofli.net\/bigwoods\/kuvat\/finflag.jpg\" alt=\"suomeksi\" \/>Lammas suden vaatteissaN\u00f6rtti oli perhekoira parhaasta p\u00e4\u00e4st\u00e4. Palveluskoira se ei tiennyt olevansa, eik\u00e4 siin\u00e4 ollut mit\u00e4\u00e4n sellaista, joka olisi tehnyt siit\u00e4 vain treenaamattomuudella pilatun k\u00e4ytt\u00f6koiran. N\u00f6rtin k\u00e4ytt\u00f6ominaisuudet rajoittuvat lenkkeilyyn ja l\u00f6h\u00f6ilyyn, mutta se sopi meille. N\u00f6rtti ei olisi ollut N\u00f6rtti ilman sille tyypillisi\u00e4 n\u00f6ss\u00f6ilyit\u00e4.Ei se arka ollut &#8211; ehei! Arkiel\u00e4m\u00e4ss\u00e4 sen kanssa oli aina ja kaikkialla helppoa. Se oli eritt\u00e4in luotettava lasten, vieraiden, pienten koirien ja jopa vieraiden koirien kanssa.\u00a0Rauhallisena ja rauhaa rakastavana koirana se oli mit\u00e4 ihanteellisin ison koiran malli\u00a0pennuille. Se jaksoi makoilla lattialla pentujen kanssa ja se jopa imettikin corginpentuja aikansa kuluksi. Se ei tehnyt pahaa k\u00e4rp\u00e4sellek\u00e4\u00e4n!Terveyspuoli N\u00f6rtill\u00e4 oli kuvaustuloksien valossa mit\u00e4 erinomaisin. Sen ongelmana oli kuitenkin vuosien ajan ollut hyvin voimakas hormonitoiminta. Juoksuja oli 4-5 kuukauden v\u00e4lein ja juoksujen l\u00e4heisyyteen liittyiv\u00e4t m\u00e4rk\u00e4iset ihotulehdukset (hot spotit). Muilta vaivoilta kuitenkin s\u00e4\u00e4styttiin ja N\u00f6rtin sterilointi vei hotspotitkin menness\u00e4\u00e4n.<\/p>\n<p>Kes\u00e4n 2011 aikana N\u00f6rtti alkoi ontua, kunnes elokuussa jalka turposi voimakkaasti eik\u00e4 mit\u00e4\u00e4n ollut teht\u00e4viss\u00e4. N\u00f6rtti p\u00e4\u00e4si pois kotikeitti\u00f6ss\u00e4 perheen ja tutun el\u00e4inl\u00e4\u00e4k\u00e4rin ymp\u00e4r\u00f6im\u00e4n\u00e4.<\/td>\n<td style=\"vertical-align: top;\" width=\"50%\"><img decoding=\"async\" src=\"http:\/\/www.jofli.net\/bigwoods\/kuvat\/ukflag.jpg\" alt=\"english version\" \/>Sheep in wolf&#8217;s clothesN\u00f6rtti was a true family dog, friendly and a very good big dog model to our corgi puppies. She looked like a rottweiler, but actually she was more like very soft tempered golden retriever.N\u00f6rtti went over the bridge on August 2011.<\/td>\n<\/tr>\n<\/tbody>\n<\/table>\n<p><strong>KUVIA \/ PHOTOS<\/strong><\/p>\n<p>*own\u00a0<a href=\"http:\/\/jofli.kuvat.fi\/kuvat\/Omien+koirien+galleriat\/N%F6rtti\/\" target=\"_blank\">photo gallery<\/a>*<\/p>\n<p><img decoding=\"async\" src=\"http:\/\/www.jofli.net\/bigwoods\/kuvat\/nortti2009_l.jpg\" alt=\"\" width=\"500\" \/><\/p>\n<p><img decoding=\"async\" src=\"http:\/\/www.jofli.net\/bigwoods\/kuvat\/norenlystia2008.jpg\" alt=\"\" width=\"500\" \/><\/p>\n<p><img decoding=\"async\" src=\"http:\/\/www.jofli.net\/bigwoods\/kuvat\/Babe_patsas.jpg\" alt=\"\" width=\"500\" \/><\/p>\n<p><img decoding=\"async\" src=\"http:\/\/www.jofli.net\/bigwoods\/kuvat\/Babe_kinoksissa.jpg\" alt=\"\" width=\"500\" \/><\/p>\n<p><img decoding=\"async\" src=\"http:\/\/www.jofli.net\/bigwoods\/kuvat\/Nortti_tokottaa.jpg\" alt=\"\" width=\"500\" \/><\/p>\n","protected":false},"excerpt":{"rendered":"<p>TINATASSUN BABE Synt d\/o\/b 30.3.2000 &#8211; 17.8.2011 \u00a0 Is\u00e4 &#8211; Sire Em\u00e4 &#8211; Dam Potterspride Master Race Negusheim Xandora Kasvattaja breeder Kristina Peltokallio, Kajaani Omistaja owner Tapio &amp; Johanna Flinck, Pattijoki, Finland Terveys health Lonkat \/ hips: A, KN \/ elbows: clear Silm\u00e4t \/ eyes: OK Saavutuksia merits sertivoittaja \/ CC-winner N\u00d6RTTI\u00a0KoiraNet -tietokannassa N\u00d6RTTI in &hellip; <\/p>\n<p><a class=\"more-link btn\" href=\"https:\/\/www.jofli.net\/bigwood\/?page_id=115\">Continue reading<\/a><\/p>\n","protected":false},"author":1,"featured_media":0,"parent":88,"menu_order":3,"comment_status":"closed","ping_status":"closed","template":"template-onecolumn.php","meta":{"footnotes":""},"class_list":["post-115","page","type-page","status-publish","hentry","nodate","item-wrap"],"_links":{"self":[{"href":"https:\/\/www.jofli.net\/bigwood\/index.php?rest_route=\/wp\/v2\/pages\/115","targetHints":{"allow":["GET"]}}],"collection":[{"href":"https:\/\/www.jofli.net\/bigwood\/index.php?rest_route=\/wp\/v2\/pages"}],"about":[{"href":"https:\/\/www.jofli.net\/bigwood\/index.php?rest_route=\/wp\/v2\/types\/page"}],"author":[{"embeddable":true,"href":"https:\/\/www.jofli.net\/bigwood\/index.php?rest_route=\/wp\/v2\/users\/1"}],"replies":[{"embeddable":true,"href":"https:\/\/www.jofli.net\/bigwood\/index.php?rest_route=%2Fwp%2Fv2%2Fcomments&post=115"}],"version-history":[{"count":13,"href":"https:\/\/www.jofli.net\/bigwood\/index.php?rest_route=\/wp\/v2\/pages\/115\/revisions"}],"predecessor-version":[{"id":3963,"href":"https:\/\/www.jofli.net\/bigwood\/index.php?rest_route=\/wp\/v2\/pages\/115\/revisions\/3963"}],"up":[{"embeddable":true,"href":"https:\/\/www.jofli.net\/bigwood\/index.php?rest_route=\/wp\/v2\/pages\/88"}],"wp:attachment":[{"href":"https:\/\/www.jofli.net\/bigwood\/index.php?rest_route=%2Fwp%2Fv2%2Fmedia&parent=115"}],"curies":[{"name":"wp","href":"https:\/\/api.w.org\/{rel}","templated":true}]}}