{"id":113,"date":"2011-01-17T18:47:50","date_gmt":"2011-01-17T16:47:50","guid":{"rendered":"http:\/\/www.jofli.net\/bigwood\/?page_id=113"},"modified":"2021-08-19T06:56:13","modified_gmt":"2021-08-19T04:56:13","slug":"misiu","status":"publish","type":"page","link":"https:\/\/www.jofli.net\/bigwood\/?page_id=113","title":{"rendered":"Misiu"},"content":{"rendered":"<p><strong>TIRAMISU-LISIURA CONTROVERSIA<\/strong><\/p>\n<p><img decoding=\"async\" src=\"http:\/\/www.jofli.net\/bigwoods\/kuvat\/MisiuHead2010.JPG\" alt=\"\" height=\"270\" \/> <img loading=\"lazy\" decoding=\"async\" class=\"alignnone  wp-image-5516\" src=\"http:\/\/www.jofli.net\/bigwood\/wp-content\/uploads\/2021\/08\/294870_10150300294107360_8125201_n.jpg\" alt=\"Tiramisu Lisiura Controversia\" width=\"354\" height=\"251\" srcset=\"https:\/\/www.jofli.net\/bigwood\/wp-content\/uploads\/2021\/08\/294870_10150300294107360_8125201_n.jpg 600w, https:\/\/www.jofli.net\/bigwood\/wp-content\/uploads\/2021\/08\/294870_10150300294107360_8125201_n-300x213.jpg 300w, https:\/\/www.jofli.net\/bigwood\/wp-content\/uploads\/2021\/08\/294870_10150300294107360_8125201_n-488x346.jpg 488w\" sizes=\"auto, (max-width: 354px) 100vw, 354px\" \/><\/p>\n<table border=\"0\" width=\"90%\" cellspacing=\"0\" cellpadding=\"0\">\n<tbody>\n<tr>\n<td style=\"vertical-align: top;\">Synt<br \/>\nd\/o\/b<\/td>\n<td style=\"vertical-align: top;\">11.9.2002 &#8211; 10.11.2014\u00a0<img decoding=\"async\" src=\"http:\/\/www.jofli.net\/bigwoods\/kuvat\/male.jpg\" alt=\"\" \/><\/td>\n<\/tr>\n<tr>\n<td style=\"vertical-align: top;\">Is\u00e4 &#8211; Sire<br \/>\nEm\u00e4 &#8211; Dam<\/td>\n<td style=\"vertical-align: top;\"><a href=\"http:\/\/www.jofli.net\/bigwoods\/sukutaulu_tiramisu.html\" target=\"_new\" rel=\"noopener\"><img decoding=\"async\" src=\"http:\/\/www.jofli.net\/bigwoods\/kuvat\/pedigree_icon.jpg\" alt=\"pedigree\" align=\"right\" \/><\/a>Joseter Oban<br \/>\nCudka Lisiura z Anegdoty<\/td>\n<\/tr>\n<tr>\n<td style=\"vertical-align: top;\">Kasvattaja<br \/>\nbreeder<\/td>\n<td style=\"vertical-align: top;\">Dorota Paz, Puola<\/td>\n<\/tr>\n<tr>\n<td style=\"vertical-align: top;\">Omistaja<br \/>\nowner<\/td>\n<td style=\"vertical-align: top;\">Johanna Flinck, Pattijoki, Finland<\/td>\n<\/tr>\n<tr>\n<td style=\"vertical-align: top;\">Terveys<br \/>\nhealth<\/td>\n<td style=\"vertical-align: top;\">PRA-clear, silm\u00e4t\/eyes OK (2003\/2007\/2012)<br \/>\nLonkat \/ hips: D<br \/>\nKyyn\u00e4rnivelet &amp; polvet \/ Elbows &amp; knees: clearSelk\u00e4 \/ Spine: X-rayed<\/p>\n<ul>\n<li>2004: OK<\/li>\n<li>10\/2008: kolme kalkkeumaa \/ 3 calcium changes (C3-C4 \/ Th 10-11 \/ Th 11-12)<\/li>\n<\/ul>\n<p>Joulukuussa&#8217;07 operoitu selk\u00e4nahkasta hyv\u00e4nlaatuinen hikirauhaskasvain \/ operated apocrine cystadenoma from his skin, prognosis good (Dec. 2007)<\/p>\n<p>Paino\/weight: ~16-17 kg<\/td>\n<\/tr>\n<tr>\n<td style=\"vertical-align: top;\">Saavutuksia<br \/>\nmerits<\/td>\n<td style=\"vertical-align: top;\">\n<ul>\n<li>Kansainv\u00e4linen muotovalio \/ INT Ch<\/li>\n<li>Pohjoismaiden muotovalio \/ Nordic Ch<\/li>\n<li>Suomen muotovalio \/ FIN Ch<\/li>\n<li>Ruotsin muotovalio \/ S Ch<\/li>\n<li>Norjan muotovalio \/ N Ch<\/li>\n<li>Vuoden jalostusuros 2005 &amp; 2006 \/ Top Stud Dog 2005 &amp; 2006<\/li>\n<li>Suomen toiseksi voitokkain cardiuros vuonna 2004 \/ TOP#2 male in Finland 2004<\/li>\n<li>Pronssia vuoden agility-corgi kisassa 2006 \/ TOP#3 agility corgi in 2006 (both corgi breeds)<\/li>\n<li>Kilpaili agilityn 3-luokassa \/ competed in the highest level in agility (level3)<\/li>\n<li>PiiriM pronssia 2008 \/ 3rd in area championships 2008<\/li>\n<\/ul>\n<\/td>\n<\/tr>\n<\/tbody>\n<\/table>\n<p><img decoding=\"async\" src=\"http:\/\/www.jofli.net\/bigwoods\/kuvat\/database.jpg\" alt=\"db\" align=\"left\" \/>MISIU\u00a0<a href=\"http:\/\/jalostus.kennelliitto.fi\/frmKoira.aspx?RekNo=FIN41723\/03&amp;R=38\" target=\"_blank\" rel=\"noopener\">KoiraNet<\/a> -tietokannassa<br \/>\nMISIU in Finnish Kennelclub&#8217;s\u00a0<a href=\"http:\/\/jalostus.kennelliitto.fi\/frmKoira.aspx?RekNo=FIN41723\/03&amp;R=38\" target=\"_blank\" rel=\"noopener\">DogNet<\/a> database<\/p>\n<p><strong>INFO<\/strong><\/p>\n<table border=\"0\" width=\"90%\" cellspacing=\"0\" cellpadding=\"0\">\n<tbody>\n<tr>\n<td style=\"vertical-align: top;\" width=\"50%\"><img decoding=\"async\" src=\"http:\/\/www.jofli.net\/bigwoods\/kuvat\/finflag.jpg\" alt=\"suomeksi\" \/>Misiusta ei voi olla pit\u00e4m\u00e4tt\u00e4. Se on aina positiivinen, iloinen ja kaikille yst\u00e4v\u00e4llinen. Leikkis\u00e4n\u00e4 poikana se jaksaa uupumatta hakea palloa pienillekin heittelij\u00f6ille.Ykk\u00f6slajiksi muodostui agility. Misiu\u00a0nousi nopeasti ykk\u00f6sluokasta kakkosten kautta kolmosiin pelkill\u00e4 nollavoitoilla ja on jatkoi varmoja otteitaan &#8220;kuninkuusluokassakin&#8221;. Misiu sai osallistumiskoikeuden (ja osallistuikin) yksil\u00f6tasolla SM-kilpailuihin 2008. Samana vuonna se sijoittui piirinmestaruuskisoissa pronssille. Hetken jo luulimme, ett\u00e4 n\u00e4m\u00e4 PiirM-kisat j\u00e4isiv\u00e4t Misiun viimeisiksi agilitykisoiksi, sill\u00e4 marraskuussa &#8217;08 sen selk\u00e4 alkoi vihoitella. Toivuttuaan Misiu juoksi viel\u00e4 elokuussa 2010 viimeisen kisansa Raahen Koirakerhon joukkueessa piirinmestaruuskisoissa. Nollarata ja joukkuepronssia ei ollut huono osoitus siit\u00e4, ett\u00e4 Misiu on nyt kuntoutunut.Fysioterapian ja levon ansiosta Misiu on toipunut hienosti. Se toipui jopa niin hienosti, ett\u00e4 aikaisemmin taka-alalle j\u00e4tetty agilityharrastus sai viel\u00e4 sinettins\u00e4. Se k\u00e4vi heitt\u00e4m\u00e4ss\u00e4 j\u00e4\u00e4hyv\u00e4iset agilitykisoille Pohjois-Pohjanmaan kennelpiirin mestaruuskisoissa syksyll\u00e4 2010, jossa se oli juoksi virheett\u00f6m\u00e4n radan ja oli mukana piirinmestaruuspronssia saaneessa Raahen Koirakerhon joukkueessa.Misiu jatkaa eloisia el\u00e4kep\u00e4ivi\u00e4\u00e4n kotosalla ja piipahtelee ehk\u00e4 viel\u00e4 silloin t\u00e4ll\u00f6in n\u00e4yttelykehiss\u00e4.<\/td>\n<td style=\"vertical-align: top;\" width=\"50%\"><img decoding=\"async\" src=\"http:\/\/www.jofli.net\/bigwoods\/kuvat\/ukflag.jpg\" alt=\"english version\" \/>Misiu came to us from Poland and we have been so thankful for Dorota that she sent us such lovely boy. We couldn&#8217;t have better!He has already proved his quality in shows and breeding. He has produced striking uniformity in the type.Misius TOP1 hobby was agility. He passed first two levels (1 &amp; 2) with speed and style and done well in the highest level (3). He qualified to Finnish Agility Championships in 2008 and placed 3rd in area Championhips.In the end of 2008 Misiu got some back problems and retired from Agility. After full recovery he made a short but successful (and short) come back to the trials and done clear round in area Championships (team competition) and was one member of our corgi team who won bronze. We thought that this was a good day for ending Misiu&#8217;s agility career with style.Misiu&#8217;s show career in veteran classes started better than we could even dream about. He was BOB &amp; BIS1-veteran in his very first show in veteran class (Sein\u00e4joki international, Oct. 2010).<\/td>\n<\/tr>\n<\/tbody>\n<\/table>\n<p><strong>KUVIA \/ PHOTOS<\/strong><\/p>\n<p>*own\u00a0<a href=\"http:\/\/jofli.kuvat.fi\/kuvat\/Omien+koirien+galleriat\/Misiu\/\" target=\"_blank\" rel=\"noopener\">photo gallery<\/a>*<\/p>\n<p><img decoding=\"async\" src=\"http:\/\/www.jofli.net\/bigwoods\/kuvat\/misiu1_pr.jpg\" alt=\"\" width=\"450\" \/><br \/>\n<small>Misiu at his last agility competitions, clear round! (Photo: Pirkko Riekki, 08\/2010)<\/small><\/p>\n<p><img decoding=\"async\" class=\"alignnone\" src=\"http:\/\/jofli.kuvat.fi\/kuvat\/N%E4yttelykuvia\/Ruotsin%20reissu%202011\/00111misiu3g.jpg\/full\" alt=\"\" width=\"450\" \/><br \/>\n<small>Group-3 at G\u00e4llivare, Sweden 18.6.2011 (photo: Jutta Kilponen)<\/small><\/p>\n<p><img decoding=\"async\" src=\"http:\/\/www.jofli.net\/bigwoods\/kuvat\/Misiu_lumilentaa.jpg\" alt=\"\" width=\"450\" \/><\/p>\n<p><img decoding=\"async\" src=\"http:\/\/www.jofli.net\/bigwoods\/kuvat\/misiu_kiire1.jpg\" alt=\"\" width=\"450\" \/><\/p>\n<p><img decoding=\"async\" src=\"http:\/\/www.jofli.net\/bigwoods\/kuvat\/misiu_leluun.jpg\" alt=\"\" width=\"450\" \/><\/p>\n<p><img decoding=\"async\" src=\"http:\/\/www.jofli.net\/bigwoods\/kuvat\/MisiuOulussa07.jpg\" alt=\"\" width=\"450\" \/><\/p>\n<p><img decoding=\"async\" src=\"http:\/\/www.jofli.net\/bigwoods\/kuvat\/Misu2006.jpg\" alt=\"\" width=\"450\" \/><small>Photo Pia Alatorvinen<\/small><\/p>\n<p><img decoding=\"async\" src=\"http:\/\/www.jofli.net\/bigwoods\/kuvat\/Misiu2009.jpg\" alt=\"\" width=\"450\" \/><\/p>\n<p><img decoding=\"async\" class=\"alignnone size-full wp-image-3132\" src=\"http:\/\/www.jofli.net\/bigwood\/wp-content\/uploads\/2011\/01\/misu.jpg\" alt=\"misu\" height=\"270\" srcset=\"https:\/\/www.jofli.net\/bigwood\/wp-content\/uploads\/2011\/01\/misu.jpg 600w, https:\/\/www.jofli.net\/bigwood\/wp-content\/uploads\/2011\/01\/misu-300x200.jpg 300w\" sizes=\"(max-width: 600px) 100vw, 600px\" \/><\/p>\n","protected":false},"excerpt":{"rendered":"<p>TIRAMISU-LISIURA CONTROVERSIA Synt d\/o\/b 11.9.2002 &#8211; 10.11.2014\u00a0 Is\u00e4 &#8211; Sire Em\u00e4 &#8211; Dam Joseter Oban Cudka Lisiura z Anegdoty Kasvattaja breeder Dorota Paz, Puola Omistaja owner Johanna Flinck, Pattijoki, Finland Terveys health PRA-clear, silm\u00e4t\/eyes OK (2003\/2007\/2012) Lonkat \/ hips: D Kyyn\u00e4rnivelet &amp; polvet \/ Elbows &amp; knees: clearSelk\u00e4 \/ Spine: X-rayed 2004: OK 10\/2008: kolme &hellip; <\/p>\n<p><a class=\"more-link btn\" href=\"https:\/\/www.jofli.net\/bigwood\/?page_id=113\">Continue reading<\/a><\/p>\n","protected":false},"author":1,"featured_media":0,"parent":88,"menu_order":0,"comment_status":"closed","ping_status":"open","template":"template-onecolumn.php","meta":{"footnotes":""},"class_list":["post-113","page","type-page","status-publish","hentry","nodate","item-wrap"],"_links":{"self":[{"href":"https:\/\/www.jofli.net\/bigwood\/index.php?rest_route=\/wp\/v2\/pages\/113","targetHints":{"allow":["GET"]}}],"collection":[{"href":"https:\/\/www.jofli.net\/bigwood\/index.php?rest_route=\/wp\/v2\/pages"}],"about":[{"href":"https:\/\/www.jofli.net\/bigwood\/index.php?rest_route=\/wp\/v2\/types\/page"}],"author":[{"embeddable":true,"href":"https:\/\/www.jofli.net\/bigwood\/index.php?rest_route=\/wp\/v2\/users\/1"}],"replies":[{"embeddable":true,"href":"https:\/\/www.jofli.net\/bigwood\/index.php?rest_route=%2Fwp%2Fv2%2Fcomments&post=113"}],"version-history":[{"count":19,"href":"https:\/\/www.jofli.net\/bigwood\/index.php?rest_route=\/wp\/v2\/pages\/113\/revisions"}],"predecessor-version":[{"id":5517,"href":"https:\/\/www.jofli.net\/bigwood\/index.php?rest_route=\/wp\/v2\/pages\/113\/revisions\/5517"}],"up":[{"embeddable":true,"href":"https:\/\/www.jofli.net\/bigwood\/index.php?rest_route=\/wp\/v2\/pages\/88"}],"wp:attachment":[{"href":"https:\/\/www.jofli.net\/bigwood\/index.php?rest_route=%2Fwp%2Fv2%2Fmedia&parent=113"}],"curies":[{"name":"wp","href":"https:\/\/api.w.org\/{rel}","templated":true}]}}