{"id":111,"date":"2011-01-17T18:47:39","date_gmt":"2011-01-17T16:47:39","guid":{"rendered":"http:\/\/www.jofli.net\/bigwood\/?page_id=111"},"modified":"2016-06-19T19:11:41","modified_gmt":"2016-06-19T17:11:41","slug":"esko","status":"publish","type":"page","link":"https:\/\/www.jofli.net\/bigwood\/?page_id=111","title":{"rendered":"Esko"},"content":{"rendered":"<p><strong>BIG-WOOD&#8217;S KIWI DJ<\/strong><\/p>\n<p><img decoding=\"async\" class=\"alignnone size-full wp-image-3504\" src=\"http:\/\/www.jofli.net\/bigwood\/wp-content\/uploads\/2011\/01\/IMG_1564.jpg\" alt=\"IMG_1564\" height=\"270\" srcset=\"https:\/\/www.jofli.net\/bigwood\/wp-content\/uploads\/2011\/01\/IMG_1564.jpg 800w, https:\/\/www.jofli.net\/bigwood\/wp-content\/uploads\/2011\/01\/IMG_1564-300x200.jpg 300w\" sizes=\"(max-width: 800px) 100vw, 800px\" \/> <img decoding=\"async\" class=\"alignnone size-full wp-image-3505\" src=\"http:\/\/www.jofli.net\/bigwood\/wp-content\/uploads\/2011\/01\/IMG_1642.jpg\" alt=\"IMG_1642\" height=\"270\" srcset=\"https:\/\/www.jofli.net\/bigwood\/wp-content\/uploads\/2011\/01\/IMG_1642.jpg 533w, https:\/\/www.jofli.net\/bigwood\/wp-content\/uploads\/2011\/01\/IMG_1642-200x300.jpg 200w\" sizes=\"(max-width: 533px) 100vw, 533px\" \/><br \/>\n<em>@ 13 years (photos: Jenni Flinck)<\/em><\/p>\n<table border=\"0\" width=\"90%\" cellspacing=\"0\" cellpadding=\"0\">\n<tbody>\n<tr>\n<td style=\"vertical-align: top;\">Synt<br \/>\nd\/o\/b<\/td>\n<td style=\"vertical-align: top;\">15.7.2002 &#8211; 31.8.2015\u00a0<img decoding=\"async\" src=\"http:\/\/www.jofli.net\/bigwoods\/kuvat\/male.jpg\" alt=\"\" \/><\/td>\n<\/tr>\n<tr>\n<td style=\"vertical-align: top;\">Is\u00e4 &#8211; Sire<br \/>\nEm\u00e4 &#8211; Dam<\/td>\n<td style=\"vertical-align: top;\"><a href=\"http:\/\/www.jofli.net\/bigwoods\/sukutaulu_kiwidj.html\" target=\"_new\"><img decoding=\"async\" src=\"http:\/\/www.jofli.net\/bigwoods\/kuvat\/pedigree_icon.jpg\" alt=\"pedigree\" align=\"right\" \/><\/a>Big-Wood&#8217;s Kiwi Arctic<br \/>\nBig-Wood&#8217;s Whippersnapper<\/td>\n<\/tr>\n<tr>\n<td style=\"vertical-align: top;\">Kasvattaja<br \/>\nbreeder<\/td>\n<td>Johanna Flinck &amp; Raili Suominen<\/td>\n<\/tr>\n<tr>\n<td style=\"vertical-align: top;\">Omistaja<br \/>\nowner<\/td>\n<td style=\"vertical-align: top;\">Johanna Flinck, Pattijoki, Finland<\/td>\n<\/tr>\n<tr>\n<td style=\"vertical-align: top;\">Terveys<br \/>\nhealth<\/td>\n<td style=\"vertical-align: top;\">PRA-clear, silm\u00e4t\/eyes OK (2003 &amp; 2012)<br \/>\nSelk\u00e4\/Spine: x-rayed (2009)<br \/>\nLonka\/Hips: D\/D<br \/>\nKyyn\u00e4rnivelet \/ Elbows: 1\/1<br \/>\n(kuvattu 10,5 vuotiaana, scored at age of 10,5 years)Paino\/weight: ~16 kg<br \/>\nV\u00e4lilevyongelmia (elokuu 2009) \/ Back problems (August 2009)<\/td>\n<\/tr>\n<tr>\n<td style=\"vertical-align: top;\">Saavutuksia<br \/>\nmerits<\/td>\n<td style=\"vertical-align: top;\">\n<ul>\n<li>Pohjoismaiden muotovalio \/ Nordic Champion<\/li>\n<li>Suomen muotovalio \/ Finnish Champion<\/li>\n<li>Ruotsin muotovalio \/ Swedish Champion<\/li>\n<li>Norjan muotovalio \/ Norweigian Champion<\/li>\n<li>Kilpaillut agilityss\u00e4 \/ competed in agility<\/li>\n<\/ul>\n<\/td>\n<\/tr>\n<\/tbody>\n<\/table>\n<p><img decoding=\"async\" src=\"http:\/\/www.jofli.net\/bigwoods\/kuvat\/database.jpg\" alt=\"db\" align=\"left\" \/>ESKO\u00a0<a href=\"http:\/\/jalostus.kennelliitto.fi\/frmKoira.aspx?RekNo=FIN37182\/02&amp;R=38\" target=\"_blank\">KoiraNet<\/a> -tietokannassa<br \/>\nESKO in Finnish Kennelclub&#8217;s\u00a0<a href=\"http:\/\/jalostus.kennelliitto.fi\/frmKoira.aspx?RekNo=FIN37182\/02&amp;R=38\" target=\"_blank\">DogNet<\/a> database<\/p>\n<p><strong>INFO<\/strong><\/p>\n<table border=\"0\" width=\"90%\" cellspacing=\"0\" cellpadding=\"0\">\n<tbody>\n<tr>\n<td style=\"vertical-align: top;\" width=\"50%&quot;\"><img decoding=\"async\" src=\"http:\/\/www.jofli.net\/bigwoods\/kuvat\/finflag.jpg\" alt=\"suomeksi\" \/>Kun tunteet ottaa mukaan peliin, kaikkoaa j\u00e4rki hyvin kauas&#8230; niin k\u00e4vi meill\u00e4kin kun Esko syntyi. Olimme 1\/2 vuotta aikaisemmin menett\u00e4neet Eskon t\u00e4din, &#8220;Tuutin&#8221;. Niinp\u00e4 toivoimme kovasti saavamme tumman ja pippurisen pikkuneidin Eskon sisarussarjaan. Kun se ainokainen tumma syntyi, osoittautuikin se pojaksi mutta siin\u00e4 oli sit\u00e4 Jotain. Alusta saakka mieless\u00e4 kyti ajatus, ett\u00e4 meid\u00e4n se on ja niinh\u00e4n se olikin. Kotiin j\u00e4i!Luonteeltaan Eskoa voi kuvata lyhyesti sanalla symppis. Sill\u00e4 on pitk\u00e4\u00e4 pinnaa ja tarpeen vaatiessa pehmeytt\u00e4 tajuta oma paikkansa urosvoittoisessa laumassamme. Eskon kanssa on helppo el\u00e4\u00e4, olla ja harrastaa!Eskolle mieluisin laji on agility. Perustottelevaisena ja nopeaoppisena kaverina sille opetettiin agilityn perustaidot kuukaudessa ja kisadebyytti tapahtui agirodussa Torniossa 2005, jossa alo-radalta tuli hienosti nollarata ja t\u00e4m\u00e4 joukkue my\u00f6s voitti kokonaiskisan. Virallisissakin kisoissa Esko on startannut ja tulevaisuudessa siint\u00e4\u00e4 lis\u00e4\u00e4 kisaamista. Esko on treenaillut my\u00f6s v\u00e4h\u00e4n tokottelua ja j\u00e4ljestyst\u00e4 ja onpa sit\u00e4 n\u00e4hty vuohipaimenessakin.Esko oireili selk\u00e4\u00e4ns\u00e4 melko voimakkaastikin elokuun 2009 aikana. Se kuitenkin parani huimaa vauhtia ja jo kuukauden p\u00e4\u00e4st\u00e4 ensioireista se oli fysioterapian ja levon avulla entisell\u00e4\u00e4n.<\/p>\n<p>Esko j\u00e4tti meid\u00e4t saappaat jalassa. Vasen etutassu kipeytyi yht\u00e4kki\u00e4 eik\u00e4 edes voimakkaat kipul\u00e4\u00e4kkeet tuoneet helpotusta. Oli aika tehd\u00e4 nopea p\u00e4\u00e4t\u00f6s ja p\u00e4\u00e4st\u00e4\u00e4 aina iloinen ja onnellinen koira vapaaksi. Esko l\u00e4hti viimeiselle matkalleen yhdess\u00e4 17 vuotiaan kissamme kanssa. Ne saivat my\u00f6s yhteisen viimeisen leposijan kotipihaltamme. Kiitos Esko ett\u00e4 elit, olit ja rakastit kaikkea &#8211; olit maailman kiltein koira!<\/td>\n<td style=\"vertical-align: top;\" width=\"50%&quot;\"><img decoding=\"async\" src=\"http:\/\/www.jofli.net\/bigwoods\/kuvat\/ukflag.jpg\" alt=\"english version\" \/>Esko is a sweet guy, very open &amp; friendly. He has got a calm temperament. That&#8217;s why he is very easy male to live with.His TOP-1 hobby was agility, but we have also trained some obedience &amp; tracking.Esko has always looked younger than he really is. That&#8217;s why he has done best at veteran classes.During the autumn 2009 he had back problems, but his recovery was speedy. He needed only rest and physiotherapy after one month he was back in business.<\/p>\n<p>Esko left us after short illness. We miss him a lot, but couldn&#8217;t let him suffer.<\/p>\n<p><img decoding=\"async\" src=\"http:\/\/www.jofli.net\/bigwoods\/kuvat\/esko2009jaalla.jpg\" alt=\"\" width=\"250\" \/><\/td>\n<\/tr>\n<\/tbody>\n<\/table>\n<p><strong>KUVIA \/ PHOTOS<\/strong><\/p>\n<p>*own\u00a0<a href=\"http:\/\/jofli.kuvat.fi\/kuvat\/Omien+koirien+galleriat\/Esko\/\" target=\"_blank\">photo gallery<\/a>*<\/p>\n<p><img decoding=\"async\" src=\"http:\/\/www.jofli.net\/bigwoods\/kuvat\/Esko2010.jpg\" alt=\"\" height=\"300\" \/><\/p>\n<p><img decoding=\"async\" src=\"http:\/\/www.jofli.net\/bigwoods\/kuvat\/Esko_agiliitaa.jpg\" alt=\"\" width=\"450\" \/><\/p>\n<p>Photo Katri Soini<\/p>\n<p><img decoding=\"async\" src=\"http:\/\/www.jofli.net\/bigwoods\/kuvat\/EskoAita2.jpg\" alt=\"\" width=\"450\" \/><\/p>\n<p><img decoding=\"async\" src=\"http:\/\/www.jofli.net\/bigwoods\/kuvat\/esko_herd.jpg\" alt=\"\" width=\"450\" \/><\/p>\n","protected":false},"excerpt":{"rendered":"<p>BIG-WOOD&#8217;S KIWI DJ @ 13 years (photos: Jenni Flinck) Synt d\/o\/b 15.7.2002 &#8211; 31.8.2015\u00a0 Is\u00e4 &#8211; Sire Em\u00e4 &#8211; Dam Big-Wood&#8217;s Kiwi Arctic Big-Wood&#8217;s Whippersnapper Kasvattaja breeder Johanna Flinck &amp; Raili Suominen Omistaja owner Johanna Flinck, Pattijoki, Finland Terveys health PRA-clear, silm\u00e4t\/eyes OK (2003 &amp; 2012) Selk\u00e4\/Spine: x-rayed (2009) Lonka\/Hips: D\/D Kyyn\u00e4rnivelet \/ Elbows: 1\/1 &hellip; <\/p>\n<p><a class=\"more-link btn\" href=\"https:\/\/www.jofli.net\/bigwood\/?page_id=111\">Continue reading<\/a><\/p>\n","protected":false},"author":1,"featured_media":0,"parent":88,"menu_order":0,"comment_status":"closed","ping_status":"closed","template":"template-onecolumn.php","meta":{"footnotes":""},"class_list":["post-111","page","type-page","status-publish","hentry","nodate","item-wrap"],"_links":{"self":[{"href":"https:\/\/www.jofli.net\/bigwood\/index.php?rest_route=\/wp\/v2\/pages\/111","targetHints":{"allow":["GET"]}}],"collection":[{"href":"https:\/\/www.jofli.net\/bigwood\/index.php?rest_route=\/wp\/v2\/pages"}],"about":[{"href":"https:\/\/www.jofli.net\/bigwood\/index.php?rest_route=\/wp\/v2\/types\/page"}],"author":[{"embeddable":true,"href":"https:\/\/www.jofli.net\/bigwood\/index.php?rest_route=\/wp\/v2\/users\/1"}],"replies":[{"embeddable":true,"href":"https:\/\/www.jofli.net\/bigwood\/index.php?rest_route=%2Fwp%2Fv2%2Fcomments&post=111"}],"version-history":[{"count":23,"href":"https:\/\/www.jofli.net\/bigwood\/index.php?rest_route=\/wp\/v2\/pages\/111\/revisions"}],"predecessor-version":[{"id":3954,"href":"https:\/\/www.jofli.net\/bigwood\/index.php?rest_route=\/wp\/v2\/pages\/111\/revisions\/3954"}],"up":[{"embeddable":true,"href":"https:\/\/www.jofli.net\/bigwood\/index.php?rest_route=\/wp\/v2\/pages\/88"}],"wp:attachment":[{"href":"https:\/\/www.jofli.net\/bigwood\/index.php?rest_route=%2Fwp%2Fv2%2Fmedia&parent=111"}],"curies":[{"name":"wp","href":"https:\/\/api.w.org\/{rel}","templated":true}]}}