{"id":109,"date":"2011-01-17T18:47:25","date_gmt":"2011-01-17T16:47:25","guid":{"rendered":"http:\/\/www.jofli.net\/bigwood\/?page_id=109"},"modified":"2016-06-19T12:20:54","modified_gmt":"2016-06-19T10:20:54","slug":"totti","status":"publish","type":"page","link":"https:\/\/www.jofli.net\/bigwood\/?page_id=109","title":{"rendered":"Totti"},"content":{"rendered":"<p><strong>BIG-WOOD&#8217;S KIWI ARCTIC<\/strong><\/p>\n<p><img loading=\"lazy\" decoding=\"async\" class=\"alignnone size-full wp-image-3912\" src=\"http:\/\/www.jofli.net\/bigwood\/wp-content\/uploads\/2011\/01\/IMG_1127.jpg\" alt=\"IMG_1127\" width=\"533\" height=\"800\" srcset=\"https:\/\/www.jofli.net\/bigwood\/wp-content\/uploads\/2011\/01\/IMG_1127.jpg 533w, https:\/\/www.jofli.net\/bigwood\/wp-content\/uploads\/2011\/01\/IMG_1127-200x300.jpg 200w\" sizes=\"auto, (max-width: 533px) 100vw, 533px\" \/><\/p>\n<table border=\"0\" width=\"90%\" cellspacing=\"0\" cellpadding=\"0\">\n<tbody>\n<tr>\n<td style=\"vertical-align: top;\">Synt<br \/>\nd\/o\/b<\/td>\n<td style=\"vertical-align: top;\">3.9.2000 &#8211; 17.6.2016\u00a0<img decoding=\"async\" src=\"http:\/\/www.jofli.net\/bigwoods\/kuvat\/male.jpg\" alt=\"\" \/><\/td>\n<\/tr>\n<tr>\n<td style=\"vertical-align: top;\">Is\u00e4 &#8211; Sire<br \/>\nEm\u00e4 &#8211; Dam<\/td>\n<td style=\"vertical-align: top;\"><a href=\"http:\/\/www.jofli.net\/bigwoods\/sukutaulu_kiwiarctic.html\" target=\"_new\"><img decoding=\"async\" src=\"http:\/\/www.jofli.net\/bigwoods\/kuvat\/pedigree_icon.jpg\" alt=\"pedigree\" align=\"right\" \/><\/a>Badagri Kiwi Fanfare<br \/>\nBig-Wood&#8217;s Qinai Quatincka<\/td>\n<\/tr>\n<tr>\n<td style=\"vertical-align: top;\">Kasvattaja<br \/>\nbreeder<\/td>\n<td style=\"vertical-align: top;\">Johanna Flinck &amp; Raili Suominen<\/td>\n<\/tr>\n<tr>\n<td style=\"vertical-align: top;\">Omistaja<br \/>\nowner<\/td>\n<td style=\"vertical-align: top;\">Johanna Flinck, Pattijoki, Finland<\/td>\n<\/tr>\n<tr>\n<td style=\"vertical-align: top;\">Terveys<br \/>\nhealth<\/td>\n<td style=\"vertical-align: top;\">PRA-clear, silm\u00e4t\/eyes OK,<br \/>\npolvet\/knees: clear<br \/>\nselk\u00e4\/spine: x-rayed (2005)<br \/>\nkastroitu \/ castratedPaino\/weight: ~17 kg<\/td>\n<\/tr>\n<tr>\n<td style=\"vertical-align: top;\">Saavutuksia<br \/>\nmerits<\/td>\n<td style=\"vertical-align: top;\">\n<ul>\n<li>serti- ja cacib-voittaja \/ CC- &amp; CACIB-winner<\/li>\n<\/ul>\n<\/td>\n<\/tr>\n<\/tbody>\n<\/table>\n<p><img decoding=\"async\" src=\"http:\/\/www.jofli.net\/bigwoods\/kuvat\/database.jpg\" alt=\"db\" align=\"left\" \/>TOTTI\u00a0<a href=\"http:\/\/jalostus.kennelliitto.fi\/frmKoira.aspx?RekNo=FIN41615\/00&amp;R=38\" target=\"_blank\">KoiraNet<\/a> -tietokannassa<br \/>\nTOTTI in Finnish Kennelclub&#8217;s\u00a0<a href=\"http:\/\/jalostus.kennelliitto.fi\/frmKoira.aspx?RekNo=FIN41615\/00&amp;R=38\" target=\"_blank\">DogNet<\/a> database<\/p>\n<p><strong>INFO<\/strong><\/p>\n<table border=\"0\" width=\"90%\" cellspacing=\"0\" cellpadding=\"0\">\n<tbody>\n<tr>\n<td style=\"vertical-align: top;\" width=\"50%\"><img decoding=\"async\" src=\"http:\/\/www.jofli.net\/bigwoods\/kuvat\/finflag.jpg\" alt=\"suomeksi\" \/>\u00a0Totti on varsinainen touho! Aina valmis kaikkeen h\u00f6ss\u00f6tyst\u00e4 vaativaan touhuun ja jos tuohon toimintaan liittyy viel\u00e4 vesi tai muta edes jonkinlaisena elementtin\u00e4 niin aina vain homman hauskuus lis\u00e4\u00e4ntyy. Toki touhotus on 15-ik\u00e4vuoden aikana vauhdiltaan hidastunut, mutta edelleen kipin\u00e4 it\u00e4\u00e4.Kolhua on Totillekin tullut, siit\u00e4 muistutuksena hieman erikoinen kallo, mutta ei se ole menoa haitannut ja paha kokemus ei mielt\u00e4 purista.Taistelijaluontonsa Totti n\u00e4ytti selviytym\u00e4ll\u00e4 hyvin vakavasta kives- ja tyr\u00e4leikkauksesta Joulukuussa 2005. Totin uudesta el\u00e4m\u00e4st\u00e4 on kiitt\u00e4minen el\u00e4inl\u00e4\u00e4k\u00e4ri Sari Haikolaa Animagi Oulusta. Pallit l\u00e4hti ja 7 cm ohutsuolta, mutta poika n\u00e4ytt\u00e4\u00e4 toipuvan entist\u00e4 ehommaksi. Patologin lausunto oli iloista kuultavaa, kasvainmuutoksista ei ollut tietoakaan. Totilla on nyt terveen paperit, ja sen huomaa.N\u00e4yttelyit\u00e4 Totti harrasteli harvakseltaan. N\u00e4yttelyist\u00e4 sill\u00e4 on palkintokaapissa 1 serti, 1 cacib, 1 rop ja 1 varaserti. Ei se mik\u00e4\u00e4n ruusu ole, mutta kukki se horsmakin joskus&#8230;<\/p>\n<p>Totin oma laji\u00a0oli\u00a0j\u00e4ljestys, jossa se BJ-is\u00e4ns\u00e4 tavoin oli\u00a0hyvin tarkka ja keskittymiskykyinen. Is\u00e4lt\u00e4\u00e4n se on perinyt my\u00f6s erikoisen harrastuksen. Totti osaa sukeltaa!<\/p>\n<p>Totin hitaaksi muuttunut el\u00e4m\u00e4 sai kauniin lopun melkein 16-vuotiaana sen maailmaan saattaneen el\u00e4inl\u00e4\u00e4k\u00e4rin avustuksella.<\/td>\n<td style=\"vertical-align: top;\" width=\"50%\"><img decoding=\"async\" src=\"http:\/\/www.jofli.net\/bigwoods\/kuvat\/ukflag.jpg\" alt=\"english version\" \/>\u00a0Totti has shown few times and has been BOB at international all breed show. We know that he isn&#8217;t a rose but maybe the judge thought that other flowers are beautiful as well!Totti is tough guy.When he was only 3 months old he was bitten by a bigger dog. His head\u00a0injured seriously but he survived. Only his unbalanced head &amp; scull reminds us about this awful accident. In the end of 2005 his chronic infection in testicles caused bad hernia and intestinal blockade. He survived (again&#8230;) from serious operation and is now finally castrated. The pathology report gave us good news: no cancer, no tumours, only infection based changes. Totti is totally healthy, thanks to the veterinarian Sari Touru from Oulu.Totti&#8217;s favourite hobbies are swimming and tracking. It is amazing to see how well concentrated this usually quite a silly boy is when he&#8217;s doing his tracking work. Totti is also a dog who can dive&#8230;<\/p>\n<p>Totti passed away at age of nearly 16 years old.<\/p>\n<p><img decoding=\"async\" src=\"http:\/\/www.jofli.net\/bigwoods\/kuvat\/pohjassako.jpg\" alt=\"\" width=\"250\" \/><\/td>\n<\/tr>\n<\/tbody>\n<\/table>\n<p><strong>KUVIA \/ PHOTOS<\/strong><\/p>\n<p>*own\u00a0<a href=\"http:\/\/jofli.kuvat.fi\/kuvat\/Omien+koirien+galleriat\/Totti\/\" target=\"_blank\">photo gallery<\/a>*<\/p>\n<p><img decoding=\"async\" src=\"http:\/\/www.jofli.net\/bigwoods\/kuvat\/Totti2010.jpg\" alt=\"\" height=\"270\" \/> <img decoding=\"async\" src=\"http:\/\/www.jofli.net\/bigwoods\/kuvat\/totti2009jaalla.jpg\" alt=\"\" height=\"270\" \/><\/p>\n<p><img decoding=\"async\" src=\"http:\/\/www.jofli.net\/bigwoods\/kuvat\/totti2009jaalla2.jpg\" alt=\"\" width=\"400\" \/><\/p>\n<p><img decoding=\"async\" src=\"http:\/\/www.jofli.net\/bigwoods\/kuvat\/tottilahteejaljelle.jpg\" alt=\"\" width=\"400\" \/><\/p>\n<p><img decoding=\"async\" src=\"http:\/\/www.jofli.net\/bigwoods\/kuvat\/tottioottaajaljelle.jpg\" alt=\"\" height=\"280\" \/> <img decoding=\"async\" src=\"http:\/\/www.jofli.net\/bigwoods\/kuvat\/tottitulee.jpg\" alt=\"\" height=\"280\" \/><\/p>\n<p><img decoding=\"async\" src=\"http:\/\/www.jofli.net\/bigwoods\/kuvat\/tottihuhti2002.jpg\" alt=\"\" width=\"400\" \/><\/p>\n<p><img decoding=\"async\" src=\"http:\/\/www.jofli.net\/bigwoods\/kuvat\/TottiSyyskuu2004b.jpg\" alt=\"\" width=\"400\" \/><\/p>\n","protected":false},"excerpt":{"rendered":"<p>BIG-WOOD&#8217;S KIWI ARCTIC Synt d\/o\/b 3.9.2000 &#8211; 17.6.2016\u00a0 Is\u00e4 &#8211; Sire Em\u00e4 &#8211; Dam Badagri Kiwi Fanfare Big-Wood&#8217;s Qinai Quatincka Kasvattaja breeder Johanna Flinck &amp; Raili Suominen Omistaja owner Johanna Flinck, Pattijoki, Finland Terveys health PRA-clear, silm\u00e4t\/eyes OK, polvet\/knees: clear selk\u00e4\/spine: x-rayed (2005) kastroitu \/ castratedPaino\/weight: ~17 kg Saavutuksia merits serti- ja cacib-voittaja \/ CC- &hellip; <\/p>\n<p><a class=\"more-link btn\" href=\"https:\/\/www.jofli.net\/bigwood\/?page_id=109\">Continue reading<\/a><\/p>\n","protected":false},"author":1,"featured_media":0,"parent":88,"menu_order":0,"comment_status":"closed","ping_status":"closed","template":"template-onecolumn.php","meta":{"footnotes":""},"class_list":["post-109","page","type-page","status-publish","hentry","nodate","item-wrap"],"_links":{"self":[{"href":"https:\/\/www.jofli.net\/bigwood\/index.php?rest_route=\/wp\/v2\/pages\/109","targetHints":{"allow":["GET"]}}],"collection":[{"href":"https:\/\/www.jofli.net\/bigwood\/index.php?rest_route=\/wp\/v2\/pages"}],"about":[{"href":"https:\/\/www.jofli.net\/bigwood\/index.php?rest_route=\/wp\/v2\/types\/page"}],"author":[{"embeddable":true,"href":"https:\/\/www.jofli.net\/bigwood\/index.php?rest_route=\/wp\/v2\/users\/1"}],"replies":[{"embeddable":true,"href":"https:\/\/www.jofli.net\/bigwood\/index.php?rest_route=%2Fwp%2Fv2%2Fcomments&post=109"}],"version-history":[{"count":17,"href":"https:\/\/www.jofli.net\/bigwood\/index.php?rest_route=\/wp\/v2\/pages\/109\/revisions"}],"predecessor-version":[{"id":3914,"href":"https:\/\/www.jofli.net\/bigwood\/index.php?rest_route=\/wp\/v2\/pages\/109\/revisions\/3914"}],"up":[{"embeddable":true,"href":"https:\/\/www.jofli.net\/bigwood\/index.php?rest_route=\/wp\/v2\/pages\/88"}],"wp:attachment":[{"href":"https:\/\/www.jofli.net\/bigwood\/index.php?rest_route=%2Fwp%2Fv2%2Fmedia&parent=109"}],"curies":[{"name":"wp","href":"https:\/\/api.w.org\/{rel}","templated":true}]}}