{"id":107,"date":"2011-01-17T18:47:13","date_gmt":"2011-01-17T16:47:13","guid":{"rendered":"http:\/\/www.jofli.net\/bigwood\/?page_id=107"},"modified":"2014-12-09T20:41:44","modified_gmt":"2014-12-09T18:41:44","slug":"porri","status":"publish","type":"page","link":"https:\/\/www.jofli.net\/bigwood\/?page_id=107","title":{"rendered":"P\u00f6rri"},"content":{"rendered":"<p><strong>BIG-WOOD&#8217;S WARRIGAL<\/strong><\/p>\n<p><img loading=\"lazy\" decoding=\"async\" class=\"alignnone size-full wp-image-3130\" src=\"http:\/\/www.jofli.net\/bigwood\/wp-content\/uploads\/2011\/01\/porri.jpg\" alt=\"porri\" width=\"600\" height=\"400\" srcset=\"https:\/\/www.jofli.net\/bigwood\/wp-content\/uploads\/2011\/01\/porri.jpg 600w, https:\/\/www.jofli.net\/bigwood\/wp-content\/uploads\/2011\/01\/porri-300x200.jpg 300w\" sizes=\"auto, (max-width: 600px) 100vw, 600px\" \/><\/p>\n<table border=\"0\" width=\"90%\" cellspacing=\"0\" cellpadding=\"0\">\n<tbody>\n<tr>\n<td style=\"vertical-align: top;\">Synt<br \/>\nd\/o\/b<\/td>\n<td style=\"vertical-align: top;\">22.7.1999 &#8211; 8.10.2012\u00a0<img decoding=\"async\" src=\"http:\/\/www.jofli.net\/bigwoods\/kuvat\/male.jpg\" alt=\"\" \/><\/td>\n<\/tr>\n<tr>\n<td style=\"vertical-align: top;\">Is\u00e4 &#8211; Sire<br \/>\nEm\u00e4 &#8211; Dam<\/td>\n<td style=\"vertical-align: top;\"><a href=\"http:\/\/www.jofli.net\/bigwoods\/sukutaulu_warrigal.html\" target=\"_new\"><img decoding=\"async\" src=\"http:\/\/www.jofli.net\/bigwoods\/kuvat\/pedigree_icon.jpg\" alt=\"pedigree\" align=\"right\" \/><\/a>Big-Wood&#8217;s Queshi Quardian<br \/>\nGucci&#8217;s Cash Only<\/td>\n<\/tr>\n<tr>\n<td style=\"vertical-align: top;\">Kasvattaja<br \/>\nbreeder<\/td>\n<td style=\"vertical-align: top;\">Johanna Flinck &amp; Raili Suominen<\/td>\n<\/tr>\n<tr>\n<td style=\"vertical-align: top;\">Omistaja<br \/>\nowner<\/td>\n<td style=\"vertical-align: top;\">Johanna Flinck, Pattijoki, Finland<\/td>\n<\/tr>\n<tr>\n<td style=\"vertical-align: top;\">Terveys<br \/>\nhealth<\/td>\n<td style=\"vertical-align: top;\">PRA-clearSilm\u00e4t\/Eyes: OKkastroitu \/ castrated<\/p>\n<p>Paino\/weight: ~18 kg<\/td>\n<\/tr>\n<tr>\n<td style=\"vertical-align: top;\">Saavutuksia<br \/>\nmerits<\/td>\n<td style=\"vertical-align: top;\">\n<ul>\n<li>soffachamppiooni \/ champion of our hearts<\/li>\n<li>hyv\u00e4ksytty BH-koe \/ passed BH-test (obedience and behavioural test in city and with people)<\/li>\n<li>2. sija Suomen Welsh Corgien tokomestaruuskisoissa 2007 \/ 2nd place in Finnish Corgi Club&#8217;s Obedience Championships 2007<\/li>\n<li>Kilpaillut agilityss\u00e4 \/ competed in agility<\/li>\n<li><a href=\"#lte\" target=\"_top\">Luonnetesti<\/a> +210 \/ mental test passed with good points<\/li>\n<\/ul>\n<\/td>\n<\/tr>\n<\/tbody>\n<\/table>\n<p><img decoding=\"async\" src=\"http:\/\/www.jofli.net\/bigwoods\/kuvat\/database.jpg\" alt=\"db\" align=\"left\" \/>P\u00d6RRI\u00a0<a href=\"http:\/\/jalostus.kennelliitto.fi\/frmKoira.aspx?RekNo=FIN34842\/99&amp;R=38\" target=\"_blank\">KoiraNet<\/a> -tietokannassa<br \/>\nP\u00d6RRI in Finnish Kennelclub&#8217;s\u00a0<a href=\"http:\/\/jalostus.kennelliitto.fi\/frmKoira.aspx?RekNo=FIN34842\/99&amp;R=38\" target=\"_blank\">DogNet<\/a> database<\/p>\n<p><strong>INFO<\/strong><\/p>\n<table border=\"0\" width=\"90%\" cellspacing=\"0\" cellpadding=\"0\">\n<tbody>\n<tr>\n<td style=\"vertical-align: top;\" width=\"50%\"><img decoding=\"async\" src=\"http:\/\/www.jofli.net\/bigwoods\/kuvat\/finflag.jpg\" alt=\"suomeksi\" \/>P\u00f6rri oli meid\u00e4n rakkaimmista rakkain lemmikkikoira. Pienen\u00e4 sen takajalat eiv\u00e4t kantaneet niin hyvin kuin olisi pit\u00e4nyt ja niinp\u00e4 sit\u00e4 ei uskallettu myyd\u00e4 kenellek\u00e4\u00e4n. Sitten kun olisi uskallettu, ei voitu tehd\u00e4 sit\u00e4 en\u00e4\u00e4. P\u00f6rrin ollessa pieni, huonosti liikkuva pentu, el\u00e4inl\u00e4\u00e4k\u00e4ri sanoi, ettei sen el\u00e4m\u00e4 taida olla kovin pitk\u00e4. T\u00e4t\u00e4 el\u00e4m\u00e4\u00e4 kesti reilut 13-vuotta, eik\u00e4 el\u00e4m\u00e4 p\u00e4\u00e4ttynyt jalkojen vuoksi. P\u00f6rri oli taistelija, mutta kastroinnista huolimatta sille tuli eturauhaskasvain, joka lopulta pahensi tilanteen nopeasti sellaiseksi, ettei P\u00f6rrin el\u00e4m\u00e4 ollut el\u00e4misen arvoista. P\u00f6rri nukkui pois rauhallisesti. Syd\u00e4n oli loppuun saakka vahva.P\u00f6rri oli eritt\u00e4in kaunis koira keskivertoa kauheammassa ulkokuoressa.\u00a0 Kauneus oli sen sis\u00e4ll\u00e4. Se ei miss\u00e4\u00e4n nimess\u00e4 ole rotum\u00e4\u00e4ritelm\u00e4n ihanne-el\u00e4in, ei sinne p\u00e4ink\u00e4\u00e4n. Takajalat on kuin Chaplinilla, kokoa kuin Goljatilla ja korvastakin on iso pala pois. On se kuitenkin &#8220;kakkosensa&#8221; n\u00e4yttelyist\u00e4 hakenut suosionosoitusten (?) saattelemana.<\/p>\n<p>P\u00f6rri oli harrastelukoira vailla vertaa. Se starttasi agirodun&#8217;03 corgijoukkueessa kuukauden harjoittelun j\u00e4lkeen tehden virheett\u00f6m\u00e4n radan. Agirotutapahtumien lis\u00e4ksi se on startannut my\u00f6s virallisissa kisoissa. Sill\u00e4 on takanaan l\u00e4p\u00e4isty BH-koe ja tokoteltiinkin me.\u00a0P\u00f6rri oli my\u00f6s erinomainen j\u00e4lkikoira.<\/p>\n<p>P\u00f6rri oli puhdasta kultaa. Ei kannata edes kysy\u00e4 mit\u00e4 me sill\u00e4 teimme. Tuohon kysymykseen on vain yksi vastakysymys: Mitataanko koiran tarpeellisuutta vain sill\u00e4, paljonko se voittaa n\u00e4yttelykehist\u00e4 ja voiko sit\u00e4 k\u00e4ytt\u00e4\u00e4 jalostukseen?<\/td>\n<td style=\"vertical-align: top;\" width=\"50%\"><img decoding=\"async\" src=\"http:\/\/www.jofli.net\/bigwoods\/kuvat\/ukflag.jpg\" alt=\"english version\" \/>P\u00f6rri was a pet &#8211; very beloved pet, nothing more, nothing less!He didn&#8217;t learn to walk in the same age than his brothers &amp; sisters. So&#8230; we couldn&#8217;t let him move to anyone else. When he started to walk, we just couldn&#8217;t let him go, so he stayed with us.<\/p>\n<p>When he was a small puppy \u00a0our vet said that P\u00f6rri might be seriously handicapped and his life might be a short. This &#8220;short life&#8221; \u00a0continued over 13 years. He moved over the bridge because of prostata cancer.<\/p>\n<p>OK &#8211; he has shown once! He got the second prize and very good critique from Cush MacNally in our FWCC&#8217;s Nat. Specialty. The judge said what P\u00f6rri is, exactly! She found P\u00f6rri&#8217;s faults (poor hind angulations &amp; cow hocks) but also his good points (lovely head, good bones, nice topline and friendly temperament).<\/p>\n<p>He lost 1\/3 from his ear because of an accident with his daddy.<\/p>\n<p>P\u00f6rri has done agility, tracking and obedience. He has also passed Finnish mental test with extremely good points.<\/p>\n<p>P\u00f6rri was far away from beautiful stud male, but for us he was VERY SPECIAL!<\/td>\n<\/tr>\n<\/tbody>\n<\/table>\n<p><strong>KUVIA \/ PHOTOS<\/strong><\/p>\n<p>*own\u00a0<a href=\"http:\/\/jofli.kuvat.fi\/kuvat\/Omien+koirien+galleriat\/P%F6rri\/\" target=\"_blank\">photo gallery<\/a>*<\/p>\n<p><img decoding=\"async\" src=\"http:\/\/www.jofli.net\/bigwoods\/kuvat\/Porri_seisoo.jpg\" alt=\"\" height=\"270\" \/>\u00a0<img decoding=\"async\" src=\"http:\/\/www.jofli.net\/bigwoods\/kuvat\/PorriLaukkaaKohti.jpg\" alt=\"\" height=\"270\" \/><\/p>\n<p><img decoding=\"async\" src=\"http:\/\/www.jofli.net\/bigwoods\/kuvat\/Porri_nenitellaanko2.jpg\" alt=\"\" \/><\/p>\n<p><img decoding=\"async\" src=\"http:\/\/www.jofli.net\/bigwoods\/kuvat\/PorriTokottaaMaaningallaSarja.jpg\" alt=\"\" \/><small>photos: Katri Soini<\/small><\/p>\n<p><img decoding=\"async\" src=\"http:\/\/www.jofli.net\/bigwoods\/kuvat\/Porri_agirotu_sinilindroos.jpg\" alt=\"\" \/> <small> photo: Sini Lindroos<\/small><\/p>\n<p><img decoding=\"async\" src=\"http:\/\/www.jofli.net\/bigwoods\/kuvat\/Possi_nuusku.jpg\" alt=\"\" \/><\/p>\n<p><a name=\"lte\"><\/a><strong>Luonnetesti<\/strong><small><br \/>\n4.9.2005 Testaajina Riitta Lehmuspelto &amp; Jorma Kerkk\u00e4<\/small><\/p>\n<p><small>Toimintakyky +1 Kohtuullinen (kerroin 15)<br \/>\nTer\u00e4vyys +3 Kohtuullinen ilman j\u00e4ljelle j\u00e4\u00e4v\u00e4\u00e4 hy\u00f6kk\u00e4yshalua (kerroin 1)<br \/>\nPuolustushalu +3 Kohtuullinen, hillitty (kerroin 1)<br \/>\nTaisteluhalu +2 Kohtuullinen (kerroin 10)<br \/>\nHermorakenne +2 Suhteellisen rauhallinen (kerroin 35)<br \/>\nTemperamentti +2 Kohtuullisen vilkas (kerroin 15)<br \/>\nKovuus +3 Kohtuullisen kova (kerroin 8 )<br \/>\nLuoksep\u00e4\u00e4st\u00e4vyys +3 Hyv\u00e4ntahtoinen, luoksep\u00e4\u00e4st\u00e4v\u00e4, avoin (kerroin 15)<br \/>\nLaukaisupelottomuus + Laukaisuvarma<br \/>\n<strong>Tulos +210<\/strong><\/small><\/p>\n<p><small><img decoding=\"async\" src=\"http:\/\/www.jofli.net\/bigwoods\/kuvat\/Porri_ltessa.jpg\" alt=\"\" \/><\/small><\/p>\n<p>&nbsp;<\/p>\n<p>&nbsp;<\/p>\n<p>&nbsp;<\/p>\n","protected":false},"excerpt":{"rendered":"<p>BIG-WOOD&#8217;S WARRIGAL Synt d\/o\/b 22.7.1999 &#8211; 8.10.2012\u00a0 Is\u00e4 &#8211; Sire Em\u00e4 &#8211; Dam Big-Wood&#8217;s Queshi Quardian Gucci&#8217;s Cash Only Kasvattaja breeder Johanna Flinck &amp; Raili Suominen Omistaja owner Johanna Flinck, Pattijoki, Finland Terveys health PRA-clearSilm\u00e4t\/Eyes: OKkastroitu \/ castrated Paino\/weight: ~18 kg Saavutuksia merits soffachamppiooni \/ champion of our hearts hyv\u00e4ksytty BH-koe \/ passed BH-test (obedience &hellip; <\/p>\n<p><a class=\"more-link btn\" href=\"https:\/\/www.jofli.net\/bigwood\/?page_id=107\">Continue reading<\/a><\/p>\n","protected":false},"author":1,"featured_media":0,"parent":88,"menu_order":0,"comment_status":"closed","ping_status":"open","template":"template-onecolumn.php","meta":{"footnotes":""},"class_list":["post-107","page","type-page","status-publish","hentry","nodate","item-wrap"],"_links":{"self":[{"href":"https:\/\/www.jofli.net\/bigwood\/index.php?rest_route=\/wp\/v2\/pages\/107","targetHints":{"allow":["GET"]}}],"collection":[{"href":"https:\/\/www.jofli.net\/bigwood\/index.php?rest_route=\/wp\/v2\/pages"}],"about":[{"href":"https:\/\/www.jofli.net\/bigwood\/index.php?rest_route=\/wp\/v2\/types\/page"}],"author":[{"embeddable":true,"href":"https:\/\/www.jofli.net\/bigwood\/index.php?rest_route=\/wp\/v2\/users\/1"}],"replies":[{"embeddable":true,"href":"https:\/\/www.jofli.net\/bigwood\/index.php?rest_route=%2Fwp%2Fv2%2Fcomments&post=107"}],"version-history":[{"count":18,"href":"https:\/\/www.jofli.net\/bigwood\/index.php?rest_route=\/wp\/v2\/pages\/107\/revisions"}],"predecessor-version":[{"id":3131,"href":"https:\/\/www.jofli.net\/bigwood\/index.php?rest_route=\/wp\/v2\/pages\/107\/revisions\/3131"}],"up":[{"embeddable":true,"href":"https:\/\/www.jofli.net\/bigwood\/index.php?rest_route=\/wp\/v2\/pages\/88"}],"wp:attachment":[{"href":"https:\/\/www.jofli.net\/bigwood\/index.php?rest_route=%2Fwp%2Fv2%2Fmedia&parent=107"}],"curies":[{"name":"wp","href":"https:\/\/api.w.org\/{rel}","templated":true}]}}