{"id":100,"date":"2011-01-17T18:45:07","date_gmt":"2011-01-17T16:45:07","guid":{"rendered":"http:\/\/www.jofli.net\/bigwood\/?page_id=100"},"modified":"2018-05-22T14:10:11","modified_gmt":"2018-05-22T12:10:11","slug":"cat","status":"publish","type":"page","link":"https:\/\/www.jofli.net\/bigwood\/?page_id=100","title":{"rendered":"Cat"},"content":{"rendered":"<p><strong>BIG-WOOD&#8217;S CATWALK<\/strong><\/p>\n<p><img decoding=\"async\" src=\"http:\/\/www.jofli.net\/bigwoods\/kuvat\/KattiEd2010.jpg\" alt=\"\" \/> <img decoding=\"async\" src=\"http:\/\/www.jofli.net\/bigwoods\/kuvat\/catwalk121010.JPG\" alt=\"\" \/><\/p>\n<table border=\"0\" width=\"90%\" cellspacing=\"0\" cellpadding=\"0\">\n<tbody>\n<tr>\n<td style=\"vertical-align: top;\">Synt<br \/>\nd\/o\/b<\/td>\n<td style=\"vertical-align: top;\">2.4.2008 &#8211; 17.5.2018\u00a0\u00a0<img decoding=\"async\" src=\"http:\/\/www.jofli.net\/bigwoods\/kuvat\/female.jpg\" alt=\"\" \/><\/td>\n<\/tr>\n<tr>\n<td style=\"vertical-align: top;\">Is\u00e4 &#8211; Sire<br \/>\nEm\u00e4 &#8211; Dam<\/td>\n<td style=\"vertical-align: top;\"><a href=\"http:\/\/www.jofli.net\/bigwoods\/sukutaulu_catwalk.html\" target=\"_new\"><img decoding=\"async\" src=\"http:\/\/www.jofli.net\/bigwoods\/kuvat\/pedigree_icon.jpg\" alt=\"pedigree\" align=\"right\" \/><\/a>Tiramisu-Lisiura Controversia<br \/>\nBig-Wood&#8217;s Bilberry<\/td>\n<\/tr>\n<tr>\n<td style=\"vertical-align: top;\">Kasvattaja<br \/>\nbreeder<\/td>\n<td style=\"vertical-align: top;\">Johanna Flinck &amp; Raili Suominen, Pattijoki, Finland<\/td>\n<\/tr>\n<tr>\n<td style=\"vertical-align: top;\">Omistaja<br \/>\nowner<\/td>\n<td style=\"vertical-align: top;\">Johanna &amp; Jenni Flinck, Pattijoki, Finland<\/td>\n<\/tr>\n<tr>\n<td style=\"vertical-align: top;\">Terveys<br \/>\nhealth<\/td>\n<td style=\"vertical-align: top;\">PRA-vapaa \/ PRA-clear (Laboklin 31.7.2012)<br \/>\nSilm\u00e4t \/ Eyes: OK (14.11.09 &amp; 2.12.2011)<br \/>\nPolvet \/ knees: 0\/0<br \/>\nLonkat \/ hips: D\/D<br \/>\nSelk\u00e4 \/ spine: X-rayed (16.3.2010)<br \/>\nOlat \/ shoulders: OK<\/td>\n<\/tr>\n<tr>\n<td style=\"vertical-align: top;\">Saavutuksia<br \/>\nmerits<\/td>\n<td style=\"vertical-align: top;\">\n<ul>\n<li>Kansainv\u00e4linen muotovalio \/ C.I.B. \/ International Champion<\/li>\n<li>Pohjoismaiden muotovalio \/ Nordic Champion<\/li>\n<li>Suomen muotovalio \/ Finnish Champion<\/li>\n<li>Ruotsin muotovalio \/ Swedish Champion<\/li>\n<li>Norjan muotovalio \/ Norweigian Champion<\/li>\n<li>9*SERTI &amp; 5 CACIBia\/ 9 CCs\u00a0 &amp; 5 CACIBs<\/li>\n<li>ROP &amp; RYP2 Kajaanin KV-n\u00e4yttelyss\u00e4 vain 9 kuukauden i\u00e4ss\u00e4 \/ BOB &amp; GROUP2 at age of 9 months (Kajaani international 2009)<\/li>\n<li>ROP &amp; RYP1 &amp; BIS2 Kemin ryhm\u00e4n\u00e4yttelyss\u00e4 2011 \/ BOB, GROUP1 &amp; BIS2 at Kemi group show (FCI1&amp;9) 2011<\/li>\n<li>Voitokkain narttu vuoden nuori cardigan -kilpailussa 2009 \/ Top winning young bitch in Finland 2009<\/li>\n<li>Vuoden jalostusnarttu 2015 &amp; 2016 \/ Top brood bitch 2015 &amp; 2016<\/li>\n<li>Kilpaillut agilityss\u00e4, 1 LUVA \/ competed in agility (mini1)<\/li>\n<\/ul>\n<\/td>\n<\/tr>\n<\/tbody>\n<\/table>\n<p><img decoding=\"async\" src=\"http:\/\/www.jofli.net\/bigwoods\/kuvat\/database.jpg\" alt=\"db\" align=\"left\" \/>KATTI\u00a0<a href=\"http:\/\/jalostus.kennelliitto.fi\/frmKoira.aspx?RekNo=FIN27809\/08&amp;R=38\" target=\"_blank\">KoiraNet<\/a> -tietokannassa<br \/>\nKATTI in Finnish Kennelclub&#8217;s\u00a0<a href=\"http:\/\/jalostus.kennelliitto.fi\/frmKoira.aspx?RekNo=FIN27809\/08&amp;R=38\" target=\"_blank\">DogNet<\/a> database<\/p>\n<p><strong>INFO<\/strong><\/p>\n<table border=\"0\" width=\"90%\" cellspacing=\"0\" cellpadding=\"0\">\n<tbody>\n<tr>\n<td style=\"vertical-align: top;\" width=\"50%\"><img decoding=\"async\" src=\"http:\/\/www.jofli.net\/bigwoods\/kuvat\/finflag.jpg\" alt=\"suomeksi\" \/><br \/>\nKatti (ei kai &#8220;Misun&#8221; tyt\u00e4rt\u00e4 voi muulla nimell\u00e4 risti\u00e4?) oli jo tovin ollut tilauksessa. Kun se syntyi, tuli SE tunne ja kun SE tulee, ei parane mielipidett\u00e4 en\u00e4\u00e4 vaihtaa. Pinja-em\u00e4lt\u00e4 tuli tarmokkuus, vauhdikkuus ja taisteluhalu. Misiu-is\u00e4lt\u00e4 24\/7-positiivisuus, ahneus ja miellytt\u00e4misenhalu. Molemmilta tuli my\u00f6s lis\u00e4mausteena nopeaoppisuus ja sis\u00e4syntyinen rakkaus agilityyn.Ai ulkon\u00e4k\u00f6? No vahingossa sit\u00e4kin taisi tulla vaikkei edes tilattu.<\/p>\n<p>Jouduimme sanomaan Kattille viimeisen kerran &#8220;vapaa&#8221;\u00a0alle 3 vuorokauden sairastamisen j\u00e4lkeen toukokuussa 2018.\u00a0Katala kasvain paksusuolessa l\u00f6ytyi yll\u00e4tt\u00e4en, mutta eip\u00e4h\u00e4n meid\u00e4n kenenk\u00e4\u00e4n tarvinnut riutua sen etenemist\u00e4 seuratessa.<\/td>\n<td style=\"vertical-align: top;\" width=\"50%\"><img decoding=\"async\" src=\"http:\/\/www.jofli.net\/bigwoods\/kuvat\/ukflag.jpg\" alt=\"english version\" \/><br \/>\nOur Cat was named after her father &#8220;Misiu&#8221; (pronounced like Finnish traditional cat name Misu). She got her mother&#8217;s speed &amp; strong will and her fathers 24\/7-positive attitude &amp; eager to please.Show merits or any other outlook things weren&#8217;t top on the list when we planned this litter, but Cat was also beautiful and\u00a0finished her titles easily.<\/p>\n<p>We have to say goodbye for her after very short (only 3 days after first symptoms) but serious illness. Hidden bowel cancer took her from us too soon. Sleep well my heart dog &lt;3<\/td>\n<\/tr>\n<\/tbody>\n<\/table>\n<p><strong>KUVIA \/ PHOTOS<\/strong><\/p>\n<p>*own\u00a0<a href=\"http:\/\/jofli.kuvat.fi\/kuvat\/Omien+koirien+galleriat\/Katti\/\" target=\"_blank\">photo gallery<\/a> *<br \/>\n<img decoding=\"async\" src=\"http:\/\/www.jofli.net\/bigwoods\/kuvat\/katti_pr.jpg\" alt=\"\" \/><\/p>\n<p><img decoding=\"async\" src=\"http:\/\/www.jofli.net\/bigwoods\/kuvat\/kattiedestalumessa.jpg\" alt=\"\" height=\"250\" \/> <img decoding=\"async\" src=\"http:\/\/www.jofli.net\/bigwoods\/kuvat\/kattinpaalumessa.jpg\" alt=\"\" height=\"250\" \/><img decoding=\"async\" src=\"http:\/\/www.jofli.net\/bigwoods\/kuvat\/KatinpaaEtuosaa09.jpg\" alt=\"\" height=\"250\" \/><\/p>\n<p><img decoding=\"async\" src=\"http:\/\/www.jofli.net\/bigwoods\/kuvat\/KattiSertikas2.jpg\" alt=\"\" height=\"250\" \/> <img decoding=\"async\" src=\"http:\/\/www.jofli.net\/bigwoods\/kuvat\/KattinPaaTammi09.jpg\" alt=\"\" height=\"250\" \/><\/p>\n<p><img decoding=\"async\" src=\"http:\/\/www.jofli.net\/bigwoods\/kuvat\/tammikuuetusivulle.jpg\" alt=\"\" width=\"500\" \/><\/p>\n<p><img decoding=\"async\" src=\"http:\/\/www.jofli.net\/bigwoods\/kuvat\/KV_heilutaan.jpg\" alt=\"\" width=\"500\" \/><br \/>\nKatti with her brother V\u00e4tys<\/p>\n<p><img decoding=\"async\" src=\"http:\/\/www.jofli.net\/bigwoods\/kuvat\/Katti_22.jpg\" alt=\"\" \/><\/p>\n","protected":false},"excerpt":{"rendered":"<p>BIG-WOOD&#8217;S CATWALK Synt d\/o\/b 2.4.2008 &#8211; 17.5.2018\u00a0\u00a0 Is\u00e4 &#8211; Sire Em\u00e4 &#8211; Dam Tiramisu-Lisiura Controversia Big-Wood&#8217;s Bilberry Kasvattaja breeder Johanna Flinck &amp; Raili Suominen, Pattijoki, Finland Omistaja owner Johanna &amp; Jenni Flinck, Pattijoki, Finland Terveys health PRA-vapaa \/ PRA-clear (Laboklin 31.7.2012) Silm\u00e4t \/ Eyes: OK (14.11.09 &amp; 2.12.2011) Polvet \/ knees: 0\/0 Lonkat \/ hips: &hellip; <\/p>\n<p><a class=\"more-link btn\" href=\"https:\/\/www.jofli.net\/bigwood\/?page_id=100\">Continue reading<\/a><\/p>\n","protected":false},"author":1,"featured_media":0,"parent":88,"menu_order":0,"comment_status":"closed","ping_status":"closed","template":"template-onecolumn.php","meta":{"footnotes":""},"class_list":["post-100","page","type-page","status-publish","hentry","nodate","item-wrap"],"_links":{"self":[{"href":"https:\/\/www.jofli.net\/bigwood\/index.php?rest_route=\/wp\/v2\/pages\/100","targetHints":{"allow":["GET"]}}],"collection":[{"href":"https:\/\/www.jofli.net\/bigwood\/index.php?rest_route=\/wp\/v2\/pages"}],"about":[{"href":"https:\/\/www.jofli.net\/bigwood\/index.php?rest_route=\/wp\/v2\/types\/page"}],"author":[{"embeddable":true,"href":"https:\/\/www.jofli.net\/bigwood\/index.php?rest_route=\/wp\/v2\/users\/1"}],"replies":[{"embeddable":true,"href":"https:\/\/www.jofli.net\/bigwood\/index.php?rest_route=%2Fwp%2Fv2%2Fcomments&post=100"}],"version-history":[{"count":30,"href":"https:\/\/www.jofli.net\/bigwood\/index.php?rest_route=\/wp\/v2\/pages\/100\/revisions"}],"predecessor-version":[{"id":4710,"href":"https:\/\/www.jofli.net\/bigwood\/index.php?rest_route=\/wp\/v2\/pages\/100\/revisions\/4710"}],"up":[{"embeddable":true,"href":"https:\/\/www.jofli.net\/bigwood\/index.php?rest_route=\/wp\/v2\/pages\/88"}],"wp:attachment":[{"href":"https:\/\/www.jofli.net\/bigwood\/index.php?rest_route=%2Fwp%2Fv2%2Fmedia&parent=100"}],"curies":[{"name":"wp","href":"https:\/\/api.w.org\/{rel}","templated":true}]}}